{"id":1126,"date":"2025-02-24T13:55:24","date_gmt":"2025-02-24T12:55:24","guid":{"rendered":"https:\/\/blogsaverroes.juntadeandalucia.es\/ceipsansebastianalhaurin\/?page_id=1126"},"modified":"2025-11-20T13:43:20","modified_gmt":"2025-11-20T12:43:20","slug":"equipo-de-orientacion","status":"publish","type":"page","link":"https:\/\/blogsaverroes.juntadeandalucia.es\/ceipsansebastianalhaurin\/equipo-de-orientacion\/","title":{"rendered":"Equipo de Orientaci\u00f3n"},"content":{"rendered":"<p>[et_pb_section fb_built=&#8221;1&#8243; admin_label=&#8221;section&#8221; _builder_version=&#8221;4.16&#8243; global_colors_info=&#8221;{}&#8221;][et_pb_row admin_label=&#8221;row&#8221; _builder_version=&#8221;4.16&#8243; background_size=&#8221;initial&#8221; background_position=&#8221;top_left&#8221; background_repeat=&#8221;repeat&#8221; global_colors_info=&#8221;{}&#8221;][et_pb_column type=&#8221;4_4&#8243; _builder_version=&#8221;4.16&#8243; custom_padding=&#8221;|||&#8221; global_colors_info=&#8221;{}&#8221; custom_padding__hover=&#8221;|||&#8221;][et_pb_text admin_label=&#8221;Text&#8221; _builder_version=&#8221;4.16&#8243; background_size=&#8221;initial&#8221; background_position=&#8221;top_left&#8221; background_repeat=&#8221;repeat&#8221; global_colors_info=&#8221;{}&#8221;]<\/p>\n<p>El Equipo de Orientaci\u00f3n est\u00e1 formado por:<br \/>Maestra de AL: Diana Karina Novelle Betancourt (Coordinadora)<br \/>Maestra de PT: Silvia Mar\u00eda P\u00e9rez Briz<br \/>Orientadora:\u00a0<\/p>\n<p>[\/et_pb_text][\/et_pb_column][\/et_pb_row][\/et_pb_section]<\/p>\n","protected":false},"excerpt":{"rendered":"<p>El Equipo de Orientaci\u00f3n est\u00e1 formado por:Maestra de AL: Diana Karina Novelle Betancourt (Coordinadora)Maestra de PT: Silvia Mar\u00eda P\u00e9rez BrizOrientadora:\u00a0<\/p>\n","protected":false},"author":20419,"featured_media":0,"parent":0,"menu_order":0,"comment_status":"closed","ping_status":"closed","template":"","meta":{"_et_pb_use_builder":"on","_et_pb_old_content":"El Equipo de Orientaci\u00f3n est\u00e1 formado por:\r\nMaestra de AL: Diana Karina Novelle Betancourt (Coordinadora)\r\nMaestra de PT: Silvia Mar\u00eda P\u00e9rez Briz\r\nMaestra de PT: Mar\u00eda Isabel S\u00e1nchez Rueda (Itinerante)\r\nOrientadora: Elisa L\u00f3pez","_et_gb_content_width":"","ngg_post_thumbnail":0,"footnotes":""},"aioseo_notices":[],"_links":{"self":[{"href":"https:\/\/blogsaverroes.juntadeandalucia.es\/ceipsansebastianalhaurin\/wp-json\/wp\/v2\/pages\/1126"}],"collection":[{"href":"https:\/\/blogsaverroes.juntadeandalucia.es\/ceipsansebastianalhaurin\/wp-json\/wp\/v2\/pages"}],"about":[{"href":"https:\/\/blogsaverroes.juntadeandalucia.es\/ceipsansebastianalhaurin\/wp-json\/wp\/v2\/types\/page"}],"author":[{"embeddable":true,"href":"https:\/\/blogsaverroes.juntadeandalucia.es\/ceipsansebastianalhaurin\/wp-json\/wp\/v2\/users\/20419"}],"replies":[{"embeddable":true,"href":"https:\/\/blogsaverroes.juntadeandalucia.es\/ceipsansebastianalhaurin\/wp-json\/wp\/v2\/comments?post=1126"}],"version-history":[{"count":4,"href":"https:\/\/blogsaverroes.juntadeandalucia.es\/ceipsansebastianalhaurin\/wp-json\/wp\/v2\/pages\/1126\/revisions"}],"predecessor-version":[{"id":1345,"href":"https:\/\/blogsaverroes.juntadeandalucia.es\/ceipsansebastianalhaurin\/wp-json\/wp\/v2\/pages\/1126\/revisions\/1345"}],"wp:attachment":[{"href":"https:\/\/blogsaverroes.juntadeandalucia.es\/ceipsansebastianalhaurin\/wp-json\/wp\/v2\/media?parent=1126"}],"curies":[{"name":"wp","href":"https:\/\/api.w.org\/{rel}","templated":true}]}}