{"id":840,"date":"2020-12-18T08:38:52","date_gmt":"2020-12-18T07:38:52","guid":{"rendered":"https:\/\/blogsaverroes.juntadeandalucia.es\/pre\/plantilla-pencil\/?page_id=840"},"modified":"2025-12-01T13:43:26","modified_gmt":"2025-12-01T12:43:26","slug":"ampa","status":"publish","type":"page","link":"https:\/\/blogsaverroes.juntadeandalucia.es\/ceipsansebastianalhaurin\/ampa\/","title":{"rendered":"AMPA"},"content":{"rendered":"<p>[et_pb_section fb_built=&#8221;1&#8243; _builder_version=&#8221;4.16&#8243; custom_padding=&#8221;0px||0px|&#8221; z_index_tablet=&#8221;500&#8243; box_shadow_horizontal_tablet=&#8221;0px&#8221; box_shadow_vertical_tablet=&#8221;0px&#8221; box_shadow_blur_tablet=&#8221;40px&#8221; box_shadow_spread_tablet=&#8221;0px&#8221; global_colors_info=&#8221;{}&#8221;][et_pb_row _builder_version=&#8221;4.16&#8243; background_size=&#8221;initial&#8221; background_position=&#8221;top_left&#8221; background_repeat=&#8221;repeat&#8221; global_colors_info=&#8221;{}&#8221;][et_pb_column type=&#8221;4_4&#8243; _builder_version=&#8221;4.16&#8243; custom_padding=&#8221;|||&#8221; global_colors_info=&#8221;{}&#8221; custom_padding__hover=&#8221;|||&#8221;][et_pb_image src=&#8221;https:\/\/blogsaverroes.juntadeandalucia.es\/ceipsansebastianalhaurin\/files\/2020\/01\/cabecera-interior-4.jpg&#8221; title_text=&#8221;cabecera-interior-4&#8243; admin_label=&#8221;Imagen de la portada&#8221; _builder_version=&#8221;4.16&#8243; z_index_tablet=&#8221;500&#8243; box_shadow_horizontal_tablet=&#8221;0px&#8221; box_shadow_vertical_tablet=&#8221;0px&#8221; box_shadow_blur_tablet=&#8221;40px&#8221; box_shadow_spread_tablet=&#8221;0px&#8221; global_colors_info=&#8221;{}&#8221;][\/et_pb_image][et_pb_text admin_label=&#8221;Texto descriptivo&#8221; _builder_version=&#8221;4.16&#8243; custom_padding=&#8221;||0px|||&#8221; z_index_tablet=&#8221;500&#8243; text_text_shadow_horizontal_length_tablet=&#8221;0px&#8221; text_text_shadow_vertical_length_tablet=&#8221;0px&#8221; text_text_shadow_blur_strength_tablet=&#8221;1px&#8221; link_text_shadow_horizontal_length_tablet=&#8221;0px&#8221; link_text_shadow_vertical_length_tablet=&#8221;0px&#8221; link_text_shadow_blur_strength_tablet=&#8221;1px&#8221; ul_text_shadow_horizontal_length_tablet=&#8221;0px&#8221; ul_text_shadow_vertical_length_tablet=&#8221;0px&#8221; ul_text_shadow_blur_strength_tablet=&#8221;1px&#8221; ol_text_shadow_horizontal_length_tablet=&#8221;0px&#8221; ol_text_shadow_vertical_length_tablet=&#8221;0px&#8221; ol_text_shadow_blur_strength_tablet=&#8221;1px&#8221; quote_text_shadow_horizontal_length_tablet=&#8221;0px&#8221; quote_text_shadow_vertical_length_tablet=&#8221;0px&#8221; quote_text_shadow_blur_strength_tablet=&#8221;1px&#8221; header_text_shadow_horizontal_length_tablet=&#8221;0px&#8221; header_text_shadow_vertical_length_tablet=&#8221;0px&#8221; header_text_shadow_blur_strength_tablet=&#8221;1px&#8221; header_2_text_shadow_horizontal_length_tablet=&#8221;0px&#8221; header_2_text_shadow_vertical_length_tablet=&#8221;0px&#8221; header_2_text_shadow_blur_strength_tablet=&#8221;1px&#8221; header_3_text_shadow_horizontal_length_tablet=&#8221;0px&#8221; header_3_text_shadow_vertical_length_tablet=&#8221;0px&#8221; header_3_text_shadow_blur_strength_tablet=&#8221;1px&#8221; header_4_text_shadow_horizontal_length_tablet=&#8221;0px&#8221; header_4_text_shadow_vertical_length_tablet=&#8221;0px&#8221; header_4_text_shadow_blur_strength_tablet=&#8221;1px&#8221; header_5_text_shadow_horizontal_length_tablet=&#8221;0px&#8221; header_5_text_shadow_vertical_length_tablet=&#8221;0px&#8221; header_5_text_shadow_blur_strength_tablet=&#8221;1px&#8221; header_6_text_shadow_horizontal_length_tablet=&#8221;0px&#8221; header_6_text_shadow_vertical_length_tablet=&#8221;0px&#8221; header_6_text_shadow_blur_strength_tablet=&#8221;1px&#8221; box_shadow_horizontal_tablet=&#8221;0px&#8221; box_shadow_vertical_tablet=&#8221;0px&#8221; box_shadow_blur_tablet=&#8221;40px&#8221; box_shadow_spread_tablet=&#8221;0px&#8221; global_colors_info=&#8221;{}&#8221;]<\/p>\n<h2>AMPA &#8220;EL ALMENDRO&#8221;<\/h2>\n<div dir=\"auto\"><\/div>\n<div dir=\"auto\">Somos una asociaci\u00f3n de madres y padres comprometidos con la educaci\u00f3n y el bienestar de nuestras hijas e hijos. Nuestra misi\u00f3n es fomentar la colaboraci\u00f3n entre la comunidad educativa y crear un entorno enriquecedor para el aprendizaje.<\/div>\n<div dir=\"auto\"><\/div>\n<div dir=\"auto\">En la AMPA El Almendro, trabajamos codo a codo con el claustro para organizar actividades, eventos y proyectos que enriquezcan la experiencia educativa del alumnado.<\/div>\n<div><\/div>\n<div dir=\"auto\">Nuestro AMPA est\u00e1 formado por:\u00a0<\/div>\n<div dir=\"auto\"><\/div>\n<div dir=\"auto\"><strong>Presidenta:<\/strong><\/div>\n<div dir=\"auto\">Teresa Rielves Barea<\/div>\n<div dir=\"auto\"><strong>Vicepresidenta:<\/strong><\/div>\n<div dir=\"auto\">Remedios S\u00e1nchez Cort\u00e9s<\/div>\n<div dir=\"auto\"><strong>Secretaria:<\/strong><\/div>\n<div dir=\"auto\">Julia Escribano Perea<\/div>\n<div dir=\"auto\"><strong>Tesorera:<\/strong><\/div>\n<div dir=\"auto\">Isabel Estecha Chico<\/div>\n<div dir=\"auto\"><strong>Vocales:<\/strong><\/div>\n<div dir=\"auto\">Miriam Belmonte Pineda, Virginia Dengra Navarro, Roc\u00edo P\u00e9rez Cea, Diana Rueda Calles, Tamara L\u00f3pez Dur\u00e1n, Maite Cano Arag\u00f3n, Mar\u00eda Cecilia Bullentini.<\/div>\n<div dir=\"auto\"><\/div>\n<div dir=\"auto\"><span style=\"text-decoration: underline\"><a href=\"https:\/\/ampaelalmendro.com\/\" target=\"_blank\" data-saferedirecturl=\"https:\/\/www.google.com\/url?q=https:\/\/ampaelalmendro.com&amp;source=gmail&amp;ust=1739374785913000&amp;usg=AOvVaw0514lsYyI8e79sp_AGtQO6\" rel=\"noopener\">Informaci\u00f3n a las familias y entorno: <\/a><\/span><\/div>\n<div dir=\"auto\"><span><a href=\"https:\/\/ampaelalmendro.com\/\" target=\"_blank\" data-saferedirecturl=\"https:\/\/www.google.com\/url?q=https:\/\/ampaelalmendro.com&amp;source=gmail&amp;ust=1739374785913000&amp;usg=AOvVaw0514lsYyI8e79sp_AGtQO6\" rel=\"noopener\"><strong>WEB:<\/strong> https:\/\/ampaelalmendro.com<\/a><\/span><\/div>\n<div dir=\"auto\"><strong>Facebook:<\/strong> <span><a href=\"https:\/\/www.facebook.com\/share\/1ENTpM9nEi\/\" target=\"_blank\" data-saferedirecturl=\"https:\/\/www.google.com\/url?q=https:\/\/www.facebook.com\/share\/1ENTpM9nEi\/&amp;source=gmail&amp;ust=1739374785913000&amp;usg=AOvVaw22i4R6JyYFnjbx3ziZbqu0\" rel=\"noopener\">https:\/\/www.facebook.com\/share\/1ENTpM9nEi\/<\/a><\/span><\/div>\n<div dir=\"auto\"><strong>Instagram<\/strong> <span><a href=\"https:\/\/www.instagram.com\/ampaelalmendro?igsh=djB4cTQweXB6Nnpy\" target=\"_blank\" data-saferedirecturl=\"https:\/\/www.google.com\/url?q=https:\/\/www.instagram.com\/ampaelalmendro?igsh%3DdjB4cTQweXB6Nnpy&amp;source=gmail&amp;ust=1739374785913000&amp;usg=AOvVaw2KlPUyetFWTO7nAWnDVmzK\" rel=\"noopener\">https:\/\/www.instagram.com\/ampaelalmendro?igsh=djB4cTQweXB6Nnpy<\/a><\/span><\/div>\n<div dir=\"auto\"><\/div>\n<div dir=\"auto\"><strong>Correo Postal:<\/strong> AMPA El Almendro,<span>\u00a0<\/span><a href=\"https:\/\/www.google.com\/maps\/search\/C%2F+Juan+Carlos+I,+s%2Fn,+29130+Alhaur%C3%ADn+de+la+Torre+(M%C3%A1laga?entry=gmail&amp;source=g\" target=\"_blank\" data-saferedirecturl=\"https:\/\/www.google.com\/url?q=https:\/\/www.google.com\/maps\/search\/C%252F%2BJuan%2BCarlos%2BI,%2Bs%252Fn,%2B29130%2BAlhaur%25C3%25ADn%2Bde%2Bla%2BTorre%2B(M%25C3%25A1laga?entry%3Dgmail%26source%3Dg&amp;source=gmail&amp;ust=1739374785913000&amp;usg=AOvVaw1nth3CcvgEXCCChX90wSZC\" rel=\"noopener\">C\/ Juan Carlos I, s\/n, 29130 Alhaur\u00edn de la Torre (M\u00e1laga<\/a>)<\/div>\n<div dir=\"auto\"><\/div>\n<div dir=\"auto\"><a href=\"mailto:ampa@colegiosansebastianalhaurin.es\" target=\"_blank\" rel=\"noopener\"><strong>Correo Electr\u00f3nico<\/strong>; ampa@colegiosansebastianalhaurin.es<\/a><\/div>\n<p>&nbsp;<\/p>\n<p>[\/et_pb_text][\/et_pb_column][\/et_pb_row][\/et_pb_section]<\/p>\n","protected":false},"excerpt":{"rendered":"<p>AMPA &#8220;EL ALMENDRO&#8221; Somos una asociaci\u00f3n de madres y padres comprometidos con la educaci\u00f3n y el bienestar de nuestras hijas e hijos. Nuestra misi\u00f3n es fomentar la colaboraci\u00f3n entre la comunidad educativa y crear un entorno enriquecedor para el aprendizaje. En la AMPA El Almendro, trabajamos codo a codo con el claustro para organizar actividades, [&hellip;]<\/p>\n","protected":false},"author":7051,"featured_media":0,"parent":0,"menu_order":0,"comment_status":"closed","ping_status":"closed","template":"","meta":{"_et_pb_use_builder":"on","_et_pb_old_content":"","_et_gb_content_width":"","ngg_post_thumbnail":0,"footnotes":""},"aioseo_notices":[],"_links":{"self":[{"href":"https:\/\/blogsaverroes.juntadeandalucia.es\/ceipsansebastianalhaurin\/wp-json\/wp\/v2\/pages\/840"}],"collection":[{"href":"https:\/\/blogsaverroes.juntadeandalucia.es\/ceipsansebastianalhaurin\/wp-json\/wp\/v2\/pages"}],"about":[{"href":"https:\/\/blogsaverroes.juntadeandalucia.es\/ceipsansebastianalhaurin\/wp-json\/wp\/v2\/types\/page"}],"author":[{"embeddable":true,"href":"https:\/\/blogsaverroes.juntadeandalucia.es\/ceipsansebastianalhaurin\/wp-json\/wp\/v2\/users\/7051"}],"replies":[{"embeddable":true,"href":"https:\/\/blogsaverroes.juntadeandalucia.es\/ceipsansebastianalhaurin\/wp-json\/wp\/v2\/comments?post=840"}],"version-history":[{"count":5,"href":"https:\/\/blogsaverroes.juntadeandalucia.es\/ceipsansebastianalhaurin\/wp-json\/wp\/v2\/pages\/840\/revisions"}],"predecessor-version":[{"id":1351,"href":"https:\/\/blogsaverroes.juntadeandalucia.es\/ceipsansebastianalhaurin\/wp-json\/wp\/v2\/pages\/840\/revisions\/1351"}],"wp:attachment":[{"href":"https:\/\/blogsaverroes.juntadeandalucia.es\/ceipsansebastianalhaurin\/wp-json\/wp\/v2\/media?parent=840"}],"curies":[{"name":"wp","href":"https:\/\/api.w.org\/{rel}","templated":true}]}}