{"id":10357,"date":"2022-02-15T08:53:39","date_gmt":"2022-02-15T08:53:39","guid":{"rendered":"https:\/\/blogsaverroes.juntadeandalucia.es\/ceipsansebastiandemijas\/?page_id=10357"},"modified":"2022-04-07T17:40:58","modified_gmt":"2022-04-07T17:40:58","slug":"excursiones","status":"publish","type":"page","link":"https:\/\/blogsaverroes.juntadeandalucia.es\/ceipsansebastiandemijas\/excursiones\/","title":{"rendered":"Excursiones"},"content":{"rendered":"\t\t<div data-elementor-type=\"wp-page\" data-elementor-id=\"10357\" class=\"elementor elementor-10357\">\n\t\t\t\t\t\t<section class=\"elementor-section elementor-top-section elementor-element elementor-element-d05c2f0 elementor-section-boxed elementor-section-height-default elementor-section-height-default\" data-id=\"d05c2f0\" data-element_type=\"section\">\n\t\t\t\t\t\t<div class=\"elementor-container elementor-column-gap-default\">\n\t\t\t\t\t<div class=\"elementor-column elementor-col-100 elementor-top-column elementor-element elementor-element-319f325\" data-id=\"319f325\" data-element_type=\"column\">\n\t\t\t<div class=\"elementor-widget-wrap elementor-element-populated\">\n\t\t\t\t\t\t<div class=\"elementor-element elementor-element-d47a046 elementor-widget elementor-widget-heading\" data-id=\"d47a046\" data-element_type=\"widget\" data-widget_type=\"heading.default\">\n\t\t\t\t<div class=\"elementor-widget-container\">\n\t\t\t\t\t<h2 class=\"elementor-heading-title elementor-size-default\">ACTIVIDADES<br>EXTRAESCOLARES<\/h2>\t\t\t\t<\/div>\n\t\t\t\t<\/div>\n\t\t\t\t\t<\/div>\n\t\t<\/div>\n\t\t\t\t\t<\/div>\n\t\t<\/section>\n\t\t\t\t<section class=\"elementor-section elementor-top-section elementor-element elementor-element-2f90ffb elementor-section-boxed elementor-section-height-default elementor-section-height-default\" data-id=\"2f90ffb\" data-element_type=\"section\">\n\t\t\t\t\t\t<div class=\"elementor-container elementor-column-gap-default\">\n\t\t\t\t\t<div class=\"elementor-column elementor-col-100 elementor-top-column elementor-element elementor-element-1ffcb55\" data-id=\"1ffcb55\" data-element_type=\"column\">\n\t\t\t<div class=\"elementor-widget-wrap elementor-element-populated\">\n\t\t\t\t\t\t<div class=\"elementor-element elementor-element-13309e4 elementor-widget elementor-widget-shortcode\" data-id=\"13309e4\" data-element_type=\"widget\" data-widget_type=\"shortcode.default\">\n\t\t\t\t<div class=\"elementor-widget-container\">\n\t\t\t\t\t\t\t<div class=\"elementor-shortcode\"><div class=\"pt-cv-wrapper\"><div class=\"pt-cv-view pt-cv-grid pt-cv-colsys\" id=\"pt-cv-view-5720c7bhix\"><div data-id=\"pt-cv-page-1\" class=\"pt-cv-page\" data-cvc=\"1\"><div class=\"col-md-12 col-sm-12 col-xs-12 pt-cv-content-item pt-cv-2-col\" ><div class='pt-cv-ifield'><a href=\"https:\/\/blogsaverroes.juntadeandalucia.es\/ceipsansebastiandemijas\/3o-visita-la-alcazaba-de-malaga\/\" class=\"_blank pt-cv-href-thumbnail pt-cv-thumb-left\" target=\"_blank\" ><img fetchpriority=\"high\" decoding=\"async\" width=\"300\" height=\"169\" src=\"https:\/\/blogsaverroes.juntadeandalucia.es\/ceipsansebastiandemijas\/files\/2026\/02\/Alcazaba-3o-20260212-2-300x169.jpeg\" class=\"pt-cv-thumbnail pull-left\" alt=\"\" srcset=\"https:\/\/blogsaverroes.juntadeandalucia.es\/ceipsansebastiandemijas\/files\/2026\/02\/Alcazaba-3o-20260212-2-300x169.jpeg 300w, https:\/\/blogsaverroes.juntadeandalucia.es\/ceipsansebastiandemijas\/files\/2026\/02\/Alcazaba-3o-20260212-2-1024x576.jpeg 1024w, https:\/\/blogsaverroes.juntadeandalucia.es\/ceipsansebastiandemijas\/files\/2026\/02\/Alcazaba-3o-20260212-2-768x432.jpeg 768w, https:\/\/blogsaverroes.juntadeandalucia.es\/ceipsansebastiandemijas\/files\/2026\/02\/Alcazaba-3o-20260212-2-1536x864.jpeg 1536w, https:\/\/blogsaverroes.juntadeandalucia.es\/ceipsansebastiandemijas\/files\/2026\/02\/Alcazaba-3o-20260212-2.jpeg 1600w\" sizes=\"(max-width: 300px) 100vw, 300px\" \/><\/a>\n<h4 class=\"pt-cv-title\"><a href=\"https:\/\/blogsaverroes.juntadeandalucia.es\/ceipsansebastiandemijas\/3o-visita-la-alcazaba-de-malaga\/\" class=\"_blank\" target=\"_blank\" >3\u00ba visita la Alcazaba de M\u00e1laga<\/a><\/h4>\n<div class=\"pt-cv-content\">3\u00ba visita la Alcazaba de M\u00e1laga El alumnado de 3\u00ba realiz\u00f3 una visita a la Alcazaba de M\u00e1laga, una de ...<br \/><div class=\"pt-cv-rmwrap\"><a href=\"https:\/\/blogsaverroes.juntadeandalucia.es\/ceipsansebastiandemijas\/3o-visita-la-alcazaba-de-malaga\/\" class=\"_blank pt-cv-readmore btn btn-success\" target=\"_blank\">Leer M\u00e1s<\/a><\/div><\/div><\/div><\/div>\n<div class=\"col-md-12 col-sm-12 col-xs-12 pt-cv-content-item pt-cv-2-col\" ><div class='pt-cv-ifield'><a href=\"https:\/\/blogsaverroes.juntadeandalucia.es\/ceipsansebastiandemijas\/festival-2025\/\" class=\"_blank pt-cv-href-thumbnail pt-cv-thumb-left\" target=\"_blank\" ><img decoding=\"async\" width=\"300\" height=\"225\" src=\"https:\/\/blogsaverroes.juntadeandalucia.es\/ceipsansebastiandemijas\/files\/2025\/07\/IMG-20250614-WA0076-300x225.jpg\" class=\"pt-cv-thumbnail pull-left\" alt=\"\" srcset=\"https:\/\/blogsaverroes.juntadeandalucia.es\/ceipsansebastiandemijas\/files\/2025\/07\/IMG-20250614-WA0076-300x225.jpg 300w, https:\/\/blogsaverroes.juntadeandalucia.es\/ceipsansebastiandemijas\/files\/2025\/07\/IMG-20250614-WA0076-1024x768.jpg 1024w, https:\/\/blogsaverroes.juntadeandalucia.es\/ceipsansebastiandemijas\/files\/2025\/07\/IMG-20250614-WA0076-768x576.jpg 768w, https:\/\/blogsaverroes.juntadeandalucia.es\/ceipsansebastiandemijas\/files\/2025\/07\/IMG-20250614-WA0076-1536x1152.jpg 1536w, https:\/\/blogsaverroes.juntadeandalucia.es\/ceipsansebastiandemijas\/files\/2025\/07\/IMG-20250614-WA0076.jpg 1600w\" sizes=\"(max-width: 300px) 100vw, 300px\" \/><\/a>\n<h4 class=\"pt-cv-title\"><a href=\"https:\/\/blogsaverroes.juntadeandalucia.es\/ceipsansebastiandemijas\/festival-2025\/\" class=\"_blank\" target=\"_blank\" >Festival 2025<\/a><\/h4>\n<div class=\"pt-cv-content\">Festival 2025 La vuelta al mundo en 80 d\u00edas Primera parte Segunda parte 3 a\u00f1os 4 a\u00f1os 5 a\u00f1os Primero ...<br \/><div class=\"pt-cv-rmwrap\"><a href=\"https:\/\/blogsaverroes.juntadeandalucia.es\/ceipsansebastiandemijas\/festival-2025\/\" class=\"_blank pt-cv-readmore btn btn-success\" target=\"_blank\">Leer M\u00e1s<\/a><\/div><\/div><\/div><\/div>\n<div class=\"col-md-12 col-sm-12 col-xs-12 pt-cv-content-item pt-cv-2-col\" ><div class='pt-cv-ifield'><a href=\"https:\/\/blogsaverroes.juntadeandalucia.es\/ceipsansebastiandemijas\/como-cabras\/\" class=\"_blank pt-cv-href-thumbnail pt-cv-thumb-left\" target=\"_blank\" ><img decoding=\"async\" width=\"300\" height=\"247\" src=\"https:\/\/blogsaverroes.juntadeandalucia.es\/ceipsansebastiandemijas\/files\/2025\/03\/IMG-20250328-WA0153-300x247.jpg\" class=\"pt-cv-thumbnail pull-left\" alt=\"\" srcset=\"https:\/\/blogsaverroes.juntadeandalucia.es\/ceipsansebastiandemijas\/files\/2025\/03\/IMG-20250328-WA0153-300x247.jpg 300w, https:\/\/blogsaverroes.juntadeandalucia.es\/ceipsansebastiandemijas\/files\/2025\/03\/IMG-20250328-WA0153-1024x842.jpg 1024w, https:\/\/blogsaverroes.juntadeandalucia.es\/ceipsansebastiandemijas\/files\/2025\/03\/IMG-20250328-WA0153-768x631.jpg 768w, https:\/\/blogsaverroes.juntadeandalucia.es\/ceipsansebastiandemijas\/files\/2025\/03\/IMG-20250328-WA0153-1536x1262.jpg 1536w, https:\/\/blogsaverroes.juntadeandalucia.es\/ceipsansebastiandemijas\/files\/2025\/03\/IMG-20250328-WA0153.jpg 2048w\" sizes=\"(max-width: 300px) 100vw, 300px\" \/><\/a>\n<h4 class=\"pt-cv-title\"><a href=\"https:\/\/blogsaverroes.juntadeandalucia.es\/ceipsansebastiandemijas\/como-cabras\/\" class=\"_blank\" target=\"_blank\" >\u00a1Como cabras!<\/a><\/h4>\n<div class=\"pt-cv-content\">\u00a1Como cabras! Los alumnos\/as de quinto y sexto disfrutaron de una excursi\u00f3n al Museo de la Cabra. Fabulosa salida donde ...<br \/><div class=\"pt-cv-rmwrap\"><a href=\"https:\/\/blogsaverroes.juntadeandalucia.es\/ceipsansebastiandemijas\/como-cabras\/\" class=\"_blank pt-cv-readmore btn btn-success\" target=\"_blank\">Leer M\u00e1s<\/a><\/div><\/div><\/div><\/div>\n<div class=\"col-md-12 col-sm-12 col-xs-12 pt-cv-content-item pt-cv-2-col\" ><div class='pt-cv-ifield'><a href=\"https:\/\/blogsaverroes.juntadeandalucia.es\/ceipsansebastiandemijas\/orientacion-en-la-paloma\/\" class=\"_blank pt-cv-href-thumbnail pt-cv-thumb-left\" target=\"_blank\" ><img loading=\"lazy\" decoding=\"async\" width=\"225\" height=\"300\" src=\"https:\/\/blogsaverroes.juntadeandalucia.es\/ceipsansebastiandemijas\/files\/2023\/04\/ori-13-225x300.jpg\" class=\"pt-cv-thumbnail pull-left\" alt=\"\" srcset=\"https:\/\/blogsaverroes.juntadeandalucia.es\/ceipsansebastiandemijas\/files\/2023\/04\/ori-13-225x300.jpg 225w, https:\/\/blogsaverroes.juntadeandalucia.es\/ceipsansebastiandemijas\/files\/2023\/04\/ori-13-768x1024.jpg 768w, https:\/\/blogsaverroes.juntadeandalucia.es\/ceipsansebastiandemijas\/files\/2023\/04\/ori-13-1152x1536.jpg 1152w, https:\/\/blogsaverroes.juntadeandalucia.es\/ceipsansebastiandemijas\/files\/2023\/04\/ori-13-18x24.jpg 18w, https:\/\/blogsaverroes.juntadeandalucia.es\/ceipsansebastiandemijas\/files\/2023\/04\/ori-13-27x36.jpg 27w, https:\/\/blogsaverroes.juntadeandalucia.es\/ceipsansebastiandemijas\/files\/2023\/04\/ori-13-36x48.jpg 36w, https:\/\/blogsaverroes.juntadeandalucia.es\/ceipsansebastiandemijas\/files\/2023\/04\/ori-13.jpg 1200w\" sizes=\"(max-width: 225px) 100vw, 225px\" \/><\/a>\n<h4 class=\"pt-cv-title\"><a href=\"https:\/\/blogsaverroes.juntadeandalucia.es\/ceipsansebastiandemijas\/orientacion-en-la-paloma\/\" class=\"_blank\" target=\"_blank\" >Orientaci\u00f3n en La Paloma<\/a><\/h4>\n<div class=\"pt-cv-content\">Orientaci\u00f3n en La Paloma El pasado viernes, el alumnado de segundo ciclo asisti\u00f3 a su cita anual en el Parque ...<br \/><div class=\"pt-cv-rmwrap\"><a href=\"https:\/\/blogsaverroes.juntadeandalucia.es\/ceipsansebastiandemijas\/orientacion-en-la-paloma\/\" class=\"_blank pt-cv-readmore btn btn-success\" target=\"_blank\">Leer M\u00e1s<\/a><\/div><\/div><\/div><\/div>\n<div class=\"col-md-12 col-sm-12 col-xs-12 pt-cv-content-item pt-cv-2-col\" ><div class='pt-cv-ifield'><a href=\"https:\/\/blogsaverroes.juntadeandalucia.es\/ceipsansebastiandemijas\/4-anos-en-la-escuela-de-equitacion\/\" class=\"_blank pt-cv-href-thumbnail pt-cv-thumb-left\" target=\"_blank\" ><img loading=\"lazy\" decoding=\"async\" width=\"300\" height=\"225\" src=\"https:\/\/blogsaverroes.juntadeandalucia.es\/ceipsansebastiandemijas\/files\/2024\/12\/Imagen-de-WhatsApp-2024-11-29-a-las-16.37.03_db15e502-300x225.jpg\" class=\"pt-cv-thumbnail pull-left\" alt=\"\" srcset=\"https:\/\/blogsaverroes.juntadeandalucia.es\/ceipsansebastiandemijas\/files\/2024\/12\/Imagen-de-WhatsApp-2024-11-29-a-las-16.37.03_db15e502-300x225.jpg 300w, https:\/\/blogsaverroes.juntadeandalucia.es\/ceipsansebastiandemijas\/files\/2024\/12\/Imagen-de-WhatsApp-2024-11-29-a-las-16.37.03_db15e502-1024x768.jpg 1024w, https:\/\/blogsaverroes.juntadeandalucia.es\/ceipsansebastiandemijas\/files\/2024\/12\/Imagen-de-WhatsApp-2024-11-29-a-las-16.37.03_db15e502-768x576.jpg 768w, https:\/\/blogsaverroes.juntadeandalucia.es\/ceipsansebastiandemijas\/files\/2024\/12\/Imagen-de-WhatsApp-2024-11-29-a-las-16.37.03_db15e502-1536x1152.jpg 1536w, https:\/\/blogsaverroes.juntadeandalucia.es\/ceipsansebastiandemijas\/files\/2024\/12\/Imagen-de-WhatsApp-2024-11-29-a-las-16.37.03_db15e502.jpg 1600w\" sizes=\"(max-width: 300px) 100vw, 300px\" \/><\/a>\n<h4 class=\"pt-cv-title\"><a href=\"https:\/\/blogsaverroes.juntadeandalucia.es\/ceipsansebastiandemijas\/4-anos-en-la-escuela-de-equitacion\/\" class=\"_blank\" target=\"_blank\" >4 a\u00f1os en la Escuela de Equitaci\u00f3n<\/a><\/h4>\n<div class=\"pt-cv-content\">\u00a14 a\u00f1os al galope! El viernes 29 de noviembre\u00a0 las ni\u00f1as y ni\u00f1os de 4 a\u00f1os hemos hecho una visita ...<br \/><div class=\"pt-cv-rmwrap\"><a href=\"https:\/\/blogsaverroes.juntadeandalucia.es\/ceipsansebastiandemijas\/4-anos-en-la-escuela-de-equitacion\/\" class=\"_blank pt-cv-readmore btn btn-success\" target=\"_blank\">Leer M\u00e1s<\/a><\/div><\/div><\/div><\/div><\/div><\/div>\n<div class=\" pt-cv-pagination-wrapper\"><ul class=\"pt-cv-pagination pt-cv-normal pagination\" data-totalpages=\"9\" data-currentpage=\"1\" data-sid=\"5720c7bhix\" data-unid=\"\" data-isblock=\"\" data-postid=\"\"><li class=\"active\"><a href=\"#\">1<\/a><\/li>\n\t<li ><a class=\"\" href=\"https:\/\/blogsaverroes.juntadeandalucia.es\/ceipsansebastiandemijas\/wp-json\/wp\/v2\/pages\/10357\/?_page=2\">2<\/a><\/li>\n\t<li ><a class=\"\" href=\"https:\/\/blogsaverroes.juntadeandalucia.es\/ceipsansebastiandemijas\/wp-json\/wp\/v2\/pages\/10357\/?_page=3\">3<\/a><\/li>\n\t<li ><a href=\"#\">&hellip;<\/a><\/li>\n\t<li ><a class=\"\" href=\"https:\/\/blogsaverroes.juntadeandalucia.es\/ceipsansebastiandemijas\/wp-json\/wp\/v2\/pages\/10357\/?_page=9\">9<\/a><\/li>\n\t<li ><a class=\" \" href=\"https:\/\/blogsaverroes.juntadeandalucia.es\/ceipsansebastiandemijas\/wp-json\/wp\/v2\/pages\/10357\/?_page=2\">&rsaquo;<\/a><\/li>\n\t<\/ul><img loading=\"lazy\" decoding=\"async\" width=\"15\" height=\"15\" class=\"pt-cv-spinner\" alt=\"Cargando...\" src=\"data:image\/gif;base64,R0lGODlhDwAPALMPAMrKygwMDJOTkz09PZWVla+vr3p6euTk5M7OzuXl5TMzMwAAAJmZmWZmZszMzP\/\/\/yH\/C05FVFNDQVBFMi4wAwEAAAAh+QQFCgAPACwAAAAADwAPAAAEQvDJaZaZOIcV8iQK8VRX4iTYoAwZ4iCYoAjZ4RxejhVNoT+mRGP4cyF4Pp0N98sBGIBMEMOotl6YZ3S61Bmbkm4mAgAh+QQFCgAPACwAAAAADQANAAAENPDJSRSZeA418itN8QiK8BiLITVsFiyBBIoYqnoewAD4xPw9iY4XLGYSjkQR4UAUD45DLwIAIfkEBQoADwAsAAAAAA8ACQAABC\/wyVlamTi3nSdgwFNdhEJgTJoNyoB9ISYoQmdjiZPcj7EYCAeCF1gEDo4Dz2eIAAAh+QQFCgAPACwCAAAADQANAAAEM\/DJBxiYeLKdX3IJZT1FU0iIg2RNKx3OkZVnZ98ToRD4MyiDnkAh6BkNC0MvsAj0kMpHBAAh+QQFCgAPACwGAAAACQAPAAAEMDC59KpFDll73HkAA2wVY5KgiK5b0RRoI6MuzG6EQqCDMlSGheEhUAgqgUUAFRySIgAh+QQFCgAPACwCAAIADQANAAAEM\/DJKZNLND\/kkKaHc3xk+QAMYDKsiaqmZCxGVjSFFCxB1vwy2oOgIDxuucxAMTAJFAJNBAAh+QQFCgAPACwAAAYADwAJAAAEMNAs86q1yaWwwv2Ig0jUZx3OYa4XoRAfwADXoAwfo1+CIjyFRuEho60aSNYlOPxEAAAh+QQFCgAPACwAAAIADQANAAAENPA9s4y8+IUVcqaWJ4qEQozSoAzoIyhCK2NFU2SJk0hNnyEOhKR2AzAAj4Pj4GE4W0bkJQIAOw==\" \/><div class=\"clear pt-cv-clear-pagination\"><\/div><\/div><\/div><\/div>\n\t\t\t\t\t\t<\/div>\n\t\t\t\t<\/div>\n\t\t\t\t\t<\/div>\n\t\t<\/div>\n\t\t\t\t\t<\/div>\n\t\t<\/section>\n\t\t\t\t<\/div>\n\t\t","protected":false},"excerpt":{"rendered":"<p>ACTIVIDADESEXTRAESCOLARES<\/p>\n","protected":false},"author":8532,"featured_media":0,"parent":0,"menu_order":0,"comment_status":"closed","ping_status":"closed","template":"elementor_header_footer","meta":{"ngg_post_thumbnail":0,"footnotes":""},"aioseo_notices":[],"_links":{"self":[{"href":"https:\/\/blogsaverroes.juntadeandalucia.es\/ceipsansebastiandemijas\/wp-json\/wp\/v2\/pages\/10357"}],"collection":[{"href":"https:\/\/blogsaverroes.juntadeandalucia.es\/ceipsansebastiandemijas\/wp-json\/wp\/v2\/pages"}],"about":[{"href":"https:\/\/blogsaverroes.juntadeandalucia.es\/ceipsansebastiandemijas\/wp-json\/wp\/v2\/types\/page"}],"author":[{"embeddable":true,"href":"https:\/\/blogsaverroes.juntadeandalucia.es\/ceipsansebastiandemijas\/wp-json\/wp\/v2\/users\/8532"}],"replies":[{"embeddable":true,"href":"https:\/\/blogsaverroes.juntadeandalucia.es\/ceipsansebastiandemijas\/wp-json\/wp\/v2\/comments?post=10357"}],"version-history":[{"count":11,"href":"https:\/\/blogsaverroes.juntadeandalucia.es\/ceipsansebastiandemijas\/wp-json\/wp\/v2\/pages\/10357\/revisions"}],"predecessor-version":[{"id":11962,"href":"https:\/\/blogsaverroes.juntadeandalucia.es\/ceipsansebastiandemijas\/wp-json\/wp\/v2\/pages\/10357\/revisions\/11962"}],"wp:attachment":[{"href":"https:\/\/blogsaverroes.juntadeandalucia.es\/ceipsansebastiandemijas\/wp-json\/wp\/v2\/media?parent=10357"}],"curies":[{"name":"wp","href":"https:\/\/api.w.org\/{rel}","templated":true}]}}