{"id":13079,"date":"2022-10-08T10:47:17","date_gmt":"2022-10-08T10:47:17","guid":{"rendered":"https:\/\/blogsaverroes.juntadeandalucia.es\/ceipsansebastiandemijas\/?page_id=13079"},"modified":"2022-10-08T10:52:22","modified_gmt":"2022-10-08T10:52:22","slug":"comunica-teatro","status":"publish","type":"page","link":"https:\/\/blogsaverroes.juntadeandalucia.es\/ceipsansebastiandemijas\/comunica-teatro\/","title":{"rendered":"ComunicA Teatro"},"content":{"rendered":"\t\t<div data-elementor-type=\"wp-page\" data-elementor-id=\"13079\" class=\"elementor elementor-13079\">\n\t\t\t\t\t\t<section class=\"elementor-section elementor-top-section elementor-element elementor-element-4e5f570 elementor-section-boxed elementor-section-height-default elementor-section-height-default\" data-id=\"4e5f570\" data-element_type=\"section\">\n\t\t\t\t\t\t<div class=\"elementor-container elementor-column-gap-default\">\n\t\t\t\t\t<div class=\"elementor-column elementor-col-100 elementor-top-column elementor-element elementor-element-1caee32\" data-id=\"1caee32\" data-element_type=\"column\">\n\t\t\t<div class=\"elementor-widget-wrap elementor-element-populated\">\n\t\t\t\t\t\t<div class=\"elementor-element elementor-element-2c5f86f elementor-widget elementor-widget-heading\" data-id=\"2c5f86f\" data-element_type=\"widget\" data-widget_type=\"heading.default\">\n\t\t\t\t<div class=\"elementor-widget-container\">\n\t\t\t\t\t<h2 class=\"elementor-heading-title elementor-size-default\">PROGRAMA ComunicA TEATRO<\/h2>\t\t\t\t<\/div>\n\t\t\t\t<\/div>\n\t\t\t\t\t<\/div>\n\t\t<\/div>\n\t\t\t\t\t<\/div>\n\t\t<\/section>\n\t\t\t\t<section class=\"elementor-section elementor-top-section elementor-element elementor-element-c22eca0 elementor-section-boxed elementor-section-height-default elementor-section-height-default\" data-id=\"c22eca0\" data-element_type=\"section\">\n\t\t\t\t\t\t<div class=\"elementor-container elementor-column-gap-default\">\n\t\t\t\t\t<div class=\"elementor-column elementor-col-100 elementor-top-column elementor-element elementor-element-18a6aee\" data-id=\"18a6aee\" data-element_type=\"column\">\n\t\t\t<div class=\"elementor-widget-wrap elementor-element-populated\">\n\t\t\t\t\t\t<div class=\"elementor-element elementor-element-bb6d04c elementor-widget elementor-widget-shortcode\" data-id=\"bb6d04c\" data-element_type=\"widget\" data-widget_type=\"shortcode.default\">\n\t\t\t\t<div class=\"elementor-widget-container\">\n\t\t\t\t\t\t\t<div class=\"elementor-shortcode\"><div class=\"pt-cv-wrapper\"><div class=\"pt-cv-view pt-cv-grid pt-cv-colsys\" id=\"pt-cv-view-99425992a4\"><div data-id=\"pt-cv-page-1\" class=\"pt-cv-page\" data-cvc=\"1\"><div class=\"col-md-12 col-sm-12 col-xs-12 pt-cv-content-item pt-cv-2-col\" ><div class='pt-cv-ifield'><a href=\"https:\/\/blogsaverroes.juntadeandalucia.es\/ceipsansebastiandemijas\/las-piratas-de-la-historia\/\" class=\"_blank pt-cv-href-thumbnail pt-cv-thumb-left\" target=\"_blank\" ><img fetchpriority=\"high\" decoding=\"async\" width=\"300\" height=\"240\" src=\"https:\/\/blogsaverroes.juntadeandalucia.es\/ceipsansebastiandemijas\/files\/2024\/12\/Piratas-01-300x240.jpg\" class=\"pt-cv-thumbnail pull-left\" alt=\"\" srcset=\"https:\/\/blogsaverroes.juntadeandalucia.es\/ceipsansebastiandemijas\/files\/2024\/12\/Piratas-01-300x240.jpg 300w, https:\/\/blogsaverroes.juntadeandalucia.es\/ceipsansebastiandemijas\/files\/2024\/12\/Piratas-01-1024x819.jpg 1024w, https:\/\/blogsaverroes.juntadeandalucia.es\/ceipsansebastiandemijas\/files\/2024\/12\/Piratas-01-768x614.jpg 768w, https:\/\/blogsaverroes.juntadeandalucia.es\/ceipsansebastiandemijas\/files\/2024\/12\/Piratas-01.jpg 1153w\" sizes=\"(max-width: 300px) 100vw, 300px\" \/><\/a>\n<div class=\"pt-cv-colwrap\"><h4 class=\"pt-cv-title\"><a href=\"https:\/\/blogsaverroes.juntadeandalucia.es\/ceipsansebastiandemijas\/las-piratas-de-la-historia\/\" class=\"_blank\" target=\"_blank\" >Las piratas de la historia<\/a><\/h4><div class=\"pt-cv-content\">Las piratas de la historia Con motivo de la celebraci\u00f3n del 8M, el D\u00eda Internacional de la Mujer, la se\u00f1o ...<br \/><div class=\"pt-cv-rmwrap\"><a href=\"https:\/\/blogsaverroes.juntadeandalucia.es\/ceipsansebastiandemijas\/las-piratas-de-la-historia\/\" class=\"_blank pt-cv-readmore btn btn-success\" target=\"_blank\">Leer M\u00e1s<\/a><\/div><\/div><\/div><\/div><\/div>\n<div class=\"col-md-12 col-sm-12 col-xs-12 pt-cv-content-item pt-cv-2-col\" ><div class='pt-cv-ifield'><a href=\"https:\/\/blogsaverroes.juntadeandalucia.es\/ceipsansebastiandemijas\/gran-exito-teatral\/\" class=\"_blank pt-cv-href-thumbnail pt-cv-thumb-left\" target=\"_blank\" ><img decoding=\"async\" width=\"300\" height=\"166\" src=\"https:\/\/blogsaverroes.juntadeandalucia.es\/ceipsansebastiandemijas\/files\/2025\/07\/xa-exito-teatral-300x166.png\" class=\"pt-cv-thumbnail pull-left\" alt=\"\" srcset=\"https:\/\/blogsaverroes.juntadeandalucia.es\/ceipsansebastiandemijas\/files\/2025\/07\/xa-exito-teatral-300x166.png 300w, https:\/\/blogsaverroes.juntadeandalucia.es\/ceipsansebastiandemijas\/files\/2025\/07\/xa-exito-teatral-768x425.png 768w, https:\/\/blogsaverroes.juntadeandalucia.es\/ceipsansebastiandemijas\/files\/2025\/07\/xa-exito-teatral.png 806w\" sizes=\"(max-width: 300px) 100vw, 300px\" \/><\/a>\n<div class=\"pt-cv-colwrap\"><h4 class=\"pt-cv-title\"><a href=\"https:\/\/blogsaverroes.juntadeandalucia.es\/ceipsansebastiandemijas\/gran-exito-teatral\/\" class=\"_blank\" target=\"_blank\" >Gran \u00c9xito Teatral<\/a><\/h4><div class=\"pt-cv-content\">Gran \u00c9xito Teatral Una Cena en Escena Una cena de navidad suele ser entra\u00f1able, entretenida, familiar, pero nada parecida a ...<br \/><div class=\"pt-cv-rmwrap\"><a href=\"https:\/\/blogsaverroes.juntadeandalucia.es\/ceipsansebastiandemijas\/gran-exito-teatral\/\" class=\"_blank pt-cv-readmore btn btn-success\" target=\"_blank\">Leer M\u00e1s<\/a><\/div><\/div><\/div><\/div><\/div>\n<div class=\"col-md-12 col-sm-12 col-xs-12 pt-cv-content-item pt-cv-2-col\" ><div class='pt-cv-ifield'><a href=\"https:\/\/blogsaverroes.juntadeandalucia.es\/ceipsansebastiandemijas\/teatro-en-el-sanse\/\" class=\"_blank pt-cv-href-thumbnail pt-cv-thumb-left\" target=\"_blank\" ><img decoding=\"async\" width=\"300\" height=\"225\" src=\"https:\/\/blogsaverroes.juntadeandalucia.es\/ceipsansebastiandemijas\/files\/2023\/11\/WhatsApp-Image-2023-11-12-at-19.42.13-300x225.jpeg\" class=\"pt-cv-thumbnail pull-left\" alt=\"\" srcset=\"https:\/\/blogsaverroes.juntadeandalucia.es\/ceipsansebastiandemijas\/files\/2023\/11\/WhatsApp-Image-2023-11-12-at-19.42.13-300x225.jpeg 300w, https:\/\/blogsaverroes.juntadeandalucia.es\/ceipsansebastiandemijas\/files\/2023\/11\/WhatsApp-Image-2023-11-12-at-19.42.13-1024x768.jpeg 1024w, https:\/\/blogsaverroes.juntadeandalucia.es\/ceipsansebastiandemijas\/files\/2023\/11\/WhatsApp-Image-2023-11-12-at-19.42.13-768x576.jpeg 768w, https:\/\/blogsaverroes.juntadeandalucia.es\/ceipsansebastiandemijas\/files\/2023\/11\/WhatsApp-Image-2023-11-12-at-19.42.13-24x18.jpeg 24w, https:\/\/blogsaverroes.juntadeandalucia.es\/ceipsansebastiandemijas\/files\/2023\/11\/WhatsApp-Image-2023-11-12-at-19.42.13-36x27.jpeg 36w, https:\/\/blogsaverroes.juntadeandalucia.es\/ceipsansebastiandemijas\/files\/2023\/11\/WhatsApp-Image-2023-11-12-at-19.42.13-48x36.jpeg 48w, https:\/\/blogsaverroes.juntadeandalucia.es\/ceipsansebastiandemijas\/files\/2023\/11\/WhatsApp-Image-2023-11-12-at-19.42.13.jpeg 1382w\" sizes=\"(max-width: 300px) 100vw, 300px\" \/><\/a>\n<div class=\"pt-cv-colwrap\"><h4 class=\"pt-cv-title\"><a href=\"https:\/\/blogsaverroes.juntadeandalucia.es\/ceipsansebastiandemijas\/teatro-en-el-sanse\/\" class=\"_blank\" target=\"_blank\" >Teatro en el Sanse<\/a><\/h4><div class=\"pt-cv-content\">Teatro en el Sanse Un grupo de alumnos y alumnas de 6\u00ba, 4\u00ba y 3\u00ba, del taller de teatro, representaron ...<br \/><div class=\"pt-cv-rmwrap\"><a href=\"https:\/\/blogsaverroes.juntadeandalucia.es\/ceipsansebastiandemijas\/teatro-en-el-sanse\/\" class=\"_blank pt-cv-readmore btn btn-success\" target=\"_blank\">Leer M\u00e1s<\/a><\/div><\/div><\/div><\/div><\/div>\n<div class=\"col-md-12 col-sm-12 col-xs-12 pt-cv-content-item pt-cv-2-col\" ><div class='pt-cv-ifield'><a href=\"https:\/\/blogsaverroes.juntadeandalucia.es\/ceipsansebastiandemijas\/teatro-la-pirata-ofelia\/\" class=\"_blank pt-cv-href-thumbnail pt-cv-thumb-left\" target=\"_blank\" ><img loading=\"lazy\" decoding=\"async\" width=\"300\" height=\"225\" src=\"https:\/\/blogsaverroes.juntadeandalucia.es\/ceipsansebastiandemijas\/files\/2023\/07\/Pirata-Ofelia-300x225.jpg\" class=\"pt-cv-thumbnail pull-left\" alt=\"\" srcset=\"https:\/\/blogsaverroes.juntadeandalucia.es\/ceipsansebastiandemijas\/files\/2023\/07\/Pirata-Ofelia-300x225.jpg 300w, https:\/\/blogsaverroes.juntadeandalucia.es\/ceipsansebastiandemijas\/files\/2023\/07\/Pirata-Ofelia-768x576.jpg 768w, https:\/\/blogsaverroes.juntadeandalucia.es\/ceipsansebastiandemijas\/files\/2023\/07\/Pirata-Ofelia-24x18.jpg 24w, https:\/\/blogsaverroes.juntadeandalucia.es\/ceipsansebastiandemijas\/files\/2023\/07\/Pirata-Ofelia-36x27.jpg 36w, https:\/\/blogsaverroes.juntadeandalucia.es\/ceipsansebastiandemijas\/files\/2023\/07\/Pirata-Ofelia-48x36.jpg 48w, https:\/\/blogsaverroes.juntadeandalucia.es\/ceipsansebastiandemijas\/files\/2023\/07\/Pirata-Ofelia.jpg 1024w\" sizes=\"(max-width: 300px) 100vw, 300px\" \/><\/a>\n<div class=\"pt-cv-colwrap\"><h4 class=\"pt-cv-title\"><a href=\"https:\/\/blogsaverroes.juntadeandalucia.es\/ceipsansebastiandemijas\/teatro-la-pirata-ofelia\/\" class=\"_blank\" target=\"_blank\" >Teatro: \u00abLa Pirata Ofelia\u00bb<\/a><\/h4><div class=\"pt-cv-content\">Teatro: \"La Pirata Ofelia\" Desde el taller de teatro, para finalizar el curso, hemos estrenado la obra \u00abLa Pirata Ofelia\u00bb, ...<br \/><div class=\"pt-cv-rmwrap\"><a href=\"https:\/\/blogsaverroes.juntadeandalucia.es\/ceipsansebastiandemijas\/teatro-la-pirata-ofelia\/\" class=\"_blank pt-cv-readmore btn btn-success\" target=\"_blank\">Leer M\u00e1s<\/a><\/div><\/div><\/div><\/div><\/div>\n<div class=\"col-md-12 col-sm-12 col-xs-12 pt-cv-content-item pt-cv-2-col\" ><div class='pt-cv-ifield'><a href=\"https:\/\/blogsaverroes.juntadeandalucia.es\/ceipsansebastiandemijas\/teatro-en-el-dia-del-libro\/\" class=\"_blank pt-cv-href-thumbnail pt-cv-thumb-left\" target=\"_blank\" ><img loading=\"lazy\" decoding=\"async\" width=\"300\" height=\"224\" src=\"https:\/\/blogsaverroes.juntadeandalucia.es\/ceipsansebastiandemijas\/files\/2023\/05\/Teatro-06-300x224.jpg\" class=\"pt-cv-thumbnail pull-left\" alt=\"\" srcset=\"https:\/\/blogsaverroes.juntadeandalucia.es\/ceipsansebastiandemijas\/files\/2023\/05\/Teatro-06-300x224.jpg 300w, https:\/\/blogsaverroes.juntadeandalucia.es\/ceipsansebastiandemijas\/files\/2023\/05\/Teatro-06-1024x765.jpg 1024w, https:\/\/blogsaverroes.juntadeandalucia.es\/ceipsansebastiandemijas\/files\/2023\/05\/Teatro-06-768x574.jpg 768w, https:\/\/blogsaverroes.juntadeandalucia.es\/ceipsansebastiandemijas\/files\/2023\/05\/Teatro-06-1536x1148.jpg 1536w, https:\/\/blogsaverroes.juntadeandalucia.es\/ceipsansebastiandemijas\/files\/2023\/05\/Teatro-06-24x18.jpg 24w, https:\/\/blogsaverroes.juntadeandalucia.es\/ceipsansebastiandemijas\/files\/2023\/05\/Teatro-06-36x27.jpg 36w, https:\/\/blogsaverroes.juntadeandalucia.es\/ceipsansebastiandemijas\/files\/2023\/05\/Teatro-06-48x36.jpg 48w, https:\/\/blogsaverroes.juntadeandalucia.es\/ceipsansebastiandemijas\/files\/2023\/05\/Teatro-06.jpg 1600w\" sizes=\"(max-width: 300px) 100vw, 300px\" \/><\/a>\n<div class=\"pt-cv-colwrap\"><h4 class=\"pt-cv-title\"><a href=\"https:\/\/blogsaverroes.juntadeandalucia.es\/ceipsansebastiandemijas\/teatro-en-el-dia-del-libro\/\" class=\"_blank\" target=\"_blank\" >Teatro en el D\u00eda del Libro<\/a><\/h4><div class=\"pt-cv-content\">Teatro en el D\u00eda del Libro Como conmemoraci\u00f3n del D\u00eda del Libro, un grupo de alumnos y alumnas de 5\u00ba ...<br \/><div class=\"pt-cv-rmwrap\"><a href=\"https:\/\/blogsaverroes.juntadeandalucia.es\/ceipsansebastiandemijas\/teatro-en-el-dia-del-libro\/\" class=\"_blank pt-cv-readmore btn btn-success\" target=\"_blank\">Leer M\u00e1s<\/a><\/div><\/div><\/div><\/div><\/div>\n<div class=\"col-md-12 col-sm-12 col-xs-12 pt-cv-content-item pt-cv-2-col\" ><div class='pt-cv-ifield'><a href=\"https:\/\/blogsaverroes.juntadeandalucia.es\/ceipsansebastiandemijas\/gran-estreno-teatral\/\" class=\"_blank pt-cv-href-thumbnail pt-cv-thumb-left\" target=\"_blank\" ><img loading=\"lazy\" decoding=\"async\" width=\"300\" height=\"169\" src=\"https:\/\/blogsaverroes.juntadeandalucia.es\/ceipsansebastiandemijas\/files\/2023\/08\/Captura-de-pantalla-de-2023-08-10-21-13-02-300x169.png\" class=\"pt-cv-thumbnail pull-left\" alt=\"\" srcset=\"https:\/\/blogsaverroes.juntadeandalucia.es\/ceipsansebastiandemijas\/files\/2023\/08\/Captura-de-pantalla-de-2023-08-10-21-13-02-300x169.png 300w, https:\/\/blogsaverroes.juntadeandalucia.es\/ceipsansebastiandemijas\/files\/2023\/08\/Captura-de-pantalla-de-2023-08-10-21-13-02-24x14.png 24w, https:\/\/blogsaverroes.juntadeandalucia.es\/ceipsansebastiandemijas\/files\/2023\/08\/Captura-de-pantalla-de-2023-08-10-21-13-02-36x20.png 36w, https:\/\/blogsaverroes.juntadeandalucia.es\/ceipsansebastiandemijas\/files\/2023\/08\/Captura-de-pantalla-de-2023-08-10-21-13-02-48x27.png 48w, https:\/\/blogsaverroes.juntadeandalucia.es\/ceipsansebastiandemijas\/files\/2023\/08\/Captura-de-pantalla-de-2023-08-10-21-13-02.png 644w\" sizes=\"(max-width: 300px) 100vw, 300px\" \/><\/a>\n<div class=\"pt-cv-colwrap\"><h4 class=\"pt-cv-title\"><a href=\"https:\/\/blogsaverroes.juntadeandalucia.es\/ceipsansebastiandemijas\/gran-estreno-teatral\/\" class=\"_blank\" target=\"_blank\" >\u00a1GRAN ESTRENO TEATRAL!<\/a><\/h4><div class=\"pt-cv-content\">\u00a1GRAN ESTRENO TEATRAL! Hoy hemos estrenado la primera obra de nuestro taller de teatro: \"La foto de Navidad\", representada por ...<br \/><div class=\"pt-cv-rmwrap\"><a href=\"https:\/\/blogsaverroes.juntadeandalucia.es\/ceipsansebastiandemijas\/gran-estreno-teatral\/\" class=\"_blank pt-cv-readmore btn btn-success\" target=\"_blank\">Leer M\u00e1s<\/a><\/div><\/div><\/div><\/div><\/div>\n<div class=\"col-md-12 col-sm-12 col-xs-12 pt-cv-content-item pt-cv-2-col\" ><div class='pt-cv-ifield'><a href=\"https:\/\/blogsaverroes.juntadeandalucia.es\/ceipsansebastiandemijas\/primer-proyecto-taller-de-teatro-la-foto-de-navidad\/\" class=\"_blank pt-cv-href-thumbnail pt-cv-thumb-left\" target=\"_blank\" ><img loading=\"lazy\" decoding=\"async\" width=\"300\" height=\"180\" src=\"https:\/\/blogsaverroes.juntadeandalucia.es\/ceipsansebastiandemijas\/files\/2022\/11\/adornos-para-el-arbol-xl-668x400x80xX-300x180.jpg\" class=\"pt-cv-thumbnail pull-left\" alt=\"\" srcset=\"https:\/\/blogsaverroes.juntadeandalucia.es\/ceipsansebastiandemijas\/files\/2022\/11\/adornos-para-el-arbol-xl-668x400x80xX-300x180.jpg 300w, https:\/\/blogsaverroes.juntadeandalucia.es\/ceipsansebastiandemijas\/files\/2022\/11\/adornos-para-el-arbol-xl-668x400x80xX.jpg 668w\" sizes=\"(max-width: 300px) 100vw, 300px\" \/><\/a>\n<div class=\"pt-cv-colwrap\"><h4 class=\"pt-cv-title\"><a href=\"https:\/\/blogsaverroes.juntadeandalucia.es\/ceipsansebastiandemijas\/primer-proyecto-taller-de-teatro-la-foto-de-navidad\/\" class=\"_blank\" target=\"_blank\" >PRIMER PROYECTO TALLER DE TEATRO: LA FOTO DE NAVIDAD<\/a><\/h4><div class=\"pt-cv-content\">LA FOTO DE NAVIDAD Informaros que desde el Taller de Teatro vamos a llevar a cabo una representaci\u00f3n para Navidad ...<br \/><div class=\"pt-cv-rmwrap\"><a href=\"https:\/\/blogsaverroes.juntadeandalucia.es\/ceipsansebastiandemijas\/primer-proyecto-taller-de-teatro-la-foto-de-navidad\/\" class=\"_blank pt-cv-readmore btn btn-success\" target=\"_blank\">Leer M\u00e1s<\/a><\/div><\/div><\/div><\/div><\/div>\n<div class=\"col-md-12 col-sm-12 col-xs-12 pt-cv-content-item pt-cv-2-col\" ><div class='pt-cv-ifield'><a href=\"https:\/\/blogsaverroes.juntadeandalucia.es\/ceipsansebastiandemijas\/primer-proyecto-teatral\/\" class=\"_blank pt-cv-href-thumbnail pt-cv-thumb-left\" target=\"_blank\" ><\/a>\n<div class=\"pt-cv-colwrap\"><h4 class=\"pt-cv-title\"><a href=\"https:\/\/blogsaverroes.juntadeandalucia.es\/ceipsansebastiandemijas\/primer-proyecto-teatral\/\" class=\"_blank\" target=\"_blank\" >PRIMER PROYECTO TEATRAL<\/a><\/h4><div class=\"pt-cv-content\">Como sab\u00e9is el Taller de Teatro ha empezado a funcionar. Ayer le tocaba a los alumnos\/as de tercero que se ...<br \/><div class=\"pt-cv-rmwrap\"><a href=\"https:\/\/blogsaverroes.juntadeandalucia.es\/ceipsansebastiandemijas\/primer-proyecto-teatral\/\" class=\"_blank pt-cv-readmore btn btn-success\" target=\"_blank\">Leer M\u00e1s<\/a><\/div><\/div><\/div><\/div><\/div>\n<div class=\"col-md-12 col-sm-12 col-xs-12 pt-cv-content-item pt-cv-2-col\" ><div class='pt-cv-ifield'><a href=\"https:\/\/blogsaverroes.juntadeandalucia.es\/ceipsansebastiandemijas\/taller-de-teatro\/\" class=\"_blank pt-cv-href-thumbnail pt-cv-thumb-left\" target=\"_blank\" ><\/a>\n<div class=\"pt-cv-colwrap\"><h4 class=\"pt-cv-title\"><a href=\"https:\/\/blogsaverroes.juntadeandalucia.es\/ceipsansebastiandemijas\/taller-de-teatro\/\" class=\"_blank\" target=\"_blank\" >TALLER DE TEATRO<\/a><\/h4><div class=\"pt-cv-content\">TALLER DE TEATRO Buenos d\u00edas Como sab\u00e9is el Taller de Teatro ya est\u00e1 en marcha. Espero que los que ya ...<br \/><div class=\"pt-cv-rmwrap\"><a href=\"https:\/\/blogsaverroes.juntadeandalucia.es\/ceipsansebastiandemijas\/taller-de-teatro\/\" class=\"_blank pt-cv-readmore btn btn-success\" target=\"_blank\">Leer M\u00e1s<\/a><\/div><\/div><\/div><\/div><\/div><\/div><\/div><\/div><\/div>\n\t\t\t\t\t\t<\/div>\n\t\t\t\t<\/div>\n\t\t\t\t\t<\/div>\n\t\t<\/div>\n\t\t\t\t\t<\/div>\n\t\t<\/section>\n\t\t\t\t<\/div>\n\t\t","protected":false},"excerpt":{"rendered":"<p>PROGRAMA ComunicA TEATRO<\/p>\n","protected":false},"author":8532,"featured_media":0,"parent":0,"menu_order":0,"comment_status":"closed","ping_status":"closed","template":"elementor_header_footer","meta":{"ngg_post_thumbnail":0,"footnotes":""},"aioseo_notices":[],"_links":{"self":[{"href":"https:\/\/blogsaverroes.juntadeandalucia.es\/ceipsansebastiandemijas\/wp-json\/wp\/v2\/pages\/13079"}],"collection":[{"href":"https:\/\/blogsaverroes.juntadeandalucia.es\/ceipsansebastiandemijas\/wp-json\/wp\/v2\/pages"}],"about":[{"href":"https:\/\/blogsaverroes.juntadeandalucia.es\/ceipsansebastiandemijas\/wp-json\/wp\/v2\/types\/page"}],"author":[{"embeddable":true,"href":"https:\/\/blogsaverroes.juntadeandalucia.es\/ceipsansebastiandemijas\/wp-json\/wp\/v2\/users\/8532"}],"replies":[{"embeddable":true,"href":"https:\/\/blogsaverroes.juntadeandalucia.es\/ceipsansebastiandemijas\/wp-json\/wp\/v2\/comments?post=13079"}],"version-history":[{"count":4,"href":"https:\/\/blogsaverroes.juntadeandalucia.es\/ceipsansebastiandemijas\/wp-json\/wp\/v2\/pages\/13079\/revisions"}],"predecessor-version":[{"id":13085,"href":"https:\/\/blogsaverroes.juntadeandalucia.es\/ceipsansebastiandemijas\/wp-json\/wp\/v2\/pages\/13079\/revisions\/13085"}],"wp:attachment":[{"href":"https:\/\/blogsaverroes.juntadeandalucia.es\/ceipsansebastiandemijas\/wp-json\/wp\/v2\/media?parent=13079"}],"curies":[{"name":"wp","href":"https:\/\/api.w.org\/{rel}","templated":true}]}}