{"id":42,"date":"2015-03-13T08:40:47","date_gmt":"2015-03-13T08:40:47","guid":{"rendered":"http:\/\/blogsaverroes.juntadeandalucia.es\/pre\/ceip\/?page_id=42"},"modified":"2024-09-24T10:50:55","modified_gmt":"2024-09-24T10:50:55","slug":"equipo-directivo","status":"publish","type":"page","link":"https:\/\/blogsaverroes.juntadeandalucia.es\/ceipsansebastiandemijas\/equipo-directivo\/","title":{"rendered":"Equipo directivo"},"content":{"rendered":"<p><span style=\"font-size: 16pt\"><strong>El equipo directivo del C.E.I.P. San Sebasti\u00e1n de Mijas est\u00e1 formado por los siguientes miembros:<\/strong><\/span><\/p>\n<p>&nbsp;<\/p>\n<ul>\n<li><span style=\"font-size: 14pt\"><strong>Direcci\u00f3n:<\/strong> Jes\u00fas Vasc\u00f3n Campos.<\/span><\/li>\n<\/ul>\n<p>&nbsp;<\/p>\n<ul>\n<li><span style=\"font-size: 14pt\"><strong>Jefatura de estudios:<\/strong> Laura Rojas Segura.<\/span><\/li>\n<\/ul>\n<p>&nbsp;<\/p>\n<ul>\n<li><span style=\"font-size: 14pt\"><strong>Secretar\u00eda:<\/strong> Claudia Pe\u00f1as L\u00f3pez.<\/span><\/li>\n<\/ul>\n","protected":false},"excerpt":{"rendered":"<p>El equipo directivo del C.E.I.P. San Sebasti\u00e1n de Mijas est\u00e1 formado por los siguientes miembros: &nbsp; Direcci\u00f3n: Jes\u00fas Vasc\u00f3n Campos. &nbsp; Jefatura de estudios: Laura Rojas Segura. &nbsp; Secretar\u00eda: Claudia Pe\u00f1as L\u00f3pez.<\/p>\n","protected":false},"author":1,"featured_media":0,"parent":0,"menu_order":0,"comment_status":"closed","ping_status":"open","template":"","meta":{"ngg_post_thumbnail":0,"footnotes":""},"aioseo_notices":[],"_links":{"self":[{"href":"https:\/\/blogsaverroes.juntadeandalucia.es\/ceipsansebastiandemijas\/wp-json\/wp\/v2\/pages\/42"}],"collection":[{"href":"https:\/\/blogsaverroes.juntadeandalucia.es\/ceipsansebastiandemijas\/wp-json\/wp\/v2\/pages"}],"about":[{"href":"https:\/\/blogsaverroes.juntadeandalucia.es\/ceipsansebastiandemijas\/wp-json\/wp\/v2\/types\/page"}],"author":[{"embeddable":true,"href":"https:\/\/blogsaverroes.juntadeandalucia.es\/ceipsansebastiandemijas\/wp-json\/wp\/v2\/users\/1"}],"replies":[{"embeddable":true,"href":"https:\/\/blogsaverroes.juntadeandalucia.es\/ceipsansebastiandemijas\/wp-json\/wp\/v2\/comments?post=42"}],"version-history":[{"count":8,"href":"https:\/\/blogsaverroes.juntadeandalucia.es\/ceipsansebastiandemijas\/wp-json\/wp\/v2\/pages\/42\/revisions"}],"predecessor-version":[{"id":20389,"href":"https:\/\/blogsaverroes.juntadeandalucia.es\/ceipsansebastiandemijas\/wp-json\/wp\/v2\/pages\/42\/revisions\/20389"}],"wp:attachment":[{"href":"https:\/\/blogsaverroes.juntadeandalucia.es\/ceipsansebastiandemijas\/wp-json\/wp\/v2\/media?parent=42"}],"curies":[{"name":"wp","href":"https:\/\/api.w.org\/{rel}","templated":true}]}}