{"id":49,"date":"2015-03-13T08:47:05","date_gmt":"2015-03-13T08:47:05","guid":{"rendered":"http:\/\/blogsaverroes.juntadeandalucia.es\/pre\/ceip\/?page_id=49"},"modified":"2026-01-09T08:48:15","modified_gmt":"2026-01-09T08:48:15","slug":"proyecto-educativo","status":"publish","type":"page","link":"https:\/\/blogsaverroes.juntadeandalucia.es\/ceipsansebastiandemijas\/proyecto-educativo\/","title":{"rendered":"Proyecto Educativo 2020\/21"},"content":{"rendered":"\t\t<div data-elementor-type=\"wp-page\" data-elementor-id=\"49\" class=\"elementor elementor-49\">\n\t\t\t\t\t\t<section class=\"elementor-section elementor-top-section elementor-element elementor-element-a5d1d0c elementor-section-boxed elementor-section-height-default elementor-section-height-default\" data-id=\"a5d1d0c\" data-element_type=\"section\">\n\t\t\t\t\t\t<div class=\"elementor-container elementor-column-gap-default\">\n\t\t\t\t\t<div class=\"elementor-column elementor-col-50 elementor-top-column elementor-element elementor-element-25682fb\" data-id=\"25682fb\" data-element_type=\"column\" data-settings=\"{&quot;animation&quot;:&quot;none&quot;}\">\n\t\t\t<div class=\"elementor-widget-wrap elementor-element-populated\">\n\t\t\t\t\t\t<div class=\"elementor-element elementor-element-19add73 animated-slow elementor-invisible elementor-widget elementor-widget-text-editor\" data-id=\"19add73\" data-element_type=\"widget\" data-settings=\"{&quot;_animation&quot;:&quot;fadeIn&quot;}\" data-widget_type=\"text-editor.default\">\n\t\t\t\t<div class=\"elementor-widget-container\">\n\t\t\t\t\t\t\t\t\t<p><span style=\"font-family: comic sans ms, sans-serif;color: #008000\"><a style=\"color: #008000\" href=\"https:\/\/blogsaverroes.juntadeandalucia.es\/ceipsansebastiandemijas\/files\/2026\/01\/Plan-de-centro-2025-2026-a2.pdf\" target=\"_blank\" rel=\"noopener noreferrer\"><img fetchpriority=\"high\" decoding=\"async\" class=\"alignright wp-image-1662 size-medium\" src=\"https:\/\/blogsaverroes.juntadeandalucia.es\/ceipsansebastiandemijas\/files\/2015\/03\/proyecto-300x266.png\" alt=\"proyecto\" width=\"300\" height=\"266\" srcset=\"https:\/\/blogsaverroes.juntadeandalucia.es\/ceipsansebastiandemijas\/files\/2015\/03\/proyecto-300x266.png 300w, https:\/\/blogsaverroes.juntadeandalucia.es\/ceipsansebastiandemijas\/files\/2015\/03\/proyecto-332x295.png 332w, https:\/\/blogsaverroes.juntadeandalucia.es\/ceipsansebastiandemijas\/files\/2015\/03\/proyecto.png 640w\" sizes=\"(max-width: 300px) 100vw, 300px\" \/><\/a><\/span><\/p><p><span style=\"font-size: 16pt;font-family: comic sans ms, sans-serif;color: #008000\">Un centro se define en gran medida por su <a style=\"color: #008000\" href=\"https:\/\/drive.google.com\/file\/d\/1AqBvlF8zib1OZ0oyrilQLWNXBiu2fOln\/view?usp=drive_link\" target=\"_blank\" rel=\"noopener\"><strong><span style=\"color: #0000ff\">Proyecto Educativo<\/span><\/strong><\/a>. <\/span><\/p><p><span style=\"font-size: 16pt;font-family: comic sans ms, sans-serif;color: #008000\">En \u00e9l se plasma el modelo educativo y la concreci\u00f3n de la normativa que un centro realiza respecto a las ense\u00f1anzas que imparte. <\/span><\/p><p><span style=\"font-size: 16pt;font-family: comic sans ms, sans-serif;color: #008000\">Aspectos tales como las finales educativas, objetivos, atenci\u00f3n a la diversidad, etc.<\/span><\/p><p><span style=\"font-family: comic sans ms, sans-serif;color: #008000\"><span style=\"font-size: 16pt\">Puedes consultarlo <\/span><a style=\"color: #008000\" href=\"https:\/\/drive.google.com\/file\/d\/1AqBvlF8zib1OZ0oyrilQLWNXBiu2fOln\/view?usp=drive_link\" target=\"_blank\" rel=\"noopener\"><span style=\"font-size: 16pt\"><span style=\"color: #0000ff\">AQU\u00cd<\/span><\/span><\/a><\/span><\/p>\t\t\t\t\t\t\t\t<\/div>\n\t\t\t\t<\/div>\n\t\t\t\t\t<\/div>\n\t\t<\/div>\n\t\t\t\t<div class=\"elementor-column elementor-col-50 elementor-top-column elementor-element elementor-element-fa4ed8f\" data-id=\"fa4ed8f\" data-element_type=\"column\">\n\t\t\t<div class=\"elementor-widget-wrap elementor-element-populated\">\n\t\t\t\t\t\t<div class=\"elementor-element elementor-element-662e098 elementor-widget elementor-widget-wp-widget-nav_menu\" data-id=\"662e098\" data-element_type=\"widget\" data-widget_type=\"wp-widget-nav_menu.default\">\n\t\t\t\t<div class=\"elementor-widget-container\">\n\t\t\t\t\t<div class=\"menu-enlaces-oficiales-container\"><ul id=\"menu-enlaces-oficiales\" class=\"menu\"><li id=\"menu-item-6775\" class=\"menu-item menu-item-type-custom menu-item-object-custom menu-item-6775\"><a href=\"https:\/\/www.juntadeandalucia.es\/educacion\/senecav2\/seneca\/jsp\/portal\/\">NUEVO S\u00e9neca<\/a><\/li>\n<li id=\"menu-item-8204\" class=\"menu-item menu-item-type-custom menu-item-object-custom menu-item-8204\"><a href=\"https:\/\/www.e-vocacion.es\/\">Evocaci\u00f3n<\/a><\/li>\n<li id=\"menu-item-8073\" class=\"menu-item menu-item-type-custom menu-item-object-custom menu-item-8073\"><a href=\"https:\/\/www.juntadeandalucia.es\/educacion\/secretariavirtual\/\">Secretar\u00eda Virtual<\/a><\/li>\n<li id=\"menu-item-5329\" class=\"menu-item menu-item-type-custom menu-item-object-custom menu-item-5329\"><a href=\"https:\/\/educacionadistancia.juntadeandalucia.es\/centros\/malaga\/\">Moodle Centros<\/a><\/li>\n<li id=\"menu-item-7093\" class=\"menu-item menu-item-type-custom menu-item-object-custom menu-item-7093\"><a href=\"https:\/\/www.office.com\/\">OFFICE 365<\/a><\/li>\n<li id=\"menu-item-5330\" class=\"menu-item menu-item-type-custom menu-item-object-custom menu-item-5330\"><a href=\"https:\/\/educacionadistancia.juntadeandalucia.es\/profesorado\/login\/index.php\">Aula Virtual de Formaci\u00f3n del Profesorado<\/a><\/li>\n<li id=\"menu-item-6780\" class=\"menu-item menu-item-type-custom menu-item-object-custom menu-item-6780\"><a href=\"https:\/\/correo.juntadeandalucia.es\/\">Correo Corporativo<\/a><\/li>\n<li id=\"menu-item-2879\" class=\"menu-item menu-item-type-custom menu-item-object-custom menu-item-2879\"><a href=\"https:\/\/www.juntadeandalucia.es\/educacion\/portaldocente\/\">Portal Docente<\/a><\/li>\n<li id=\"menu-item-2053\" class=\"menu-item menu-item-type-custom menu-item-object-custom menu-item-2053\"><a href=\"https:\/\/blogsaverroes.juntadeandalucia.es\/wp-login.php?redirect_to=https%3A%2F%2Fblogsaverroes.juntadeandalucia.es%2Fwp-admin%2F&#038;reauth=1\">BlogsAverroes<\/a><\/li>\n<li id=\"menu-item-2051\" class=\"menu-item menu-item-type-custom menu-item-object-custom menu-item-2051\"><a href=\"http:\/\/www.juntadeandalucia.es\/educacion\">Consejer\u00eda de Educaci\u00f3n<\/a><\/li>\n<li id=\"menu-item-6942\" class=\"menu-item menu-item-type-custom menu-item-object-custom menu-item-6942\"><a href=\"https:\/\/educacionadistancia.juntadeandalucia.es\/aulavirtual\/login\/index.php\">Aula Virtual<\/a><\/li>\n<li id=\"menu-item-2052\" class=\"menu-item menu-item-type-custom menu-item-object-custom menu-item-2052\"><a href=\"http:\/\/www.juntadeandalucia.es\/educacion\/portalaverroes\">Portal Averroes<\/a><\/li>\n<li id=\"menu-item-2183\" class=\"menu-item menu-item-type-custom menu-item-object-custom menu-item-2183\"><a href=\"http:\/\/www.juntadeandalucia.es\/educacion\/portalseneca\/web\/seneca\/inicio\">S\u00e9neca<\/a><\/li>\n<li id=\"menu-item-2878\" class=\"menu-item menu-item-type-custom menu-item-object-custom menu-item-2878\"><a href=\"https:\/\/www.juntadeandalucia.es\/educacion\/portalseneca\/web\/pasen\/inicio\">Pasen<\/a><\/li>\n<li id=\"menu-item-2054\" class=\"menu-item menu-item-type-custom menu-item-object-custom menu-item-2054\"><a href=\"http:\/\/agrega.juntadeandalucia.es\/visualizadorcontenidos2\/Portada\/Portada.do\">Agrega<\/a><\/li>\n<li id=\"menu-item-2880\" class=\"menu-item menu-item-type-custom menu-item-object-custom menu-item-2880\"><a href=\"https:\/\/colaboraeducacion30.juntadeandalucia.es\/educacion\/colabora\/\">Colabora<\/a><\/li>\n<\/ul><\/div>\t\t\t\t<\/div>\n\t\t\t\t<\/div>\n\t\t\t\t\t<\/div>\n\t\t<\/div>\n\t\t\t\t\t<\/div>\n\t\t<\/section>\n\t\t\t\t<\/div>\n\t\t","protected":false},"excerpt":{"rendered":"<p>Un centro se define en gran medida por su Proyecto Educativo. En \u00e9l se plasma el modelo educativo y la concreci\u00f3n de la normativa que un centro realiza respecto a las ense\u00f1anzas que imparte. Aspectos tales como las finales educativas, objetivos, atenci\u00f3n a la diversidad, etc. Puedes consultarlo AQU\u00cd<\/p>\n","protected":false},"author":1,"featured_media":0,"parent":0,"menu_order":0,"comment_status":"closed","ping_status":"open","template":"elementor_header_footer","meta":{"ngg_post_thumbnail":0,"footnotes":""},"aioseo_notices":[],"_links":{"self":[{"href":"https:\/\/blogsaverroes.juntadeandalucia.es\/ceipsansebastiandemijas\/wp-json\/wp\/v2\/pages\/49"}],"collection":[{"href":"https:\/\/blogsaverroes.juntadeandalucia.es\/ceipsansebastiandemijas\/wp-json\/wp\/v2\/pages"}],"about":[{"href":"https:\/\/blogsaverroes.juntadeandalucia.es\/ceipsansebastiandemijas\/wp-json\/wp\/v2\/types\/page"}],"author":[{"embeddable":true,"href":"https:\/\/blogsaverroes.juntadeandalucia.es\/ceipsansebastiandemijas\/wp-json\/wp\/v2\/users\/1"}],"replies":[{"embeddable":true,"href":"https:\/\/blogsaverroes.juntadeandalucia.es\/ceipsansebastiandemijas\/wp-json\/wp\/v2\/comments?post=49"}],"version-history":[{"count":43,"href":"https:\/\/blogsaverroes.juntadeandalucia.es\/ceipsansebastiandemijas\/wp-json\/wp\/v2\/pages\/49\/revisions"}],"predecessor-version":[{"id":22870,"href":"https:\/\/blogsaverroes.juntadeandalucia.es\/ceipsansebastiandemijas\/wp-json\/wp\/v2\/pages\/49\/revisions\/22870"}],"wp:attachment":[{"href":"https:\/\/blogsaverroes.juntadeandalucia.es\/ceipsansebastiandemijas\/wp-json\/wp\/v2\/media?parent=49"}],"curies":[{"name":"wp","href":"https:\/\/api.w.org\/{rel}","templated":true}]}}