{"id":870,"date":"2015-03-16T07:24:27","date_gmt":"2015-03-16T07:24:27","guid":{"rendered":"http:\/\/blogsaverroes.juntadeandalucia.es\/pre\/ceip\/?page_id=103"},"modified":"2024-05-22T09:15:37","modified_gmt":"2024-05-22T09:15:37","slug":"aula-matinal","status":"publish","type":"page","link":"https:\/\/blogsaverroes.juntadeandalucia.es\/ceipsansebastiandemijas\/aula-matinal\/","title":{"rendered":"Aula Matinal"},"content":{"rendered":"<p><span style=\"font-size: 16pt\"><img fetchpriority=\"high\" decoding=\"async\" class=\" size-medium wp-image-226 alignleft\" src=\"http:\/\/blogsaverroes.juntadeandalucia.es\/pre\/ceip\/files\/2015\/03\/aula_matinal-300x186.jpg\" alt=\"aula_matinal\" width=\"300\" height=\"186\" srcset=\"https:\/\/blogsaverroes.juntadeandalucia.es\/ceipsansebastiandemijas\/files\/2015\/03\/aula_matinal-300x186.jpg 300w, https:\/\/blogsaverroes.juntadeandalucia.es\/ceipsansebastiandemijas\/files\/2015\/03\/aula_matinal-700x433.jpg 700w, https:\/\/blogsaverroes.juntadeandalucia.es\/ceipsansebastiandemijas\/files\/2015\/03\/aula_matinal-332x206.jpg 332w, https:\/\/blogsaverroes.juntadeandalucia.es\/ceipsansebastiandemijas\/files\/2015\/03\/aula_matinal.jpg 709w\" sizes=\"(max-width: 300px) 100vw, 300px\" \/><\/span><\/p>\n<h4>&nbsp;<\/h4>\n<p><span style=\"font-size: 16pt\">El <strong>Aula Matinal<\/strong> abre a las 7.30 horas de lunes a viernes, ofreciendo actividades diversas a los estudiantes hasta el comienzo del horario lectivo.<\/span><\/p>\n<p><span style=\"font-size: 16pt\">Puede&nbsp;utilizarse&nbsp;cualquier d\u00eda previa inscripci\u00f3n y domicializaci\u00f3n bancaria.<\/span><\/p>\n<p style=\"text-align: center\"><strong><span style=\"font-size: 20pt;color: #0000ff\">PRECIOS<\/span><\/strong><\/p>\n<p><span style=\"font-size: 16pt\">Aula Matinal: 17,51 \u20ac<\/span><\/p>\n<p><span style=\"font-size: 16pt\">Si obtienen la BONIFICACI\u00d3N cubre los gastos del Aula Matinal, del Comedor y de 1 Actividad Extraescolar.<\/span><\/p>\n<p style=\"text-align: center\"><span style=\"font-size: 16pt\"><a href=\"http:\/\/Anexo_II_Inscripcion_en_los_Servicios_de_AM_CE_y_AAEX\" target=\"_blank\" rel=\"noopener noreferrer\"><strong><span style=\"font-size: 20pt\">SOLICITUD AULA MATINAL<\/span><\/strong><\/a><\/span><\/p>\n<ul>\n<li><span style=\"font-size: 16pt\">La solicitud de Comedor, Aula Matinal y Actividades extraescolares es la misma, las familias s\u00f3lo han de rellenar el apartado correspondiente a lo que solicitan y los datos bancarios.<\/span><\/li>\n<li><span style=\"font-size: 16pt\">Si hay plazas disponibles, lo puede solicitar cualquiera y en cualquier circunstancia.<\/span><\/li>\n<li><span style=\"font-size: 16pt\">Si no hay plazas, aquellas familias en las que ambos tutores trabajen (incluidos los que tengan custodia compartida), o el custodio principal en caso de familias monoparentales, o divorciadas con la custodia recayente en uno de ellos y realice actividad remunerada; tienen garant\u00eda de plaza en 24 horas aportando certificado de trabajo indicando el horario y Vida Laboral.<\/span><\/li>\n<li><span style=\"font-size: 16pt\">Los aut\u00f3nomos tienen que aportar el \u00faltimo recibo abonado de la cuota de aut\u00f3nomo, Vida Laboral y una declaraci\u00f3n responsable de su horario de trabajo.<\/span><\/li>\n<\/ul>\n<p style=\"text-align: center\"><span style=\"font-size: 20pt\"><a href=\"https:\/\/blogsaverroes.juntadeandalucia.es\/ceipsansebastiandemijas\/files\/2020\/10\/Gratuidad.pdf\" target=\"_blank\" rel=\"noopener noreferrer\"><strong>BONIFICACI\u00d3N<\/strong><\/a><\/span><\/p>\n<ul>\n<li><span style=\"font-size: 16pt\">La bonificaci\u00f3n se pide del 1 al 9 de septiembre en el plazo ordinario.<\/span><\/li>\n<li><span style=\"font-size: 16pt\">A lo largo del curso, cuando una familia solicita por<strong> primera vez<\/strong> en el curso alg\u00fan servicio complementario dispone de 5 d\u00edas para solicitar la reducci\u00f3n del precio mediante bonificaci\u00f3n.<\/span><\/li>\n<\/ul>\n<p>&nbsp;<\/p>\n","protected":false},"excerpt":{"rendered":"<p>&nbsp; El Aula Matinal abre a las 7.30 horas de lunes a viernes, ofreciendo actividades diversas a los estudiantes hasta el comienzo del horario lectivo. Puede&nbsp;utilizarse&nbsp;cualquier d\u00eda previa inscripci\u00f3n y domicializaci\u00f3n bancaria. PRECIOS Aula Matinal: 17,51 \u20ac Si obtienen la BONIFICACI\u00d3N cubre los gastos del Aula Matinal, del Comedor y de 1 Actividad Extraescolar. SOLICITUD [&hellip;]<\/p>\n","protected":false},"author":1,"featured_media":0,"parent":0,"menu_order":0,"comment_status":"closed","ping_status":"open","template":"page-c.php","meta":{"ngg_post_thumbnail":0,"footnotes":""},"aioseo_notices":[],"_links":{"self":[{"href":"https:\/\/blogsaverroes.juntadeandalucia.es\/ceipsansebastiandemijas\/wp-json\/wp\/v2\/pages\/870"}],"collection":[{"href":"https:\/\/blogsaverroes.juntadeandalucia.es\/ceipsansebastiandemijas\/wp-json\/wp\/v2\/pages"}],"about":[{"href":"https:\/\/blogsaverroes.juntadeandalucia.es\/ceipsansebastiandemijas\/wp-json\/wp\/v2\/types\/page"}],"author":[{"embeddable":true,"href":"https:\/\/blogsaverroes.juntadeandalucia.es\/ceipsansebastiandemijas\/wp-json\/wp\/v2\/users\/1"}],"replies":[{"embeddable":true,"href":"https:\/\/blogsaverroes.juntadeandalucia.es\/ceipsansebastiandemijas\/wp-json\/wp\/v2\/comments?post=870"}],"version-history":[{"count":10,"href":"https:\/\/blogsaverroes.juntadeandalucia.es\/ceipsansebastiandemijas\/wp-json\/wp\/v2\/pages\/870\/revisions"}],"predecessor-version":[{"id":6721,"href":"https:\/\/blogsaverroes.juntadeandalucia.es\/ceipsansebastiandemijas\/wp-json\/wp\/v2\/pages\/870\/revisions\/6721"}],"wp:attachment":[{"href":"https:\/\/blogsaverroes.juntadeandalucia.es\/ceipsansebastiandemijas\/wp-json\/wp\/v2\/media?parent=870"}],"curies":[{"name":"wp","href":"https:\/\/api.w.org\/{rel}","templated":true}]}}