{"id":871,"date":"2015-03-16T07:25:46","date_gmt":"2015-03-16T07:25:46","guid":{"rendered":"http:\/\/blogsaverroes.juntadeandalucia.es\/pre\/ceip\/?page_id=106"},"modified":"2024-05-27T10:51:29","modified_gmt":"2024-05-27T10:51:29","slug":"actividades-extraescolares","status":"publish","type":"page","link":"https:\/\/blogsaverroes.juntadeandalucia.es\/ceipsansebastiandemijas\/actividades-extraescolares\/","title":{"rendered":"Actividades Extraescolares"},"content":{"rendered":"\t\t<div data-elementor-type=\"wp-page\" data-elementor-id=\"871\" class=\"elementor elementor-871\">\n\t\t\t\t\t\t<section class=\"elementor-section elementor-top-section elementor-element elementor-element-21455ec elementor-section-boxed elementor-section-height-default elementor-section-height-default\" data-id=\"21455ec\" data-element_type=\"section\">\n\t\t\t\t\t\t<div class=\"elementor-container elementor-column-gap-default\">\n\t\t\t\t\t<div class=\"elementor-column elementor-col-100 elementor-top-column elementor-element elementor-element-9d8b6e2\" data-id=\"9d8b6e2\" data-element_type=\"column\">\n\t\t\t<div class=\"elementor-widget-wrap elementor-element-populated\">\n\t\t\t\t\t\t<section class=\"elementor-section elementor-inner-section elementor-element elementor-element-b59a20e elementor-section-boxed elementor-section-height-default elementor-section-height-default\" data-id=\"b59a20e\" data-element_type=\"section\">\n\t\t\t\t\t\t<div class=\"elementor-container elementor-column-gap-default\">\n\t\t\t\t\t<div class=\"elementor-column elementor-col-50 elementor-inner-column elementor-element elementor-element-ee620b8\" data-id=\"ee620b8\" data-element_type=\"column\">\n\t\t\t<div class=\"elementor-widget-wrap elementor-element-populated\">\n\t\t\t\t\t\t<div class=\"elementor-element elementor-element-9181986 elementor-widget elementor-widget-heading\" data-id=\"9181986\" data-element_type=\"widget\" data-widget_type=\"heading.default\">\n\t\t\t\t<div class=\"elementor-widget-container\">\n\t\t\t\t\t<h2 class=\"elementor-heading-title elementor-size-default\">ACTIVIDADES EXTRAESCOLARES<\/h2>\t\t\t\t<\/div>\n\t\t\t\t<\/div>\n\t\t\t\t<div class=\"elementor-element elementor-element-55fbc84 elementor-widget elementor-widget-heading\" data-id=\"55fbc84\" data-element_type=\"widget\" data-widget_type=\"heading.default\">\n\t\t\t\t<div class=\"elementor-widget-container\">\n\t\t\t\t\t<h2 class=\"elementor-heading-title elementor-size-default\">por las tardes en el cole<\/h2>\t\t\t\t<\/div>\n\t\t\t\t<\/div>\n\t\t\t\t\t<\/div>\n\t\t<\/div>\n\t\t\t\t<div class=\"elementor-column elementor-col-50 elementor-inner-column elementor-element elementor-element-059e12b\" data-id=\"059e12b\" data-element_type=\"column\">\n\t\t\t<div class=\"elementor-widget-wrap elementor-element-populated\">\n\t\t\t\t\t\t<div class=\"elementor-element elementor-element-33b0f71 elementor-widget elementor-widget-image\" data-id=\"33b0f71\" data-element_type=\"widget\" data-widget_type=\"image.default\">\n\t\t\t\t<div class=\"elementor-widget-container\">\n\t\t\t\t\t\t\t\t\t\t\t\t\t\t\t<img fetchpriority=\"high\" decoding=\"async\" width=\"300\" height=\"200\" src=\"https:\/\/blogsaverroes.juntadeandalucia.es\/ceipsansebastiandemijas\/files\/2015\/03\/talleres-300x200.jpg\" class=\"attachment-medium size-medium wp-image-228\" alt=\"\" srcset=\"https:\/\/blogsaverroes.juntadeandalucia.es\/ceipsansebastiandemijas\/files\/2015\/03\/talleres-300x200.jpg 300w, https:\/\/blogsaverroes.juntadeandalucia.es\/ceipsansebastiandemijas\/files\/2015\/03\/talleres-1024x682.jpg 1024w, https:\/\/blogsaverroes.juntadeandalucia.es\/ceipsansebastiandemijas\/files\/2015\/03\/talleres-700x466.jpg 700w, https:\/\/blogsaverroes.juntadeandalucia.es\/ceipsansebastiandemijas\/files\/2015\/03\/talleres-332x221.jpg 332w, https:\/\/blogsaverroes.juntadeandalucia.es\/ceipsansebastiandemijas\/files\/2015\/03\/talleres.jpg 1280w\" sizes=\"(max-width: 300px) 100vw, 300px\" \/>\t\t\t\t\t\t\t\t\t\t\t\t\t\t\t<\/div>\n\t\t\t\t<\/div>\n\t\t\t\t\t<\/div>\n\t\t<\/div>\n\t\t\t\t\t<\/div>\n\t\t<\/section>\n\t\t\t\t<div class=\"elementor-element elementor-element-5143aaa elementor-widget elementor-widget-heading\" data-id=\"5143aaa\" data-element_type=\"widget\" data-widget_type=\"heading.default\">\n\t\t\t\t<div class=\"elementor-widget-container\">\n\t\t\t\t\t<h2 class=\"elementor-heading-title elementor-size-default\">OFERTA PARA EL CURSO 2024-25<\/h2>\t\t\t\t<\/div>\n\t\t\t\t<\/div>\n\t\t\t\t<div class=\"elementor-element elementor-element-c0e0765 elementor-widget elementor-widget-image\" data-id=\"c0e0765\" data-element_type=\"widget\" data-widget_type=\"image.default\">\n\t\t\t\t<div class=\"elementor-widget-container\">\n\t\t\t\t\t\t\t\t\t\t\t\t\t\t\t\t<a href=\"https:\/\/blogsaverroes.juntadeandalucia.es\/ceipsansebastiandemijas\/files\/2024\/05\/Actividades-24-25.pdf\" target=\"_blank\">\n\t\t\t\t\t\t\t<img decoding=\"async\" width=\"814\" height=\"332\" src=\"https:\/\/blogsaverroes.juntadeandalucia.es\/ceipsansebastiandemijas\/files\/2024\/05\/Actividades-24-25.png\" class=\"elementor-animation-pulse-grow attachment-large size-large wp-image-19664\" alt=\"\" srcset=\"https:\/\/blogsaverroes.juntadeandalucia.es\/ceipsansebastiandemijas\/files\/2024\/05\/Actividades-24-25.png 814w, https:\/\/blogsaverroes.juntadeandalucia.es\/ceipsansebastiandemijas\/files\/2024\/05\/Actividades-24-25-300x122.png 300w, https:\/\/blogsaverroes.juntadeandalucia.es\/ceipsansebastiandemijas\/files\/2024\/05\/Actividades-24-25-768x313.png 768w\" sizes=\"(max-width: 814px) 100vw, 814px\" \/>\t\t\t\t\t\t\t\t<\/a>\n\t\t\t\t\t\t\t\t\t\t\t\t\t\t\t<\/div>\n\t\t\t\t<\/div>\n\t\t\t\t<div class=\"elementor-element elementor-element-d9525bd elementor-widget elementor-widget-heading\" data-id=\"d9525bd\" data-element_type=\"widget\" data-widget_type=\"heading.default\">\n\t\t\t\t<div class=\"elementor-widget-container\">\n\t\t\t\t\t<h2 class=\"elementor-heading-title elementor-size-default\">PRECIOS<\/h2>\t\t\t\t<\/div>\n\t\t\t\t<\/div>\n\t\t\t\t<div class=\"elementor-element elementor-element-6176cea elementor-widget elementor-widget-text-editor\" data-id=\"6176cea\" data-element_type=\"widget\" data-widget_type=\"text-editor.default\">\n\t\t\t\t<div class=\"elementor-widget-container\">\n\t\t\t\t\t\t\t\t\t<p style=\"text-align: left\">Actividades Extraescolares: 17,51\u20ac (cada actividad)<\/p><p style=\"text-align: left\">Si obtienen la BONIFICACI\u00d3N cubre los gastos del Aula Matinal, del Comedor y de 1 Actividad Extraescolar.<\/p>\t\t\t\t\t\t\t\t<\/div>\n\t\t\t\t<\/div>\n\t\t\t\t\t<\/div>\n\t\t<\/div>\n\t\t\t\t\t<\/div>\n\t\t<\/section>\n\t\t\t\t<section class=\"elementor-section elementor-top-section elementor-element elementor-element-522ab006 elementor-section-boxed elementor-section-height-default elementor-section-height-default\" data-id=\"522ab006\" data-element_type=\"section\">\n\t\t\t\t\t\t<div class=\"elementor-container elementor-column-gap-default\">\n\t\t\t\t\t<div class=\"elementor-column elementor-col-100 elementor-top-column elementor-element elementor-element-612d8159\" data-id=\"612d8159\" data-element_type=\"column\">\n\t\t\t<div class=\"elementor-widget-wrap elementor-element-populated\">\n\t\t\t\t\t\t<div class=\"elementor-element elementor-element-7b27447b elementor-widget elementor-widget-text-editor\" data-id=\"7b27447b\" data-element_type=\"widget\" data-widget_type=\"text-editor.default\">\n\t\t\t\t<div class=\"elementor-widget-container\">\n\t\t\t\t\t\t\t\t\t<p style=\"text-align: left\">\n<\/p><p style=\"text-align: center\"><span style=\"font-size: 16pt\"><a href=\"http:\/\/Anexo_II_Inscripcion_en_los_Servicios_de_AM_CE_y_AAEX\" target=\"_blank\" rel=\"noopener noreferrer\"><strong><span style=\"font-size: 20pt\">SOLICITUD DE ACTIVIDADES EXTRAESCOLARES<\/span><\/strong><\/a><\/span><\/p>\n<ul>\n<li><span style=\"font-size: 16pt\">La solicitud de Comedor, Aula Matinal y Actividades extraescolares es la misma, las familias s\u00f3lo han de rellenar el apartado correspondiente a lo que solicitan y los datos bancarios.<\/span><\/li>\n<li><span style=\"font-size: 16pt\">Si hay plazas disponibles, lo puede solicitar cualquiera y en cualquier circunstancia.<\/span><\/li>\n<li><span style=\"font-size: 16pt\">Si no hay plazas, aquellas familias en las que ambos tutores trabajen (incluidos los que tengan custodia compartida), o el custodio principal en caso de familias monoparentales, o divorciadas con la custodia recayente en uno de ellos y realice actividad remunerada; tienen garant\u00eda de plaza en 24 horas aportando certificado de trabajo indicando el horario y Vida Laboral.<\/span><\/li>\n<li><span style=\"font-size: 16pt\">Los aut\u00f3nomos tienen que aportar el \u00faltimo recibo abonado de la cuota de aut\u00f3nomo, Vida Laboral y una declaraci\u00f3n responsable de su horario de trabajo.<\/span><\/li>\n<\/ul>\n<p style=\"text-align: center\"><span style=\"font-size: 20pt\"><a href=\"https:\/\/blogsaverroes.juntadeandalucia.es\/ceipsansebastiandemijas\/files\/2020\/10\/Gratuidad.pdf\" target=\"_blank\" rel=\"noopener noreferrer\"><strong>BONIFICACI\u00d3N<\/strong><\/a><\/span><\/p>\n<ul>\n<li><span style=\"font-size: 16pt\">La bonificaci\u00f3n se pide del 1 al 9 de septiembre en el plazo ordinario.<\/span><\/li>\n<li><span style=\"font-size: 16pt\">A lo largo del curso, cuando una familia solicita por<strong> primera vez<\/strong> en el curso alg\u00fan servicio complementario dispone de 5 d\u00edas para solicitar la reducci\u00f3n del precio mediante bonificaci\u00f3n.<\/span><\/li>\n<\/ul>\t\t\t\t\t\t\t\t<\/div>\n\t\t\t\t<\/div>\n\t\t\t\t\t<\/div>\n\t\t<\/div>\n\t\t\t\t\t<\/div>\n\t\t<\/section>\n\t\t\t\t<\/div>\n\t\t","protected":false},"excerpt":{"rendered":"<p>ACTIVIDADES EXTRAESCOLARES por las tardes en el cole OFERTA PARA EL CURSO 2024-25 PRECIOS Actividades Extraescolares: 17,51\u20ac (cada actividad) Si obtienen la BONIFICACI\u00d3N cubre los gastos del Aula Matinal, del Comedor y de 1 Actividad Extraescolar. SOLICITUD DE ACTIVIDADES EXTRAESCOLARES La solicitud de Comedor, Aula Matinal y Actividades extraescolares es la misma, las familias s\u00f3lo [&hellip;]<\/p>\n","protected":false},"author":1,"featured_media":0,"parent":0,"menu_order":0,"comment_status":"closed","ping_status":"open","template":"elementor_header_footer","meta":{"ngg_post_thumbnail":0,"footnotes":""},"aioseo_notices":[],"_links":{"self":[{"href":"https:\/\/blogsaverroes.juntadeandalucia.es\/ceipsansebastiandemijas\/wp-json\/wp\/v2\/pages\/871"}],"collection":[{"href":"https:\/\/blogsaverroes.juntadeandalucia.es\/ceipsansebastiandemijas\/wp-json\/wp\/v2\/pages"}],"about":[{"href":"https:\/\/blogsaverroes.juntadeandalucia.es\/ceipsansebastiandemijas\/wp-json\/wp\/v2\/types\/page"}],"author":[{"embeddable":true,"href":"https:\/\/blogsaverroes.juntadeandalucia.es\/ceipsansebastiandemijas\/wp-json\/wp\/v2\/users\/1"}],"replies":[{"embeddable":true,"href":"https:\/\/blogsaverroes.juntadeandalucia.es\/ceipsansebastiandemijas\/wp-json\/wp\/v2\/comments?post=871"}],"version-history":[{"count":44,"href":"https:\/\/blogsaverroes.juntadeandalucia.es\/ceipsansebastiandemijas\/wp-json\/wp\/v2\/pages\/871\/revisions"}],"predecessor-version":[{"id":19671,"href":"https:\/\/blogsaverroes.juntadeandalucia.es\/ceipsansebastiandemijas\/wp-json\/wp\/v2\/pages\/871\/revisions\/19671"}],"wp:attachment":[{"href":"https:\/\/blogsaverroes.juntadeandalucia.es\/ceipsansebastiandemijas\/wp-json\/wp\/v2\/media?parent=871"}],"curies":[{"name":"wp","href":"https:\/\/api.w.org\/{rel}","templated":true}]}}