{"id":24,"date":"2019-10-16T09:48:50","date_gmt":"2019-10-16T07:48:50","guid":{"rendered":"https:\/\/blogsaverroes.juntadeandalucia.es\/ceipsansebastianlapuebladelrio\/?page_id=24"},"modified":"2021-11-15T22:52:28","modified_gmt":"2021-11-15T21:52:28","slug":"secretaria","status":"publish","type":"page","link":"https:\/\/blogsaverroes.juntadeandalucia.es\/ceipsansebastianlapuebladelrio\/secretaria\/","title":{"rendered":"SECRETAR\u00cdA"},"content":{"rendered":"\t\t<div data-elementor-type=\"wp-post\" data-elementor-id=\"24\" class=\"elementor elementor-24\">\n\t\t\t\t\t\t<section class=\"elementor-section elementor-top-section elementor-element elementor-element-657242e8 elementor-section-content-middle elementor-section-boxed elementor-section-height-default elementor-section-height-default\" data-id=\"657242e8\" data-element_type=\"section\">\n\t\t\t\t\t\t<div class=\"elementor-container elementor-column-gap-default\">\n\t\t\t\t\t<div class=\"elementor-column elementor-col-50 elementor-top-column elementor-element elementor-element-4f7ffade\" data-id=\"4f7ffade\" data-element_type=\"column\">\n\t\t\t<div class=\"elementor-widget-wrap elementor-element-populated\">\n\t\t\t\t\t\t<div class=\"elementor-element elementor-element-181b9ad9 elementor-widget elementor-widget-heading\" data-id=\"181b9ad9\" data-element_type=\"widget\" data-widget_type=\"heading.default\">\n\t\t\t\t<div class=\"elementor-widget-container\">\n\t\t\t\t\t<h2 class=\"elementor-heading-title elementor-size-default\">SECRETAR\u00cdA ONLINE<\/h2>\t\t\t\t<\/div>\n\t\t\t\t<\/div>\n\t\t\t\t<div class=\"elementor-element elementor-element-8871f72 elementor-widget elementor-widget-text-editor\" data-id=\"8871f72\" data-element_type=\"widget\" data-widget_type=\"text-editor.default\">\n\t\t\t\t<div class=\"elementor-widget-container\">\n\t\t\t\t\t\t\t\t\t<h5 class=\"MsoNormal\" style=\"padding-top: 1.5em;font-family: 'Libre Franklin', sans-serif;text-align: center\"><span lang=\"ES\" style=\"font-size: 12pt;line-height: 18.4px;font-family: tahoma, arial, helvetica, sans-serif\">ESTIMADAS FAMILIAS, DESDE ESTA SECCI\u00d3N POD\u00c9IS TENER ACCESO A TODA LA INFORMACI\u00d3N RELACIONADA CON LA SECRETAR\u00cdA DEL CENTRO.<\/span><\/h5><p style=\"font-family: 'Libre Franklin', sans-serif\">\u00a0<\/p><p style=\"font-family: 'Libre Franklin', sans-serif\"><span style=\"font-weight: bold;color: #3366ff;font-size: 1rem\">HORARIO DE ATENCI\u00d3N\u00a0<\/span><\/p><p style=\"font-family: 'Libre Franklin', sans-serif\"><span style=\"font-weight: bold\">SECRETARIO:\u00a0<\/span>FRANCISCO R\u00cdOS\u00a0<\/p><p style=\"font-family: 'Libre Franklin', sans-serif\">LUNES A VIERNES : 11:00h &#8212;-12:00h<\/p><p style=\"font-family: 'Libre Franklin', sans-serif\"><span style=\"font-weight: bold\">ADMINISTRACI\u00d3N:\u00a0<\/span>MONTSE<\/p><p style=\"font-family: 'Libre Franklin', sans-serif\">MARTES Y\u00a0 JUEVES: 11:00h &#8212;-12:00h<\/p>\t\t\t\t\t\t\t\t<\/div>\n\t\t\t\t<\/div>\n\t\t\t\t\t<\/div>\n\t\t<\/div>\n\t\t\t\t<div class=\"elementor-column elementor-col-50 elementor-top-column elementor-element elementor-element-49d16e4\" data-id=\"49d16e4\" data-element_type=\"column\">\n\t\t\t<div class=\"elementor-widget-wrap elementor-element-populated\">\n\t\t\t\t\t\t<div class=\"elementor-element elementor-element-7694e9b6 elementor-widget elementor-widget-image\" data-id=\"7694e9b6\" data-element_type=\"widget\" data-widget_type=\"image.default\">\n\t\t\t\t<div class=\"elementor-widget-container\">\n\t\t\t\t\t\t\t\t\t\t\t\t\t\t\t<img fetchpriority=\"high\" decoding=\"async\" width=\"525\" height=\"394\" src=\"https:\/\/blogsaverroes.juntadeandalucia.es\/ceipsansebastianlapuebladelrio\/files\/2019\/11\/secretaria.png\" class=\"attachment-large size-large wp-image-1081\" alt=\"\" srcset=\"https:\/\/blogsaverroes.juntadeandalucia.es\/ceipsansebastianlapuebladelrio\/files\/2019\/11\/secretaria.png 800w, https:\/\/blogsaverroes.juntadeandalucia.es\/ceipsansebastianlapuebladelrio\/files\/2019\/11\/secretaria-300x225.png 300w, https:\/\/blogsaverroes.juntadeandalucia.es\/ceipsansebastianlapuebladelrio\/files\/2019\/11\/secretaria-768x576.png 768w, https:\/\/blogsaverroes.juntadeandalucia.es\/ceipsansebastianlapuebladelrio\/files\/2019\/11\/secretaria-24x18.png 24w, https:\/\/blogsaverroes.juntadeandalucia.es\/ceipsansebastianlapuebladelrio\/files\/2019\/11\/secretaria-36x27.png 36w, https:\/\/blogsaverroes.juntadeandalucia.es\/ceipsansebastianlapuebladelrio\/files\/2019\/11\/secretaria-48x36.png 48w\" sizes=\"100vw\" \/>\t\t\t\t\t\t\t\t\t\t\t\t\t\t\t<\/div>\n\t\t\t\t<\/div>\n\t\t\t\t\t<\/div>\n\t\t<\/div>\n\t\t\t\t\t<\/div>\n\t\t<\/section>\n\t\t\t\t<section class=\"elementor-section elementor-top-section elementor-element elementor-element-26e2a418 elementor-section-content-bottom elementor-section-boxed elementor-section-height-default elementor-section-height-default\" data-id=\"26e2a418\" data-element_type=\"section\">\n\t\t\t\t\t\t<div class=\"elementor-container elementor-column-gap-default\">\n\t\t\t\t\t<div class=\"elementor-column elementor-col-25 elementor-top-column elementor-element elementor-element-b00f786\" data-id=\"b00f786\" data-element_type=\"column\">\n\t\t\t<div class=\"elementor-widget-wrap elementor-element-populated\">\n\t\t\t\t\t\t<div class=\"elementor-element elementor-element-36c9e502 elementor-position-top elementor-widget elementor-widget-image-box\" data-id=\"36c9e502\" data-element_type=\"widget\" data-widget_type=\"image-box.default\">\n\t\t\t\t<div class=\"elementor-widget-container\">\n\t\t\t\t\t<div class=\"elementor-image-box-wrapper\"><figure class=\"elementor-image-box-img\"><a href=\"https:\/\/blogsaverroes.juntadeandalucia.es\/ceipsansebastianlapuebladelrio\/escolarizacion\/\" tabindex=\"-1\"><img decoding=\"async\" width=\"400\" height=\"400\" src=\"https:\/\/blogsaverroes.juntadeandalucia.es\/ceipsansebastianlapuebladelrio\/files\/2019\/11\/ESCOLARIZACION.png\" class=\"attachment-full size-full wp-image-1083\" alt=\"\" srcset=\"https:\/\/blogsaverroes.juntadeandalucia.es\/ceipsansebastianlapuebladelrio\/files\/2019\/11\/ESCOLARIZACION.png 400w, https:\/\/blogsaverroes.juntadeandalucia.es\/ceipsansebastianlapuebladelrio\/files\/2019\/11\/ESCOLARIZACION-150x150.png 150w, https:\/\/blogsaverroes.juntadeandalucia.es\/ceipsansebastianlapuebladelrio\/files\/2019\/11\/ESCOLARIZACION-300x300.png 300w, https:\/\/blogsaverroes.juntadeandalucia.es\/ceipsansebastianlapuebladelrio\/files\/2019\/11\/ESCOLARIZACION-100x100.png 100w, https:\/\/blogsaverroes.juntadeandalucia.es\/ceipsansebastianlapuebladelrio\/files\/2019\/11\/ESCOLARIZACION-24x24.png 24w, https:\/\/blogsaverroes.juntadeandalucia.es\/ceipsansebastianlapuebladelrio\/files\/2019\/11\/ESCOLARIZACION-36x36.png 36w, https:\/\/blogsaverroes.juntadeandalucia.es\/ceipsansebastianlapuebladelrio\/files\/2019\/11\/ESCOLARIZACION-48x48.png 48w\" sizes=\"(max-width: 400px) 100vw, 400px\" \/><\/a><\/figure><div class=\"elementor-image-box-content\"><h3 class=\"elementor-image-box-title\"><a href=\"https:\/\/blogsaverroes.juntadeandalucia.es\/ceipsansebastianlapuebladelrio\/escolarizacion\/\"><span style=\"font-size: 25px\">Escolarizaci\u00f3n<\/span><\/a><\/h3><\/div><\/div>\t\t\t\t<\/div>\n\t\t\t\t<\/div>\n\t\t\t\t\t<\/div>\n\t\t<\/div>\n\t\t\t\t<div class=\"elementor-column elementor-col-25 elementor-top-column elementor-element elementor-element-7c6a1612\" data-id=\"7c6a1612\" data-element_type=\"column\">\n\t\t\t<div class=\"elementor-widget-wrap elementor-element-populated\">\n\t\t\t\t\t\t<div class=\"elementor-element elementor-element-8b92f36 elementor-position-top elementor-widget elementor-widget-image-box\" data-id=\"8b92f36\" data-element_type=\"widget\" data-widget_type=\"image-box.default\">\n\t\t\t\t<div class=\"elementor-widget-container\">\n\t\t\t\t\t<div class=\"elementor-image-box-wrapper\"><figure class=\"elementor-image-box-img\"><a href=\"https:\/\/blogsaverroes.juntadeandalucia.es\/ceipsansebastianlapuebladelrio\/documentos-del-cole\/\" tabindex=\"-1\"><img decoding=\"async\" width=\"400\" height=\"400\" src=\"https:\/\/blogsaverroes.juntadeandalucia.es\/ceipsansebastianlapuebladelrio\/files\/2019\/11\/DOCUMENTOS.png\" class=\"attachment-full size-full wp-image-1084\" alt=\"\" srcset=\"https:\/\/blogsaverroes.juntadeandalucia.es\/ceipsansebastianlapuebladelrio\/files\/2019\/11\/DOCUMENTOS.png 400w, https:\/\/blogsaverroes.juntadeandalucia.es\/ceipsansebastianlapuebladelrio\/files\/2019\/11\/DOCUMENTOS-150x150.png 150w, https:\/\/blogsaverroes.juntadeandalucia.es\/ceipsansebastianlapuebladelrio\/files\/2019\/11\/DOCUMENTOS-300x300.png 300w, https:\/\/blogsaverroes.juntadeandalucia.es\/ceipsansebastianlapuebladelrio\/files\/2019\/11\/DOCUMENTOS-100x100.png 100w, https:\/\/blogsaverroes.juntadeandalucia.es\/ceipsansebastianlapuebladelrio\/files\/2019\/11\/DOCUMENTOS-24x24.png 24w, https:\/\/blogsaverroes.juntadeandalucia.es\/ceipsansebastianlapuebladelrio\/files\/2019\/11\/DOCUMENTOS-36x36.png 36w, https:\/\/blogsaverroes.juntadeandalucia.es\/ceipsansebastianlapuebladelrio\/files\/2019\/11\/DOCUMENTOS-48x48.png 48w\" sizes=\"(max-width: 400px) 100vw, 400px\" \/><\/a><\/figure><div class=\"elementor-image-box-content\"><h3 class=\"elementor-image-box-title\"><a href=\"https:\/\/blogsaverroes.juntadeandalucia.es\/ceipsansebastianlapuebladelrio\/documentos-del-cole\/\"><span style=\"font-size: 25px\">IMPRESOS SECRETAR\u00cdA<\/span><\/a><\/h3><\/div><\/div>\t\t\t\t<\/div>\n\t\t\t\t<\/div>\n\t\t\t\t\t<\/div>\n\t\t<\/div>\n\t\t\t\t<div class=\"elementor-column elementor-col-25 elementor-top-column elementor-element elementor-element-4cf616b4\" data-id=\"4cf616b4\" data-element_type=\"column\">\n\t\t\t<div class=\"elementor-widget-wrap elementor-element-populated\">\n\t\t\t\t\t\t<div class=\"elementor-element elementor-element-5e063fc3 elementor-position-top elementor-widget elementor-widget-image-box\" data-id=\"5e063fc3\" data-element_type=\"widget\" data-widget_type=\"image-box.default\">\n\t\t\t\t<div class=\"elementor-widget-container\">\n\t\t\t\t\t<div class=\"elementor-image-box-wrapper\"><figure class=\"elementor-image-box-img\"><a href=\"https:\/\/blogsaverroes.juntadeandalucia.es\/ceipsansebastianlapuebladelrio\/plan-apertura\/\" tabindex=\"-1\"><img loading=\"lazy\" decoding=\"async\" width=\"400\" height=\"400\" src=\"https:\/\/blogsaverroes.juntadeandalucia.es\/ceipsansebastianlapuebladelrio\/files\/2019\/10\/LOGOAPERTURA.png\" class=\"attachment-full size-full wp-image-792\" alt=\"\" srcset=\"https:\/\/blogsaverroes.juntadeandalucia.es\/ceipsansebastianlapuebladelrio\/files\/2019\/10\/LOGOAPERTURA.png 400w, https:\/\/blogsaverroes.juntadeandalucia.es\/ceipsansebastianlapuebladelrio\/files\/2019\/10\/LOGOAPERTURA-150x150.png 150w, https:\/\/blogsaverroes.juntadeandalucia.es\/ceipsansebastianlapuebladelrio\/files\/2019\/10\/LOGOAPERTURA-300x300.png 300w, https:\/\/blogsaverroes.juntadeandalucia.es\/ceipsansebastianlapuebladelrio\/files\/2019\/10\/LOGOAPERTURA-100x100.png 100w, https:\/\/blogsaverroes.juntadeandalucia.es\/ceipsansebastianlapuebladelrio\/files\/2019\/10\/LOGOAPERTURA-24x24.png 24w, https:\/\/blogsaverroes.juntadeandalucia.es\/ceipsansebastianlapuebladelrio\/files\/2019\/10\/LOGOAPERTURA-36x36.png 36w, https:\/\/blogsaverroes.juntadeandalucia.es\/ceipsansebastianlapuebladelrio\/files\/2019\/10\/LOGOAPERTURA-48x48.png 48w\" sizes=\"(max-width: 400px) 100vw, 400px\" \/><\/a><\/figure><div class=\"elementor-image-box-content\"><h3 class=\"elementor-image-box-title\"><a href=\"https:\/\/blogsaverroes.juntadeandalucia.es\/ceipsansebastianlapuebladelrio\/plan-apertura\/\"><span style=\"font-size: 25px\">Plan Apertura<\/span><\/a><\/h3><\/div><\/div>\t\t\t\t<\/div>\n\t\t\t\t<\/div>\n\t\t\t\t\t<\/div>\n\t\t<\/div>\n\t\t\t\t<div class=\"elementor-column elementor-col-25 elementor-top-column elementor-element elementor-element-183b301\" data-id=\"183b301\" data-element_type=\"column\">\n\t\t\t<div class=\"elementor-widget-wrap elementor-element-populated\">\n\t\t\t\t\t\t<div class=\"elementor-element elementor-element-6504d8b elementor-position-top elementor-widget elementor-widget-image-box\" data-id=\"6504d8b\" data-element_type=\"widget\" data-widget_type=\"image-box.default\">\n\t\t\t\t<div class=\"elementor-widget-container\">\n\t\t\t\t\t<div class=\"elementor-image-box-wrapper\"><figure class=\"elementor-image-box-img\"><a href=\"https:\/\/blogsaverroes.juntadeandalucia.es\/ceipsansebastianlapuebladelrio\/escuelas-deportivas\/\" tabindex=\"-1\"><img loading=\"lazy\" decoding=\"async\" width=\"400\" height=\"400\" src=\"https:\/\/blogsaverroes.juntadeandalucia.es\/ceipsansebastianlapuebladelrio\/files\/2019\/10\/LOGODEPORTE.png\" class=\"attachment-full size-full wp-image-793\" alt=\"\" srcset=\"https:\/\/blogsaverroes.juntadeandalucia.es\/ceipsansebastianlapuebladelrio\/files\/2019\/10\/LOGODEPORTE.png 400w, https:\/\/blogsaverroes.juntadeandalucia.es\/ceipsansebastianlapuebladelrio\/files\/2019\/10\/LOGODEPORTE-150x150.png 150w, https:\/\/blogsaverroes.juntadeandalucia.es\/ceipsansebastianlapuebladelrio\/files\/2019\/10\/LOGODEPORTE-300x300.png 300w, https:\/\/blogsaverroes.juntadeandalucia.es\/ceipsansebastianlapuebladelrio\/files\/2019\/10\/LOGODEPORTE-100x100.png 100w, https:\/\/blogsaverroes.juntadeandalucia.es\/ceipsansebastianlapuebladelrio\/files\/2019\/10\/LOGODEPORTE-24x24.png 24w, https:\/\/blogsaverroes.juntadeandalucia.es\/ceipsansebastianlapuebladelrio\/files\/2019\/10\/LOGODEPORTE-36x36.png 36w, https:\/\/blogsaverroes.juntadeandalucia.es\/ceipsansebastianlapuebladelrio\/files\/2019\/10\/LOGODEPORTE-48x48.png 48w\" sizes=\"(max-width: 400px) 100vw, 400px\" \/><\/a><\/figure><div class=\"elementor-image-box-content\"><h3 class=\"elementor-image-box-title\"><a href=\"https:\/\/blogsaverroes.juntadeandalucia.es\/ceipsansebastianlapuebladelrio\/escuelas-deportivas\/\"><span style=\"font-size: 25px\">escuelas deportivas<\/span><\/a><\/h3><\/div><\/div>\t\t\t\t<\/div>\n\t\t\t\t<\/div>\n\t\t\t\t\t<\/div>\n\t\t<\/div>\n\t\t\t\t\t<\/div>\n\t\t<\/section>\n\t\t\t\t<section class=\"elementor-section elementor-top-section elementor-element elementor-element-ebbb4c9 elementor-section-boxed elementor-section-height-default elementor-section-height-default\" data-id=\"ebbb4c9\" data-element_type=\"section\">\n\t\t\t\t\t\t<div class=\"elementor-container elementor-column-gap-default\">\n\t\t\t\t\t<div class=\"elementor-column elementor-col-100 elementor-top-column elementor-element elementor-element-aabfb06\" data-id=\"aabfb06\" data-element_type=\"column\">\n\t\t\t<div class=\"elementor-widget-wrap elementor-element-populated\">\n\t\t\t\t\t\t<div class=\"elementor-element elementor-element-131f8a4 elementor-widget elementor-widget-heading\" data-id=\"131f8a4\" data-element_type=\"widget\" data-widget_type=\"heading.default\">\n\t\t\t\t<div class=\"elementor-widget-container\">\n\t\t\t\t\t<h2 class=\"elementor-heading-title elementor-size-default\">\u00daLTIMAS NOTICIAS <\/h2>\t\t\t\t<\/div>\n\t\t\t\t<\/div>\n\t\t\t\t<div class=\"elementor-element elementor-element-9497809 elementor-widget elementor-widget-shortcode\" data-id=\"9497809\" data-element_type=\"widget\" data-widget_type=\"shortcode.default\">\n\t\t\t\t<div class=\"elementor-widget-container\">\n\t\t\t\t\t\t\t<div class=\"elementor-shortcode\"><div class=\"pt-cv-wrapper\"><div class=\"pt-cv-view pt-cv-grid pt-cv-colsys\" id=\"pt-cv-view-a90ca89hdp\"><div data-id=\"pt-cv-page-1\" class=\"pt-cv-page\" data-cvc=\"3\"><div class=\"col-md-4 col-sm-6 col-xs-12 pt-cv-content-item pt-cv-1-col\" ><div class='pt-cv-ifield'><a href=\"https:\/\/blogsaverroes.juntadeandalucia.es\/ceipsansebastianlapuebladelrio\/2022\/12\/05\/plan-covid-19-curso-22-23\/\" class=\"_self pt-cv-href-thumbnail pt-cv-thumb-default\" target=\"_self\" ><img loading=\"lazy\" decoding=\"async\" width=\"212\" height=\"300\" src=\"https:\/\/blogsaverroes.juntadeandalucia.es\/ceipsansebastianlapuebladelrio\/files\/2022\/12\/PORTADA-PLAN-COVID-19--212x300.jpg\" class=\"pt-cv-thumbnail\" alt=\"\" srcset=\"https:\/\/blogsaverroes.juntadeandalucia.es\/ceipsansebastianlapuebladelrio\/files\/2022\/12\/PORTADA-PLAN-COVID-19--212x300.jpg 212w, https:\/\/blogsaverroes.juntadeandalucia.es\/ceipsansebastianlapuebladelrio\/files\/2022\/12\/PORTADA-PLAN-COVID-19--724x1024.jpg 724w, https:\/\/blogsaverroes.juntadeandalucia.es\/ceipsansebastianlapuebladelrio\/files\/2022\/12\/PORTADA-PLAN-COVID-19--768x1086.jpg 768w, https:\/\/blogsaverroes.juntadeandalucia.es\/ceipsansebastianlapuebladelrio\/files\/2022\/12\/PORTADA-PLAN-COVID-19--e1670241663565.jpg 400w\" sizes=\"100vw\" \/><\/a>\n<h4 class=\"pt-cv-title\"><a href=\"https:\/\/blogsaverroes.juntadeandalucia.es\/ceipsansebastianlapuebladelrio\/2022\/12\/05\/plan-covid-19-curso-22-23\/\" class=\"_self\" target=\"_self\" >PLAN COVID-19 CURSO 22\/23<\/a><\/h4>\n<div class=\"pt-cv-content\">PLAN COVID CEIP SAN SEBASTIAN 22 23 ...<br \/><div class=\"pt-cv-rmwrap\"><a href=\"https:\/\/blogsaverroes.juntadeandalucia.es\/ceipsansebastianlapuebladelrio\/2022\/12\/05\/plan-covid-19-curso-22-23\/\" class=\"_self pt-cv-readmore btn btn-success\" target=\"_self\">Leer M\u00e1s<\/a><\/div><\/div><\/div><\/div>\n<div class=\"col-md-4 col-sm-6 col-xs-12 pt-cv-content-item pt-cv-1-col\" ><div class='pt-cv-ifield'><a href=\"https:\/\/blogsaverroes.juntadeandalucia.es\/ceipsansebastianlapuebladelrio\/2022\/12\/05\/plan-de-centro\/\" class=\"_self pt-cv-href-thumbnail pt-cv-thumb-default\" target=\"_self\" ><img loading=\"lazy\" decoding=\"async\" width=\"212\" height=\"300\" src=\"https:\/\/blogsaverroes.juntadeandalucia.es\/ceipsansebastianlapuebladelrio\/files\/2022\/12\/PORTADA-PLAN-DE-CENTRO-mini-212x300.jpg\" class=\"pt-cv-thumbnail\" alt=\"\" srcset=\"https:\/\/blogsaverroes.juntadeandalucia.es\/ceipsansebastianlapuebladelrio\/files\/2022\/12\/PORTADA-PLAN-DE-CENTRO-mini-212x300.jpg 212w, https:\/\/blogsaverroes.juntadeandalucia.es\/ceipsansebastianlapuebladelrio\/files\/2022\/12\/PORTADA-PLAN-DE-CENTRO-mini.jpg 430w\" sizes=\"100vw\" \/><\/a>\n<h4 class=\"pt-cv-title\"><a href=\"https:\/\/blogsaverroes.juntadeandalucia.es\/ceipsansebastianlapuebladelrio\/2022\/12\/05\/plan-de-centro\/\" class=\"_self\" target=\"_self\" >PLAN DE CENTRO<\/a><\/h4>\n<div class=\"pt-cv-content\">PLAN DE CENTRO 2022 23 ...<br \/><div class=\"pt-cv-rmwrap\"><a href=\"https:\/\/blogsaverroes.juntadeandalucia.es\/ceipsansebastianlapuebladelrio\/2022\/12\/05\/plan-de-centro\/\" class=\"_self pt-cv-readmore btn btn-success\" target=\"_self\">Leer M\u00e1s<\/a><\/div><\/div><\/div><\/div>\n<div class=\"col-md-4 col-sm-6 col-xs-12 pt-cv-content-item pt-cv-1-col\" ><div class='pt-cv-ifield'><a href=\"https:\/\/blogsaverroes.juntadeandalucia.es\/ceipsansebastianlapuebladelrio\/2022\/06\/06\/matricula-primaria-2\/\" class=\"_self pt-cv-href-thumbnail pt-cv-thumb-default\" target=\"_self\" ><\/a>\n<h4 class=\"pt-cv-title\"><a href=\"https:\/\/blogsaverroes.juntadeandalucia.es\/ceipsansebastianlapuebladelrio\/2022\/06\/06\/matricula-primaria-2\/\" class=\"_self\" target=\"_self\" >MATR\u00cdCULA PRIMARIA<\/a><\/h4>\n<div class=\"pt-cv-content\">ANEXO V ...<br \/><div class=\"pt-cv-rmwrap\"><a href=\"https:\/\/blogsaverroes.juntadeandalucia.es\/ceipsansebastianlapuebladelrio\/2022\/06\/06\/matricula-primaria-2\/\" class=\"_self pt-cv-readmore btn btn-success\" target=\"_self\">Leer M\u00e1s<\/a><\/div><\/div><\/div><\/div>\n<div class=\"col-md-4 col-sm-6 col-xs-12 pt-cv-content-item pt-cv-1-col\" ><div class='pt-cv-ifield'><a href=\"https:\/\/blogsaverroes.juntadeandalucia.es\/ceipsansebastianlapuebladelrio\/2022\/03\/01\/escolarizacion-curso-22-23\/\" class=\"_self pt-cv-href-thumbnail pt-cv-thumb-default\" target=\"_self\" ><img loading=\"lazy\" decoding=\"async\" width=\"300\" height=\"129\" src=\"https:\/\/blogsaverroes.juntadeandalucia.es\/ceipsansebastianlapuebladelrio\/files\/2022\/03\/escolarzacion21-22-300x129.jpg\" class=\"pt-cv-thumbnail\" alt=\"\" srcset=\"https:\/\/blogsaverroes.juntadeandalucia.es\/ceipsansebastianlapuebladelrio\/files\/2022\/03\/escolarzacion21-22-300x129.jpg 300w, https:\/\/blogsaverroes.juntadeandalucia.es\/ceipsansebastianlapuebladelrio\/files\/2022\/03\/escolarzacion21-22-1024x441.jpg 1024w, https:\/\/blogsaverroes.juntadeandalucia.es\/ceipsansebastianlapuebladelrio\/files\/2022\/03\/escolarzacion21-22-768x331.jpg 768w, https:\/\/blogsaverroes.juntadeandalucia.es\/ceipsansebastianlapuebladelrio\/files\/2022\/03\/escolarzacion21-22.jpg 1310w\" sizes=\"100vw\" \/><\/a>\n<h4 class=\"pt-cv-title\"><a href=\"https:\/\/blogsaverroes.juntadeandalucia.es\/ceipsansebastianlapuebladelrio\/2022\/03\/01\/escolarizacion-curso-22-23\/\" class=\"_self\" target=\"_self\" >ESCOLARIZACI\u00d3N CURSO 22\/23<\/a><\/h4>\n<div class=\"pt-cv-content\">Estimadas familias: El proceso de solicitud de plaza para NUEVO ALUMNADO es del 1 al 31 de marzo de 2022 ...<br \/><div class=\"pt-cv-rmwrap\"><a href=\"https:\/\/blogsaverroes.juntadeandalucia.es\/ceipsansebastianlapuebladelrio\/2022\/03\/01\/escolarizacion-curso-22-23\/\" class=\"_self pt-cv-readmore btn btn-success\" target=\"_self\">Leer M\u00e1s<\/a><\/div><\/div><\/div><\/div>\n<div class=\"col-md-4 col-sm-6 col-xs-12 pt-cv-content-item pt-cv-1-col\" ><div class='pt-cv-ifield'><a href=\"https:\/\/blogsaverroes.juntadeandalucia.es\/ceipsansebastianlapuebladelrio\/2021\/02\/01\/exposicion-sobre-antonio-gala\/\" class=\"_self pt-cv-href-thumbnail pt-cv-thumb-default\" target=\"_self\" ><\/a>\n<h4 class=\"pt-cv-title\"><a href=\"https:\/\/blogsaverroes.juntadeandalucia.es\/ceipsansebastianlapuebladelrio\/2021\/02\/01\/exposicion-sobre-antonio-gala\/\" class=\"_self\" target=\"_self\" >Exposici\u00f3n sobre Antonio Gala<\/a><\/h4>\n<div class=\"pt-cv-content\"> ...<br \/><div class=\"pt-cv-rmwrap\"><a href=\"https:\/\/blogsaverroes.juntadeandalucia.es\/ceipsansebastianlapuebladelrio\/2021\/02\/01\/exposicion-sobre-antonio-gala\/\" class=\"_self pt-cv-readmore btn btn-success\" target=\"_self\">Leer M\u00e1s<\/a><\/div><\/div><\/div><\/div>\n<div class=\"col-md-4 col-sm-6 col-xs-12 pt-cv-content-item pt-cv-1-col\" ><div class='pt-cv-ifield'><a href=\"https:\/\/blogsaverroes.juntadeandalucia.es\/ceipsansebastianlapuebladelrio\/2020\/11\/18\/rof\/\" class=\"_self pt-cv-href-thumbnail pt-cv-thumb-default\" target=\"_self\" ><\/a>\n<h4 class=\"pt-cv-title\"><a href=\"https:\/\/blogsaverroes.juntadeandalucia.es\/ceipsansebastianlapuebladelrio\/2020\/11\/18\/rof\/\" class=\"_self\" target=\"_self\" >ROF<\/a><\/h4>\n<div class=\"pt-cv-content\">2. ROF 2020-21 ...<br \/><div class=\"pt-cv-rmwrap\"><a href=\"https:\/\/blogsaverroes.juntadeandalucia.es\/ceipsansebastianlapuebladelrio\/2020\/11\/18\/rof\/\" class=\"_self pt-cv-readmore btn btn-success\" target=\"_self\">Leer M\u00e1s<\/a><\/div><\/div><\/div><\/div><\/div><\/div>\n<div class=\" pt-cv-pagination-wrapper\"><ul class=\"pt-cv-pagination pt-cv-ajax pagination\" data-totalpages=\"2\" data-currentpage=\"1\" data-sid=\"a90ca89hdp\" data-unid=\"\" data-isblock=\"\" data-postid=\"\"><li class=\"active\"><a href=\"#\">1<\/a><\/li>\n\t<li ><a class=\"\" href=\"https:\/\/blogsaverroes.juntadeandalucia.es\/ceipsansebastianlapuebladelrio\/wp-json\/wp\/v2\/pages\/24\/?_page=2\">2<\/a><\/li>\n\t<li ><a class=\" \" href=\"https:\/\/blogsaverroes.juntadeandalucia.es\/ceipsansebastianlapuebladelrio\/wp-json\/wp\/v2\/pages\/24\/?_page=2\">&rsaquo;<\/a><\/li>\n\t<\/ul><img loading=\"lazy\" decoding=\"async\" width=\"15\" height=\"15\" class=\"pt-cv-spinner\" alt=\"Cargando...\" src=\"data:image\/gif;base64,R0lGODlhDwAPALMPAMrKygwMDJOTkz09PZWVla+vr3p6euTk5M7OzuXl5TMzMwAAAJmZmWZmZszMzP\/\/\/yH\/C05FVFNDQVBFMi4wAwEAAAAh+QQFCgAPACwAAAAADwAPAAAEQvDJaZaZOIcV8iQK8VRX4iTYoAwZ4iCYoAjZ4RxejhVNoT+mRGP4cyF4Pp0N98sBGIBMEMOotl6YZ3S61Bmbkm4mAgAh+QQFCgAPACwAAAAADQANAAAENPDJSRSZeA418itN8QiK8BiLITVsFiyBBIoYqnoewAD4xPw9iY4XLGYSjkQR4UAUD45DLwIAIfkEBQoADwAsAAAAAA8ACQAABC\/wyVlamTi3nSdgwFNdhEJgTJoNyoB9ISYoQmdjiZPcj7EYCAeCF1gEDo4Dz2eIAAAh+QQFCgAPACwCAAAADQANAAAEM\/DJBxiYeLKdX3IJZT1FU0iIg2RNKx3OkZVnZ98ToRD4MyiDnkAh6BkNC0MvsAj0kMpHBAAh+QQFCgAPACwGAAAACQAPAAAEMDC59KpFDll73HkAA2wVY5KgiK5b0RRoI6MuzG6EQqCDMlSGheEhUAgqgUUAFRySIgAh+QQFCgAPACwCAAIADQANAAAEM\/DJKZNLND\/kkKaHc3xk+QAMYDKsiaqmZCxGVjSFFCxB1vwy2oOgIDxuucxAMTAJFAJNBAAh+QQFCgAPACwAAAYADwAJAAAEMNAs86q1yaWwwv2Ig0jUZx3OYa4XoRAfwADXoAwfo1+CIjyFRuEho60aSNYlOPxEAAAh+QQFCgAPACwAAAIADQANAAAENPA9s4y8+IUVcqaWJ4qEQozSoAzoIyhCK2NFU2SJk0hNnyEOhKR2AzAAj4Pj4GE4W0bkJQIAOw==\" \/><div class=\"clear pt-cv-clear-pagination\"><\/div><\/div><\/div><\/div>\n\t\t\t\t\t\t<\/div>\n\t\t\t\t<\/div>\n\t\t\t\t\t<\/div>\n\t\t<\/div>\n\t\t\t\t\t<\/div>\n\t\t<\/section>\n\t\t\t\t<\/div>\n\t\t","protected":false},"excerpt":{"rendered":"<p>SECRETAR\u00cdA ONLINE ESTIMADAS FAMILIAS, DESDE ESTA SECCI\u00d3N POD\u00c9IS TENER ACCESO A TODA LA INFORMACI\u00d3N RELACIONADA CON LA SECRETAR\u00cdA DEL CENTRO. \u00a0 HORARIO DE ATENCI\u00d3N\u00a0 SECRETARIO:\u00a0FRANCISCO R\u00cdOS\u00a0 LUNES A VIERNES : 11:00h &#8212;-12:00h ADMINISTRACI\u00d3N:\u00a0MONTSE MARTES Y\u00a0 JUEVES: 11:00h &#8212;-12:00h Escolarizaci\u00f3n IMPRESOS SECRETAR\u00cdA Plan Apertura escuelas deportivas \u00daLTIMAS NOTICIAS<\/p>\n","protected":false},"author":7739,"featured_media":0,"parent":0,"menu_order":0,"comment_status":"closed","ping_status":"closed","template":"elementor_header_footer","meta":{"footnotes":""},"aioseo_notices":[],"_links":{"self":[{"href":"https:\/\/blogsaverroes.juntadeandalucia.es\/ceipsansebastianlapuebladelrio\/wp-json\/wp\/v2\/pages\/24"}],"collection":[{"href":"https:\/\/blogsaverroes.juntadeandalucia.es\/ceipsansebastianlapuebladelrio\/wp-json\/wp\/v2\/pages"}],"about":[{"href":"https:\/\/blogsaverroes.juntadeandalucia.es\/ceipsansebastianlapuebladelrio\/wp-json\/wp\/v2\/types\/page"}],"author":[{"embeddable":true,"href":"https:\/\/blogsaverroes.juntadeandalucia.es\/ceipsansebastianlapuebladelrio\/wp-json\/wp\/v2\/users\/7739"}],"replies":[{"embeddable":true,"href":"https:\/\/blogsaverroes.juntadeandalucia.es\/ceipsansebastianlapuebladelrio\/wp-json\/wp\/v2\/comments?post=24"}],"version-history":[{"count":21,"href":"https:\/\/blogsaverroes.juntadeandalucia.es\/ceipsansebastianlapuebladelrio\/wp-json\/wp\/v2\/pages\/24\/revisions"}],"predecessor-version":[{"id":2552,"href":"https:\/\/blogsaverroes.juntadeandalucia.es\/ceipsansebastianlapuebladelrio\/wp-json\/wp\/v2\/pages\/24\/revisions\/2552"}],"wp:attachment":[{"href":"https:\/\/blogsaverroes.juntadeandalucia.es\/ceipsansebastianlapuebladelrio\/wp-json\/wp\/v2\/media?parent=24"}],"curies":[{"name":"wp","href":"https:\/\/api.w.org\/{rel}","templated":true}]}}