{"id":1100,"date":"2021-05-20T16:54:09","date_gmt":"2021-05-20T15:54:09","guid":{"rendered":"https:\/\/blogsaverroes.juntadeandalucia.es\/ceipsansebastiansantabarbara\/?page_id=1100"},"modified":"2021-05-20T16:54:09","modified_gmt":"2021-05-20T15:54:09","slug":"equipo-directivo","status":"publish","type":"page","link":"https:\/\/blogsaverroes.juntadeandalucia.es\/ceipsansebastiansantabarbara\/equipo-directivo\/","title":{"rendered":"Equipo Directivo"},"content":{"rendered":"<p>Directora: Elena C\u00e1mara Cabrera4<\/p>\n<p>Jefe de Estudios: Rub\u00e9n Carpintero&nbsp; Raposo<\/p>\n<p>Secretaria: Nierves&nbsp; Guti\u00e9rrez Mac\u00edas<\/p>\n<p>&nbsp;<\/p>\n","protected":false},"excerpt":{"rendered":"<p>Directora: Elena C\u00e1mara Cabrera4 Jefe de Estudios: Rub\u00e9n Carpintero&nbsp; Raposo Secretaria: Nierves&nbsp; Guti\u00e9rrez Mac\u00edas &nbsp;<\/p>\n","protected":false},"author":12939,"featured_media":0,"parent":0,"menu_order":0,"comment_status":"closed","ping_status":"closed","template":"","meta":{"ngg_post_thumbnail":0,"footnotes":""},"aioseo_notices":[],"_links":{"self":[{"href":"https:\/\/blogsaverroes.juntadeandalucia.es\/ceipsansebastiansantabarbara\/wp-json\/wp\/v2\/pages\/1100"}],"collection":[{"href":"https:\/\/blogsaverroes.juntadeandalucia.es\/ceipsansebastiansantabarbara\/wp-json\/wp\/v2\/pages"}],"about":[{"href":"https:\/\/blogsaverroes.juntadeandalucia.es\/ceipsansebastiansantabarbara\/wp-json\/wp\/v2\/types\/page"}],"author":[{"embeddable":true,"href":"https:\/\/blogsaverroes.juntadeandalucia.es\/ceipsansebastiansantabarbara\/wp-json\/wp\/v2\/users\/12939"}],"replies":[{"embeddable":true,"href":"https:\/\/blogsaverroes.juntadeandalucia.es\/ceipsansebastiansantabarbara\/wp-json\/wp\/v2\/comments?post=1100"}],"version-history":[{"count":1,"href":"https:\/\/blogsaverroes.juntadeandalucia.es\/ceipsansebastiansantabarbara\/wp-json\/wp\/v2\/pages\/1100\/revisions"}],"predecessor-version":[{"id":1102,"href":"https:\/\/blogsaverroes.juntadeandalucia.es\/ceipsansebastiansantabarbara\/wp-json\/wp\/v2\/pages\/1100\/revisions\/1102"}],"wp:attachment":[{"href":"https:\/\/blogsaverroes.juntadeandalucia.es\/ceipsansebastiansantabarbara\/wp-json\/wp\/v2\/media?parent=1100"}],"curies":[{"name":"wp","href":"https:\/\/api.w.org\/{rel}","templated":true}]}}