{"id":1191,"date":"2021-05-21T12:03:17","date_gmt":"2021-05-21T11:03:17","guid":{"rendered":"https:\/\/blogsaverroes.juntadeandalucia.es\/ceipsansebastiansantabarbara\/?page_id=1191"},"modified":"2021-05-21T12:03:17","modified_gmt":"2021-05-21T11:03:17","slug":"coordinacion-planes-y-programas","status":"publish","type":"page","link":"https:\/\/blogsaverroes.juntadeandalucia.es\/ceipsansebastiansantabarbara\/coordinacion-planes-y-programas\/","title":{"rendered":"Coordinaci\u00f3n Planes y Programas"},"content":{"rendered":"<p>Con el objetivo de coordinar todas las actividades que se desarrollan en el Centro desde los distintos Planes y Programas, los coordinadores de los mismos se re\u00fanen cada trimestre para realizar una programaci\u00f3n de dichas actividades de forma que queden organizadas de una manera global y se puedan abordar desde distintos \u00e1mbitos.&nbsp;<\/p>\n<p><a href=\"https:\/\/blogsaverroes.juntadeandalucia.es\/ceipsansebastiansantabarbara\/files\/2021\/05\/REUNI\u00d3N-COORDINADORES-PLANES-Y-PROGRAMAS-20-21.pdf\">REUNI\u00d3N COORDINADORES PLANES Y PROGRAMAS 20-21<\/a><\/p>\n<p><a href=\"https:\/\/blogsaverroes.juntadeandalucia.es\/ceipsansebastiansantabarbara\/files\/2021\/05\/ACUERDOS-REUNI\u00d3N-COORDINADORES-PLANES-Y-PROGRAMAS-SEGUNDO-TRIMESTRE-1.pdf\">ACUERDOS REUNI\u00d3N COORDINADORES PLANES Y PROGRAMAS SEGUNDO TRIMESTRE<\/a><\/p>\n<p><a href=\"https:\/\/blogsaverroes.juntadeandalucia.es\/ceipsansebastiansantabarbara\/files\/2021\/05\/tercer-trimestre-actividades-planes-y-programas.pdf\">tercer trimestre actividades planes y programas<\/a><\/p>\n<p>&nbsp;<\/p>\n","protected":false},"excerpt":{"rendered":"<p>Con el objetivo de coordinar todas las actividades que se desarrollan en el Centro desde los distintos Planes y Programas, los coordinadores de los mismos se re\u00fanen cada trimestre para realizar una programaci\u00f3n de&#46;&#46;&#46;<\/p>\n","protected":false},"author":12939,"featured_media":0,"parent":0,"menu_order":0,"comment_status":"closed","ping_status":"closed","template":"","meta":{"ngg_post_thumbnail":0,"footnotes":""},"aioseo_notices":[],"_links":{"self":[{"href":"https:\/\/blogsaverroes.juntadeandalucia.es\/ceipsansebastiansantabarbara\/wp-json\/wp\/v2\/pages\/1191"}],"collection":[{"href":"https:\/\/blogsaverroes.juntadeandalucia.es\/ceipsansebastiansantabarbara\/wp-json\/wp\/v2\/pages"}],"about":[{"href":"https:\/\/blogsaverroes.juntadeandalucia.es\/ceipsansebastiansantabarbara\/wp-json\/wp\/v2\/types\/page"}],"author":[{"embeddable":true,"href":"https:\/\/blogsaverroes.juntadeandalucia.es\/ceipsansebastiansantabarbara\/wp-json\/wp\/v2\/users\/12939"}],"replies":[{"embeddable":true,"href":"https:\/\/blogsaverroes.juntadeandalucia.es\/ceipsansebastiansantabarbara\/wp-json\/wp\/v2\/comments?post=1191"}],"version-history":[{"count":3,"href":"https:\/\/blogsaverroes.juntadeandalucia.es\/ceipsansebastiansantabarbara\/wp-json\/wp\/v2\/pages\/1191\/revisions"}],"predecessor-version":[{"id":1199,"href":"https:\/\/blogsaverroes.juntadeandalucia.es\/ceipsansebastiansantabarbara\/wp-json\/wp\/v2\/pages\/1191\/revisions\/1199"}],"wp:attachment":[{"href":"https:\/\/blogsaverroes.juntadeandalucia.es\/ceipsansebastiansantabarbara\/wp-json\/wp\/v2\/media?parent=1191"}],"curies":[{"name":"wp","href":"https:\/\/api.w.org\/{rel}","templated":true}]}}