{"id":1174,"date":"2021-10-23T23:38:08","date_gmt":"2021-10-23T22:38:08","guid":{"rendered":"https:\/\/blogsaverroes.juntadeandalucia.es\/ceipsantaclara\/?page_id=1174"},"modified":"2021-10-23T23:45:44","modified_gmt":"2021-10-23T22:45:44","slug":"normas-de-uso-del-blog","status":"publish","type":"page","link":"https:\/\/blogsaverroes.juntadeandalucia.es\/ceipsantaclara\/normas-de-uso-del-blog","title":{"rendered":"Normas de uso del blog"},"content":{"rendered":"<p><img loading=\"lazy\" decoding=\"async\" class=\"alignnone size-full wp-image-1144\" src=\"https:\/\/blogsaverroes.juntadeandalucia.es\/ceipsantaclara\/files\/2021\/10\/Imagen1.png\" alt=\"\" width=\"342\" height=\"116\" srcset=\"https:\/\/blogsaverroes.juntadeandalucia.es\/ceipsantaclara\/files\/2021\/10\/Imagen1.png 342w, https:\/\/blogsaverroes.juntadeandalucia.es\/ceipsantaclara\/files\/2021\/10\/Imagen1-300x102.png 300w\" sizes=\"(max-width: 342px) 100vw, 342px\" \/><\/p>\n<h1><strong><span style=\"font-size: 14pt;color: #339966\">NORMAS DE PARTICIPACI\u00d3N EN EL BLOG EDUCATIVO DE NUESTRO CENTRO<\/span><\/strong><\/h1>\n<p><span style=\"font-size: 14pt\"><strong><span style=\"color: #0000ff\">1. S\u00e9 amable y cordial.<\/span><\/strong><\/span><\/p>\n<p>Para crear un entorno amable y cordial debemos tratarnos con respeto. Puedes aportar comentarios y debatir sobre los diversos temas publicados siempre que seas respetuoso y cordial con el resto de miembros.<\/p>\n<p><strong><span style=\"font-size: 14pt;color: #0000ff\">2. No publiques promociones ni spam.<\/span><\/strong><\/p>\n<p>En este espacio no se permiten publicaciones de autopromoci\u00f3n, ni&nbsp; spam ni enlaces irrelevantes que no se adec\u00faen&nbsp; al espacio educativo que representa.<\/p>\n<p><strong><span style=\"color: #0000ff;font-size: 14pt\">3. Respeta la privacidad de los dem\u00e1s.<\/span><\/strong><\/p>\n<p>Para formar parte de esta comunidad educativa se requiere confianza mutua.<\/p>\n<p><strong><span style=\"font-size: 14pt;color: #0000ff\">4. Respeta al colectivo que lo elabora y protagoniza.<\/span><\/strong><\/p>\n<p>Este blog est\u00e1 elaborado por docentes de este centro educativo y en \u00e9l aparecen representados los mismos, as\u00ed como el alumnado integrante del centro.<\/p>\n<p><span style=\"font-size: 14pt\"><strong><span style=\"color: #0000ff\">5. Tengamos en cuenta en objetivo del blog.<\/span><\/strong><\/span><\/p>\n<p>El&nbsp; objetivo principal es la uni\u00f3n, la informaci\u00f3n y la comunicaci\u00f3n entre toda la comunidad educativa del Ceip Santa Clara, dando visibilidad a la pr\u00e1ctica docente,al&nbsp; aprendizaje de nuestro alumnado y a la colaraboraci\u00f3n y participaci\u00f3n de nuestras familias.<\/p>\n<p><span style=\"color: #0000ff;font-size: 14pt\">6. Se permiten comentarios y aportaciones acordes al objeto del blog educativo.<\/span><\/p>\n<p>No se permitir\u00e1n publicaciones, ni comentarios&nbsp; que no est\u00e9n relacionados, ni infrinjan ninguna de las normas.<\/p>\n<p><span style=\"color: #0000ff;font-size: 14pt\">7. Se eliminar\u00e1 cualquier contenido que no respete alguna de las normas anteriores.<\/span><\/p>\n","protected":false},"excerpt":{"rendered":"<p>NORMAS DE PARTICIPACI\u00d3N EN EL BLOG EDUCATIVO DE NUESTRO CENTRO 1. S\u00e9 amable y cordial. Para crear un entorno amable y cordial debemos tratarnos con respeto. Puedes aportar comentarios y debatir sobre los diversos temas publicados siempre que seas respetuoso y cordial con el resto de miembros. 2. No publiques promociones ni spam. En este [&hellip;]<\/p>\n","protected":false},"author":13541,"featured_media":0,"parent":0,"menu_order":0,"comment_status":"closed","ping_status":"closed","template":"","meta":{"_et_pb_use_builder":"","_et_pb_old_content":"","_et_gb_content_width":"","ngg_post_thumbnail":0,"footnotes":""},"aioseo_notices":[],"_links":{"self":[{"href":"https:\/\/blogsaverroes.juntadeandalucia.es\/ceipsantaclara\/wp-json\/wp\/v2\/pages\/1174"}],"collection":[{"href":"https:\/\/blogsaverroes.juntadeandalucia.es\/ceipsantaclara\/wp-json\/wp\/v2\/pages"}],"about":[{"href":"https:\/\/blogsaverroes.juntadeandalucia.es\/ceipsantaclara\/wp-json\/wp\/v2\/types\/page"}],"author":[{"embeddable":true,"href":"https:\/\/blogsaverroes.juntadeandalucia.es\/ceipsantaclara\/wp-json\/wp\/v2\/users\/13541"}],"replies":[{"embeddable":true,"href":"https:\/\/blogsaverroes.juntadeandalucia.es\/ceipsantaclara\/wp-json\/wp\/v2\/comments?post=1174"}],"version-history":[{"count":1,"href":"https:\/\/blogsaverroes.juntadeandalucia.es\/ceipsantaclara\/wp-json\/wp\/v2\/pages\/1174\/revisions"}],"predecessor-version":[{"id":1175,"href":"https:\/\/blogsaverroes.juntadeandalucia.es\/ceipsantaclara\/wp-json\/wp\/v2\/pages\/1174\/revisions\/1175"}],"wp:attachment":[{"href":"https:\/\/blogsaverroes.juntadeandalucia.es\/ceipsantaclara\/wp-json\/wp\/v2\/media?parent=1174"}],"curies":[{"name":"wp","href":"https:\/\/api.w.org\/{rel}","templated":true}]}}