{"id":35,"date":"2015-03-13T08:21:43","date_gmt":"2015-03-13T08:21:43","guid":{"rendered":"http:\/\/blogsaverroes.juntadeandalucia.es\/pre\/ceip\/?page_id=35"},"modified":"2025-01-08T12:00:10","modified_gmt":"2025-01-08T12:00:10","slug":"el-centro-2","status":"publish","type":"page","link":"https:\/\/blogsaverroes.juntadeandalucia.es\/ceipsantalucia\/el-centro-2\/","title":{"rendered":"Datos del centro"},"content":{"rendered":"<p><strong>Datos de contacto<\/strong><\/p>\n<p>CEIP&nbsp; Santa Luc\u00eda, Frailes (Ja\u00e9n).<\/p>\n<p><strong>Direcci\u00f3n:<\/strong> &nbsp;Calle Santa Luc\u00eda, n\u00famero 14, C.P. 23690. Frailes (Ja\u00e9n)<\/p>\n<p><iframe src=\"\/\/www.google.com\/maps\/embed?pb=!4v1712660172297!6m8!1m7!1scRnAtYPHVMH4_wlCnsCzTg!2m2!1d37.48587229238517!2d-3.837956801974076!3f18.78065240601079!4f-3.80138335877497!5f0.4000000000000002&quot;\" width=\"&quot;600&quot;\" height=\"&quot;450&quot;\"><\/iframe><\/p>\n<p><strong>Tel\u00e9fono \/ FAX: <\/strong>953 599098 &#8211; 671592878&nbsp;&nbsp;&nbsp;&nbsp;&nbsp; <strong>Email:<\/strong> 23001536.edu@juntadeandalucia.es<\/p>\n<h4><strong>Horarios<\/strong><\/h4>\n<p><strong>&#8211; De ma\u00f1ana:<\/strong><\/p>\n<p>Apertura: 8:30 H. \/Cierre: 15: 00 H.<\/p>\n<p><strong>&#8211; De tarde (lunes, mi\u00e9rcoles y viernes):<\/strong><\/p>\n<p>Apertura: 16:00 h.\/ Cierre: 17:30 H.<\/p>\n<h4><strong>Oferta educativa<\/strong><\/h4>\n<p style=\"text-align: left\">El CEIP SANTA LUC\u00cdA es un centro SemiD, en el que se imparte E. Infantil, E. Primaria y primer ciclo de ESO. Hay una l\u00ednea, lo que supone un total de 11 unidades m\u00e1s un aula de apoyo a la integraci\u00f3n.<br \/>\nDesde hace algunos a\u00f1os venimos form\u00e1ndonos en Competencias clave, conscientes de la necesidad de cambiar nuestra pr\u00e1ctica docente para tratar de que nuestros ni\u00f1os y ni\u00f1as sean capaces de adquirir unos conocimientos que los hagan m\u00e1s aut\u00f3nomos y capaces de tomar decisiones por s\u00ed mismo en su proceso formativo.&nbsp;<\/p>\n<p style=\"text-align: left\">Hay un clima de convivencia y trabajo bueno tanto entre los miembros del Claustro y Consejo Escolar, como entre el alumnado.<br \/>\nEl centro est\u00e1 acogido al Plan de Apoyo a las Familias y cuenta con servicio de Actividades Extraescolares , Baile ,ingl\u00e9s, multideporte adem\u00e1s del comedor.<br \/>\nAdem\u00e1s, est\u00e1 inscrito en el programa \u201cEscuelas Deportivas\u201d, y desarrolla el Plan de Igualdad y pertenece a la red Escuela: Espacio de Paz desde hace varios a\u00f1os.<br \/>\nDesde hace algunos a\u00f1os venimos revitalizando la Biblioteca del centro, conscientes de lo importante que es el hecho de que nuestros ni\u00f1os desarrollen unos h\u00e1bitos lectores que sin duda garantizar\u00e1n una formaci\u00f3n de calidad.<br \/>\nEntre los planes solicitados este a\u00f1o est\u00e1n:<\/p>\n<p style=\"text-align: left\">\n\u25cf TDE (Transformaci\u00f3n digital educativa y coordinador compdigegu) (Se\u00f1alar que el coordinador del programa tiene tres horas de coordinaci\u00f3n porque el se encarga del arreglo de los diferentes equipos que hay en el centro evitando<br \/>\nde esta manera que entre t\u00e9cnicos)<br \/>\n\u25cf + Deporte<br \/>\n\u25cf Plan de apertura de Centros Docentes.<br \/>\n\u25cf Plan de salud laboral y prevenci\u00f3n de riesgos laborales.<br \/>\n\u25cf Plan de igualdad entre hombres y mujeres en la educaci\u00f3n.<br \/>\n\u25cf Red andaluza escuela espacio de paz.<br \/>\n\u25cf Organizaci\u00f3n y funcionamiento de bibliotecas.<br \/>\n\u25cf (Se\u00f1alar que hay apoyo a la biblioteca porque hay mucho retraso en la<br \/>\norganizaci\u00f3n de la misma por lo que se necesita m\u00e1s ayuda)<br \/>\n\u25cf Bienestar y protecci\u00f3n de la infancia en la adolescencia.<br \/>\n\u25cf Programa Cima<\/p>\n<h4>Instalaciones<\/h4>\n<p><!-- default-view.php -->\n<div\n\tclass=\"ngg-galleryoverview default-view\n\t ngg-ajax-pagination-none\t\"\n\tid=\"ngg-gallery-7bd57b0a1e84a07a972d91eb4118437e-1\">\n\n\t\t<!-- Thumbnails -->\n\t\t\t\t<div id=\"ngg-image-0\" class=\"ngg-gallery-thumbnail-box\n\t\t\t\t\t\t\t\t\t\t\t\"\n\t\t\t>\n\t\t\t\t\t\t<div class=\"ngg-gallery-thumbnail\">\n\t\t\t<a href=\"https:\/\/blogsaverroes.juntadeandalucia.es\/ceipsantalucia\/wp-content\/uploads\/sites\/797\/nggallery\/el-centro\/instalacion01.jpg\"\n\t\t\t\ttitle=\"\"\n\t\t\t\tdata-src=\"https:\/\/blogsaverroes.juntadeandalucia.es\/ceipsantalucia\/wp-content\/uploads\/sites\/797\/nggallery\/el-centro\/instalacion01.jpg\"\n\t\t\t\tdata-thumbnail=\"https:\/\/blogsaverroes.juntadeandalucia.es\/ceipsantalucia\/wp-content\/uploads\/sites\/797\/nggallery\/el-centro\/thumbs\/thumbs_instalacion01.jpg\"\n\t\t\t\tdata-image-id=\"14\"\n\t\t\t\tdata-title=\"instalacion01\"\n\t\t\t\tdata-description=\"\"\n\t\t\t\tdata-image-slug=\"instalacion01-1\"\n\t\t\t\tclass=\"ngg-fancybox\" rel=\"7bd57b0a1e84a07a972d91eb4118437e\">\n\t\t\t\t<img\n\t\t\t\t\ttitle=\"instalacion01\"\n\t\t\t\t\talt=\"instalacion01\"\n\t\t\t\t\tsrc=\"https:\/\/blogsaverroes.juntadeandalucia.es\/ceipsantalucia\/wp-content\/uploads\/sites\/797\/nggallery\/el-centro\/thumbs\/thumbs_instalacion01.jpg\"\n\t\t\t\t\twidth=\"120\"\n\t\t\t\t\theight=\"90\"\n\t\t\t\t\tstyle=\"max-width:100%;\"\n\t\t\t\t\/>\n\t\t\t<\/a>\n\t\t<\/div>\n\t\t\t\t\t\t\t<\/div>\n\t\t\t\n\t\t\t\t<div id=\"ngg-image-1\" class=\"ngg-gallery-thumbnail-box\n\t\t\t\t\t\t\t\t\t\t\t\"\n\t\t\t>\n\t\t\t\t\t\t<div class=\"ngg-gallery-thumbnail\">\n\t\t\t<a href=\"https:\/\/blogsaverroes.juntadeandalucia.es\/ceipsantalucia\/wp-content\/uploads\/sites\/797\/nggallery\/el-centro\/instalacion02.jpg\"\n\t\t\t\ttitle=\"\"\n\t\t\t\tdata-src=\"https:\/\/blogsaverroes.juntadeandalucia.es\/ceipsantalucia\/wp-content\/uploads\/sites\/797\/nggallery\/el-centro\/instalacion02.jpg\"\n\t\t\t\tdata-thumbnail=\"https:\/\/blogsaverroes.juntadeandalucia.es\/ceipsantalucia\/wp-content\/uploads\/sites\/797\/nggallery\/el-centro\/thumbs\/thumbs_instalacion02.jpg\"\n\t\t\t\tdata-image-id=\"15\"\n\t\t\t\tdata-title=\"instalacion02\"\n\t\t\t\tdata-description=\"\"\n\t\t\t\tdata-image-slug=\"instalacion02-1\"\n\t\t\t\tclass=\"ngg-fancybox\" rel=\"7bd57b0a1e84a07a972d91eb4118437e\">\n\t\t\t\t<img\n\t\t\t\t\ttitle=\"instalacion02\"\n\t\t\t\t\talt=\"instalacion02\"\n\t\t\t\t\tsrc=\"https:\/\/blogsaverroes.juntadeandalucia.es\/ceipsantalucia\/wp-content\/uploads\/sites\/797\/nggallery\/el-centro\/thumbs\/thumbs_instalacion02.jpg\"\n\t\t\t\t\twidth=\"120\"\n\t\t\t\t\theight=\"90\"\n\t\t\t\t\tstyle=\"max-width:100%;\"\n\t\t\t\t\/>\n\t\t\t<\/a>\n\t\t<\/div>\n\t\t\t\t\t\t\t<\/div>\n\t\t\t\n\t\t\t\t<div id=\"ngg-image-2\" class=\"ngg-gallery-thumbnail-box\n\t\t\t\t\t\t\t\t\t\t\t\"\n\t\t\t>\n\t\t\t\t\t\t<div class=\"ngg-gallery-thumbnail\">\n\t\t\t<a href=\"https:\/\/blogsaverroes.juntadeandalucia.es\/ceipsantalucia\/wp-content\/uploads\/sites\/797\/nggallery\/el-centro\/instalacion03.jpg\"\n\t\t\t\ttitle=\"\"\n\t\t\t\tdata-src=\"https:\/\/blogsaverroes.juntadeandalucia.es\/ceipsantalucia\/wp-content\/uploads\/sites\/797\/nggallery\/el-centro\/instalacion03.jpg\"\n\t\t\t\tdata-thumbnail=\"https:\/\/blogsaverroes.juntadeandalucia.es\/ceipsantalucia\/wp-content\/uploads\/sites\/797\/nggallery\/el-centro\/thumbs\/thumbs_instalacion03.jpg\"\n\t\t\t\tdata-image-id=\"16\"\n\t\t\t\tdata-title=\"instalacion03\"\n\t\t\t\tdata-description=\"\"\n\t\t\t\tdata-image-slug=\"instalacion03-1\"\n\t\t\t\tclass=\"ngg-fancybox\" rel=\"7bd57b0a1e84a07a972d91eb4118437e\">\n\t\t\t\t<img\n\t\t\t\t\ttitle=\"instalacion03\"\n\t\t\t\t\talt=\"instalacion03\"\n\t\t\t\t\tsrc=\"https:\/\/blogsaverroes.juntadeandalucia.es\/ceipsantalucia\/wp-content\/uploads\/sites\/797\/nggallery\/el-centro\/thumbs\/thumbs_instalacion03.jpg\"\n\t\t\t\t\twidth=\"120\"\n\t\t\t\t\theight=\"90\"\n\t\t\t\t\tstyle=\"max-width:100%;\"\n\t\t\t\t\/>\n\t\t\t<\/a>\n\t\t<\/div>\n\t\t\t\t\t\t\t<\/div>\n\t\t\t\n\t\t\t\t<div id=\"ngg-image-3\" class=\"ngg-gallery-thumbnail-box\n\t\t\t\t\t\t\t\t\t\t\t\"\n\t\t\t>\n\t\t\t\t\t\t<div class=\"ngg-gallery-thumbnail\">\n\t\t\t<a href=\"https:\/\/blogsaverroes.juntadeandalucia.es\/ceipsantalucia\/wp-content\/uploads\/sites\/797\/nggallery\/el-centro\/instalacion04.jpg\"\n\t\t\t\ttitle=\"\"\n\t\t\t\tdata-src=\"https:\/\/blogsaverroes.juntadeandalucia.es\/ceipsantalucia\/wp-content\/uploads\/sites\/797\/nggallery\/el-centro\/instalacion04.jpg\"\n\t\t\t\tdata-thumbnail=\"https:\/\/blogsaverroes.juntadeandalucia.es\/ceipsantalucia\/wp-content\/uploads\/sites\/797\/nggallery\/el-centro\/thumbs\/thumbs_instalacion04.jpg\"\n\t\t\t\tdata-image-id=\"17\"\n\t\t\t\tdata-title=\"instalacion04\"\n\t\t\t\tdata-description=\"\"\n\t\t\t\tdata-image-slug=\"instalacion04-1\"\n\t\t\t\tclass=\"ngg-fancybox\" rel=\"7bd57b0a1e84a07a972d91eb4118437e\">\n\t\t\t\t<img\n\t\t\t\t\ttitle=\"instalacion04\"\n\t\t\t\t\talt=\"instalacion04\"\n\t\t\t\t\tsrc=\"https:\/\/blogsaverroes.juntadeandalucia.es\/ceipsantalucia\/wp-content\/uploads\/sites\/797\/nggallery\/el-centro\/thumbs\/thumbs_instalacion04.jpg\"\n\t\t\t\t\twidth=\"120\"\n\t\t\t\t\theight=\"90\"\n\t\t\t\t\tstyle=\"max-width:100%;\"\n\t\t\t\t\/>\n\t\t\t<\/a>\n\t\t<\/div>\n\t\t\t\t\t\t\t<\/div>\n\t\t\t\n\t\n\t<br style=\"clear: both\" \/>\n\n\t\t<div class=\"slideshowlink\">\n\t\t<a href='https:\/\/blogsaverroes.juntadeandalucia.es\/ceipsantalucia\/el-centro-2\/nggallery\/slideshow'>[Mostrar presentaci\u00f3n de diapositivas]<\/a>\n\n\t<\/div>\n\t\n\t\t<!-- Pagination -->\n\t\t<div class='ngg-clear'><\/div>\t<\/div>\n<\/p>\n","protected":false},"excerpt":{"rendered":"<p>Datos de contacto CEIP&nbsp; Santa Luc\u00eda, Frailes (Ja\u00e9n). Direcci\u00f3n: &nbsp;Calle Santa Luc\u00eda, n\u00famero 14, C.P. 23690. Frailes (Ja\u00e9n) Tel\u00e9fono \/ FAX: 953 599098 &#8211; 671592878&nbsp;&nbsp;&nbsp;&nbsp;&nbsp; Email: 23001536.edu@juntadeandalucia.es Horarios &#8211; De ma\u00f1ana: Apertura: 8:30 H. \/Cierre: 15: 00 H. &#8211; De tarde (lunes, mi\u00e9rcoles y viernes): Apertura: 16:00 h.\/ Cierre: 17:30 H. Oferta educativa El CEIP [&hellip;]<\/p>\n","protected":false},"author":1,"featured_media":0,"parent":0,"menu_order":0,"comment_status":"closed","ping_status":"open","template":"page-cs.php","meta":{"ngg_post_thumbnail":0,"footnotes":"","_mc_calendar":[]},"aioseo_notices":[],"_links":{"self":[{"href":"https:\/\/blogsaverroes.juntadeandalucia.es\/ceipsantalucia\/wp-json\/wp\/v2\/pages\/35"}],"collection":[{"href":"https:\/\/blogsaverroes.juntadeandalucia.es\/ceipsantalucia\/wp-json\/wp\/v2\/pages"}],"about":[{"href":"https:\/\/blogsaverroes.juntadeandalucia.es\/ceipsantalucia\/wp-json\/wp\/v2\/types\/page"}],"author":[{"embeddable":true,"href":"https:\/\/blogsaverroes.juntadeandalucia.es\/ceipsantalucia\/wp-json\/wp\/v2\/users\/1"}],"replies":[{"embeddable":true,"href":"https:\/\/blogsaverroes.juntadeandalucia.es\/ceipsantalucia\/wp-json\/wp\/v2\/comments?post=35"}],"version-history":[{"count":27,"href":"https:\/\/blogsaverroes.juntadeandalucia.es\/ceipsantalucia\/wp-json\/wp\/v2\/pages\/35\/revisions"}],"predecessor-version":[{"id":2164,"href":"https:\/\/blogsaverroes.juntadeandalucia.es\/ceipsantalucia\/wp-json\/wp\/v2\/pages\/35\/revisions\/2164"}],"wp:attachment":[{"href":"https:\/\/blogsaverroes.juntadeandalucia.es\/ceipsantalucia\/wp-json\/wp\/v2\/media?parent=35"}],"curies":[{"name":"wp","href":"https:\/\/api.w.org\/{rel}","templated":true}]}}