{"id":42,"date":"2015-03-13T08:40:47","date_gmt":"2015-03-13T08:40:47","guid":{"rendered":"http:\/\/blogsaverroes.juntadeandalucia.es\/pre\/ceip\/?page_id=42"},"modified":"2024-04-09T12:31:55","modified_gmt":"2024-04-09T12:31:55","slug":"equipo-directivo","status":"publish","type":"page","link":"https:\/\/blogsaverroes.juntadeandalucia.es\/ceipsantalucia\/equipo-directivo\/","title":{"rendered":"Equipo directivo"},"content":{"rendered":"<p>&nbsp;<\/p>\n<p><strong>Direcci\u00f3n: <\/strong>D. Juan Antonio Milla Milla<strong><br \/>\n<\/strong><\/p>\n<p><strong>Jefatura de estudios: <\/strong>D.\u00aa Mar\u00eda Ulloa P\u00e9rez<strong><br \/>\n<\/strong><\/p>\n<p><strong>Secretar\u00eda: <\/strong>D.\u00aa Eva Dolores Cano S\u00e1nchez<strong><br \/>\n<\/strong><\/p>\n","protected":false},"excerpt":{"rendered":"<p>&nbsp; Direcci\u00f3n: D. Juan Antonio Milla Milla Jefatura de estudios: D.\u00aa Mar\u00eda Ulloa P\u00e9rez Secretar\u00eda: D.\u00aa Eva Dolores Cano S\u00e1nchez<\/p>\n","protected":false},"author":1,"featured_media":0,"parent":0,"menu_order":0,"comment_status":"closed","ping_status":"open","template":"","meta":{"ngg_post_thumbnail":0,"footnotes":"","_mc_calendar":[]},"aioseo_notices":[],"_links":{"self":[{"href":"https:\/\/blogsaverroes.juntadeandalucia.es\/ceipsantalucia\/wp-json\/wp\/v2\/pages\/42"}],"collection":[{"href":"https:\/\/blogsaverroes.juntadeandalucia.es\/ceipsantalucia\/wp-json\/wp\/v2\/pages"}],"about":[{"href":"https:\/\/blogsaverroes.juntadeandalucia.es\/ceipsantalucia\/wp-json\/wp\/v2\/types\/page"}],"author":[{"embeddable":true,"href":"https:\/\/blogsaverroes.juntadeandalucia.es\/ceipsantalucia\/wp-json\/wp\/v2\/users\/1"}],"replies":[{"embeddable":true,"href":"https:\/\/blogsaverroes.juntadeandalucia.es\/ceipsantalucia\/wp-json\/wp\/v2\/comments?post=42"}],"version-history":[{"count":5,"href":"https:\/\/blogsaverroes.juntadeandalucia.es\/ceipsantalucia\/wp-json\/wp\/v2\/pages\/42\/revisions"}],"predecessor-version":[{"id":2157,"href":"https:\/\/blogsaverroes.juntadeandalucia.es\/ceipsantalucia\/wp-json\/wp\/v2\/pages\/42\/revisions\/2157"}],"wp:attachment":[{"href":"https:\/\/blogsaverroes.juntadeandalucia.es\/ceipsantalucia\/wp-json\/wp\/v2\/media?parent=42"}],"curies":[{"name":"wp","href":"https:\/\/api.w.org\/{rel}","templated":true}]}}