{"id":141,"date":"2015-03-17T07:13:24","date_gmt":"2015-03-17T07:13:24","guid":{"rendered":"http:\/\/blogsaverroes.juntadeandalucia.es\/pre\/ceip\/?page_id=141"},"modified":"2018-09-19T22:33:49","modified_gmt":"2018-09-19T22:33:49","slug":"escolarizacion","status":"publish","type":"page","link":"https:\/\/blogsaverroes.juntadeandalucia.es\/ceipsantamaria\/escolarizacion\/","title":{"rendered":"Escolarizaci\u00f3n"},"content":{"rendered":"<p style=\"text-align: center\"><img loading=\"lazy\" decoding=\"async\" class=\"aligncenter size-medium wp-image-2330\" src=\"https:\/\/blogsaverroes.juntadeandalucia.es\/ceipsantamaria\/files\/2015\/03\/Escolarizacion-300x167.jpg\" alt=\"\" width=\"300\" height=\"167\" srcset=\"https:\/\/blogsaverroes.juntadeandalucia.es\/ceipsantamaria\/files\/2015\/03\/Escolarizacion-300x167.jpg 300w, https:\/\/blogsaverroes.juntadeandalucia.es\/ceipsantamaria\/files\/2015\/03\/Escolarizacion-24x13.jpg 24w, https:\/\/blogsaverroes.juntadeandalucia.es\/ceipsantamaria\/files\/2015\/03\/Escolarizacion-36x20.jpg 36w, https:\/\/blogsaverroes.juntadeandalucia.es\/ceipsantamaria\/files\/2015\/03\/Escolarizacion-48x27.jpg 48w, https:\/\/blogsaverroes.juntadeandalucia.es\/ceipsantamaria\/files\/2015\/03\/Escolarizacion.jpg 864w\" sizes=\"(max-width: 300px) 100vw, 300px\" \/><\/p>\n<p><span style=\"font-family: 'trebuchet ms', geneva, sans-serif;font-size: 16px;color: #0000ff\"><strong>Fechas: <\/strong><\/span><\/p>\n<ul>\n<li><span style=\"font-family: 'trebuchet ms', geneva, sans-serif;font-size: 16px\"><strong>Per\u00edodo de admisi\u00f3n del 1 de marzo al 2 abril.<\/strong><\/span><\/li>\n<li><span style=\"font-family: 'trebuchet ms', geneva, sans-serif;font-size: 16px\"><strong>Confirmaci\u00f3n de la matr\u00edcula del 1 al 8 de junio<\/strong><\/span><\/li>\n<li><span style=\"font-family: 'trebuchet ms', geneva, sans-serif;font-size: 16px\"><strong>Solicitud de comedor del 1 al 11 de junio.<\/strong><\/span><\/li>\n<\/ul>\n<p>&nbsp;<\/p>\n<p><a title=\"Portal escolarizaci\u00f3n\" href=\"http:\/\/www.juntadeandalucia.es\/educacion\/webportal\/web\/portal-escolarizacion\/infantil-primaria-eso-bachillerato\" target=\"_blank\" rel=\"noopener\">Enlace al portal de escolarizaci\u00f3n.<\/a><\/p>\n<p><a title=\"Procedimiento\" href=\"http:\/\/portal.ced.junta-andalucia.es\/educacion\/webportal\/abaco-portlet\/content\/f2f9bdb4-4717-409f-8dbc-da5b8ed61e38\" target=\"_blank\" rel=\"noopener\">Normativa<\/a>&nbsp;sobre el proceso de escolarizaci\u00f3n.<\/p>\n","protected":false},"excerpt":{"rendered":"<p>Fechas: Per\u00edodo de admisi\u00f3n del 1 de marzo al 2 abril. Confirmaci\u00f3n de la matr\u00edcula del 1 al 8 de junio Solicitud de comedor del 1 al 11 de junio. &nbsp; Enlace al portal&#46;&#46;&#46;<\/p>\n","protected":false},"author":1,"featured_media":0,"parent":0,"menu_order":0,"comment_status":"closed","ping_status":"open","template":"page-cs.php","meta":{"ngg_post_thumbnail":0,"footnotes":"","_mc_calendar":[]},"aioseo_notices":[],"_links":{"self":[{"href":"https:\/\/blogsaverroes.juntadeandalucia.es\/ceipsantamaria\/wp-json\/wp\/v2\/pages\/141"}],"collection":[{"href":"https:\/\/blogsaverroes.juntadeandalucia.es\/ceipsantamaria\/wp-json\/wp\/v2\/pages"}],"about":[{"href":"https:\/\/blogsaverroes.juntadeandalucia.es\/ceipsantamaria\/wp-json\/wp\/v2\/types\/page"}],"author":[{"embeddable":true,"href":"https:\/\/blogsaverroes.juntadeandalucia.es\/ceipsantamaria\/wp-json\/wp\/v2\/users\/1"}],"replies":[{"embeddable":true,"href":"https:\/\/blogsaverroes.juntadeandalucia.es\/ceipsantamaria\/wp-json\/wp\/v2\/comments?post=141"}],"version-history":[{"count":9,"href":"https:\/\/blogsaverroes.juntadeandalucia.es\/ceipsantamaria\/wp-json\/wp\/v2\/pages\/141\/revisions"}],"predecessor-version":[{"id":2331,"href":"https:\/\/blogsaverroes.juntadeandalucia.es\/ceipsantamaria\/wp-json\/wp\/v2\/pages\/141\/revisions\/2331"}],"wp:attachment":[{"href":"https:\/\/blogsaverroes.juntadeandalucia.es\/ceipsantamaria\/wp-json\/wp\/v2\/media?parent=141"}],"curies":[{"name":"wp","href":"https:\/\/api.w.org\/{rel}","templated":true}]}}