{"id":2204,"date":"2018-05-05T10:34:52","date_gmt":"2018-05-05T10:34:52","guid":{"rendered":"http:\/\/blogsaverroes.juntadeandalucia.es\/ceipsantamaria\/?page_id=2204"},"modified":"2024-05-17T08:28:00","modified_gmt":"2024-05-17T08:28:00","slug":"profesorado","status":"publish","type":"page","link":"https:\/\/blogsaverroes.juntadeandalucia.es\/ceipsantamaria\/curso-escolar\/profesorado\/","title":{"rendered":"Profesorado"},"content":{"rendered":"<p style=\"text-align: center\"><strong><img loading=\"lazy\" decoding=\"async\" class=\"alignleft size-full wp-image-2332\" src=\"https:\/\/blogsaverroes.juntadeandalucia.es\/ceipsantamaria\/files\/2018\/05\/profesorado.jpg\" alt=\"\" width=\"240\" height=\"204\" srcset=\"https:\/\/blogsaverroes.juntadeandalucia.es\/ceipsantamaria\/files\/2018\/05\/profesorado.jpg 240w, https:\/\/blogsaverroes.juntadeandalucia.es\/ceipsantamaria\/files\/2018\/05\/profesorado-24x20.jpg 24w, https:\/\/blogsaverroes.juntadeandalucia.es\/ceipsantamaria\/files\/2018\/05\/profesorado-36x31.jpg 36w, https:\/\/blogsaverroes.juntadeandalucia.es\/ceipsantamaria\/files\/2018\/05\/profesorado-48x41.jpg 48w\" sizes=\"(max-width: 240px) 100vw, 240px\" \/><\/strong><\/p>\n<p>&nbsp;<\/p>\n<p>&nbsp;<\/p>\n<p style=\"text-align: center\"><span style=\"font-family: 'trebuchet ms', geneva, sans-serif;font-size: 20px;color: #339966\"><strong>RELACI\u00d3N DE PROFESORADO<\/strong><\/span><\/p>\n<p style=\"text-align: center\"><span style=\"font-family: 'trebuchet ms', geneva, sans-serif;font-size: 20px;color: #008000\"><strong>Curso 2023\/2024<\/strong><\/span><\/p>\n<p><strong>&nbsp;<\/strong><\/p>\n<p><strong>&nbsp;<\/strong><\/p>\n<table style=\"width: 0%;height: 1244px\">\n<tbody>\n<tr style=\"height: 90px\">\n<td style=\"width: 20.6704%;height: 90px\">\n<h1><span style=\"font-size: 20px\"><strong><span style=\"color: #3366ff;font-family: 'trebuchet ms', geneva, sans-serif\">CICLO<\/span><\/strong><\/span><\/h1>\n<\/td>\n<td style=\"width: 25.1397%;height: 90px\">\n<h1><span style=\"font-size: 20px\"><strong><span style=\"color: #3366ff;font-family: 'trebuchet ms', geneva, sans-serif\">TUTOR\u00cdA<\/span><\/strong><\/span><\/h1>\n<\/td>\n<td style=\"width: 52.7933%;height: 90px\"><span style=\"font-size: 20px\"><strong><span style=\"color: #3366ff;font-family: 'trebuchet ms', geneva, sans-serif\">MAESTRO\/A<\/span><\/strong><\/span><\/td>\n<\/tr>\n<tr style=\"height: 24px\">\n<td style=\"width: 20.6704%;height: 240px\" rowspan=\"10\"><strong>&nbsp;<\/strong><\/p>\n<p><strong>&nbsp;<\/strong><\/p>\n<p><strong>&nbsp;<\/strong><\/p>\n<p><strong>&nbsp;<\/strong><\/p>\n<p><strong>&nbsp;<\/strong><\/p>\n<p><strong>INFANTIL<\/strong><\/td>\n<td style=\"width: 25.1397%;height: 24px\">INF. 3 A\u00d1OS A<\/td>\n<td style=\"width: 52.7933%;height: 24px\">Mar\u00eda del Mar P\u00e9rez Mart\u00edn<\/td>\n<\/tr>\n<tr style=\"height: 24px\">\n<td style=\"width: 25.1397%;height: 24px\">INF. 3 A\u00d1OS B<\/td>\n<td style=\"width: 52.7933%;height: 24px\">Mar\u00eda Dolores P\u00e9rez Montoya<\/td>\n<\/tr>\n<tr style=\"height: 24px\">\n<td style=\"width: 25.1397%;height: 24px\">INF. 3 A\u00d1OS C<\/td>\n<td style=\"width: 52.7933%;height: 24px\">&nbsp;<\/td>\n<\/tr>\n<tr style=\"height: 24px\">\n<td style=\"width: 25.1397%;height: 24px\">INF. 4 A\u00d1OS A<\/td>\n<td style=\"width: 52.7933%;height: 24px\">Mar\u00eda Paz Gim\u00e9nez Soler<\/td>\n<\/tr>\n<tr style=\"height: 24px\">\n<td style=\"width: 25.1397%;height: 24px\">INF. 4 A\u00d1OS B<\/td>\n<td style=\"width: 52.7933%;height: 24px\">F\u00e1tima Rodr\u00edguez Mart\u00edn<\/td>\n<\/tr>\n<tr style=\"height: 24px\">\n<td style=\"width: 25.1397%;height: 24px\">INF. 4 A\u00d1OS C<\/td>\n<td style=\"width: 52.7933%;height: 24px\">Silvia Osorio S\u00e1nchez&nbsp;<\/td>\n<\/tr>\n<tr style=\"height: 24px\">\n<td style=\"width: 25.1397%;height: 24px\">INF. 5 A\u00d1OS A<\/td>\n<td style=\"width: 52.7933%;height: 24px\">Vanesa Bernab\u00e9u Siv\u00edla<\/td>\n<\/tr>\n<tr style=\"height: 24px\">\n<td style=\"width: 25.1397%;height: 24px\">INF. 5 A\u00d1OS B<\/td>\n<td style=\"width: 52.7933%;height: 24px\">Marina Barrag\u00e1n Godoy<\/td>\n<\/tr>\n<tr style=\"height: 24px\">\n<td style=\"width: 25.1397%;height: 24px\">INF. 5 A\u00d1OS C<\/td>\n<td style=\"width: 52.7933%;height: 24px\">Tamara Garc\u00eda Vico<\/td>\n<\/tr>\n<tr style=\"height: 24px\">\n<td style=\"width: 25.1397%;height: 24px\">APOYO INF.<\/td>\n<td style=\"width: 52.7933%;height: 24px\">Lidia Carrasco Cuadros<\/td>\n<\/tr>\n<tr style=\"height: 24px\">\n<td style=\"width: 20.6704%;height: 146px\" rowspan=\"6\"><strong>&nbsp;<\/strong><\/p>\n<p><strong>&nbsp;<\/strong><\/p>\n<p><strong>&nbsp;<\/strong><\/p>\n<p><strong>PRIMER CICLO<\/strong><\/td>\n<td style=\"width: 25.1397%;height: 24px\">1\u00ba A<\/td>\n<td style=\"width: 52.7933%;height: 24px\">Isabel Mar\u00eda Arjona Jim\u00e9nez<\/td>\n<\/tr>\n<tr style=\"height: 24px\">\n<td style=\"width: 25.1397%;height: 24px\">1\u00baB<\/td>\n<td style=\"width: 52.7933%;height: 24px\">Montse Castillo Carmona<\/td>\n<\/tr>\n<tr style=\"height: 25px\">\n<td style=\"width: 25.1397%;height: 25px\">1\u00baC<\/td>\n<td style=\"width: 52.7933%;height: 25px\">Rafael Chinchilla Jim\u00e9nez<\/td>\n<\/tr>\n<tr style=\"height: 24px\">\n<td style=\"width: 25.1397%;height: 24px\">2\u00ba A<\/td>\n<td style=\"width: 52.7933%;height: 24px\">Mar\u00eda Sabio Rodr\u00edguez<\/td>\n<\/tr>\n<tr style=\"height: 24px\">\n<td style=\"width: 25.1397%;height: 24px\">2\u00baB<\/td>\n<td style=\"width: 52.7933%;height: 24px\">Juana Mercado Victor<\/td>\n<\/tr>\n<tr style=\"height: 25px\">\n<td style=\"width: 25.1397%;height: 25px\">2\u00baC<\/td>\n<td style=\"width: 52.7933%;height: 25px\">Luc\u00eda Mar\u00eda D\u00edaz Moya<\/td>\n<\/tr>\n<tr style=\"height: 24px\">\n<td style=\"width: 20.6704%;height: 144px\" rowspan=\"6\"><strong>&nbsp;<\/strong><\/p>\n<p><strong>&nbsp;<\/strong><\/p>\n<p><strong>SEGUNDO CICLO<\/strong><\/td>\n<td style=\"width: 25.1397%;height: 24px\">3\u00baA<\/td>\n<td style=\"width: 52.7933%;height: 24px\">Paloma Garc\u00eda Lozano<\/td>\n<\/tr>\n<tr style=\"height: 24px\">\n<td style=\"width: 25.1397%;height: 24px\">3\u00baB<\/td>\n<td style=\"width: 52.7933%;height: 24px\">Celia \u00c1guila Escobar<\/td>\n<\/tr>\n<tr style=\"height: 24px\">\n<td style=\"width: 25.1397%;height: 24px\">3\u00baC<\/td>\n<td style=\"width: 52.7933%;height: 24px\">Eduardo Mart\u00ednez L\u00f3pez<\/td>\n<\/tr>\n<tr style=\"height: 24px\">\n<td style=\"width: 25.1397%;height: 24px\">4\u00baA<\/td>\n<td style=\"width: 52.7933%;height: 24px\">Maite Ortiz Neira<\/td>\n<\/tr>\n<tr style=\"height: 24px\">\n<td style=\"width: 25.1397%;height: 24px\">4\u00baB<\/td>\n<td style=\"width: 52.7933%;height: 24px\">Javier P\u00e9rez Torres<\/td>\n<\/tr>\n<tr style=\"height: 24px\">\n<td style=\"width: 25.1397%;height: 24px\">4\u00baC<\/td>\n<td style=\"width: 52.7933%;height: 24px\">Cristina Molina Arias<\/td>\n<\/tr>\n<tr style=\"height: 24px\">\n<td style=\"width: 20.6704%;height: 168px\" rowspan=\"7\"><strong>&nbsp;<\/strong><\/p>\n<p><strong>&nbsp;<\/strong><\/p>\n<p><strong>TERCER CICLO<\/strong><\/td>\n<td style=\"width: 25.1397%;height: 24px\">5\u00baA<\/td>\n<td style=\"width: 52.7933%;height: 24px\">Enrique Jos\u00e9 Toledano Torres<\/td>\n<\/tr>\n<tr style=\"height: 24px\">\n<td style=\"width: 25.1397%;height: 24px\">5\u00baB<\/td>\n<td style=\"width: 52.7933%;height: 24px\">Francisco Garc\u00eda Mart\u00ednez&nbsp;<\/td>\n<\/tr>\n<tr style=\"height: 24px\">\n<td style=\"width: 25.1397%;height: 24px\">5\u00baC<\/td>\n<td style=\"width: 52.7933%;height: 24px\">Isabel Marco Rodr\u00edguez<\/td>\n<\/tr>\n<tr style=\"height: 24px\">\n<td style=\"width: 25.1397%;height: 24px\">5\u00baD<\/td>\n<td style=\"width: 52.7933%;height: 24px\">Vanesa Berm\u00fadez Belver<\/td>\n<\/tr>\n<tr style=\"height: 24px\">\n<td style=\"width: 25.1397%;height: 24px\">6\u00baA<\/td>\n<td style=\"width: 52.7933%;height: 24px\">Ana M\u00aa Fern\u00e1ndez P\u00e9rez<\/td>\n<\/tr>\n<tr style=\"height: 24px\">\n<td style=\"width: 25.1397%;height: 24px\">6\u00baB<\/td>\n<td style=\"width: 52.7933%;height: 24px\">Pilar Fern\u00e1ndez Rubio<\/td>\n<\/tr>\n<tr style=\"height: 24px\">\n<td style=\"width: 25.1397%;height: 24px\">6\u00baC<\/td>\n<td style=\"width: 52.7933%;height: 24px\">Lourdes Jim\u00e9nez Jim\u00e9nez<\/td>\n<\/tr>\n<tr style=\"height: 24px\">\n<td style=\"width: 20.6704%;height: 456px\" rowspan=\"19\"><strong>&nbsp;<\/strong><\/p>\n<p><strong>&nbsp;<\/strong><\/p>\n<p><strong>&nbsp;<\/strong><\/p>\n<p><strong>&nbsp;<\/strong><\/p>\n<p><strong>&nbsp;<\/strong><\/p>\n<p><strong>&nbsp;<\/strong><\/p>\n<p><strong>&nbsp;<\/strong><\/p>\n<p><strong>&nbsp;<\/strong><\/p>\n<p><strong>SIN TUTOR\u00cdA<\/strong><\/td>\n<td style=\"width: 25.1397%;height: 24px\">APOYO I<\/td>\n<td style=\"width: 52.7933%;height: 24px\">&nbsp;<\/td>\n<\/tr>\n<tr style=\"height: 24px\">\n<td style=\"width: 25.1397%;height: 24px\">FRANCES I<\/td>\n<td style=\"width: 52.7933%;height: 24px\">&nbsp;<\/td>\n<\/tr>\n<tr style=\"height: 24px\">\n<td style=\"width: 25.1397%;height: 24px\">E. F\u00cdSICA 1<\/td>\n<td style=\"width: 52.7933%;height: 24px\">Andr\u00e9s Rodr\u00edguez de Haro<\/td>\n<\/tr>\n<tr style=\"height: 24px\">\n<td style=\"width: 25.1397%;height: 24px\">E. F\u00cdSICA 2<\/td>\n<td style=\"width: 52.7933%;height: 24px\">Francisco L\u00f3pez G\u00f3mez<\/td>\n<\/tr>\n<tr style=\"height: 24px\">\n<td style=\"width: 25.1397%;height: 24px\">RELIGI\u00d3N 1<\/td>\n<td style=\"width: 52.7933%;height: 24px\">Raquel del Pino Borbal\u00e1n<\/td>\n<\/tr>\n<tr style=\"height: 24px\">\n<td style=\"width: 25.1397%;height: 24px\">RELIGI\u00d3N 2<\/td>\n<td style=\"width: 52.7933%;height: 24px\">Ricardo Hern\u00e1ndez Mart\u00ednez<\/td>\n<\/tr>\n<tr style=\"height: 24px\">\n<td style=\"width: 25.1397%;height: 24px\">RELIGION 3<\/td>\n<td style=\"width: 52.7933%;height: 24px\">Manoli Garc\u00eda Navarro<\/td>\n<\/tr>\n<tr style=\"height: 24px\">\n<td style=\"width: 25.1397%;height: 24px\">M\u00daSICA<\/td>\n<td style=\"width: 52.7933%;height: 24px\">Helena Mar\u00eda Garc\u00eda Garc\u00eda<\/td>\n<\/tr>\n<tr style=\"height: 24px\">\n<td style=\"width: 25.1397%;height: 24px\">A.T.A.L<\/td>\n<td style=\"width: 52.7933%;height: 24px\">Eva Contreras Cano<\/td>\n<\/tr>\n<tr style=\"height: 24px\">\n<td style=\"width: 25.1397%;height: 24px\">&nbsp;<\/td>\n<td style=\"width: 52.7933%;height: 24px\">&nbsp;<\/td>\n<\/tr>\n<tr style=\"height: 24px\">\n<td style=\"width: 25.1397%;height: 24px\">PT<\/td>\n<td style=\"width: 52.7933%;height: 24px\">Elisabet Ayala P\u00e9rez<\/td>\n<\/tr>\n<tr style=\"height: 24px\">\n<td style=\"width: 25.1397%;height: 24px\">PT<\/td>\n<td style=\"width: 52.7933%;height: 24px\">Patricia Bustos Salcedo<\/td>\n<\/tr>\n<tr style=\"height: 24px\">\n<td style=\"width: 25.1397%;height: 24px\">AL<\/td>\n<td style=\"width: 52.7933%;height: 24px\">Carmen M\u00aa Rodr\u00edguez Regalado<\/td>\n<\/tr>\n<tr style=\"height: 24px\">\n<td style=\"width: 25.1397%;height: 24px\">PT ESPEC\u00cdFICA<\/td>\n<td style=\"width: 52.7933%;height: 24px\">Isabel Mar\u00eda Montilla Molina<\/td>\n<\/tr>\n<tr style=\"height: 24px\">\n<td style=\"width: 25.1397%;height: 24px\">ORIENTADORA<\/td>\n<td style=\"width: 52.7933%;height: 24px\">Mar\u00eda Pilar Garc\u00eda P\u00e9rez<\/td>\n<\/tr>\n<tr style=\"height: 24px\">\n<td style=\"width: 25.1397%;height: 24px\">CONSERJE<\/td>\n<td style=\"width: 52.7933%;height: 24px\">Mar\u00eda Isabel Mart\u00ednez Ribera<\/td>\n<\/tr>\n<tr style=\"height: 24px\">\n<td style=\"width: 25.1397%;height: 24px\">ADMINISTRAT.<\/td>\n<td style=\"width: 52.7933%;height: 24px\">Jos\u00e9 Cano L\u00f3pez<\/td>\n<\/tr>\n<tr style=\"height: 24px\">\n<td style=\"width: 25.1397%;height: 24px\">MONITORA ESC.<\/td>\n<td style=\"width: 52.7933%;height: 24px\">Mar\u00eda Ambrox L\u00f3pez Romero<\/td>\n<\/tr>\n<tr style=\"height: 24px\">\n<td style=\"width: 25.1397%;height: 24px\">MAESTRO DE \u00c1RABE<\/td>\n<td style=\"width: 52.7933%;height: 24px\">&nbsp;<\/td>\n<\/tr>\n<\/tbody>\n<\/table>\n<p><strong>&nbsp;<\/strong><\/p>\n","protected":false},"excerpt":{"rendered":"<p>&nbsp; &nbsp; RELACI\u00d3N DE PROFESORADO Curso 2023\/2024 &nbsp; &nbsp; CICLO TUTOR\u00cdA MAESTRO\/A &nbsp; &nbsp; &nbsp; &nbsp; &nbsp; INFANTIL INF. 3 A\u00d1OS A Mar\u00eda del Mar P\u00e9rez Mart\u00edn INF. 3 A\u00d1OS B Mar\u00eda Dolores P\u00e9rez&#46;&#46;&#46;<\/p>\n","protected":false},"author":2332,"featured_media":0,"parent":80,"menu_order":0,"comment_status":"closed","ping_status":"closed","template":"page-cs.php","meta":{"ngg_post_thumbnail":0,"footnotes":"","_mc_calendar":[]},"aioseo_notices":[],"_links":{"self":[{"href":"https:\/\/blogsaverroes.juntadeandalucia.es\/ceipsantamaria\/wp-json\/wp\/v2\/pages\/2204"}],"collection":[{"href":"https:\/\/blogsaverroes.juntadeandalucia.es\/ceipsantamaria\/wp-json\/wp\/v2\/pages"}],"about":[{"href":"https:\/\/blogsaverroes.juntadeandalucia.es\/ceipsantamaria\/wp-json\/wp\/v2\/types\/page"}],"author":[{"embeddable":true,"href":"https:\/\/blogsaverroes.juntadeandalucia.es\/ceipsantamaria\/wp-json\/wp\/v2\/users\/2332"}],"replies":[{"embeddable":true,"href":"https:\/\/blogsaverroes.juntadeandalucia.es\/ceipsantamaria\/wp-json\/wp\/v2\/comments?post=2204"}],"version-history":[{"count":8,"href":"https:\/\/blogsaverroes.juntadeandalucia.es\/ceipsantamaria\/wp-json\/wp\/v2\/pages\/2204\/revisions"}],"predecessor-version":[{"id":4933,"href":"https:\/\/blogsaverroes.juntadeandalucia.es\/ceipsantamaria\/wp-json\/wp\/v2\/pages\/2204\/revisions\/4933"}],"up":[{"embeddable":true,"href":"https:\/\/blogsaverroes.juntadeandalucia.es\/ceipsantamaria\/wp-json\/wp\/v2\/pages\/80"}],"wp:attachment":[{"href":"https:\/\/blogsaverroes.juntadeandalucia.es\/ceipsantamaria\/wp-json\/wp\/v2\/media?parent=2204"}],"curies":[{"name":"wp","href":"https:\/\/api.w.org\/{rel}","templated":true}]}}