{"id":2264,"date":"2018-07-06T08:22:16","date_gmt":"2018-07-06T08:22:16","guid":{"rendered":"http:\/\/blogsaverroes.juntadeandalucia.es\/ceipsantamaria\/?page_id=2264"},"modified":"2018-12-17T09:12:18","modified_gmt":"2018-12-17T09:12:18","slug":"actividades-del-ampa","status":"publish","type":"page","link":"https:\/\/blogsaverroes.juntadeandalucia.es\/ceipsantamaria\/actividades-del-ampa\/","title":{"rendered":"Actividades del AMPA"},"content":{"rendered":"<p>Actividades del AMPA<\/p>\n<p>Desde nuestro AMPA siempre se ha colaborado con el centro de nuestros hijos en las actividades que se nos ha solicitado, as\u00ed como nosotros hemos propuesto actividades que desde el&nbsp; centro han acogido con buena disposici\u00f3n.<\/p>\n<p>El objetivo de todos los que formamos parte del CEIP SANTA MARIA DEL \u00c1GUILA, es que nuestros hijos\/as aprendan todo lo necesario disfrutando de su estancia en el colegio durante los 9 a\u00f1os que deben de pasar en el.<\/p>\n<p>Aqu\u00ed os exponemos algunas de las actividades en las que hemos colaborado en el curso 17-18:<\/p>\n<p>DONACI\u00d3N DE UNA PIZARRA DIGITAL<\/p>\n<p><img loading=\"lazy\" decoding=\"async\" class=\"aligncenter size-full wp-image-2379\" src=\"https:\/\/blogsaverroes.juntadeandalucia.es\/ceipsantamaria\/files\/2018\/12\/Imagen-1.png\" alt=\"\" width=\"885\" height=\"662\" srcset=\"https:\/\/blogsaverroes.juntadeandalucia.es\/ceipsantamaria\/files\/2018\/12\/Imagen-1.png 885w, https:\/\/blogsaverroes.juntadeandalucia.es\/ceipsantamaria\/files\/2018\/12\/Imagen-1-300x224.png 300w, https:\/\/blogsaverroes.juntadeandalucia.es\/ceipsantamaria\/files\/2018\/12\/Imagen-1-24x18.png 24w, https:\/\/blogsaverroes.juntadeandalucia.es\/ceipsantamaria\/files\/2018\/12\/Imagen-1-36x27.png 36w, https:\/\/blogsaverroes.juntadeandalucia.es\/ceipsantamaria\/files\/2018\/12\/Imagen-1-48x36.png 48w\" sizes=\"(max-width: 885px) 100vw, 885px\" \/><\/p>\n<p>REPARTO DE SAND\u00cdA Y AGUA EN LA CONVIVENCIA FINAL DE CURSO (PARQUE DE EL EJIDO)<\/p>\n<p><img loading=\"lazy\" decoding=\"async\" class=\"aligncenter size-full wp-image-2383\" src=\"https:\/\/blogsaverroes.juntadeandalucia.es\/ceipsantamaria\/files\/2018\/12\/Imagen-2.png\" alt=\"\" width=\"885\" height=\"662\" srcset=\"https:\/\/blogsaverroes.juntadeandalucia.es\/ceipsantamaria\/files\/2018\/12\/Imagen-2.png 885w, https:\/\/blogsaverroes.juntadeandalucia.es\/ceipsantamaria\/files\/2018\/12\/Imagen-2-300x224.png 300w, https:\/\/blogsaverroes.juntadeandalucia.es\/ceipsantamaria\/files\/2018\/12\/Imagen-2-24x18.png 24w, https:\/\/blogsaverroes.juntadeandalucia.es\/ceipsantamaria\/files\/2018\/12\/Imagen-2-36x27.png 36w, https:\/\/blogsaverroes.juntadeandalucia.es\/ceipsantamaria\/files\/2018\/12\/Imagen-2-48x36.png 48w\" sizes=\"(max-width: 885px) 100vw, 885px\" \/><\/p>\n<p>DECORACI\u00d3N DEL PATIO DE INFANTIL , en esta actividad tambi\u00e9n colabor\u00f3 la Junta Local de Santa M\u00aa del \u00c1guila y Nauni (grafitero de El Ejido)<\/p>\n<p><img loading=\"lazy\" decoding=\"async\" class=\"aligncenter size-full wp-image-2384\" src=\"https:\/\/blogsaverroes.juntadeandalucia.es\/ceipsantamaria\/files\/2018\/12\/Imagen-3.png\" alt=\"\" width=\"612\" height=\"458\" srcset=\"https:\/\/blogsaverroes.juntadeandalucia.es\/ceipsantamaria\/files\/2018\/12\/Imagen-3.png 612w, https:\/\/blogsaverroes.juntadeandalucia.es\/ceipsantamaria\/files\/2018\/12\/Imagen-3-300x225.png 300w, https:\/\/blogsaverroes.juntadeandalucia.es\/ceipsantamaria\/files\/2018\/12\/Imagen-3-24x18.png 24w, https:\/\/blogsaverroes.juntadeandalucia.es\/ceipsantamaria\/files\/2018\/12\/Imagen-3-36x27.png 36w, https:\/\/blogsaverroes.juntadeandalucia.es\/ceipsantamaria\/files\/2018\/12\/Imagen-3-48x36.png 48w\" sizes=\"(max-width: 612px) 100vw, 612px\" \/> <img loading=\"lazy\" decoding=\"async\" class=\"aligncenter size-full wp-image-2385\" src=\"https:\/\/blogsaverroes.juntadeandalucia.es\/ceipsantamaria\/files\/2018\/12\/Imagen-4.png\" alt=\"\" width=\"600\" height=\"449\" srcset=\"https:\/\/blogsaverroes.juntadeandalucia.es\/ceipsantamaria\/files\/2018\/12\/Imagen-4.png 600w, https:\/\/blogsaverroes.juntadeandalucia.es\/ceipsantamaria\/files\/2018\/12\/Imagen-4-300x225.png 300w, https:\/\/blogsaverroes.juntadeandalucia.es\/ceipsantamaria\/files\/2018\/12\/Imagen-4-24x18.png 24w, https:\/\/blogsaverroes.juntadeandalucia.es\/ceipsantamaria\/files\/2018\/12\/Imagen-4-36x27.png 36w, https:\/\/blogsaverroes.juntadeandalucia.es\/ceipsantamaria\/files\/2018\/12\/Imagen-4-48x36.png 48w\" sizes=\"(max-width: 600px) 100vw, 600px\" \/> <img loading=\"lazy\" decoding=\"async\" class=\"aligncenter size-full wp-image-2386\" src=\"https:\/\/blogsaverroes.juntadeandalucia.es\/ceipsantamaria\/files\/2018\/12\/Imagen-5.png\" alt=\"\" width=\"652\" height=\"597\" srcset=\"https:\/\/blogsaverroes.juntadeandalucia.es\/ceipsantamaria\/files\/2018\/12\/Imagen-5.png 652w, https:\/\/blogsaverroes.juntadeandalucia.es\/ceipsantamaria\/files\/2018\/12\/Imagen-5-300x275.png 300w, https:\/\/blogsaverroes.juntadeandalucia.es\/ceipsantamaria\/files\/2018\/12\/Imagen-5-24x22.png 24w, https:\/\/blogsaverroes.juntadeandalucia.es\/ceipsantamaria\/files\/2018\/12\/Imagen-5-36x33.png 36w, https:\/\/blogsaverroes.juntadeandalucia.es\/ceipsantamaria\/files\/2018\/12\/Imagen-5-48x44.png 48w\" sizes=\"(max-width: 652px) 100vw, 652px\" \/><\/p>\n<p>&nbsp;<\/p>\n<p>REPARTO DE BIZCOCHO Y CHOCOLATE D\u00cdA DE LA DISCAPACIDAD Y LA CONSTITUCI\u00d3N<\/p>\n<p><img loading=\"lazy\" decoding=\"async\" class=\"aligncenter size-full wp-image-2389\" src=\"https:\/\/blogsaverroes.juntadeandalucia.es\/ceipsantamaria\/files\/2018\/12\/Imagen-6.png\" alt=\"\" width=\"620\" height=\"410\" srcset=\"https:\/\/blogsaverroes.juntadeandalucia.es\/ceipsantamaria\/files\/2018\/12\/Imagen-6.png 620w, https:\/\/blogsaverroes.juntadeandalucia.es\/ceipsantamaria\/files\/2018\/12\/Imagen-6-300x198.png 300w, https:\/\/blogsaverroes.juntadeandalucia.es\/ceipsantamaria\/files\/2018\/12\/Imagen-6-24x16.png 24w, https:\/\/blogsaverroes.juntadeandalucia.es\/ceipsantamaria\/files\/2018\/12\/Imagen-6-36x24.png 36w, https:\/\/blogsaverroes.juntadeandalucia.es\/ceipsantamaria\/files\/2018\/12\/Imagen-6-48x32.png 48w\" sizes=\"(max-width: 620px) 100vw, 620px\" \/> <img loading=\"lazy\" decoding=\"async\" class=\"aligncenter size-full wp-image-2390\" src=\"https:\/\/blogsaverroes.juntadeandalucia.es\/ceipsantamaria\/files\/2018\/12\/Imagen-7.png\" alt=\"\" width=\"618\" height=\"410\" srcset=\"https:\/\/blogsaverroes.juntadeandalucia.es\/ceipsantamaria\/files\/2018\/12\/Imagen-7.png 618w, https:\/\/blogsaverroes.juntadeandalucia.es\/ceipsantamaria\/files\/2018\/12\/Imagen-7-300x199.png 300w, https:\/\/blogsaverroes.juntadeandalucia.es\/ceipsantamaria\/files\/2018\/12\/Imagen-7-24x16.png 24w, https:\/\/blogsaverroes.juntadeandalucia.es\/ceipsantamaria\/files\/2018\/12\/Imagen-7-36x24.png 36w, https:\/\/blogsaverroes.juntadeandalucia.es\/ceipsantamaria\/files\/2018\/12\/Imagen-7-48x32.png 48w\" sizes=\"(max-width: 618px) 100vw, 618px\" \/><\/p>\n","protected":false},"excerpt":{"rendered":"<p>Actividades del AMPA Desde nuestro AMPA siempre se ha colaborado con el centro de nuestros hijos en las actividades que se nos ha solicitado, as\u00ed como nosotros hemos propuesto actividades que desde el&nbsp; centro&#46;&#46;&#46;<\/p>\n","protected":false},"author":2332,"featured_media":2386,"parent":0,"menu_order":0,"comment_status":"closed","ping_status":"closed","template":"page-cs.php","meta":{"ngg_post_thumbnail":0,"footnotes":"","_mc_calendar":[]},"aioseo_notices":[],"_links":{"self":[{"href":"https:\/\/blogsaverroes.juntadeandalucia.es\/ceipsantamaria\/wp-json\/wp\/v2\/pages\/2264"}],"collection":[{"href":"https:\/\/blogsaverroes.juntadeandalucia.es\/ceipsantamaria\/wp-json\/wp\/v2\/pages"}],"about":[{"href":"https:\/\/blogsaverroes.juntadeandalucia.es\/ceipsantamaria\/wp-json\/wp\/v2\/types\/page"}],"author":[{"embeddable":true,"href":"https:\/\/blogsaverroes.juntadeandalucia.es\/ceipsantamaria\/wp-json\/wp\/v2\/users\/2332"}],"replies":[{"embeddable":true,"href":"https:\/\/blogsaverroes.juntadeandalucia.es\/ceipsantamaria\/wp-json\/wp\/v2\/comments?post=2264"}],"version-history":[{"count":4,"href":"https:\/\/blogsaverroes.juntadeandalucia.es\/ceipsantamaria\/wp-json\/wp\/v2\/pages\/2264\/revisions"}],"predecessor-version":[{"id":2397,"href":"https:\/\/blogsaverroes.juntadeandalucia.es\/ceipsantamaria\/wp-json\/wp\/v2\/pages\/2264\/revisions\/2397"}],"wp:featuredmedia":[{"embeddable":true,"href":"https:\/\/blogsaverroes.juntadeandalucia.es\/ceipsantamaria\/wp-json\/wp\/v2\/media\/2386"}],"wp:attachment":[{"href":"https:\/\/blogsaverroes.juntadeandalucia.es\/ceipsantamaria\/wp-json\/wp\/v2\/media?parent=2264"}],"curies":[{"name":"wp","href":"https:\/\/api.w.org\/{rel}","templated":true}]}}