{"id":2462,"date":"2018-12-19T12:17:07","date_gmt":"2018-12-19T12:17:07","guid":{"rendered":"http:\/\/blogsaverroes.juntadeandalucia.es\/ceipsantamaria\/?page_id=2462"},"modified":"2018-12-19T12:17:07","modified_gmt":"2018-12-19T12:17:07","slug":"consejo-18-19","status":"publish","type":"page","link":"https:\/\/blogsaverroes.juntadeandalucia.es\/ceipsantamaria\/consejo-18-19\/","title":{"rendered":"Consejo 18-19"},"content":{"rendered":"<p><strong>Miembros del Consejo Escolar Curso 2018\/2019<\/strong><\/p>\n<table width=\"704\">\n<tbody>\n<tr>\n<td colspan=\"2\"><strong>Miembros por sectores<\/strong><\/td>\n<td><strong>Curso<\/strong><\/td>\n<\/tr>\n<tr>\n<td rowspan=\"11\"><strong>Profesorado<\/strong><\/td>\n<td>Andr\u00e9s Rodr\u00edguez de Haro<\/td>\n<td>Presidente<\/td>\n<\/tr>\n<tr>\n<td>Lidia Carrasco Cuadros<\/td>\n<td>Jefa de estudios<\/td>\n<\/tr>\n<tr>\n<td>Rosa Mar\u00eda Jim\u00e9nez Comino<\/td>\n<td>Secretaria<\/td>\n<\/tr>\n<tr>\n<td>M\u00aa Montse. Castillo Carmona<\/td>\n<td>1\u00ba B<\/td>\n<\/tr>\n<tr>\n<td>Eduardo Mart\u00ednez L\u00f3pez<\/td>\n<td>3\u00ba C<\/td>\n<\/tr>\n<tr>\n<td>Enrique Jos\u00e9 Toledano Torres<\/td>\n<td>5\u00ba A<\/td>\n<\/tr>\n<tr>\n<td>Mar\u00eda Teresa Ortiz Neira<\/td>\n<td>4\u00ba A<\/td>\n<\/tr>\n<tr>\n<td>Carmen M\u00aa Rodr\u00edguez Regalado<\/td>\n<td>A.L.<\/td>\n<\/tr>\n<tr>\n<td>M\u00aa Amelia L\u00e1zaro Villanueva<\/td>\n<td>Apoyo<\/td>\n<\/tr>\n<tr>\n<td>Mar\u00eda Paz Gim\u00e9nez Soler<\/td>\n<td>4 a\u00f1os A<\/td>\n<\/tr>\n<tr>\n<td>Mar\u00eda del Mar P\u00e9rez Mar\u00edn<\/td>\n<td>3 a\u00f1os A<\/td>\n<\/tr>\n<tr>\n<td rowspan=\"9\"><strong>Padres, madres<\/strong><\/td>\n<td>Hanane Chouni Tayea<\/td>\n<td>&nbsp;<\/td>\n<\/tr>\n<tr>\n<td>Rogelio Navarro Arcos<\/td>\n<td>&nbsp;<\/td>\n<\/tr>\n<tr>\n<td>Beatriz Garc\u00eda Heras<\/td>\n<td>&nbsp;<\/td>\n<\/tr>\n<tr>\n<td>Ver\u00f3nica S\u00e1nchez Delgado<\/td>\n<td>&nbsp;<\/td>\n<\/tr>\n<tr>\n<td>Irene P\u00e9rez P\u00e9rez<\/td>\n<td>&nbsp;<\/td>\n<\/tr>\n<tr>\n<td>Beatriz Montes L\u00f3pez<\/td>\n<td>&nbsp;<\/td>\n<\/tr>\n<tr>\n<td>Raquel Salguero Morillo<\/td>\n<td>&nbsp;<\/td>\n<\/tr>\n<tr>\n<td>Mar\u00eda Cruz Mart\u00edn Guill\u00e9n<\/td>\n<td>&nbsp;<\/td>\n<\/tr>\n<tr>\n<td>Isabel Guti\u00e9rrez Alc\u00e1ntara<\/td>\n<td>&nbsp;<\/td>\n<\/tr>\n<tr>\n<td><strong>PAS<\/strong><\/td>\n<td>Mercedes Callej\u00f3n Lirola<\/td>\n<td>Administraci\u00f3n<\/td>\n<\/tr>\n<tr>\n<td><strong>Ayuntamiento<\/strong><\/td>\n<td colspan=\"2\">Francisco Fern\u00e1ndez Gandara<\/td>\n<\/tr>\n<\/tbody>\n<\/table>\n<p><strong>&nbsp;<\/strong><\/p>\n","protected":false},"excerpt":{"rendered":"<p>Miembros del Consejo Escolar Curso 2018\/2019 Miembros por sectores Curso Profesorado Andr\u00e9s Rodr\u00edguez de Haro Presidente Lidia Carrasco Cuadros Jefa de estudios Rosa Mar\u00eda Jim\u00e9nez Comino Secretaria M\u00aa Montse. Castillo Carmona 1\u00ba B Eduardo&#46;&#46;&#46;<\/p>\n","protected":false},"author":2332,"featured_media":0,"parent":0,"menu_order":0,"comment_status":"closed","ping_status":"closed","template":"","meta":{"ngg_post_thumbnail":0,"footnotes":"","_mc_calendar":[]},"aioseo_notices":[],"_links":{"self":[{"href":"https:\/\/blogsaverroes.juntadeandalucia.es\/ceipsantamaria\/wp-json\/wp\/v2\/pages\/2462"}],"collection":[{"href":"https:\/\/blogsaverroes.juntadeandalucia.es\/ceipsantamaria\/wp-json\/wp\/v2\/pages"}],"about":[{"href":"https:\/\/blogsaverroes.juntadeandalucia.es\/ceipsantamaria\/wp-json\/wp\/v2\/types\/page"}],"author":[{"embeddable":true,"href":"https:\/\/blogsaverroes.juntadeandalucia.es\/ceipsantamaria\/wp-json\/wp\/v2\/users\/2332"}],"replies":[{"embeddable":true,"href":"https:\/\/blogsaverroes.juntadeandalucia.es\/ceipsantamaria\/wp-json\/wp\/v2\/comments?post=2462"}],"version-history":[{"count":1,"href":"https:\/\/blogsaverroes.juntadeandalucia.es\/ceipsantamaria\/wp-json\/wp\/v2\/pages\/2462\/revisions"}],"predecessor-version":[{"id":2463,"href":"https:\/\/blogsaverroes.juntadeandalucia.es\/ceipsantamaria\/wp-json\/wp\/v2\/pages\/2462\/revisions\/2463"}],"wp:attachment":[{"href":"https:\/\/blogsaverroes.juntadeandalucia.es\/ceipsantamaria\/wp-json\/wp\/v2\/media?parent=2462"}],"curies":[{"name":"wp","href":"https:\/\/api.w.org\/{rel}","templated":true}]}}