{"id":42,"date":"2015-03-13T08:40:47","date_gmt":"2015-03-13T08:40:47","guid":{"rendered":"http:\/\/blogsaverroes.juntadeandalucia.es\/pre\/ceip\/?page_id=42"},"modified":"2020-10-06T07:51:14","modified_gmt":"2020-10-06T07:51:14","slug":"equipo-directivo","status":"publish","type":"page","link":"https:\/\/blogsaverroes.juntadeandalucia.es\/ceipsantamaria\/equipo-directivo\/","title":{"rendered":"Equipo directivo"},"content":{"rendered":"<h3>&nbsp;<\/h3>\n<p><strong><img loading=\"lazy\" decoding=\"async\" class=\"alignright size-full wp-image-2316\" src=\"https:\/\/blogsaverroes.juntadeandalucia.es\/ceipsantamaria\/files\/2015\/03\/equipo_directivo.png\" alt=\"\" width=\"256\" height=\"256\" srcset=\"https:\/\/blogsaverroes.juntadeandalucia.es\/ceipsantamaria\/files\/2015\/03\/equipo_directivo.png 256w, https:\/\/blogsaverroes.juntadeandalucia.es\/ceipsantamaria\/files\/2015\/03\/equipo_directivo-150x150.png 150w, https:\/\/blogsaverroes.juntadeandalucia.es\/ceipsantamaria\/files\/2015\/03\/equipo_directivo-100x100.png 100w, https:\/\/blogsaverroes.juntadeandalucia.es\/ceipsantamaria\/files\/2015\/03\/equipo_directivo-24x24.png 24w, https:\/\/blogsaverroes.juntadeandalucia.es\/ceipsantamaria\/files\/2015\/03\/equipo_directivo-36x36.png 36w, https:\/\/blogsaverroes.juntadeandalucia.es\/ceipsantamaria\/files\/2015\/03\/equipo_directivo-48x48.png 48w\" sizes=\"(max-width: 256px) 100vw, 256px\" \/><span style=\"font-family: 'trebuchet ms', geneva, sans-serif;font-size: 16px;color: #066d8b\">Direcci\u00f3n: <\/span><\/strong><span style=\"font-family: 'trebuchet ms', geneva, sans-serif;font-size: 16px;color: #000000\"><strong>Andr\u00e9s<\/strong> Rodr\u00edguez de Haro<\/span><\/p>\n<p><span style=\"font-family: 'trebuchet ms', geneva, sans-serif;font-size: 16px\"><span style=\"color: #066d8b\"><strong>Jefatura de estudios: <span style=\"color: #000000\">Rosa Mar\u00eda <\/span><\/strong><span style=\"color: #000000\">Jim\u00e9nez Comino<\/span><\/span><\/span><\/p>\n<p><span style=\"font-family: 'trebuchet ms', geneva, sans-serif;font-size: 16px\"><span style=\"color: #066d8b\"><strong>Secretar\u00eda:&nbsp;<\/strong><\/span><strong>Enrique&nbsp;<\/strong>Jos\u00e9 Toledano Torres<\/span><\/p>\n","protected":false},"excerpt":{"rendered":"<p>&nbsp; Direcci\u00f3n: Andr\u00e9s Rodr\u00edguez de Haro Jefatura de estudios: Rosa Mar\u00eda Jim\u00e9nez Comino Secretar\u00eda:&nbsp;Enrique&nbsp;Jos\u00e9 Toledano Torres<\/p>\n","protected":false},"author":1,"featured_media":0,"parent":0,"menu_order":0,"comment_status":"closed","ping_status":"open","template":"page-cs.php","meta":{"ngg_post_thumbnail":0,"footnotes":"","_mc_calendar":[]},"aioseo_notices":[],"_links":{"self":[{"href":"https:\/\/blogsaverroes.juntadeandalucia.es\/ceipsantamaria\/wp-json\/wp\/v2\/pages\/42"}],"collection":[{"href":"https:\/\/blogsaverroes.juntadeandalucia.es\/ceipsantamaria\/wp-json\/wp\/v2\/pages"}],"about":[{"href":"https:\/\/blogsaverroes.juntadeandalucia.es\/ceipsantamaria\/wp-json\/wp\/v2\/types\/page"}],"author":[{"embeddable":true,"href":"https:\/\/blogsaverroes.juntadeandalucia.es\/ceipsantamaria\/wp-json\/wp\/v2\/users\/1"}],"replies":[{"embeddable":true,"href":"https:\/\/blogsaverroes.juntadeandalucia.es\/ceipsantamaria\/wp-json\/wp\/v2\/comments?post=42"}],"version-history":[{"count":8,"href":"https:\/\/blogsaverroes.juntadeandalucia.es\/ceipsantamaria\/wp-json\/wp\/v2\/pages\/42\/revisions"}],"predecessor-version":[{"id":4857,"href":"https:\/\/blogsaverroes.juntadeandalucia.es\/ceipsantamaria\/wp-json\/wp\/v2\/pages\/42\/revisions\/4857"}],"wp:attachment":[{"href":"https:\/\/blogsaverroes.juntadeandalucia.es\/ceipsantamaria\/wp-json\/wp\/v2\/media?parent=42"}],"curies":[{"name":"wp","href":"https:\/\/api.w.org\/{rel}","templated":true}]}}