{"id":82,"date":"2015-03-16T06:59:55","date_gmt":"2015-03-16T06:59:55","guid":{"rendered":"http:\/\/blogsaverroes.juntadeandalucia.es\/pre\/ceip\/?page_id=82"},"modified":"2018-09-26T11:00:16","modified_gmt":"2018-09-26T11:00:16","slug":"horarios","status":"publish","type":"page","link":"https:\/\/blogsaverroes.juntadeandalucia.es\/ceipsantamaria\/horarios\/","title":{"rendered":"Horarios"},"content":{"rendered":"<p style=\"text-align: center\"><strong><img loading=\"lazy\" decoding=\"async\" class=\"size-full wp-image-2280 alignleft\" src=\"https:\/\/blogsaverroes.juntadeandalucia.es\/ceipsantamaria\/files\/2015\/03\/iconohorario.png\" alt=\"\" width=\"270\" height=\"229\" srcset=\"https:\/\/blogsaverroes.juntadeandalucia.es\/ceipsantamaria\/files\/2015\/03\/iconohorario.png 270w, https:\/\/blogsaverroes.juntadeandalucia.es\/ceipsantamaria\/files\/2015\/03\/iconohorario-24x20.png 24w, https:\/\/blogsaverroes.juntadeandalucia.es\/ceipsantamaria\/files\/2015\/03\/iconohorario-36x31.png 36w, https:\/\/blogsaverroes.juntadeandalucia.es\/ceipsantamaria\/files\/2015\/03\/iconohorario-48x41.png 48w\" sizes=\"(max-width: 270px) 100vw, 270px\" \/><u><\/u><\/strong><\/p>\n<p>&nbsp;<\/p>\n<p>&nbsp;<\/p>\n<p style=\"text-align: center\"><span style=\"color: #008000;font-family: comic sans ms, sans-serif;font-size: 20px\"><strong>HORARIOS DE CLASES, ATENCI\u00d3N AL P\u00daBLICO Y SERVICIOS<\/strong><\/span><\/p>\n<p style=\"text-align: center\"><strong><u>Horarios<\/u><\/strong><\/p>\n<p>&nbsp;<\/p>\n<table width=\"612\">\n<tbody>\n<tr>\n<td width=\"288\"><strong>CLASES<\/strong><\/td>\n<td width=\"324\">DE LUNES A VIERNES<\/p>\n<p>DE 9 A 14 HORAS<\/td>\n<\/tr>\n<tr>\n<td width=\"288\"><strong>SECRETAR\u00cdA<\/strong><\/td>\n<td width=\"324\">DE LUNES A VIERNES<\/p>\n<p>DE 9 A 10.30 HORAS<\/td>\n<\/tr>\n<tr>\n<td width=\"288\"><strong>DIRECCI\u00d3N<\/strong><\/td>\n<td width=\"324\">DE LUNES A VIERNES<\/p>\n<p>DE 9 A 10.30 HORAS<\/td>\n<\/tr>\n<tr>\n<td width=\"288\"><strong>TUTOR\u00cdA DE PADRES Y MADRES<\/strong><\/td>\n<td width=\"324\">LUNES &nbsp;<\/p>\n<p>16 A 17 HORAS<\/td>\n<\/tr>\n<tr>\n<td width=\"288\"><strong>AULA MATINAL<\/strong><\/td>\n<td width=\"324\">DE LUNES A VIERNES<\/p>\n<p>DE 7.30 A 9 HORAS<\/td>\n<\/tr>\n<tr>\n<td width=\"288\"><strong>COMEDOR ESCOLAR<\/strong><\/td>\n<td width=\"324\">DE LUNES A VIERNES<\/p>\n<p>DE 14 A 15.30 HORAS<\/td>\n<\/tr>\n<tr>\n<td width=\"288\"><strong>ACTIVIDADES EXTRAESCOLARES<\/strong><\/td>\n<td width=\"324\"><strong>INGL\u00c9S PRIMARIA<\/strong><\/p>\n<p>MARTES Y JUEVES<\/p>\n<p>DE 16.30 A 17.30 HORAS<\/p>\n<p><strong>INGL\u00c9S INFANTIL 3, 4 Y 5 A\u00d1OS<\/strong><\/p>\n<p>VIERNES<\/p>\n<p>DE 16.30 A 17.30<\/p>\n<p><strong>REFUERZO<\/strong><\/p>\n<p>LUNES, MARTES, MI\u00c9RCOLES, JUEVES Y VIERNES<\/p>\n<p>DE 16.30 A 17.30 HORAS<\/td>\n<\/tr>\n<tr>\n<td width=\"288\"><strong>ACTIVIDADES DE ACOMPA\u00d1AMIENTO<\/strong><\/td>\n<td width=\"324\">MARTES Y JUEVES<\/p>\n<p>DE 15.30 A 17.30 HORAS<\/td>\n<\/tr>\n<tr>\n<td width=\"288\"><strong>ESCUELAS DEPORTIVAS<\/strong><\/td>\n<td width=\"324\">LUNES Y MI\u00c9RCOLES<\/p>\n<p>DE 15.30 A 18.30 HORAS<\/td>\n<\/tr>\n<\/tbody>\n<\/table>\n","protected":false},"excerpt":{"rendered":"<p>&nbsp; &nbsp; HORARIOS DE CLASES, ATENCI\u00d3N AL P\u00daBLICO Y SERVICIOS Horarios &nbsp; CLASES DE LUNES A VIERNES DE 9 A 14 HORAS SECRETAR\u00cdA DE LUNES A VIERNES DE 9 A 10.30 HORAS DIRECCI\u00d3N DE&#46;&#46;&#46;<\/p>\n","protected":false},"author":1,"featured_media":0,"parent":0,"menu_order":0,"comment_status":"closed","ping_status":"open","template":"page-cs.php","meta":{"ngg_post_thumbnail":0,"footnotes":"","_mc_calendar":[]},"aioseo_notices":[],"_links":{"self":[{"href":"https:\/\/blogsaverroes.juntadeandalucia.es\/ceipsantamaria\/wp-json\/wp\/v2\/pages\/82"}],"collection":[{"href":"https:\/\/blogsaverroes.juntadeandalucia.es\/ceipsantamaria\/wp-json\/wp\/v2\/pages"}],"about":[{"href":"https:\/\/blogsaverroes.juntadeandalucia.es\/ceipsantamaria\/wp-json\/wp\/v2\/types\/page"}],"author":[{"embeddable":true,"href":"https:\/\/blogsaverroes.juntadeandalucia.es\/ceipsantamaria\/wp-json\/wp\/v2\/users\/1"}],"replies":[{"embeddable":true,"href":"https:\/\/blogsaverroes.juntadeandalucia.es\/ceipsantamaria\/wp-json\/wp\/v2\/comments?post=82"}],"version-history":[{"count":14,"href":"https:\/\/blogsaverroes.juntadeandalucia.es\/ceipsantamaria\/wp-json\/wp\/v2\/pages\/82\/revisions"}],"predecessor-version":[{"id":2356,"href":"https:\/\/blogsaverroes.juntadeandalucia.es\/ceipsantamaria\/wp-json\/wp\/v2\/pages\/82\/revisions\/2356"}],"wp:attachment":[{"href":"https:\/\/blogsaverroes.juntadeandalucia.es\/ceipsantamaria\/wp-json\/wp\/v2\/media?parent=82"}],"curies":[{"name":"wp","href":"https:\/\/api.w.org\/{rel}","templated":true}]}}