{"id":1113,"date":"2021-09-01T09:00:55","date_gmt":"2021-09-01T09:00:55","guid":{"rendered":"http:\/\/blogsaverroes.juntadeandalucia.es\/pre\/ceip\/?page_id=2"},"modified":"2022-10-20T17:02:32","modified_gmt":"2022-10-20T17:02:32","slug":"inicio","status":"publish","type":"page","link":"https:\/\/blogsaverroes.juntadeandalucia.es\/ceipsantarita\/","title":{"rendered":"Inicio"},"content":{"rendered":"<p style=\"text-align: center\"><a href=\"https:\/\/blogsaverroes.juntadeandalucia.es\/ceipsantarita\/inicio\/whatsapp-image-2022-10-19-at-19-36-192\/\" rel=\"attachment wp-att-3225\"><img loading=\"lazy\" decoding=\"async\" class=\"aligncenter size-medium wp-image-3225\" src=\"https:\/\/blogsaverroes.juntadeandalucia.es\/ceipsantarita\/files\/2022\/10\/WhatsApp-Image-2022-10-19-at-19.36.192-300x200.jpeg\" alt=\"\" width=\"300\" height=\"200\" srcset=\"https:\/\/blogsaverroes.juntadeandalucia.es\/ceipsantarita\/files\/2022\/10\/WhatsApp-Image-2022-10-19-at-19.36.192-300x200.jpeg 300w, https:\/\/blogsaverroes.juntadeandalucia.es\/ceipsantarita\/files\/2022\/10\/WhatsApp-Image-2022-10-19-at-19.36.192-1024x682.jpeg 1024w, https:\/\/blogsaverroes.juntadeandalucia.es\/ceipsantarita\/files\/2022\/10\/WhatsApp-Image-2022-10-19-at-19.36.192-768x512.jpeg 768w, https:\/\/blogsaverroes.juntadeandalucia.es\/ceipsantarita\/files\/2022\/10\/WhatsApp-Image-2022-10-19-at-19.36.192-1536x1023.jpeg 1536w, https:\/\/blogsaverroes.juntadeandalucia.es\/ceipsantarita\/files\/2022\/10\/WhatsApp-Image-2022-10-19-at-19.36.192.jpeg 1600w\" sizes=\"(max-width: 300px) 100vw, 300px\" \/><\/a> <a href=\"https:\/\/blogsaverroes.juntadeandalucia.es\/ceipsantarita\/inicio\/whatsapp-image-2022-10-19-at-19-50-281\/\" rel=\"attachment wp-att-3226\"><img loading=\"lazy\" decoding=\"async\" class=\"size-medium wp-image-3226\" src=\"https:\/\/blogsaverroes.juntadeandalucia.es\/ceipsantarita\/files\/2022\/10\/WhatsApp-Image-2022-10-19-at-19.50.281-300x200.jpeg\" alt=\"\" width=\"300\" height=\"200\" srcset=\"https:\/\/blogsaverroes.juntadeandalucia.es\/ceipsantarita\/files\/2022\/10\/WhatsApp-Image-2022-10-19-at-19.50.281-300x200.jpeg 300w, https:\/\/blogsaverroes.juntadeandalucia.es\/ceipsantarita\/files\/2022\/10\/WhatsApp-Image-2022-10-19-at-19.50.281-1024x682.jpeg 1024w, https:\/\/blogsaverroes.juntadeandalucia.es\/ceipsantarita\/files\/2022\/10\/WhatsApp-Image-2022-10-19-at-19.50.281-768x512.jpeg 768w, https:\/\/blogsaverroes.juntadeandalucia.es\/ceipsantarita\/files\/2022\/10\/WhatsApp-Image-2022-10-19-at-19.50.281-1536x1023.jpeg 1536w, https:\/\/blogsaverroes.juntadeandalucia.es\/ceipsantarita\/files\/2022\/10\/WhatsApp-Image-2022-10-19-at-19.50.281.jpeg 1600w\" sizes=\"(max-width: 300px) 100vw, 300px\" \/><\/a><\/p>\n<p style=\"text-align: justify\"><strong>El CEIP Santa Rita es un colegio p\u00fablico dependiente de la Junta de Andaluc\u00eda. Se encuentra ubicado en la localidad de Campamento, barriada perteneciente al municipio de San Roque, en la provincia de C\u00e1diz.<\/strong><\/p>\n<h3><span style=\"color: #3366ff\"><strong>Ense\u00f1anzas<\/strong><\/span><\/h3>\n<p><strong>Impartimos ense\u00f1anzas del segundo ciclo de Educaci\u00f3n Infantil (3, 4 y 5 a\u00f1os) y Educaci\u00f3n Primaria.<\/strong><\/p>\n<p><strong>Durante el curso 22\/23 disponemos de las siguientes unidades:<\/strong><\/p>\n<p><a href=\"https:\/\/blogsaverroes.juntadeandalucia.es\/ceipsantarita\/__trashed\/whatsapp-image-2022-10-20-at-15-08-13\/\" rel=\"attachment wp-att-3223\"><img loading=\"lazy\" decoding=\"async\" class=\"aligncenter size-medium wp-image-3223\" src=\"https:\/\/blogsaverroes.juntadeandalucia.es\/ceipsantarita\/files\/2022\/10\/WhatsApp-Image-2022-10-20-at-15.08.13-300x222.jpeg\" alt=\"\" width=\"300\" height=\"222\" srcset=\"https:\/\/blogsaverroes.juntadeandalucia.es\/ceipsantarita\/files\/2022\/10\/WhatsApp-Image-2022-10-20-at-15.08.13-300x222.jpeg 300w, https:\/\/blogsaverroes.juntadeandalucia.es\/ceipsantarita\/files\/2022\/10\/WhatsApp-Image-2022-10-20-at-15.08.13-768x569.jpeg 768w, https:\/\/blogsaverroes.juntadeandalucia.es\/ceipsantarita\/files\/2022\/10\/WhatsApp-Image-2022-10-20-at-15.08.13.jpeg 986w\" sizes=\"(max-width: 300px) 100vw, 300px\" \/><\/a><\/p>\n<p><strong>INFANTIL.-<\/strong><\/p>\n<table style=\"border-collapse: collapse;width: 100%\">\n<tbody>\n<tr>\n<td style=\"width: 33.3333%;text-align: center\"><strong>Infantil 3 a\u00f1os<\/strong><\/td>\n<td style=\"width: 33.3333%;text-align: center\"><strong>Infantil 4 a\u00f1os<\/strong><\/td>\n<td style=\"width: 33.3333%;text-align: center\"><strong>Infantil 5 a\u00f1os<\/strong><\/td>\n<\/tr>\n<tr>\n<td style=\"width: 33.3333%;text-align: center\">1 unidad<\/td>\n<td style=\"width: 33.3333%;text-align: center\">1 unidad<\/td>\n<td style=\"width: 33.3333%;text-align: center\">2 unidades<\/td>\n<\/tr>\n<\/tbody>\n<\/table>\n<p><strong>PRIMARIA.-<\/strong><\/p>\n<table style=\"border-collapse: collapse;width: 100%\">\n<tbody>\n<tr>\n<td style=\"width: 16.6667%;text-align: center\"><strong>1\u00ba Primaria<\/strong><\/td>\n<td style=\"width: 16.6667%;text-align: center\"><strong>2\u00ba Primaria<\/strong><\/td>\n<td style=\"width: 16.6667%;text-align: center\"><strong>3\u00ba Primaria<\/strong><\/td>\n<td style=\"width: 16.6667%;text-align: center\"><strong>4\u00ba Primaria<\/strong><\/td>\n<td style=\"width: 16.6667%;text-align: center\"><strong>5\u00ba Primaria<\/strong><\/td>\n<td style=\"width: 16.6667%;text-align: center\"><strong>6\u00ba Primaria<\/strong><\/td>\n<\/tr>\n<tr>\n<td style=\"width: 16.6667%;text-align: center\">1 unidad<\/td>\n<td style=\"width: 16.6667%;text-align: center\">1 unidad<\/td>\n<td style=\"width: 16.6667%;text-align: center\">1 unidad<\/td>\n<td style=\"width: 16.6667%;text-align: center\">1 unidad<\/td>\n<td style=\"width: 16.6667%;text-align: center\">2 unidades<\/td>\n<td style=\"width: 16.6667%;text-align: center\">2 unidades<\/td>\n<\/tr>\n<\/tbody>\n<\/table>\n<ul>\n<li style=\"text-align: justify\"><strong>Adem\u00e1s, contamos con una unidad de Pedagog\u00eda Terap\u00e9utica y una unidad de Audici\u00f3n y Lenguaje.<\/strong><\/li>\n<\/ul>\n<h3><span style=\"color: #3366ff\"><strong>Horarios de los grupos 22\/23<\/strong><\/span><\/h3>\n<h3><a href=\"https:\/\/blogsaverroes.juntadeandalucia.es\/ceipsantarita\/inicio\/whatsapp-image-2022-10-20-at-18-58-26\/\" rel=\"attachment wp-att-3272\"><img loading=\"lazy\" decoding=\"async\" class=\"aligncenter size-medium wp-image-3272\" src=\"https:\/\/blogsaverroes.juntadeandalucia.es\/ceipsantarita\/files\/2022\/10\/WhatsApp-Image-2022-10-20-at-18.58.26-209x300.jpeg\" alt=\"\" width=\"209\" height=\"300\" srcset=\"https:\/\/blogsaverroes.juntadeandalucia.es\/ceipsantarita\/files\/2022\/10\/WhatsApp-Image-2022-10-20-at-18.58.26-209x300.jpeg 209w, https:\/\/blogsaverroes.juntadeandalucia.es\/ceipsantarita\/files\/2022\/10\/WhatsApp-Image-2022-10-20-at-18.58.26.jpeg 627w\" sizes=\"(max-width: 209px) 100vw, 209px\" \/><\/a> <a href=\"https:\/\/blogsaverroes.juntadeandalucia.es\/ceipsantarita\/inicio\/whatsapp-image-2022-10-20-at-18-58-01\/\" rel=\"attachment wp-att-3273\"><img loading=\"lazy\" decoding=\"async\" class=\"aligncenter size-medium wp-image-3273\" src=\"https:\/\/blogsaverroes.juntadeandalucia.es\/ceipsantarita\/files\/2022\/10\/WhatsApp-Image-2022-10-20-at-18.58.01-211x300.jpeg\" alt=\"\" width=\"211\" height=\"300\" srcset=\"https:\/\/blogsaverroes.juntadeandalucia.es\/ceipsantarita\/files\/2022\/10\/WhatsApp-Image-2022-10-20-at-18.58.01-211x300.jpeg 211w, https:\/\/blogsaverroes.juntadeandalucia.es\/ceipsantarita\/files\/2022\/10\/WhatsApp-Image-2022-10-20-at-18.58.01.jpeg 632w\" sizes=\"(max-width: 211px) 100vw, 211px\" \/><\/a> <a href=\"https:\/\/blogsaverroes.juntadeandalucia.es\/ceipsantarita\/inicio\/whatsapp-image-2022-10-20-at-18-57-21\/\" rel=\"attachment wp-att-3274\"><img loading=\"lazy\" decoding=\"async\" class=\"aligncenter size-medium wp-image-3274\" src=\"https:\/\/blogsaverroes.juntadeandalucia.es\/ceipsantarita\/files\/2022\/10\/WhatsApp-Image-2022-10-20-at-18.57.21-212x300.jpeg\" alt=\"\" width=\"212\" height=\"300\" srcset=\"https:\/\/blogsaverroes.juntadeandalucia.es\/ceipsantarita\/files\/2022\/10\/WhatsApp-Image-2022-10-20-at-18.57.21-212x300.jpeg 212w, https:\/\/blogsaverroes.juntadeandalucia.es\/ceipsantarita\/files\/2022\/10\/WhatsApp-Image-2022-10-20-at-18.57.21.jpeg 635w\" sizes=\"(max-width: 212px) 100vw, 212px\" \/><\/a> <a href=\"https:\/\/blogsaverroes.juntadeandalucia.es\/ceipsantarita\/inicio\/whatsapp-image-2022-10-20-at-18-56-48\/\" rel=\"attachment wp-att-3275\"><img loading=\"lazy\" decoding=\"async\" class=\"aligncenter size-medium wp-image-3275\" src=\"https:\/\/blogsaverroes.juntadeandalucia.es\/ceipsantarita\/files\/2022\/10\/WhatsApp-Image-2022-10-20-at-18.56.48-210x300.jpeg\" alt=\"\" width=\"210\" height=\"300\" srcset=\"https:\/\/blogsaverroes.juntadeandalucia.es\/ceipsantarita\/files\/2022\/10\/WhatsApp-Image-2022-10-20-at-18.56.48-210x300.jpeg 210w, https:\/\/blogsaverroes.juntadeandalucia.es\/ceipsantarita\/files\/2022\/10\/WhatsApp-Image-2022-10-20-at-18.56.48.jpeg 630w\" sizes=\"(max-width: 210px) 100vw, 210px\" \/><\/a> <a href=\"https:\/\/blogsaverroes.juntadeandalucia.es\/ceipsantarita\/inicio\/whatsapp-image-2022-10-20-at-18-56-20\/\" rel=\"attachment wp-att-3276\"><img loading=\"lazy\" decoding=\"async\" class=\"aligncenter size-medium wp-image-3276\" src=\"https:\/\/blogsaverroes.juntadeandalucia.es\/ceipsantarita\/files\/2022\/10\/WhatsApp-Image-2022-10-20-at-18.56.20-209x300.jpeg\" alt=\"\" width=\"209\" height=\"300\" srcset=\"https:\/\/blogsaverroes.juntadeandalucia.es\/ceipsantarita\/files\/2022\/10\/WhatsApp-Image-2022-10-20-at-18.56.20-209x300.jpeg 209w, https:\/\/blogsaverroes.juntadeandalucia.es\/ceipsantarita\/files\/2022\/10\/WhatsApp-Image-2022-10-20-at-18.56.20.jpeg 627w\" sizes=\"(max-width: 209px) 100vw, 209px\" \/><\/a> <a href=\"https:\/\/blogsaverroes.juntadeandalucia.es\/ceipsantarita\/inicio\/whatsapp-image-2022-10-20-at-18-55-54\/\" rel=\"attachment wp-att-3277\"><img loading=\"lazy\" decoding=\"async\" class=\"aligncenter size-medium wp-image-3277\" src=\"https:\/\/blogsaverroes.juntadeandalucia.es\/ceipsantarita\/files\/2022\/10\/WhatsApp-Image-2022-10-20-at-18.55.54-205x300.jpeg\" alt=\"\" width=\"205\" height=\"300\" srcset=\"https:\/\/blogsaverroes.juntadeandalucia.es\/ceipsantarita\/files\/2022\/10\/WhatsApp-Image-2022-10-20-at-18.55.54-205x300.jpeg 205w, https:\/\/blogsaverroes.juntadeandalucia.es\/ceipsantarita\/files\/2022\/10\/WhatsApp-Image-2022-10-20-at-18.55.54.jpeg 616w\" sizes=\"(max-width: 205px) 100vw, 205px\" \/><\/a> <a href=\"https:\/\/blogsaverroes.juntadeandalucia.es\/ceipsantarita\/inicio\/whatsapp-image-2022-10-20-at-18-55-25\/\" rel=\"attachment wp-att-3278\"><img loading=\"lazy\" decoding=\"async\" class=\"aligncenter size-medium wp-image-3278\" src=\"https:\/\/blogsaverroes.juntadeandalucia.es\/ceipsantarita\/files\/2022\/10\/WhatsApp-Image-2022-10-20-at-18.55.25-214x300.jpeg\" alt=\"\" width=\"214\" height=\"300\" srcset=\"https:\/\/blogsaverroes.juntadeandalucia.es\/ceipsantarita\/files\/2022\/10\/WhatsApp-Image-2022-10-20-at-18.55.25-214x300.jpeg 214w, https:\/\/blogsaverroes.juntadeandalucia.es\/ceipsantarita\/files\/2022\/10\/WhatsApp-Image-2022-10-20-at-18.55.25.jpeg 631w\" sizes=\"(max-width: 214px) 100vw, 214px\" \/><\/a> <a href=\"https:\/\/blogsaverroes.juntadeandalucia.es\/ceipsantarita\/inicio\/whatsapp-image-2022-10-20-at-18-54-54\/\" rel=\"attachment wp-att-3279\"><img loading=\"lazy\" decoding=\"async\" class=\"aligncenter size-medium wp-image-3279\" src=\"https:\/\/blogsaverroes.juntadeandalucia.es\/ceipsantarita\/files\/2022\/10\/WhatsApp-Image-2022-10-20-at-18.54.54-216x300.jpeg\" alt=\"\" width=\"216\" height=\"300\" srcset=\"https:\/\/blogsaverroes.juntadeandalucia.es\/ceipsantarita\/files\/2022\/10\/WhatsApp-Image-2022-10-20-at-18.54.54-216x300.jpeg 216w, https:\/\/blogsaverroes.juntadeandalucia.es\/ceipsantarita\/files\/2022\/10\/WhatsApp-Image-2022-10-20-at-18.54.54.jpeg 631w\" sizes=\"(max-width: 216px) 100vw, 216px\" \/><\/a> <a href=\"https:\/\/blogsaverroes.juntadeandalucia.es\/ceipsantarita\/inicio\/whatsapp-image-2022-10-20-at-18-54-17\/\" rel=\"attachment wp-att-3280\"><img loading=\"lazy\" decoding=\"async\" class=\"aligncenter size-medium wp-image-3280\" src=\"https:\/\/blogsaverroes.juntadeandalucia.es\/ceipsantarita\/files\/2022\/10\/WhatsApp-Image-2022-10-20-at-18.54.17-205x300.jpeg\" alt=\"\" width=\"205\" height=\"300\" srcset=\"https:\/\/blogsaverroes.juntadeandalucia.es\/ceipsantarita\/files\/2022\/10\/WhatsApp-Image-2022-10-20-at-18.54.17-205x300.jpeg 205w, https:\/\/blogsaverroes.juntadeandalucia.es\/ceipsantarita\/files\/2022\/10\/WhatsApp-Image-2022-10-20-at-18.54.17.jpeg 609w\" sizes=\"(max-width: 205px) 100vw, 205px\" \/><\/a><span style=\"color: #3366ff\"><strong>Instalaciones<br \/>\n<\/strong><\/span><\/h3>\n<ul>\n<li style=\"text-align: justify\"><strong>El edificio principal data del a\u00f1o 1987. Se ubican aqu\u00ed todas las aulas de Educaci\u00f3n Primaria, la unidad de E. Infantil 5 a\u00f1os, aseos, las unidades de Pedagog\u00eda Terap\u00e9utica y Audici\u00f3n y Lenguaje, la Biblioteca escolar, el sal\u00f3n de actos, la sala del profesorado,<\/strong><strong> los despachos de gesti\u00f3n del centro, aseos externos y un peque\u00f1o almac\u00e9n.<\/strong><\/li>\n<li style=\"text-align: justify\"><strong>Un peque\u00f1o edificio que data del a\u00f1o 1990. En este espacio se ubican dos aulas destinadas a la Educaci\u00f3n Infantil, dos aseos y un peque\u00f1o almac\u00e9n.<\/strong><\/li>\n<li style=\"text-align: justify\"><strong>Una pista deportiva que separa las dos edificaciones.<\/strong><\/li>\n<li style=\"text-align: justify\"><strong>Un patio de recreo especifico para el alumnado de Educaci\u00f3n Infantil.<\/strong><\/li>\n<li style=\"text-align: justify\"><strong>Un peque\u00f1o almac\u00e9n para el material correspondiente al \u00e1rea de Educaci\u00f3n F\u00edsica.<\/strong><\/li>\n<li style=\"text-align: justify\"><strong>Un peque\u00f1o huerto escolar con un espacio alrededor que se utiliza como zona de recreo.<\/strong><\/li>\n<li><strong>Un aula al aire libre cubierta, ubicada junto al huerto y dotada de mesas de madera.<\/strong><\/li>\n<li style=\"text-align: justify\"><strong>Una zona de c\u00e9sped que se utiliza como zona de recreo para el alumnado del primer ciclo.<\/strong><\/li>\n<li style=\"text-align: justify\"><strong>Un peque\u00f1o almac\u00e9n en el exterior del edificio principal destinado a utensilios y herramientas.<br \/>\n<\/strong><\/li>\n<\/ul>\n<p><a href=\"https:\/\/blogsaverroes.juntadeandalucia.es\/ceipsantarita\/inicio\/whatsapp-image-2022-06-18-at-8-34-14-pm\/\" rel=\"attachment wp-att-3182\"><img loading=\"lazy\" decoding=\"async\" class=\"size-medium wp-image-3182 alignleft\" src=\"https:\/\/blogsaverroes.juntadeandalucia.es\/ceipsantarita\/files\/2022\/06\/WhatsApp-Image-2022-06-18-at-8.34.14-PM-300x242.jpeg\" alt=\"\" width=\"300\" height=\"242\" srcset=\"https:\/\/blogsaverroes.juntadeandalucia.es\/ceipsantarita\/files\/2022\/06\/WhatsApp-Image-2022-06-18-at-8.34.14-PM-300x242.jpeg 300w, https:\/\/blogsaverroes.juntadeandalucia.es\/ceipsantarita\/files\/2022\/06\/WhatsApp-Image-2022-06-18-at-8.34.14-PM-768x618.jpeg 768w, https:\/\/blogsaverroes.juntadeandalucia.es\/ceipsantarita\/files\/2022\/06\/WhatsApp-Image-2022-06-18-at-8.34.14-PM.jpeg 954w\" sizes=\"(max-width: 300px) 100vw, 300px\" \/><\/a> <a href=\"https:\/\/blogsaverroes.juntadeandalucia.es\/ceipsantarita\/inicio\/whatsapp-image-2022-06-18-at-8-33-46-pm\/\" rel=\"attachment wp-att-3183\"><img loading=\"lazy\" decoding=\"async\" class=\"size-medium wp-image-3183 alignright\" src=\"https:\/\/blogsaverroes.juntadeandalucia.es\/ceipsantarita\/files\/2022\/06\/WhatsApp-Image-2022-06-18-at-8.33.46-PM-300x243.jpeg\" alt=\"\" width=\"300\" height=\"243\" srcset=\"https:\/\/blogsaverroes.juntadeandalucia.es\/ceipsantarita\/files\/2022\/06\/WhatsApp-Image-2022-06-18-at-8.33.46-PM-300x243.jpeg 300w, https:\/\/blogsaverroes.juntadeandalucia.es\/ceipsantarita\/files\/2022\/06\/WhatsApp-Image-2022-06-18-at-8.33.46-PM-768x622.jpeg 768w, https:\/\/blogsaverroes.juntadeandalucia.es\/ceipsantarita\/files\/2022\/06\/WhatsApp-Image-2022-06-18-at-8.33.46-PM.jpeg 949w\" sizes=\"(max-width: 300px) 100vw, 300px\" \/><\/a><\/p>\n<p style=\"text-align: center\">&nbsp;<\/p>\n<p><a href=\"https:\/\/blogsaverroes.juntadeandalucia.es\/ceipsantarita\/inicio\/whatsapp-image-2022-10-20-at-15-50-57\/\" rel=\"attachment wp-att-3227\"><img loading=\"lazy\" decoding=\"async\" class=\"aligncenter size-medium wp-image-3227\" src=\"https:\/\/blogsaverroes.juntadeandalucia.es\/ceipsantarita\/files\/2022\/10\/WhatsApp-Image-2022-10-20-at-15.50.57-300x240.jpeg\" alt=\"\" width=\"300\" height=\"240\" srcset=\"https:\/\/blogsaverroes.juntadeandalucia.es\/ceipsantarita\/files\/2022\/10\/WhatsApp-Image-2022-10-20-at-15.50.57-300x240.jpeg 300w, https:\/\/blogsaverroes.juntadeandalucia.es\/ceipsantarita\/files\/2022\/10\/WhatsApp-Image-2022-10-20-at-15.50.57-1024x819.jpeg 1024w, https:\/\/blogsaverroes.juntadeandalucia.es\/ceipsantarita\/files\/2022\/10\/WhatsApp-Image-2022-10-20-at-15.50.57-768x614.jpeg 768w, https:\/\/blogsaverroes.juntadeandalucia.es\/ceipsantarita\/files\/2022\/10\/WhatsApp-Image-2022-10-20-at-15.50.57.jpeg 1125w\" sizes=\"(max-width: 300px) 100vw, 300px\" \/><\/a><\/p>\n","protected":false},"excerpt":{"rendered":"<p>El CEIP Santa Rita es un colegio p\u00fablico dependiente de la Junta de Andaluc\u00eda. Se encuentra ubicado en la localidad de Campamento, barriada perteneciente al municipio de San Roque, en la provincia de C\u00e1diz. Ense\u00f1anzas Impartimos ense\u00f1anzas del segundo ciclo de Educaci\u00f3n Infantil (3, 4 y 5 a\u00f1os) y Educaci\u00f3n Primaria. Durante el curso 22\/23 &hellip; <a href=\"https:\/\/blogsaverroes.juntadeandalucia.es\/ceipsantarita\/\" class=\"more-link\">Seguir leyendo <span class=\"screen-reader-text\">Inicio<\/span> <span class=\"meta-nav\">&rarr;<\/span><\/a><\/p>\n","protected":false},"author":1,"featured_media":0,"parent":0,"menu_order":0,"comment_status":"closed","ping_status":"open","template":"","meta":{"ngg_post_thumbnail":0,"footnotes":"","_mc_calendar":[]},"aioseo_notices":[],"_links":{"self":[{"href":"https:\/\/blogsaverroes.juntadeandalucia.es\/ceipsantarita\/wp-json\/wp\/v2\/pages\/1113"}],"collection":[{"href":"https:\/\/blogsaverroes.juntadeandalucia.es\/ceipsantarita\/wp-json\/wp\/v2\/pages"}],"about":[{"href":"https:\/\/blogsaverroes.juntadeandalucia.es\/ceipsantarita\/wp-json\/wp\/v2\/types\/page"}],"author":[{"embeddable":true,"href":"https:\/\/blogsaverroes.juntadeandalucia.es\/ceipsantarita\/wp-json\/wp\/v2\/users\/1"}],"replies":[{"embeddable":true,"href":"https:\/\/blogsaverroes.juntadeandalucia.es\/ceipsantarita\/wp-json\/wp\/v2\/comments?post=1113"}],"version-history":[{"count":29,"href":"https:\/\/blogsaverroes.juntadeandalucia.es\/ceipsantarita\/wp-json\/wp\/v2\/pages\/1113\/revisions"}],"predecessor-version":[{"id":3281,"href":"https:\/\/blogsaverroes.juntadeandalucia.es\/ceipsantarita\/wp-json\/wp\/v2\/pages\/1113\/revisions\/3281"}],"wp:attachment":[{"href":"https:\/\/blogsaverroes.juntadeandalucia.es\/ceipsantarita\/wp-json\/wp\/v2\/media?parent=1113"}],"curies":[{"name":"wp","href":"https:\/\/api.w.org\/{rel}","templated":true}]}}