{"id":113,"date":"2015-03-16T08:06:00","date_gmt":"2015-03-16T08:06:00","guid":{"rendered":"http:\/\/blogsaverroes.juntadeandalucia.es\/pre\/ceip\/?page_id=113"},"modified":"2022-10-20T15:03:25","modified_gmt":"2022-10-20T15:03:25","slug":"biblioteca","status":"publish","type":"page","link":"https:\/\/blogsaverroes.juntadeandalucia.es\/ceipsantarita\/biblioteca\/","title":{"rendered":"Biblioteca"},"content":{"rendered":"<p style=\"text-align: justify\">&nbsp;<\/p>\n<p><img loading=\"lazy\" decoding=\"async\" class=\"wp-image-2253 aligncenter\" src=\"https:\/\/blogsaverroes.juntadeandalucia.es\/ceipsantarita\/files\/2015\/03\/LOGO-BIBLIOTECA.png\" alt=\"\" width=\"160\" height=\"167\" srcset=\"https:\/\/blogsaverroes.juntadeandalucia.es\/ceipsantarita\/files\/2015\/03\/LOGO-BIBLIOTECA.png 220w, https:\/\/blogsaverroes.juntadeandalucia.es\/ceipsantarita\/files\/2015\/03\/LOGO-BIBLIOTECA-24x24.png 24w, https:\/\/blogsaverroes.juntadeandalucia.es\/ceipsantarita\/files\/2015\/03\/LOGO-BIBLIOTECA-46x48.png 46w\" sizes=\"(max-width: 160px) 100vw, 160px\" \/><\/p>\n<h4 style=\"text-align: justify\"><strong>El centro cuenta con su propia biblioteca desde el a\u00f1o 2.002. Cuenta con un cat\u00e1logo de m\u00e1s de 8.000 ejemplares entre libros de lectura, enciclopedias, libros de consulta, material multimedia, comics&#8230;etc<\/strong><\/h4>\n<h4 style=\"text-align: justify\"><strong>Todos estos ejemplares est\u00e1 disponibles para el alumnado y el profesorado mediante un sistema de pr\u00e9stamos.<\/strong><\/h4>\n<h4 style=\"text-align: justify\"><strong>Contamos con una gu\u00eda de la biblioteca en la que se informa de su organizaci\u00f3n y funcionamiento. Para consultarla solo tienes que hacer clic en el nombre.<\/strong><\/h4>\n<h4 style=\"text-align: center\"><span style=\"color: #3366ff\"><strong><a style=\"color: #3366ff\" href=\"https:\/\/drive.google.com\/open?id=13OTBW6bOzs1GvKAonwjLt35dWtUzYUM4\">GU\u00cdA DE LA BIBLIOTECA<\/a><\/strong><\/span><\/h4>\n<p>&nbsp;<\/p>\n<p><a href=\"https:\/\/blogsaverroes.juntadeandalucia.es\/ceipsantarita\/files\/2015\/03\/guia.jpg\"><img loading=\"lazy\" decoding=\"async\" class=\" wp-image-2256 aligncenter\" src=\"https:\/\/blogsaverroes.juntadeandalucia.es\/ceipsantarita\/files\/2015\/03\/guia-285x300.jpg\" alt=\"\" width=\"240\" height=\"253\" srcset=\"https:\/\/blogsaverroes.juntadeandalucia.es\/ceipsantarita\/files\/2015\/03\/guia-285x300.jpg 285w, https:\/\/blogsaverroes.juntadeandalucia.es\/ceipsantarita\/files\/2015\/03\/guia-24x24.jpg 24w, https:\/\/blogsaverroes.juntadeandalucia.es\/ceipsantarita\/files\/2015\/03\/guia-34x36.jpg 34w, https:\/\/blogsaverroes.juntadeandalucia.es\/ceipsantarita\/files\/2015\/03\/guia-46x48.jpg 46w, https:\/\/blogsaverroes.juntadeandalucia.es\/ceipsantarita\/files\/2015\/03\/guia.jpg 420w\" sizes=\"(max-width: 240px) 100vw, 240px\" \/><\/a><\/p>\n<h3>Nuestra biblioteca cuenta con un blog propio, en el que publicamos:<\/h3>\n<ul>\n<li>\n<h3>noticias de inter\u00e9s,<\/h3>\n<\/li>\n<li>\n<h3>novedades bibliogr\u00e1ficas,<\/h3>\n<\/li>\n<li>\n<h3>actividades realizadas en el centro,<\/h3>\n<\/li>\n<li>\n<h3>boletines informativos,<\/h3>\n<\/li>\n<li>\n<h3>curiosidades,<\/h3>\n<\/li>\n<li>\n<h3>celebraciones de d\u00edas espaciales,<\/h3>\n<\/li>\n<li>\n<h3>etc\u2026<\/h3>\n<\/li>\n<\/ul>\n<h3>Para acceder a nuestro <span style=\"color: #3366ff\">blog<\/span> solo tienes que hacer clic en la imagen.<\/h3>\n<p>&nbsp;<\/p>\n<p><a href=\"https:\/\/campamentolee.blogspot.com\/\" rel=\"attachment wp-att-3144\"><img loading=\"lazy\" decoding=\"async\" class=\"aligncenter size-medium wp-image-3144\" src=\"https:\/\/blogsaverroes.juntadeandalucia.es\/ceipsantarita\/files\/2022\/06\/WhatsApp-Image-2022-06-15-at-8.51.48-PM-300x180.jpeg\" alt=\"\" width=\"300\" height=\"180\" srcset=\"https:\/\/blogsaverroes.juntadeandalucia.es\/ceipsantarita\/files\/2022\/06\/WhatsApp-Image-2022-06-15-at-8.51.48-PM-300x180.jpeg 300w, https:\/\/blogsaverroes.juntadeandalucia.es\/ceipsantarita\/files\/2022\/06\/WhatsApp-Image-2022-06-15-at-8.51.48-PM-768x460.jpeg 768w, https:\/\/blogsaverroes.juntadeandalucia.es\/ceipsantarita\/files\/2022\/06\/WhatsApp-Image-2022-06-15-at-8.51.48-PM.jpeg 844w\" sizes=\"(max-width: 300px) 100vw, 300px\" \/><\/a><\/p>\n<h4 style=\"text-align: justify\"><strong>Y adem\u00e1s est\u00e1 presente en las redes sociales con una p\u00e1gina de&nbsp; <span style=\"color: #3366ff\"><a style=\"color: #3366ff\" href=\"https:\/\/www.facebook.com\/profile.php?id=100015951422500&amp;lst=100015951422500%3A100015951422500%3A1551999245&amp;sk=timeline\">FACEBOOK<\/a>&nbsp;<\/span>e <span style=\"color: #3366ff\"><a href=\"https:\/\/www.instagram.com\/ceip.santarita\/\">Instagram<\/a>.<\/span><\/strong><\/h4>\n<p>&nbsp;<\/p>\n<header class=\"entry-header\">\n<h1 class=\"entry-title\" style=\"text-align: center\"><span style=\"color: #3366ff\">BIBLIOWEB S\u00c9NECA<\/span><\/h1>\n<\/header>\n<div class=\"entry-content\">\n<h4 style=\"text-align: justify\"><a href=\"https:\/\/blogsaverroes.juntadeandalucia.es\/ceipsantarita\/biblioweb-seneca\/descarga-1-4\/\" rel=\"attachment wp-att-3115\"><img loading=\"lazy\" decoding=\"async\" class=\"aligncenter size-full wp-image-3115\" src=\"https:\/\/blogsaverroes.juntadeandalucia.es\/ceipsantarita\/files\/2022\/06\/descarga-1-1.png\" alt=\"\" width=\"241\" height=\"209\"><\/a>A partir de este curso escolar, la gesti\u00f3n de la Biblioteca del colegio&nbsp; se realiza a trav\u00e9s del programa de gesti\u00f3n de los centros \u00abS\u00c9NECA\u00bb.<\/h4>\n<h4 style=\"text-align: justify\">Comenzamos con el programa ABIES, posteriormente con BIBLIOWEB y en la actualidad trabajamos con BIBLIOWEB S\u00c9NECA.<\/h4>\n<h4 style=\"text-align: justify\">En l\u00edneas generales, contamos con las mismas funcionalidades:<\/h4>\n<ul>\n<li style=\"text-align: justify\">\n<h4>gesti\u00f3n de pr\u00e9stamos,<\/h4>\n<\/li>\n<li style=\"text-align: justify\">\n<h4>catalogaci\u00f3n de ejemplares,<\/h4>\n<\/li>\n<li style=\"text-align: justify\">\n<h4>gesti\u00f3n de usuarios y carnets,<\/h4>\n<\/li>\n<li>\n<h4 style=\"text-align: justify\">informes y gr\u00e1ficas de usuarios\u2026<\/h4>\n<\/li>\n<\/ul>\n<p><a href=\"https:\/\/blogsaverroes.juntadeandalucia.es\/ceipsantarita\/biblioweb-seneca\/biblioteca2\/\" rel=\"attachment wp-att-2844\"><img loading=\"lazy\" decoding=\"async\" class=\"aligncenter size-medium wp-image-2844\" src=\"https:\/\/blogsaverroes.juntadeandalucia.es\/ceipsantarita\/files\/2021\/03\/biblioteca2-300x198.jpg\" alt=\"\" width=\"300\" height=\"198\" srcset=\"https:\/\/blogsaverroes.juntadeandalucia.es\/ceipsantarita\/files\/2021\/03\/biblioteca2-300x198.jpg 300w, https:\/\/blogsaverroes.juntadeandalucia.es\/ceipsantarita\/files\/2021\/03\/biblioteca2-1024x674.jpg 1024w, https:\/\/blogsaverroes.juntadeandalucia.es\/ceipsantarita\/files\/2021\/03\/biblioteca2-768x506.jpg 768w, https:\/\/blogsaverroes.juntadeandalucia.es\/ceipsantarita\/files\/2021\/03\/biblioteca2.jpg 1265w\" sizes=\"(max-width: 300px) 100vw, 300px\" \/><\/a><\/p>\n<\/div>\n","protected":false},"excerpt":{"rendered":"<p>&nbsp; El centro cuenta con su propia biblioteca desde el a\u00f1o 2.002. Cuenta con un cat\u00e1logo de m\u00e1s de 8.000 ejemplares entre libros de lectura, enciclopedias, libros de consulta, material multimedia, comics&#8230;etc Todos estos ejemplares est\u00e1 disponibles para el alumnado y el profesorado mediante un sistema de pr\u00e9stamos. Contamos con una gu\u00eda de la biblioteca &hellip; <a href=\"https:\/\/blogsaverroes.juntadeandalucia.es\/ceipsantarita\/biblioteca\/\" class=\"more-link\">Seguir leyendo <span class=\"screen-reader-text\">Biblioteca<\/span> <span class=\"meta-nav\">&rarr;<\/span><\/a><\/p>\n","protected":false},"author":1,"featured_media":0,"parent":0,"menu_order":0,"comment_status":"closed","ping_status":"open","template":"","meta":{"ngg_post_thumbnail":0,"footnotes":"","_mc_calendar":[]},"aioseo_notices":[],"_links":{"self":[{"href":"https:\/\/blogsaverroes.juntadeandalucia.es\/ceipsantarita\/wp-json\/wp\/v2\/pages\/113"}],"collection":[{"href":"https:\/\/blogsaverroes.juntadeandalucia.es\/ceipsantarita\/wp-json\/wp\/v2\/pages"}],"about":[{"href":"https:\/\/blogsaverroes.juntadeandalucia.es\/ceipsantarita\/wp-json\/wp\/v2\/types\/page"}],"author":[{"embeddable":true,"href":"https:\/\/blogsaverroes.juntadeandalucia.es\/ceipsantarita\/wp-json\/wp\/v2\/users\/1"}],"replies":[{"embeddable":true,"href":"https:\/\/blogsaverroes.juntadeandalucia.es\/ceipsantarita\/wp-json\/wp\/v2\/comments?post=113"}],"version-history":[{"count":18,"href":"https:\/\/blogsaverroes.juntadeandalucia.es\/ceipsantarita\/wp-json\/wp\/v2\/pages\/113\/revisions"}],"predecessor-version":[{"id":3248,"href":"https:\/\/blogsaverroes.juntadeandalucia.es\/ceipsantarita\/wp-json\/wp\/v2\/pages\/113\/revisions\/3248"}],"wp:attachment":[{"href":"https:\/\/blogsaverroes.juntadeandalucia.es\/ceipsantarita\/wp-json\/wp\/v2\/media?parent=113"}],"curies":[{"name":"wp","href":"https:\/\/api.w.org\/{rel}","templated":true}]}}