{"id":144,"date":"2015-03-17T07:46:28","date_gmt":"2015-03-17T07:46:28","guid":{"rendered":"http:\/\/blogsaverroes.juntadeandalucia.es\/pre\/ceip\/?page_id=144"},"modified":"2022-06-07T18:46:37","modified_gmt":"2022-06-07T18:46:37","slug":"orientacion","status":"publish","type":"page","link":"https:\/\/blogsaverroes.juntadeandalucia.es\/ceipsantarita\/orientacion\/","title":{"rendered":"Equipo de Orientaci\u00f3n Educativa"},"content":{"rendered":"<p>&nbsp;<\/p>\n<p style=\"text-align: center\"><a href=\"https:\/\/blogsaverroes.juntadeandalucia.es\/ceipsantarita\/orientacion\/images-1-2\/\" rel=\"attachment wp-att-2943\"><img loading=\"lazy\" decoding=\"async\" class=\"aligncenter size-medium wp-image-2943\" src=\"https:\/\/blogsaverroes.juntadeandalucia.es\/ceipsantarita\/files\/2022\/06\/images-1-300x100.png\" alt=\"\" width=\"300\" height=\"100\" srcset=\"https:\/\/blogsaverroes.juntadeandalucia.es\/ceipsantarita\/files\/2022\/06\/images-1-300x100.png 300w, https:\/\/blogsaverroes.juntadeandalucia.es\/ceipsantarita\/files\/2022\/06\/images-1.png 389w\" sizes=\"(max-width: 300px) 100vw, 300px\" \/><\/a><\/p>\n<h4 style=\"text-align: justify\"><strong>La orientaci\u00f3n contribuye al desarrollo de las facetas personal, acad\u00e9mica y profesional de los alumnos y de las alumnas. <\/strong><\/h4>\n<h4 style=\"text-align: justify\"><strong>Es un proceso en el que deben involucrarse las familias y para el cual pueden acudir a tutoras y tutores, y al asesoramiento y apoyo de los y las orientadoras de los centros educativos. <\/strong><\/h4>\n<h4 style=\"text-align: justify\"><strong>Entre sus objetivos principales se encuentran los siguientes:<\/strong><\/h4>\n<ul>\n<li>\n<h4 style=\"text-align: justify\"><strong>Resolver problemas de la vida acad\u00e9mica, como dificultades durante el proceso de aprendizaje, ausencia de motivaci\u00f3n, etc.<\/strong><\/h4>\n<\/li>\n<li>\n<h4 style=\"text-align: justify\"><strong>Tomar decisiones sobre itinerarios de estudio e incorporaci\u00f3n al mundo laboral.<\/strong><\/h4>\n<\/li>\n<li>\n<h4 style=\"text-align: justify\"><strong>Convivencia y educaci\u00f3n en valores.<\/strong><\/h4>\n<\/li>\n<\/ul>\n<h4 style=\"text-align: justify\"><strong>Si quiere consultar m\u00e1s informaci\u00f3n sobre la orientaci\u00f3n educativa en Andaluc\u00eda, puedes hacerlo en la web de la Consejer\u00eda de Educaci\u00f3n: <a href=\"https:\/\/www.juntadeandalucia.es\/temas\/estudiar\/primaria-eso\/orientacion.html\">ORIENTACI\u00d3N EDUCATIVA.<\/a><\/strong><\/h4>\n<p>&nbsp;<\/p>\n<h4 style=\"text-align: justify\"><strong>Nuestro centro est\u00e1 atendido por miembros del Equipo de Orientaci\u00f3n Educativa de San Roque.&nbsp;<\/strong><\/h4>\n<h4 style=\"text-align: justify\"><strong>La orientadora de referencia atiende las demandas del centro los martes de 9:00 a 14:00 horas.<\/strong><\/h4>\n<h4 style=\"text-align: justify\"><strong>Las funciones de la persona que ejerce la Orientaci\u00f3n son las siguientes:<\/strong><\/h4>\n<h4 style=\"text-align: justify\"><strong>a.&nbsp;Realizar la evaluaci\u00f3n psicopedag\u00f3gica del alumnado, de acuerdo con lo previsto en la normativa vigente.<\/strong><\/h4>\n<h4 style=\"text-align: justify\"><strong>b.&nbsp;Asesorar al profesorado en el proceso de evaluaci\u00f3n continua del alumnado.<\/strong><\/h4>\n<h4 style=\"text-align: justify\"><strong>c.&nbsp;Asesorar al profesorado en el desarrollo del curr\u00edculo sobre el ajuste del proceso de ense\u00f1anza y aprendizaje a las necesidades del alumnado.<\/strong><\/h4>\n<h4 style=\"text-align: justify\"><strong>d.&nbsp;Asesorar a la comunidad educativa en la aplicaci\u00f3n de las medidas relacionadas con la mediaci\u00f3n, resoluci\u00f3n y regulaci\u00f3n de conflictos en el \u00e1mbito escolar.<\/strong><\/h4>\n<h4 style=\"text-align: justify\"><strong>e. Asesorar al Equipo Directivo y al profesorado en la aplicaci\u00f3n de las diferentes actuaciones y medidas de atenci\u00f3n a la diversidad, especialmente las orientadas al alumnado que presente necesidades espec\u00edficas de apoyo educativo.<\/strong><\/h4>\n<h4 style=\"text-align: justify\"><strong>f. Colaborar en el desarrollo del Plan de Orientaci\u00f3n y Acci\u00f3n Tutorial, asesorando en sus funciones a tutores y tutoras, facilit\u00e1ndoles los recursos did\u00e1cticos o educativos necesarios y, excepcionalmente, interviniendo directamente con el alumnado, ya sea en grupos o de forma individual, todo ello de acuerdo con lo que se recoja en dicho plan.<\/strong><\/h4>\n<h4 style=\"text-align: justify\"><strong>g.&nbsp;Asesorar a las familias o a los representantes legales del alumnado en los aspectos que afecten a la orientaci\u00f3n psicopedag\u00f3gica del mismo.<\/strong><\/h4>\n<h4 style=\"text-align: justify\"><strong>h. Cualesquiera otras que le sean atribuidas en el Proyecto Educativo o por Orden de la persona titular de la Consejer\u00eda competente en materia de educaci\u00f3n.<\/strong><\/h4>\n<p>&nbsp;<\/p>\n","protected":false},"excerpt":{"rendered":"<p>&nbsp; La orientaci\u00f3n contribuye al desarrollo de las facetas personal, acad\u00e9mica y profesional de los alumnos y de las alumnas. Es un proceso en el que deben involucrarse las familias y para el cual pueden acudir a tutoras y tutores, y al asesoramiento y apoyo de los y las orientadoras de los centros educativos. Entre &hellip; <a href=\"https:\/\/blogsaverroes.juntadeandalucia.es\/ceipsantarita\/orientacion\/\" class=\"more-link\">Seguir leyendo <span class=\"screen-reader-text\">Equipo de Orientaci\u00f3n Educativa<\/span> <span class=\"meta-nav\">&rarr;<\/span><\/a><\/p>\n","protected":false},"author":1,"featured_media":0,"parent":0,"menu_order":0,"comment_status":"closed","ping_status":"open","template":"","meta":{"ngg_post_thumbnail":0,"footnotes":"","_mc_calendar":[]},"aioseo_notices":[],"_links":{"self":[{"href":"https:\/\/blogsaverroes.juntadeandalucia.es\/ceipsantarita\/wp-json\/wp\/v2\/pages\/144"}],"collection":[{"href":"https:\/\/blogsaverroes.juntadeandalucia.es\/ceipsantarita\/wp-json\/wp\/v2\/pages"}],"about":[{"href":"https:\/\/blogsaverroes.juntadeandalucia.es\/ceipsantarita\/wp-json\/wp\/v2\/types\/page"}],"author":[{"embeddable":true,"href":"https:\/\/blogsaverroes.juntadeandalucia.es\/ceipsantarita\/wp-json\/wp\/v2\/users\/1"}],"replies":[{"embeddable":true,"href":"https:\/\/blogsaverroes.juntadeandalucia.es\/ceipsantarita\/wp-json\/wp\/v2\/comments?post=144"}],"version-history":[{"count":8,"href":"https:\/\/blogsaverroes.juntadeandalucia.es\/ceipsantarita\/wp-json\/wp\/v2\/pages\/144\/revisions"}],"predecessor-version":[{"id":3064,"href":"https:\/\/blogsaverroes.juntadeandalucia.es\/ceipsantarita\/wp-json\/wp\/v2\/pages\/144\/revisions\/3064"}],"wp:attachment":[{"href":"https:\/\/blogsaverroes.juntadeandalucia.es\/ceipsantarita\/wp-json\/wp\/v2\/media?parent=144"}],"curies":[{"name":"wp","href":"https:\/\/api.w.org\/{rel}","templated":true}]}}