{"id":198,"date":"2015-03-17T09:55:36","date_gmt":"2015-03-17T09:55:36","guid":{"rendered":"http:\/\/blogsaverroes.juntadeandalucia.es\/pre\/ceip\/?page_id=198"},"modified":"2022-06-19T06:45:02","modified_gmt":"2022-06-19T06:45:02","slug":"que-es-el-ampa","status":"publish","type":"page","link":"https:\/\/blogsaverroes.juntadeandalucia.es\/ceipsantarita\/que-es-el-ampa\/","title":{"rendered":"\u00bfQu\u00e9 es AMPA?"},"content":{"rendered":"<p><a href=\"https:\/\/blogsaverroes.juntadeandalucia.es\/ceipsantarita\/files\/2015\/03\/AMPA.jpg\"><img loading=\"lazy\" decoding=\"async\" class=\"size-medium wp-image-2260 aligncenter\" src=\"https:\/\/blogsaverroes.juntadeandalucia.es\/ceipsantarita\/files\/2015\/03\/AMPA-300x156.jpg\" alt=\"\" width=\"300\" height=\"156\" srcset=\"https:\/\/blogsaverroes.juntadeandalucia.es\/ceipsantarita\/files\/2015\/03\/AMPA-300x156.jpg 300w, https:\/\/blogsaverroes.juntadeandalucia.es\/ceipsantarita\/files\/2015\/03\/AMPA-24x12.jpg 24w, https:\/\/blogsaverroes.juntadeandalucia.es\/ceipsantarita\/files\/2015\/03\/AMPA-36x19.jpg 36w, https:\/\/blogsaverroes.juntadeandalucia.es\/ceipsantarita\/files\/2015\/03\/AMPA-48x25.jpg 48w, https:\/\/blogsaverroes.juntadeandalucia.es\/ceipsantarita\/files\/2015\/03\/AMPA.jpg 312w\" sizes=\"(max-width: 300px) 100vw, 300px\" \/><\/a><\/p>\n<h4 style=\"text-align: justify\">AMPA es una asociaci\u00f3n sin \u00e1nimo de lucro, formada por padres y madres del alumnado del colegio.<\/h4>\n<h4 style=\"text-align: justify\">Es un punto de encuentro y de trabajo independiente, abierto y plural.<\/h4>\n<h4 style=\"text-align: justify\">Desde AMPA contribuimos a la mejora de la calidad de la educaci\u00f3n, de la convivencia del centro y de sus instalaciones.<\/h4>\n<h4 style=\"text-align: justify\"><strong><span style=\"color: #2abf32\">\u00bfPor qu\u00e9 es importante vuestra participaci\u00f3n?<\/span><\/strong><\/h4>\n<h4 style=\"text-align: justify\"><strong>En el colegio existen espacios de participaci\u00f3n, siendo AMPA &nbsp;el \u00fanico espacio de participaci\u00f3n aut\u00f3nomo de padres y madres. <\/strong><\/h4>\n<h4 style=\"text-align: justify\"><strong>AMPA es importante porque:<\/strong><\/h4>\n<ul style=\"text-align: justify\">\n<li>\n<h4><strong>Somos corresponsables de la educaci\u00f3n que nuestras hijas e hijos reciben en el colegio.<\/strong><\/h4>\n<\/li>\n<li>\n<h4><strong>Es un espacio para aportar iniciativas y trabajar con la direcci\u00f3n del centro, sin depender de esta.<\/strong><\/h4>\n<\/li>\n<\/ul>\n<h4 style=\"text-align: justify\"><span style=\"color: #2abf32\"><strong>\u00bfC\u00f3mo puedes participar?<\/strong><\/span><\/h4>\n<h4 style=\"text-align: justify\"><strong>Participar en AMPA es muy f\u00e1cil y eres t\u00fa quien decide el nivel de implicaci\u00f3n.<\/strong><\/h4>\n<ul style=\"text-align: justify\">\n<li>\n<h4><strong>Podemos asociarnos en cualquier momento, aunque se entrega a las familias una ficha de inscripci\u00f3n con la matr\u00edcula en la que se indica la cuota anual por cada familia (una \u00fanica cuota por familia)<\/strong><\/h4>\n<\/li>\n<li>\n<h4><strong>Podemos tambi\u00e9n participar a trav\u00e9s de las asambleas, incorpor\u00e1ndote a las reuniones&nbsp;abiertas que se convoquen.<\/strong><\/h4>\n<\/li>\n<li>\n<h4><strong>Podemos colaborar en los diferentes grupos de trabajo o en actividades puntuales que se organizan desde AMPA a lo largo del curso.<\/strong><\/h4>\n<\/li>\n<li>\n<h4><strong>Podemos proponer iniciativas, plantear temas de debate, organizar actividades, etc&#8230; dirigi\u00e9ndote a cualquier miembro de la Junta Directiva o a trav\u00e9s del blog.<\/strong><\/h4>\n<\/li>\n<\/ul>\n<h4 style=\"text-align: justify\"><strong>Como ves, hay muchas formas de participar y es muy importante que m\u00e1s padres y madres pasemos a la participa-ACCI\u00d3N,&nbsp;&nbsp;de forma activa y colectiva.<\/strong><\/h4>\n<h4 style=\"text-align: justify\"><span style=\"color: #2abf32\"><strong>\u00bfPara qu\u00e9 sirve?<\/strong><\/span><\/h4>\n<ul>\n<li>\n<h4 style=\"text-align: justify\">Para defender y velar por el derecho a una educaci\u00f3n de calidad, democr\u00e1tica, cr\u00edtica, atendiendo a las necesidades de todos los ni\u00f1os y ni\u00f1as.<\/h4>\n<\/li>\n<li>\n<h4 style=\"text-align: justify\">Para promover la participaci\u00f3n de padres y madres en la vida del centro, defendiendo los intereses del alumnado y de toda la comunidad educativa.<\/h4>\n<\/li>\n<li style=\"text-align: justify\">\n<h4>Para buscar soluciones de forma colectiva a temas relacionados con la ense\u00f1anza y educaci\u00f3n de nuestras hijas e hijos.<\/h4>\n<\/li>\n<li style=\"text-align: justify\">\n<h4>Para crear espacios de encuentro y trabajo en el resto de la comunidad educativa y con el entorno.<\/h4>\n<\/li>\n<li>\n<h4 style=\"text-align: justify\">Para crear espacios de reflexi\u00f3n y participaci\u00f3n compartida sobre la educaci\u00f3n de nuestros hijos e hijas.<\/h4>\n<\/li>\n<li>\n<h4 style=\"text-align: justify\">Para participar en la gesti\u00f3n del colegio.<\/h4>\n<\/li>\n<\/ul>\n<h4 style=\"text-align: justify\"><strong><span style=\"color: #2abf32\">\u00bfC\u00f3mo se financia?<\/span><\/strong><\/h4>\n<h4 style=\"text-align: justify\">AMPA &nbsp;se financia a trav\u00e9s de las cuotas de socios y socias.<br \/>\nLa cuota es el \u00fanico pago que realizan las familias y que gestiona AMPA para el beneficio exclusivo de la comunidad educativa y en definitiva de la educaci\u00f3n que reciben&nbsp; nuestros hijos e hijas en el centro.<\/h4>\n","protected":false},"excerpt":{"rendered":"<p>AMPA es una asociaci\u00f3n sin \u00e1nimo de lucro, formada por padres y madres del alumnado del colegio. Es un punto de encuentro y de trabajo independiente, abierto y plural. Desde AMPA contribuimos a la mejora de la calidad de la educaci\u00f3n, de la convivencia del centro y de sus instalaciones. \u00bfPor qu\u00e9 es importante vuestra &hellip; <a href=\"https:\/\/blogsaverroes.juntadeandalucia.es\/ceipsantarita\/que-es-el-ampa\/\" class=\"more-link\">Seguir leyendo <span class=\"screen-reader-text\">\u00bfQu\u00e9 es AMPA?<\/span> <span class=\"meta-nav\">&rarr;<\/span><\/a><\/p>\n","protected":false},"author":1,"featured_media":0,"parent":0,"menu_order":0,"comment_status":"closed","ping_status":"open","template":"","meta":{"ngg_post_thumbnail":0,"footnotes":"","_mc_calendar":[]},"aioseo_notices":[],"_links":{"self":[{"href":"https:\/\/blogsaverroes.juntadeandalucia.es\/ceipsantarita\/wp-json\/wp\/v2\/pages\/198"}],"collection":[{"href":"https:\/\/blogsaverroes.juntadeandalucia.es\/ceipsantarita\/wp-json\/wp\/v2\/pages"}],"about":[{"href":"https:\/\/blogsaverroes.juntadeandalucia.es\/ceipsantarita\/wp-json\/wp\/v2\/types\/page"}],"author":[{"embeddable":true,"href":"https:\/\/blogsaverroes.juntadeandalucia.es\/ceipsantarita\/wp-json\/wp\/v2\/users\/1"}],"replies":[{"embeddable":true,"href":"https:\/\/blogsaverroes.juntadeandalucia.es\/ceipsantarita\/wp-json\/wp\/v2\/comments?post=198"}],"version-history":[{"count":9,"href":"https:\/\/blogsaverroes.juntadeandalucia.es\/ceipsantarita\/wp-json\/wp\/v2\/pages\/198\/revisions"}],"predecessor-version":[{"id":3190,"href":"https:\/\/blogsaverroes.juntadeandalucia.es\/ceipsantarita\/wp-json\/wp\/v2\/pages\/198\/revisions\/3190"}],"wp:attachment":[{"href":"https:\/\/blogsaverroes.juntadeandalucia.es\/ceipsantarita\/wp-json\/wp\/v2\/media?parent=198"}],"curies":[{"name":"wp","href":"https:\/\/api.w.org\/{rel}","templated":true}]}}