{"id":2221,"date":"2020-09-01T09:00:07","date_gmt":"2020-09-01T09:00:07","guid":{"rendered":"https:\/\/blogsaverroes.juntadeandalucia.es\/ceipsantarita\/?page_id=2221"},"modified":"2022-06-15T19:57:48","modified_gmt":"2022-06-15T19:57:48","slug":"programa-de-digitalizacion-de-centros","status":"publish","type":"page","link":"https:\/\/blogsaverroes.juntadeandalucia.es\/ceipsantarita\/planes-y-proyectos\/programa-de-digitalizacion-de-centros\/","title":{"rendered":"Programa: TRANSFORMACI\u00d3N DIGITAL"},"content":{"rendered":"<p style=\"text-align: center\"><a href=\"https:\/\/blogsaverroes.juntadeandalucia.es\/ceipsantarita\/planes-y-proyectos\/programa-de-digitalizacion-de-centros\/descarga\/\" rel=\"attachment wp-att-2959\"><img loading=\"lazy\" decoding=\"async\" class=\"aligncenter size-full wp-image-2959\" src=\"https:\/\/blogsaverroes.juntadeandalucia.es\/ceipsantarita\/files\/2022\/06\/descarga.jpg\" alt=\"\" width=\"289\" height=\"175\"><\/a><\/p>\n<h4 style=\"text-align: justify\"><strong>Este programa tiene como objetivo fundamental&nbsp; impulsar y apoyar la transformaci\u00f3n de los centros docentes en organizaciones educativas digitalmente competentes.<\/strong><\/h4>\n<h4 style=\"text-align: justify\"><strong>PTDE facilitar\u00e1 la transformaci\u00f3n del centro propiciando procesos de ense\u00f1anza y aprendizaje en un entorno tecnol\u00f3gico y convertirlo en un espacio de encuentro para docentes y alumnado, facilitando el acceso directo a los contenidos digitales e introduciendo cambios tanto metodol\u00f3gicos como organizativos, de forma que permita al alumnado aprender con claro car\u00e1cter inclusivo.<\/strong><\/h4>\n<h4 style=\"text-align: justify\">Es<strong>&nbsp;prioritario animar y estimular tanto al alumnado como al profesorado a avanzar en este proceso y se persigue mediante la personalizaci\u00f3n de la ense\u00f1anza y la mejora de la comunicaci\u00f3n entre los participantes en este sistema.<\/strong><\/h4>\n<h4 style=\"text-align: justify\"><strong>Transformar el centro en una organizaci\u00f3n educativa digitalmente competente es un proyecto de car\u00e1cter plurianual, que se desarrollar\u00e1 en progresi\u00f3n a lo largo de tres cursos acad\u00e9micos.&nbsp;<\/strong><\/h4>\n<h4 style=\"text-align: justify\"><strong>Los objetivos generales de este programa son:<\/strong><\/h4>\n<h4 style=\"text-align: justify\"><strong>Convertir el centro en una organizaci\u00f3n educativa digitalmente competente, que incorpora a su proyecto educativo medidas de transformaci\u00f3n digital encaminadas a la mejora de los procesos, tanto en los \u00e1mbitos de ense\u00f1anza-aprendizaje y organizativos como de comunicaci\u00f3n e informaci\u00f3n.<\/strong><\/h4>\n<h4 style=\"text-align: justify\"><strong>Para ello es preciso:<\/strong><\/h4>\n<ul>\n<li>\n<h4 style=\"text-align: justify\"><strong>Impulsar&nbsp;la innovaci\u00f3n educativa mediante un cambio en los procesos de ense\u00f1anza-aprendizaje, encaminado a la integraci\u00f3n y uso eficaz de las tecnolog\u00edas de aprendizaje digital.<\/strong><\/h4>\n<\/li>\n<li style=\"text-align: justify\">\n<h4><strong>Fomentar&nbsp;el uso positivo de las tecnolog\u00edas como herramientas y pr\u00e1cticas habituales para el desarrollo de competencias clave en el alumnado.<\/strong><\/h4>\n<\/li>\n<li>\n<h4 style=\"text-align: justify\"><strong>Promover&nbsp;el uso de recursos educativos abiertos y entornos virtuales de aprendizaje.<\/strong><\/h4>\n<\/li>\n<li>\n<h4 style=\"text-align: justify\"><strong>Facilitar&nbsp;el uso de metodolog\u00edas activas fomentando el trabajo cooperativo y colaborativo.<\/strong><\/h4>\n<\/li>\n<li style=\"text-align: justify\">\n<h4><strong>Desarrollar la competencia digital del profesorado y del alumnado.<\/strong><\/h4>\n<\/li>\n<li style=\"text-align: justify\">\n<h4><strong>Vincular&nbsp;a las familias con el desarrollo de la competencia digital del alumnado.<\/strong><\/h4>\n<\/li>\n<li style=\"text-align: justify\">\n<h4><strong>Incardinar&nbsp;las actuaciones propuestas por el programa en las programaciones did\u00e1cticas y en los proyectos educativos de los centros.<\/strong><\/h4>\n<\/li>\n<\/ul>\n<h4 style=\"text-align: justify\"><strong>\u00c1mbitos de actuaci\u00f3n:<\/strong><\/h4>\n<ul>\n<li>\n<h4><strong>Procesos de ense\u00f1anza-aprendizaje.<\/strong><\/h4>\n<\/li>\n<li>\n<h4><strong>Organizaci\u00f3n del centro.<\/strong><\/h4>\n<\/li>\n<li>\n<h4><strong>Procesos de informaci\u00f3n y comunicaci\u00f3n.<\/strong><\/h4>\n<\/li>\n<\/ul>\n<h4 style=\"text-align: justify\"><strong>Para conocer nuestro Proyecto para el curso 20\/21 (1er a\u00f1o) haga CLICK en el siguiente enlace: <\/strong><\/h4>\n<h4><strong><span style=\"color: #3366ff\"><a style=\"color: #3366ff\" href=\"https:\/\/drive.google.com\/open?id=1SHRiih9XbzwBID5IiPG4t0lObrwzz-h7\">PROYECTO 20\/21<\/a><\/span><\/strong><\/h4>\n<h4 style=\"text-align: justify\">Para conocer nuestro Proyecto para el curso 21\/22 (2\u00ba a\u00f1o) haga CLICK en el siguiente enlace:<\/h4>\n<h4><a href=\"https:\/\/docs.google.com\/document\/d\/1-xadbm_jdCA6-xvP2S_chGvyluXYcBex\/edit?usp=sharing&amp;ouid=110106155156247142624&amp;rtpof=true&amp;sd=true\"><span style=\"color: #3366ff\">PROYECTO 21\/22<\/span><\/a><\/h4>\n<p>&nbsp;<\/p>\n","protected":false},"excerpt":{"rendered":"<p>Este programa tiene como objetivo fundamental&nbsp; impulsar y apoyar la transformaci\u00f3n de los centros docentes en organizaciones educativas digitalmente competentes. PTDE facilitar\u00e1 la transformaci\u00f3n del centro propiciando procesos de ense\u00f1anza y aprendizaje en un entorno tecnol\u00f3gico y convertirlo en un espacio de encuentro para docentes y alumnado, facilitando el acceso directo a los contenidos digitales &hellip; <a href=\"https:\/\/blogsaverroes.juntadeandalucia.es\/ceipsantarita\/planes-y-proyectos\/programa-de-digitalizacion-de-centros\/\" class=\"more-link\">Seguir leyendo <span class=\"screen-reader-text\">Programa: TRANSFORMACI\u00d3N DIGITAL<\/span> <span class=\"meta-nav\">&rarr;<\/span><\/a><\/p>\n","protected":false},"author":6059,"featured_media":0,"parent":44,"menu_order":0,"comment_status":"closed","ping_status":"closed","template":"","meta":{"ngg_post_thumbnail":0,"footnotes":"","_mc_calendar":[]},"aioseo_notices":[],"_links":{"self":[{"href":"https:\/\/blogsaverroes.juntadeandalucia.es\/ceipsantarita\/wp-json\/wp\/v2\/pages\/2221"}],"collection":[{"href":"https:\/\/blogsaverroes.juntadeandalucia.es\/ceipsantarita\/wp-json\/wp\/v2\/pages"}],"about":[{"href":"https:\/\/blogsaverroes.juntadeandalucia.es\/ceipsantarita\/wp-json\/wp\/v2\/types\/page"}],"author":[{"embeddable":true,"href":"https:\/\/blogsaverroes.juntadeandalucia.es\/ceipsantarita\/wp-json\/wp\/v2\/users\/6059"}],"replies":[{"embeddable":true,"href":"https:\/\/blogsaverroes.juntadeandalucia.es\/ceipsantarita\/wp-json\/wp\/v2\/comments?post=2221"}],"version-history":[{"count":7,"href":"https:\/\/blogsaverroes.juntadeandalucia.es\/ceipsantarita\/wp-json\/wp\/v2\/pages\/2221\/revisions"}],"predecessor-version":[{"id":3150,"href":"https:\/\/blogsaverroes.juntadeandalucia.es\/ceipsantarita\/wp-json\/wp\/v2\/pages\/2221\/revisions\/3150"}],"up":[{"embeddable":true,"href":"https:\/\/blogsaverroes.juntadeandalucia.es\/ceipsantarita\/wp-json\/wp\/v2\/pages\/44"}],"wp:attachment":[{"href":"https:\/\/blogsaverroes.juntadeandalucia.es\/ceipsantarita\/wp-json\/wp\/v2\/media?parent=2221"}],"curies":[{"name":"wp","href":"https:\/\/api.w.org\/{rel}","templated":true}]}}