{"id":2223,"date":"2019-03-07T20:31:05","date_gmt":"2019-03-07T20:31:05","guid":{"rendered":"https:\/\/blogsaverroes.juntadeandalucia.es\/ceipsantarita\/?page_id=2223"},"modified":"2022-06-15T19:31:00","modified_gmt":"2022-06-15T19:31:00","slug":"programa-creciendo-en-salud","status":"publish","type":"page","link":"https:\/\/blogsaverroes.juntadeandalucia.es\/ceipsantarita\/planes-y-proyectos\/programa-creciendo-en-salud\/","title":{"rendered":"CRECIENDO EN SALUD (Programa para la innovaci\u00f3n)"},"content":{"rendered":"<p><a href=\"https:\/\/blogsaverroes.juntadeandalucia.es\/ceipsantarita\/files\/2015\/03\/CRECIENDO-EN-SALUD.jpg\"><img loading=\"lazy\" decoding=\"async\" class=\" wp-image-2125 alignleft\" src=\"https:\/\/blogsaverroes.juntadeandalucia.es\/ceipsantarita\/files\/2015\/03\/CRECIENDO-EN-SALUD-300x154.jpg\" alt=\"\" width=\"216\" height=\"111\" srcset=\"https:\/\/blogsaverroes.juntadeandalucia.es\/ceipsantarita\/files\/2015\/03\/CRECIENDO-EN-SALUD-300x154.jpg 300w, https:\/\/blogsaverroes.juntadeandalucia.es\/ceipsantarita\/files\/2015\/03\/CRECIENDO-EN-SALUD-24x12.jpg 24w, https:\/\/blogsaverroes.juntadeandalucia.es\/ceipsantarita\/files\/2015\/03\/CRECIENDO-EN-SALUD-36x19.jpg 36w, https:\/\/blogsaverroes.juntadeandalucia.es\/ceipsantarita\/files\/2015\/03\/CRECIENDO-EN-SALUD-48x25.jpg 48w, https:\/\/blogsaverroes.juntadeandalucia.es\/ceipsantarita\/files\/2015\/03\/CRECIENDO-EN-SALUD.jpg 313w\" sizes=\"(max-width: 216px) 100vw, 216px\" \/><\/a><\/p>\n<p style=\"text-align: justify\"><strong>Nuestro centro lleva varios cursos desarrollando este programa ofrecido por la Junta de Andaluc\u00eda.<\/strong><\/p>\n<p style=\"text-align: justify\"><strong>Se trata de un programa que abarca l\u00edneas de intervenci\u00f3n relacionadas todas con la promoci\u00f3n de h\u00e1bitos de vida saludable:<\/strong><\/p>\n<ul>\n<li><strong>Estilo de vida saludable.<\/strong>\n<ul>\n<li><strong>Plan escolar de consumo de frutas y verduras.<\/strong><\/li>\n<li><strong>Actividad f\u00edsica.<\/strong><\/li>\n<li><strong>Alimentaci\u00f3n equilibrada.<\/strong><\/li>\n<\/ul>\n<\/li>\n<li><strong>Autocuidados y accidentalidad.<\/strong><\/li>\n<li><strong>Educaci\u00f3n emocional.<\/strong><\/li>\n<li><strong>Uso positivo de las TICs.<\/strong><\/li>\n<\/ul>\n<p><a href=\"https:\/\/blogsaverroes.juntadeandalucia.es\/ceipsantarita\/files\/2019\/03\/PORTAL-HABITOS.jpg\"><img loading=\"lazy\" decoding=\"async\" class=\"size-medium wp-image-2276 aligncenter\" src=\"https:\/\/blogsaverroes.juntadeandalucia.es\/ceipsantarita\/files\/2019\/03\/PORTAL-HABITOS-300x125.jpg\" alt=\"\" width=\"300\" height=\"125\" srcset=\"https:\/\/blogsaverroes.juntadeandalucia.es\/ceipsantarita\/files\/2019\/03\/PORTAL-HABITOS-300x125.jpg 300w, https:\/\/blogsaverroes.juntadeandalucia.es\/ceipsantarita\/files\/2019\/03\/PORTAL-HABITOS-24x10.jpg 24w, https:\/\/blogsaverroes.juntadeandalucia.es\/ceipsantarita\/files\/2019\/03\/PORTAL-HABITOS-36x15.jpg 36w, https:\/\/blogsaverroes.juntadeandalucia.es\/ceipsantarita\/files\/2019\/03\/PORTAL-HABITOS-48x20.jpg 48w, https:\/\/blogsaverroes.juntadeandalucia.es\/ceipsantarita\/files\/2019\/03\/PORTAL-HABITOS.jpg 348w\" sizes=\"(max-width: 300px) 100vw, 300px\" \/><\/a><\/p>\n<p style=\"text-align: justify\"><strong>El centro cuenta con un blog del proyecto, al que hemos denominado:<\/strong><\/p>\n<h5 style=\"text-align: center\"><strong> \u00abEN UN COLE&#8230;..SALUDABLE\u00bb <\/strong><\/h5>\n<p style=\"text-align: justify\"><strong>Aqu\u00ed publicamos regularmente las actividades llevadas a cabo y que est\u00e1n enmarcadas dentro de este programa.&nbsp; <\/strong><\/p>\n<p style=\"text-align: justify\"><strong>Para verlo, pulsar en este enlace: <a href=\"http:\/\/colesaludable.blogspot.com\/\">BLOG<\/a><\/strong><\/p>\n<p><a href=\"https:\/\/blogsaverroes.juntadeandalucia.es\/ceipsantarita\/files\/2019\/03\/BLOG-EN-UN-COLE-SALUDABLE.jpg\"><img loading=\"lazy\" decoding=\"async\" class=\"size-medium wp-image-2279 aligncenter\" src=\"https:\/\/blogsaverroes.juntadeandalucia.es\/ceipsantarita\/files\/2019\/03\/BLOG-EN-UN-COLE-SALUDABLE-300x130.jpg\" alt=\"\" width=\"300\" height=\"130\" srcset=\"https:\/\/blogsaverroes.juntadeandalucia.es\/ceipsantarita\/files\/2019\/03\/BLOG-EN-UN-COLE-SALUDABLE-300x130.jpg 300w, https:\/\/blogsaverroes.juntadeandalucia.es\/ceipsantarita\/files\/2019\/03\/BLOG-EN-UN-COLE-SALUDABLE-1024x445.jpg 1024w, https:\/\/blogsaverroes.juntadeandalucia.es\/ceipsantarita\/files\/2019\/03\/BLOG-EN-UN-COLE-SALUDABLE-24x10.jpg 24w, https:\/\/blogsaverroes.juntadeandalucia.es\/ceipsantarita\/files\/2019\/03\/BLOG-EN-UN-COLE-SALUDABLE-36x16.jpg 36w, https:\/\/blogsaverroes.juntadeandalucia.es\/ceipsantarita\/files\/2019\/03\/BLOG-EN-UN-COLE-SALUDABLE-48x21.jpg 48w, https:\/\/blogsaverroes.juntadeandalucia.es\/ceipsantarita\/files\/2019\/03\/BLOG-EN-UN-COLE-SALUDABLE.jpg 1301w\" sizes=\"(max-width: 300px) 100vw, 300px\" \/><\/a><\/p>\n<p>&nbsp;<\/p>\n<p style=\"text-align: center\">&nbsp;<\/p>\n<p>&nbsp;<\/p>\n<p>&nbsp;<\/p>\n<p style=\"text-align: center\">&nbsp;<\/p>\n<p>&nbsp;<\/p>\n<p>&nbsp;<\/p>\n<p>&nbsp;<\/p>\n<p>&nbsp;<\/p>\n<p style=\"text-align: justify\">&nbsp;<\/p>\n<p>&nbsp;<\/p>\n<p>&nbsp;<\/p>\n<p>&nbsp;<\/p>\n","protected":false},"excerpt":{"rendered":"<p>Nuestro centro lleva varios cursos desarrollando este programa ofrecido por la Junta de Andaluc\u00eda. Se trata de un programa que abarca l\u00edneas de intervenci\u00f3n relacionadas todas con la promoci\u00f3n de h\u00e1bitos de vida saludable: Estilo de vida saludable. Plan escolar de consumo de frutas y verduras. Actividad f\u00edsica. Alimentaci\u00f3n equilibrada. Autocuidados y accidentalidad. Educaci\u00f3n emocional. &hellip; <a href=\"https:\/\/blogsaverroes.juntadeandalucia.es\/ceipsantarita\/planes-y-proyectos\/programa-creciendo-en-salud\/\" class=\"more-link\">Seguir leyendo <span class=\"screen-reader-text\">CRECIENDO EN SALUD (Programa para la innovaci\u00f3n)<\/span> <span class=\"meta-nav\">&rarr;<\/span><\/a><\/p>\n","protected":false},"author":6059,"featured_media":0,"parent":44,"menu_order":1,"comment_status":"closed","ping_status":"closed","template":"","meta":{"ngg_post_thumbnail":0,"footnotes":"","_mc_calendar":[]},"aioseo_notices":[],"_links":{"self":[{"href":"https:\/\/blogsaverroes.juntadeandalucia.es\/ceipsantarita\/wp-json\/wp\/v2\/pages\/2223"}],"collection":[{"href":"https:\/\/blogsaverroes.juntadeandalucia.es\/ceipsantarita\/wp-json\/wp\/v2\/pages"}],"about":[{"href":"https:\/\/blogsaverroes.juntadeandalucia.es\/ceipsantarita\/wp-json\/wp\/v2\/types\/page"}],"author":[{"embeddable":true,"href":"https:\/\/blogsaverroes.juntadeandalucia.es\/ceipsantarita\/wp-json\/wp\/v2\/users\/6059"}],"replies":[{"embeddable":true,"href":"https:\/\/blogsaverroes.juntadeandalucia.es\/ceipsantarita\/wp-json\/wp\/v2\/comments?post=2223"}],"version-history":[{"count":14,"href":"https:\/\/blogsaverroes.juntadeandalucia.es\/ceipsantarita\/wp-json\/wp\/v2\/pages\/2223\/revisions"}],"predecessor-version":[{"id":3148,"href":"https:\/\/blogsaverroes.juntadeandalucia.es\/ceipsantarita\/wp-json\/wp\/v2\/pages\/2223\/revisions\/3148"}],"up":[{"embeddable":true,"href":"https:\/\/blogsaverroes.juntadeandalucia.es\/ceipsantarita\/wp-json\/wp\/v2\/pages\/44"}],"wp:attachment":[{"href":"https:\/\/blogsaverroes.juntadeandalucia.es\/ceipsantarita\/wp-json\/wp\/v2\/media?parent=2223"}],"curies":[{"name":"wp","href":"https:\/\/api.w.org\/{rel}","templated":true}]}}