{"id":2265,"date":"2019-03-07T23:08:05","date_gmt":"2019-03-07T23:08:05","guid":{"rendered":"https:\/\/blogsaverroes.juntadeandalucia.es\/ceipsantarita\/?page_id=2265"},"modified":"2022-06-12T18:18:27","modified_gmt":"2022-06-12T18:18:27","slug":"nuestras-actividades","status":"publish","type":"page","link":"https:\/\/blogsaverroes.juntadeandalucia.es\/ceipsantarita\/nuestras-actividades\/","title":{"rendered":"Inscr\u00edbete en AMPA"},"content":{"rendered":"<p><a href=\"https:\/\/blogsaverroes.juntadeandalucia.es\/ceipsantarita\/nuestras-actividades\/images-4-3\/\" rel=\"attachment wp-att-3087\"><img loading=\"lazy\" decoding=\"async\" class=\"aligncenter size-full wp-image-3087\" src=\"https:\/\/blogsaverroes.juntadeandalucia.es\/ceipsantarita\/files\/2022\/06\/images-4-1.jpg\" alt=\"\" width=\"299\" height=\"168\"><\/a><\/p>\n<p style=\"text-align: justify\">Este a\u00f1o la inscripci\u00f3n para hacerse familia socia de AMPA&nbsp; es digital y la confirmaci\u00f3n ser\u00e1 con la transferencia bancaria.<\/p>\n<p style=\"text-align: justify\">En el formulario est\u00e1n toda la informaci\u00f3n necesaria.<\/p>\n<p style=\"text-align: justify\">A comienzo del curso 2022\/23 os hacemos entrega de la agenda del curso.<\/p>\n<p>Inscr\u00edbete <a href=\"https:\/\/forms.gle\/jqGd2NyS38d1RC1e9\">AQU\u00cd.<\/a><\/p>\n","protected":false},"excerpt":{"rendered":"<p>Este a\u00f1o la inscripci\u00f3n para hacerse familia socia de AMPA&nbsp; es digital y la confirmaci\u00f3n ser\u00e1 con la transferencia bancaria. En el formulario est\u00e1n toda la informaci\u00f3n necesaria. A comienzo del curso 2022\/23 os hacemos entrega de la agenda del curso. Inscr\u00edbete AQU\u00cd.<\/p>\n","protected":false},"author":6059,"featured_media":0,"parent":0,"menu_order":0,"comment_status":"closed","ping_status":"closed","template":"","meta":{"ngg_post_thumbnail":0,"footnotes":"","_mc_calendar":[]},"aioseo_notices":[],"_links":{"self":[{"href":"https:\/\/blogsaverroes.juntadeandalucia.es\/ceipsantarita\/wp-json\/wp\/v2\/pages\/2265"}],"collection":[{"href":"https:\/\/blogsaverroes.juntadeandalucia.es\/ceipsantarita\/wp-json\/wp\/v2\/pages"}],"about":[{"href":"https:\/\/blogsaverroes.juntadeandalucia.es\/ceipsantarita\/wp-json\/wp\/v2\/types\/page"}],"author":[{"embeddable":true,"href":"https:\/\/blogsaverroes.juntadeandalucia.es\/ceipsantarita\/wp-json\/wp\/v2\/users\/6059"}],"replies":[{"embeddable":true,"href":"https:\/\/blogsaverroes.juntadeandalucia.es\/ceipsantarita\/wp-json\/wp\/v2\/comments?post=2265"}],"version-history":[{"count":3,"href":"https:\/\/blogsaverroes.juntadeandalucia.es\/ceipsantarita\/wp-json\/wp\/v2\/pages\/2265\/revisions"}],"predecessor-version":[{"id":3088,"href":"https:\/\/blogsaverroes.juntadeandalucia.es\/ceipsantarita\/wp-json\/wp\/v2\/pages\/2265\/revisions\/3088"}],"wp:attachment":[{"href":"https:\/\/blogsaverroes.juntadeandalucia.es\/ceipsantarita\/wp-json\/wp\/v2\/media?parent=2265"}],"curies":[{"name":"wp","href":"https:\/\/api.w.org\/{rel}","templated":true}]}}