{"id":2532,"date":"2019-03-13T19:01:09","date_gmt":"2019-03-13T19:01:09","guid":{"rendered":"https:\/\/blogsaverroes.juntadeandalucia.es\/ceipsantarita\/?page_id=2532"},"modified":"2022-06-30T16:21:48","modified_gmt":"2022-06-30T16:21:48","slug":"programa-de-refuerzo-orientacion-y-apoyo","status":"publish","type":"page","link":"https:\/\/blogsaverroes.juntadeandalucia.es\/ceipsantarita\/programa-de-refuerzo-orientacion-y-apoyo\/","title":{"rendered":"Programa de acompa\u00f1amiento escolar (PARCEP)"},"content":{"rendered":"<h4 style=\"text-align: justify\"><strong>Este programa engloba un&nbsp;conjunto de actuaciones dirigidas a mejorar el grado de adquisici\u00f3n de las competencias claves por parte del alumnado con necesidades espec\u00edficas de apoyo educativo.<\/strong><\/h4>\n<h4 style=\"text-align: justify\"><strong>Sus objetivos son:<\/strong><\/h4>\n<h4 style=\"text-align: justify\"><strong>\u2014Desarrollar medidas que contribuyan a compensar el desfase curricular que pudiese presentar el alumnado del <\/strong><strong>centro, desarrollando actuaciones que favorezcan el \u00e9xito escolar.<\/strong><br \/>\n<strong>\u2014Promover la inclusi\u00f3n educativa y social del alumnado del centro.<\/strong><br \/>\n<strong>\u2014Mejorar el clima de convivencia del centro.<\/strong><br \/>\n<strong>\u2014Poner en pr\u00e1ctica actividades extraescolares y complementarias que realcen el valor y el atractivo de la <\/strong><strong>educaci\u00f3n para el alumnado procedente de contextos socioculturales poco estimulantes.<\/strong><br \/>\n<strong>\u2014Reducir las tasas de absentismo escolar del centro, as\u00ed como prevenir el abandono escolar temprano.<\/strong><br \/>\n<strong>\u2014Incrementar cuantitativa y cualitativamente la interacci\u00f3n del centro con su entorno, fomentando la<\/strong><br \/>\n<strong>participaci\u00f3n de las familias y de otros agentes educativos del contexto m\u00e1s pr\u00f3ximo en las actividades del <\/strong><strong>centro y viceversa.<\/strong><\/h4>\n<h4><strong>&nbsp;<\/strong><\/h4>\n<p><a href=\"https:\/\/blogsaverroes.juntadeandalucia.es\/ceipsantarita\/programa-de-refuerzo-orientacion-y-apoyo\/indice\/\" rel=\"attachment wp-att-3196\"><img loading=\"lazy\" decoding=\"async\" class=\"aligncenter size-full wp-image-3196\" src=\"https:\/\/blogsaverroes.juntadeandalucia.es\/ceipsantarita\/files\/2022\/06\/\u00edndice.jpeg\" alt=\"\" width=\"268\" height=\"188\"><\/a><\/p>\n","protected":false},"excerpt":{"rendered":"<p>Este programa engloba un&nbsp;conjunto de actuaciones dirigidas a mejorar el grado de adquisici\u00f3n de las competencias claves por parte del alumnado con necesidades espec\u00edficas de apoyo educativo. Sus objetivos son: \u2014Desarrollar medidas que contribuyan a compensar el desfase curricular que pudiese presentar el alumnado del centro, desarrollando actuaciones que favorezcan el \u00e9xito escolar. \u2014Promover la &hellip; <a href=\"https:\/\/blogsaverroes.juntadeandalucia.es\/ceipsantarita\/programa-de-refuerzo-orientacion-y-apoyo\/\" class=\"more-link\">Seguir leyendo <span class=\"screen-reader-text\">Programa de acompa\u00f1amiento escolar (PARCEP)<\/span> <span class=\"meta-nav\">&rarr;<\/span><\/a><\/p>\n","protected":false},"author":6059,"featured_media":0,"parent":0,"menu_order":0,"comment_status":"closed","ping_status":"closed","template":"","meta":{"ngg_post_thumbnail":0,"footnotes":"","_mc_calendar":[]},"aioseo_notices":[],"_links":{"self":[{"href":"https:\/\/blogsaverroes.juntadeandalucia.es\/ceipsantarita\/wp-json\/wp\/v2\/pages\/2532"}],"collection":[{"href":"https:\/\/blogsaverroes.juntadeandalucia.es\/ceipsantarita\/wp-json\/wp\/v2\/pages"}],"about":[{"href":"https:\/\/blogsaverroes.juntadeandalucia.es\/ceipsantarita\/wp-json\/wp\/v2\/types\/page"}],"author":[{"embeddable":true,"href":"https:\/\/blogsaverroes.juntadeandalucia.es\/ceipsantarita\/wp-json\/wp\/v2\/users\/6059"}],"replies":[{"embeddable":true,"href":"https:\/\/blogsaverroes.juntadeandalucia.es\/ceipsantarita\/wp-json\/wp\/v2\/comments?post=2532"}],"version-history":[{"count":6,"href":"https:\/\/blogsaverroes.juntadeandalucia.es\/ceipsantarita\/wp-json\/wp\/v2\/pages\/2532\/revisions"}],"predecessor-version":[{"id":3197,"href":"https:\/\/blogsaverroes.juntadeandalucia.es\/ceipsantarita\/wp-json\/wp\/v2\/pages\/2532\/revisions\/3197"}],"wp:attachment":[{"href":"https:\/\/blogsaverroes.juntadeandalucia.es\/ceipsantarita\/wp-json\/wp\/v2\/media?parent=2532"}],"curies":[{"name":"wp","href":"https:\/\/api.w.org\/{rel}","templated":true}]}}