{"id":2596,"date":"2019-03-18T09:38:06","date_gmt":"2019-03-18T09:38:06","guid":{"rendered":"https:\/\/blogsaverroes.juntadeandalucia.es\/ceipsantarita\/?page_id=2596"},"modified":"2022-06-13T19:56:56","modified_gmt":"2022-06-13T19:56:56","slug":"pasenipasen","status":"publish","type":"page","link":"https:\/\/blogsaverroes.juntadeandalucia.es\/ceipsantarita\/pasenipasen\/","title":{"rendered":"Pasen\/iPasen"},"content":{"rendered":"<div id='gallery-1' class='gallery galleryid-2596 gallery-columns-2 gallery-size-thumbnail'><figure class='gallery-item'>\n\t\t\t<div class='gallery-icon landscape'>\n\t\t\t\t<a href='https:\/\/blogsaverroes.juntadeandalucia.es\/ceipsantarita\/pasenipasen\/pasen-web\/'><img loading=\"lazy\" decoding=\"async\" width=\"150\" height=\"150\" src=\"https:\/\/blogsaverroes.juntadeandalucia.es\/ceipsantarita\/files\/2019\/03\/pasen-web-150x150.jpg\" class=\"attachment-thumbnail size-thumbnail\" alt=\"icono pasen familias\" srcset=\"https:\/\/blogsaverroes.juntadeandalucia.es\/ceipsantarita\/files\/2019\/03\/pasen-web-150x150.jpg 150w, https:\/\/blogsaverroes.juntadeandalucia.es\/ceipsantarita\/files\/2019\/03\/pasen-web-100x100.jpg 100w\" sizes=\"(max-width: 150px) 100vw, 150px\" \/><\/a>\n\t\t\t<\/div><\/figure><figure class='gallery-item'>\n\t\t\t<div class='gallery-icon landscape'>\n\t\t\t\t<a href='https:\/\/blogsaverroes.juntadeandalucia.es\/ceipsantarita\/pasenipasen\/app-pasen\/'><img loading=\"lazy\" decoding=\"async\" width=\"150\" height=\"150\" src=\"https:\/\/blogsaverroes.juntadeandalucia.es\/ceipsantarita\/files\/2019\/03\/app-pasen-150x150.jpg\" class=\"attachment-thumbnail size-thumbnail\" alt=\"logo app pasen\" srcset=\"https:\/\/blogsaverroes.juntadeandalucia.es\/ceipsantarita\/files\/2019\/03\/app-pasen-150x150.jpg 150w, https:\/\/blogsaverroes.juntadeandalucia.es\/ceipsantarita\/files\/2019\/03\/app-pasen-100x100.jpg 100w, https:\/\/blogsaverroes.juntadeandalucia.es\/ceipsantarita\/files\/2019\/03\/app-pasen-24x24.jpg 24w, https:\/\/blogsaverroes.juntadeandalucia.es\/ceipsantarita\/files\/2019\/03\/app-pasen-36x36.jpg 36w, https:\/\/blogsaverroes.juntadeandalucia.es\/ceipsantarita\/files\/2019\/03\/app-pasen-48x48.jpg 48w, https:\/\/blogsaverroes.juntadeandalucia.es\/ceipsantarita\/files\/2019\/03\/app-pasen.jpg 225w\" sizes=\"(max-width: 150px) 100vw, 150px\" \/><\/a>\n\t\t\t<\/div><\/figure>\n\t\t<\/div>\n\n<h4 style=\"text-align: justify\"><strong>PASEN&nbsp;es servicio de la Consejer\u00eda de Educaci\u00f3n&nbsp;que permite la&nbsp;comunicaci\u00f3n entre los distintos miembros de la comunidad educativa&nbsp;(tutores\/as legales, alumnado, cargos directivos y profesorado).<\/strong><\/h4>\n<p>&nbsp;<\/p>\n<h4 style=\"text-align: justify\"><strong>Las familias pueden acceder a este servicio a trav\u00e9s de su web o bien con la aplicaci\u00f3n para tel\u00e9fonos m\u00f3viles o tabletas iPASEN tanto para Android como para IOS.<\/strong><\/h4>\n<p>&nbsp;<\/p>\n<h4 style=\"text-align: justify\"><strong>Para acceder cada familia debe disponer de un usuario y clave que ser\u00e1 entregado por el centro. Una vez que se acceda, podr\u00e1 informarse sobre:<\/strong><\/h4>\n<ul>\n<li>\n<h4><strong>los datos del centro,<\/strong><\/h4>\n<\/li>\n<li>\n<h4><strong>el calendario escolar,<\/strong><\/h4>\n<\/li>\n<li>\n<h4><strong>los libros de textos,<\/strong><\/h4>\n<\/li>\n<li>\n<h4><strong>el profesorado tutor\/a,<\/strong><\/h4>\n<\/li>\n<li>\n<h4><strong>horario de tutor\u00eda,<\/strong><\/h4>\n<\/li>\n<li>\n<h4><strong>calificaciones de las actividades evaluables,<\/strong><\/h4>\n<\/li>\n<li>\n<h4><strong>observaciones realizadas por el profesorado sobre su hijo\/a,<\/strong><\/h4>\n<\/li>\n<li>\n<h4><strong>las visitas programada a tutor\u00eda,<\/strong><\/h4>\n<\/li>\n<li>\n<h4><strong>las faltas de asistencia de su hijo\/a y si est\u00e1n justificadas o no.<\/strong><\/h4>\n<\/li>\n<\/ul>\n<h4><strong>Tambi\u00e9n podr\u00e1:<\/strong><\/h4>\n<ul>\n<li>\n<h4><strong>comunicar y justificar las faltas de asistencia,<\/strong><\/h4>\n<\/li>\n<li>\n<h4><strong>autorizar\/no autorizar actividades,<\/strong><\/h4>\n<\/li>\n<li>\n<h4><strong>recibir mensajes,<\/strong><\/h4>\n<\/li>\n<li>\n<h4><strong>enviar mensajes al :<\/strong><\/h4>\n<ul>\n<li>\n<h4><strong>tutor\/a de su hijo\/a,<\/strong><\/h4>\n<\/li>\n<li>\n<h4>al equipo directivo,<\/h4>\n<\/li>\n<li>\n<h4>al delegado\/a del curso.<\/h4>\n<\/li>\n<\/ul>\n<\/li>\n<\/ul>\n<h4><strong>Para m\u00e1s informaci\u00f3n pulse en la imagen.<\/strong><\/h4>\n<p><a href=\"https:\/\/portalseneca.ced.junta-andalucia.es\/educacion\/portalseneca\/web\/pasen\/inicio\"><img loading=\"lazy\" decoding=\"async\" class=\"aligncenter wp-image-2604 size-medium\" src=\"https:\/\/blogsaverroes.juntadeandalucia.es\/ceipsantarita\/files\/2019\/03\/pasen1-168x300.jpg\" alt=\"\" width=\"168\" height=\"300\" srcset=\"https:\/\/blogsaverroes.juntadeandalucia.es\/ceipsantarita\/files\/2019\/03\/pasen1.jpg 168w, https:\/\/blogsaverroes.juntadeandalucia.es\/ceipsantarita\/files\/2019\/03\/pasen1-13x24.jpg 13w, https:\/\/blogsaverroes.juntadeandalucia.es\/ceipsantarita\/files\/2019\/03\/pasen1-20x36.jpg 20w, https:\/\/blogsaverroes.juntadeandalucia.es\/ceipsantarita\/files\/2019\/03\/pasen1-27x48.jpg 27w\" sizes=\"(max-width: 168px) 100vw, 168px\" \/><\/a><\/p>\n<p>&nbsp;<\/p>\n<h4 style=\"text-align: justify\">En este v\u00eddeo tutorial se explica c\u00f3mo conseguir el usuario y la clave para acceder a iPasen.<\/h4>\n<p>&nbsp;<\/p>\n<p style=\"text-align: center\"><iframe loading=\"lazy\" src=\"https:\/\/www.youtube.com\/embed\/bjQmLlB_v14\" width=\"560\" height=\"315\" frameborder=\"0\"><\/iframe><\/p>\n","protected":false},"excerpt":{"rendered":"<p>PASEN&nbsp;es servicio de la Consejer\u00eda de Educaci\u00f3n&nbsp;que permite la&nbsp;comunicaci\u00f3n entre los distintos miembros de la comunidad educativa&nbsp;(tutores\/as legales, alumnado, cargos directivos y profesorado). &nbsp; Las familias pueden acceder a este servicio a trav\u00e9s de su web o bien con la aplicaci\u00f3n para tel\u00e9fonos m\u00f3viles o tabletas iPASEN tanto para Android como para IOS. &nbsp; Para &hellip; <a href=\"https:\/\/blogsaverroes.juntadeandalucia.es\/ceipsantarita\/pasenipasen\/\" class=\"more-link\">Seguir leyendo <span class=\"screen-reader-text\">Pasen\/iPasen<\/span> <span class=\"meta-nav\">&rarr;<\/span><\/a><\/p>\n","protected":false},"author":6059,"featured_media":0,"parent":0,"menu_order":0,"comment_status":"closed","ping_status":"closed","template":"","meta":{"ngg_post_thumbnail":0,"footnotes":"","_mc_calendar":[]},"aioseo_notices":[],"_links":{"self":[{"href":"https:\/\/blogsaverroes.juntadeandalucia.es\/ceipsantarita\/wp-json\/wp\/v2\/pages\/2596"}],"collection":[{"href":"https:\/\/blogsaverroes.juntadeandalucia.es\/ceipsantarita\/wp-json\/wp\/v2\/pages"}],"about":[{"href":"https:\/\/blogsaverroes.juntadeandalucia.es\/ceipsantarita\/wp-json\/wp\/v2\/types\/page"}],"author":[{"embeddable":true,"href":"https:\/\/blogsaverroes.juntadeandalucia.es\/ceipsantarita\/wp-json\/wp\/v2\/users\/6059"}],"replies":[{"embeddable":true,"href":"https:\/\/blogsaverroes.juntadeandalucia.es\/ceipsantarita\/wp-json\/wp\/v2\/comments?post=2596"}],"version-history":[{"count":9,"href":"https:\/\/blogsaverroes.juntadeandalucia.es\/ceipsantarita\/wp-json\/wp\/v2\/pages\/2596\/revisions"}],"predecessor-version":[{"id":3130,"href":"https:\/\/blogsaverroes.juntadeandalucia.es\/ceipsantarita\/wp-json\/wp\/v2\/pages\/2596\/revisions\/3130"}],"wp:attachment":[{"href":"https:\/\/blogsaverroes.juntadeandalucia.es\/ceipsantarita\/wp-json\/wp\/v2\/media?parent=2596"}],"curies":[{"name":"wp","href":"https:\/\/api.w.org\/{rel}","templated":true}]}}