{"id":2612,"date":"2019-03-18T15:35:36","date_gmt":"2019-03-18T15:35:36","guid":{"rendered":"https:\/\/blogsaverroes.juntadeandalucia.es\/ceipsantarita\/?page_id=2612"},"modified":"2022-06-06T21:09:18","modified_gmt":"2022-06-06T21:09:18","slug":"educacion-infantil-y-primer-ciclo","status":"publish","type":"page","link":"https:\/\/blogsaverroes.juntadeandalucia.es\/ceipsantarita\/educacion-infantil-y-primer-ciclo\/","title":{"rendered":"Educaci\u00f3n Infantil y Primer ciclo de Primaria"},"content":{"rendered":"<h4 style=\"text-align: justify\"><strong>Si est\u00e1 interesado en algunos de estos temas, solo tiene que hacer clic sobre ellos.<\/strong><\/h4>\n<ul>\n<li>\n<h4><strong><a href=\"https:\/\/drive.google.com\/open?id=1_pfWxMedXjeBTEoRj5ERVf9o-qduaELQ\">Las rabietas en los ni\u00f1os y en las ni\u00f1as<\/a><\/strong><\/h4>\n<\/li>\n<li>\n<h4><strong><a href=\"https:\/\/drive.google.com\/open?id=1CvRi3G14g0WWnjvRGXh6cds0kGFwJ4Hz\">Trastornos psicol\u00f3gicos del sue\u00f1o<\/a><\/strong><\/h4>\n<\/li>\n<li>\n<h4><strong><a href=\"https:\/\/drive.google.com\/open?id=1Z3WA_rsjNBJXtugTAL-RBtswLM3Ed-Nw\">Pautas para prevenir la agresividad infantil<\/a><\/strong><\/h4>\n<\/li>\n<li>\n<h4><strong><a href=\"https:\/\/drive.google.com\/open?id=1ANznhjP3J9B7DHbzkWXMYNW28YuDCm1l\">Mi hijo\/ mi hija no me hace caso<\/a><\/strong><\/h4>\n<\/li>\n<li>\n<h4><strong><a href=\"https:\/\/drive.google.com\/open?id=1VVPqBGdlaRDlYPXdZftNkX3beGNVs9rp\">Las ventajas de acudir al parque<\/a><\/strong><\/h4>\n<\/li>\n<li>\n<h4><strong><a href=\"https:\/\/drive.google.com\/open?id=1MlVegNrUd1cM23XniC4rxTe5W2jlcYBb\">Ni\u00f1os y ni\u00f1as que no comen<\/a><\/strong><\/h4>\n<\/li>\n<li>\n<h4><strong><a href=\"https:\/\/drive.google.com\/open?id=1YasLd2Lecai1wICecuk4klY8OfI-vabJ\">Pesadillas y terrores nocturnos<\/a><\/strong><\/h4>\n<\/li>\n<li>\n<h4><strong><a href=\"https:\/\/drive.google.com\/open?id=1cGx2vN0sxD0l8mLsQ2bg9oNR2L9Hdz86\">Problemas de atenci\u00f3n<\/a><\/strong><\/h4>\n<\/li>\n<li>\n<h4><strong><a href=\"https:\/\/drive.google.com\/open?id=1YSzG_4MgW5hwphWMB5NWRhpZH8yuU0HC\">C\u00f3mo jugar con su hijo y con su hija<\/a><\/strong><\/h4>\n<\/li>\n<li>\n<h4><strong><a href=\"https:\/\/drive.google.com\/open?id=1542Fft7oSLeE0j8F4-urSuFIkxm_jV9k\">Hijos e hijas que se sienten bien<\/a><\/strong><\/h4>\n<\/li>\n<li>\n<h4><strong><a href=\"https:\/\/drive.google.com\/open?id=1CluSzRCTx6BbsPFG5EmX8qDHd1JgAT98\">Trastorno del lenguaje no verbal<\/a><\/strong><\/h4>\n<\/li>\n<li>\n<h4><strong><a href=\"https:\/\/drive.google.com\/open?id=1yHfuSLZeOjTn5X5K11ebYRwJ_Q7olKlc\">10 juguetes recomendados<\/a><\/strong><\/h4>\n<\/li>\n<li>\n<h4><strong><a href=\"https:\/\/drive.google.com\/open?id=1BSv5hrsV5rkrpRGj_qP5Y2l-ZCvSExt1\">Primeros auxilios en la infancia<\/a><\/strong><\/h4>\n<\/li>\n<li>\n<h4><strong><a href=\"https:\/\/drive.google.com\/open?id=1LA9aMIVw1XK1Shpeszv4bhsIWYpAp0Fy\">Gu\u00eda para padres y madres<\/a><\/strong><\/h4>\n<h4>&nbsp;<\/h4>\n<\/li>\n<\/ul>\n","protected":false},"excerpt":{"rendered":"<p>Si est\u00e1 interesado en algunos de estos temas, solo tiene que hacer clic sobre ellos. Las rabietas en los ni\u00f1os y en las ni\u00f1as Trastornos psicol\u00f3gicos del sue\u00f1o Pautas para prevenir la agresividad infantil Mi hijo\/ mi hija no me hace caso Las ventajas de acudir al parque Ni\u00f1os y ni\u00f1as que no comen Pesadillas &hellip; <a href=\"https:\/\/blogsaverroes.juntadeandalucia.es\/ceipsantarita\/educacion-infantil-y-primer-ciclo\/\" class=\"more-link\">Seguir leyendo <span class=\"screen-reader-text\">Educaci\u00f3n Infantil y Primer ciclo de Primaria<\/span> <span class=\"meta-nav\">&rarr;<\/span><\/a><\/p>\n","protected":false},"author":6059,"featured_media":0,"parent":0,"menu_order":0,"comment_status":"closed","ping_status":"closed","template":"","meta":{"ngg_post_thumbnail":0,"footnotes":"","_mc_calendar":[]},"aioseo_notices":[],"_links":{"self":[{"href":"https:\/\/blogsaverroes.juntadeandalucia.es\/ceipsantarita\/wp-json\/wp\/v2\/pages\/2612"}],"collection":[{"href":"https:\/\/blogsaverroes.juntadeandalucia.es\/ceipsantarita\/wp-json\/wp\/v2\/pages"}],"about":[{"href":"https:\/\/blogsaverroes.juntadeandalucia.es\/ceipsantarita\/wp-json\/wp\/v2\/types\/page"}],"author":[{"embeddable":true,"href":"https:\/\/blogsaverroes.juntadeandalucia.es\/ceipsantarita\/wp-json\/wp\/v2\/users\/6059"}],"replies":[{"embeddable":true,"href":"https:\/\/blogsaverroes.juntadeandalucia.es\/ceipsantarita\/wp-json\/wp\/v2\/comments?post=2612"}],"version-history":[{"count":5,"href":"https:\/\/blogsaverroes.juntadeandalucia.es\/ceipsantarita\/wp-json\/wp\/v2\/pages\/2612\/revisions"}],"predecessor-version":[{"id":3033,"href":"https:\/\/blogsaverroes.juntadeandalucia.es\/ceipsantarita\/wp-json\/wp\/v2\/pages\/2612\/revisions\/3033"}],"wp:attachment":[{"href":"https:\/\/blogsaverroes.juntadeandalucia.es\/ceipsantarita\/wp-json\/wp\/v2\/media?parent=2612"}],"curies":[{"name":"wp","href":"https:\/\/api.w.org\/{rel}","templated":true}]}}