{"id":2614,"date":"2019-03-18T15:35:56","date_gmt":"2019-03-18T15:35:56","guid":{"rendered":"https:\/\/blogsaverroes.juntadeandalucia.es\/ceipsantarita\/?page_id=2614"},"modified":"2022-06-06T21:06:51","modified_gmt":"2022-06-06T21:06:51","slug":"segundo-y-tercer-ciclo","status":"publish","type":"page","link":"https:\/\/blogsaverroes.juntadeandalucia.es\/ceipsantarita\/segundo-y-tercer-ciclo\/","title":{"rendered":"Segundo y tercer ciclo de Primaria"},"content":{"rendered":"<h4 style=\"text-align: justify\"><strong>SEGURIDAD EN INTERNET:<\/strong><\/h4>\n<ul>\n<li style=\"text-align: justify\">\n<h4><strong><a href=\"https:\/\/www.pantallasamigas.net\/ciberviolencia-de-genero\/\">Ciberviolencia de g\u00e9nero<\/a><\/strong><\/h4>\n<\/li>\n<li style=\"text-align: justify\">\n<h4><strong><a href=\"https:\/\/www.pantallasamigas.net\/ciberbullying\/\">Ciberbullying<\/a><\/strong><\/h4>\n<\/li>\n<li style=\"text-align: justify\">\n<h4><strong><a href=\"https:\/\/www.pantallasamigas.net\/grooming-o-ciberacoso-sexual\/\">Grooming o ciberacoso sexual<\/a><\/strong><\/h4>\n<\/li>\n<li style=\"text-align: justify\">\n<h4><strong><a href=\"https:\/\/www.pantallasamigas.net\/sexting\/\">Sexting, una pr\u00e1ctica de riesgo<\/a><\/strong><\/h4>\n<\/li>\n<li style=\"text-align: justify\">\n<h4><strong><a href=\"https:\/\/www.pantallasamigas.net\/privacidad-y-proteccion-de-datos\/\">Privacidad y protecci\u00f3n de datos<\/a><\/strong><\/h4>\n<\/li>\n<li style=\"text-align: justify\">\n<h4><strong><a href=\"https:\/\/www.pantallasamigas.net\/sextorsion\/\">Sextorsi\u00f3n<\/a><\/strong><\/h4>\n<\/li>\n<li style=\"text-align: justify\">\n<h4><strong><a href=\"https:\/\/www.pantallasamigas.net\/ciberdelitos\/\">Ciberdelitos<\/a><\/strong><\/h4>\n<\/li>\n<li style=\"text-align: justify\">\n<h4><strong><a href=\"https:\/\/www.pantallasamigas.net\/robo-de-identidad-identity-theft-o-id-theft\/\">Robo de identidad<\/a><\/strong><\/h4>\n<\/li>\n<li style=\"text-align: justify\">\n<h4><strong><a href=\"https:\/\/www.pantallasamigas.net\/ayuda-para-madres-y-padres\/\">Ayuda para madres y padres<\/a><\/strong><\/h4>\n<\/li>\n<li>\n<h4 style=\"text-align: justify\"><strong><a href=\"https:\/\/www.pantallasamigas.net\/denuncia-online-org\/\">Denuncia on-line<\/a><\/strong><\/h4>\n<\/li>\n<li>\n<h4><strong><a href=\"https:\/\/www.pantallasamigas.net\/redes-sociales\/\">Redes sociales<\/a><\/strong><\/h4>\n<\/li>\n<li>\n<h4><strong><a href=\"https:\/\/www.pantallasamigas.net\/codigo-pegi-y-pegi-online\/\">Videojuegos on-line<\/a><\/strong><\/h4>\n<\/li>\n<li>\n<h4><strong><a href=\"https:\/\/drive.google.com\/open?id=1UbMcWkfPFZbKbLw1ZHamiDnSlfW-EvFZ\">Guiales en internet<\/a><\/strong><\/h4>\n<\/li>\n<\/ul>\n","protected":false},"excerpt":{"rendered":"<p>SEGURIDAD EN INTERNET: Ciberviolencia de g\u00e9nero Ciberbullying Grooming o ciberacoso sexual Sexting, una pr\u00e1ctica de riesgo Privacidad y protecci\u00f3n de datos Sextorsi\u00f3n Ciberdelitos Robo de identidad Ayuda para madres y padres Denuncia on-line Redes sociales Videojuegos on-line Guiales en internet<\/p>\n","protected":false},"author":6059,"featured_media":0,"parent":0,"menu_order":0,"comment_status":"closed","ping_status":"closed","template":"","meta":{"ngg_post_thumbnail":0,"footnotes":"","_mc_calendar":[]},"aioseo_notices":[],"_links":{"self":[{"href":"https:\/\/blogsaverroes.juntadeandalucia.es\/ceipsantarita\/wp-json\/wp\/v2\/pages\/2614"}],"collection":[{"href":"https:\/\/blogsaverroes.juntadeandalucia.es\/ceipsantarita\/wp-json\/wp\/v2\/pages"}],"about":[{"href":"https:\/\/blogsaverroes.juntadeandalucia.es\/ceipsantarita\/wp-json\/wp\/v2\/types\/page"}],"author":[{"embeddable":true,"href":"https:\/\/blogsaverroes.juntadeandalucia.es\/ceipsantarita\/wp-json\/wp\/v2\/users\/6059"}],"replies":[{"embeddable":true,"href":"https:\/\/blogsaverroes.juntadeandalucia.es\/ceipsantarita\/wp-json\/wp\/v2\/comments?post=2614"}],"version-history":[{"count":5,"href":"https:\/\/blogsaverroes.juntadeandalucia.es\/ceipsantarita\/wp-json\/wp\/v2\/pages\/2614\/revisions"}],"predecessor-version":[{"id":3032,"href":"https:\/\/blogsaverroes.juntadeandalucia.es\/ceipsantarita\/wp-json\/wp\/v2\/pages\/2614\/revisions\/3032"}],"wp:attachment":[{"href":"https:\/\/blogsaverroes.juntadeandalucia.es\/ceipsantarita\/wp-json\/wp\/v2\/media?parent=2614"}],"curies":[{"name":"wp","href":"https:\/\/api.w.org\/{rel}","templated":true}]}}