{"id":2638,"date":"2019-03-20T14:47:55","date_gmt":"2019-03-20T14:47:55","guid":{"rendered":"https:\/\/blogsaverroes.juntadeandalucia.es\/ceipsantarita\/?page_id=2638"},"modified":"2022-06-30T18:45:11","modified_gmt":"2022-06-30T18:45:11","slug":"formacion-del-profesorado","status":"publish","type":"page","link":"https:\/\/blogsaverroes.juntadeandalucia.es\/ceipsantarita\/formacion-del-profesorado\/","title":{"rendered":"Formaci\u00f3n del profesorado"},"content":{"rendered":"<h4><a href=\"https:\/\/blogsaverroes.juntadeandalucia.es\/ceipsantarita\/formacion-del-profesorado\/images-5\/\" rel=\"attachment wp-att-3204\"><img loading=\"lazy\" decoding=\"async\" class=\"aligncenter size-medium wp-image-3204\" src=\"https:\/\/blogsaverroes.juntadeandalucia.es\/ceipsantarita\/files\/2022\/06\/images-300x150.jpeg\" alt=\"\" width=\"300\" height=\"150\" srcset=\"https:\/\/blogsaverroes.juntadeandalucia.es\/ceipsantarita\/files\/2022\/06\/images-300x150.jpeg 300w, https:\/\/blogsaverroes.juntadeandalucia.es\/ceipsantarita\/files\/2022\/06\/images.jpeg 318w\" sizes=\"(max-width: 300px) 100vw, 300px\" \/><\/a><\/h4>\n<h4 style=\"text-align: justify\"><strong>La formaci\u00f3n del profesorado constituye un elemento fundamental para dar respuesta a los nuevos retos educativos que plantea la sociedad actual, siendo el factor clave para conseguir la mejora de la competencia profesional de los y las docentes y contribuyendo, en consecuencia, al desarrollo de una ense\u00f1anza de calidad y equidad.&nbsp;<\/strong><\/h4>\n<h4 style=\"text-align: justify\"><strong>Los centros docentes y las aulas ser\u00e1n el \u00e1mbito ordinario para el aprendizaje e intercambio de pr\u00e1cticas educativas y el desarrollo de las actividades de formaci\u00f3n permanente del profesorado que perseguir\u00e1n el aprendizaje de las buenas pr\u00e1cticas docentes, el intercambio profesional y la difusi\u00f3n del conocimiento que contribuya a la creaci\u00f3n de redes profesionales.<\/strong><\/h4>\n<h4 style=\"text-align: justify\"><strong>En nuestro Claustro de profesorado realizamos formaci\u00f3n continua, y lo hacemos a trav\u00e9s de varias v\u00edas:<\/strong><\/h4>\n<ul>\n<li style=\"text-align: justify\">\n<h4><strong>Formaci\u00f3n impartida por el centro de profesorado&nbsp; perteneciente a la Consejer\u00eda de Educaci\u00f3n:<\/strong><\/h4>\n<ul>\n<li>\n<h4><strong>Cursos presenciales o semipresenciales.<\/strong><\/h4>\n<\/li>\n<li>\n<h4><strong>Cursos on line, a trav\u00e9s de aulas virtuales.<\/strong><\/h4>\n<\/li>\n<li>\n<h4><strong>Jornadas y encuentros.<\/strong><\/h4>\n<\/li>\n<li>\n<h4><strong>Grupos de trabajo.<\/strong><\/h4>\n<\/li>\n<li>\n<h4><strong>Formaci\u00f3n en centro.<\/strong><\/h4>\n<\/li>\n<\/ul>\n<\/li>\n<li>\n<h4 style=\"text-align: justify\"><strong>Formaci\u00f3n impartida por otras entidades ajena a la Consejer\u00eda de Educaci\u00f3n.<\/strong><\/h4>\n<\/li>\n<li style=\"text-align: justify\">\n<h4>Formaci\u00f3n de car\u00e1cter interno al profesorado de nueva incorporaci\u00f3n al centro, que se lleva a cabo durante el inicio de cada curso escolar.<\/h4>\n<\/li>\n<\/ul>\n<h4 style=\"text-align: justify\"><strong>Nuestro centro de formaci\u00f3n de referencia es el CEP Algeciras &#8211; La L\u00ednea.<\/strong><\/h4>\n<p><a href=\"https:\/\/blogsaverroes.juntadeandalucia.es\/ceipsantarita\/formacion-del-profesorado\/4a1a21ae-fe21-4eae-831e-e0b91f5ed0ca-1\/\" rel=\"attachment wp-att-3077\"><img loading=\"lazy\" decoding=\"async\" class=\"aligncenter wp-image-3077\" src=\"https:\/\/blogsaverroes.juntadeandalucia.es\/ceipsantarita\/files\/2022\/06\/4a1a21ae-fe21-4eae-831e-e0b91f5ed0ca-1.jpg\" alt=\"\" width=\"218\" height=\"219\" srcset=\"https:\/\/blogsaverroes.juntadeandalucia.es\/ceipsantarita\/files\/2022\/06\/4a1a21ae-fe21-4eae-831e-e0b91f5ed0ca-1.jpg 200w, https:\/\/blogsaverroes.juntadeandalucia.es\/ceipsantarita\/files\/2022\/06\/4a1a21ae-fe21-4eae-831e-e0b91f5ed0ca-1-150x150.jpg 150w\" sizes=\"(max-width: 218px) 100vw, 218px\" \/><\/a><\/p>\n<h4 style=\"text-align: justify\"><strong>Cada curso escolar dise\u00f1amos el plan de formaci\u00f3n del profesorado que responde a nuestros objetivos, a&nbsp; nuestras necesidades y a nuestros proyectos.<\/strong><\/h4>\n<h4 style=\"text-align: justify\">&nbsp;<\/h4>\n","protected":false},"excerpt":{"rendered":"<p>La formaci\u00f3n del profesorado constituye un elemento fundamental para dar respuesta a los nuevos retos educativos que plantea la sociedad actual, siendo el factor clave para conseguir la mejora de la competencia profesional de los y las docentes y contribuyendo, en consecuencia, al desarrollo de una ense\u00f1anza de calidad y equidad.&nbsp; Los centros docentes y &hellip; <a href=\"https:\/\/blogsaverroes.juntadeandalucia.es\/ceipsantarita\/formacion-del-profesorado\/\" class=\"more-link\">Seguir leyendo <span class=\"screen-reader-text\">Formaci\u00f3n del profesorado<\/span> <span class=\"meta-nav\">&rarr;<\/span><\/a><\/p>\n","protected":false},"author":6059,"featured_media":0,"parent":0,"menu_order":0,"comment_status":"closed","ping_status":"closed","template":"","meta":{"ngg_post_thumbnail":0,"footnotes":"","_mc_calendar":[]},"aioseo_notices":[],"_links":{"self":[{"href":"https:\/\/blogsaverroes.juntadeandalucia.es\/ceipsantarita\/wp-json\/wp\/v2\/pages\/2638"}],"collection":[{"href":"https:\/\/blogsaverroes.juntadeandalucia.es\/ceipsantarita\/wp-json\/wp\/v2\/pages"}],"about":[{"href":"https:\/\/blogsaverroes.juntadeandalucia.es\/ceipsantarita\/wp-json\/wp\/v2\/types\/page"}],"author":[{"embeddable":true,"href":"https:\/\/blogsaverroes.juntadeandalucia.es\/ceipsantarita\/wp-json\/wp\/v2\/users\/6059"}],"replies":[{"embeddable":true,"href":"https:\/\/blogsaverroes.juntadeandalucia.es\/ceipsantarita\/wp-json\/wp\/v2\/comments?post=2638"}],"version-history":[{"count":8,"href":"https:\/\/blogsaverroes.juntadeandalucia.es\/ceipsantarita\/wp-json\/wp\/v2\/pages\/2638\/revisions"}],"predecessor-version":[{"id":3205,"href":"https:\/\/blogsaverroes.juntadeandalucia.es\/ceipsantarita\/wp-json\/wp\/v2\/pages\/2638\/revisions\/3205"}],"wp:attachment":[{"href":"https:\/\/blogsaverroes.juntadeandalucia.es\/ceipsantarita\/wp-json\/wp\/v2\/media?parent=2638"}],"curies":[{"name":"wp","href":"https:\/\/api.w.org\/{rel}","templated":true}]}}