{"id":2812,"date":"2021-03-18T21:14:01","date_gmt":"2021-03-18T21:14:01","guid":{"rendered":"https:\/\/blogsaverroes.juntadeandalucia.es\/ceipsantarita\/?page_id=2812"},"modified":"2021-03-19T10:56:49","modified_gmt":"2021-03-19T10:56:49","slug":"normas","status":"publish","type":"page","link":"https:\/\/blogsaverroes.juntadeandalucia.es\/ceipsantarita\/normas\/","title":{"rendered":"NORMAS"},"content":{"rendered":"<h3>Las normas b\u00e1sicas Covid aprobadas en consejo escolar y recogidas en nuestro protocolo son:<\/h3>\n<ul>\n<li>\n<h3>Uso obligatorio de mascarilla<\/h3>\n<\/li>\n<li>\n<h3>Distancia de seguridad de 1,5 m<\/h3>\n<\/li>\n<li>\n<h3>Higiene de manos con gel hidroalcoh\u00f3lico<\/h3>\n<\/li>\n<li>\n<h3>Atenci\u00f3n al p\u00fablico por cita previa<\/h3>\n<\/li>\n<li>\n<h3>Aforos limitados en las estancias comunes<\/h3>\n<\/li>\n<li>\n<h3>Tutor\u00edas telem\u00e1ticas<\/h3>\n<\/li>\n<li>\n<h3>Tareas de casa telem\u00e1ticas por classroom<\/h3>\n<\/li>\n<li>\n<h3>Toma del desayuno en las aulas<\/h3>\n<\/li>\n<li>\n<h3>Recreos con espacios perimetrados para cada grupo clase.<\/h3>\n<\/li>\n<li>\n<h3>Estblecimiento de turnos de recreo.<\/h3>\n<\/li>\n<li>\n<h3>Se\u00f1alizaci\u00f3n del sentido de circulaci\u00f3n dentro de los edificioas.<\/h3>\n<\/li>\n<li>\n<h3>Ventilaci\u00f3n natural: ventanas y puertas abieras.<\/h3>\n<\/li>\n<li>\n<h3>Limpiza y sesinfecci\u00f3n de las estancias, aseos y material de uso com\u00fan<\/h3>\n<\/li>\n<li>\n<h3>Mochilas, libros de textos , cuadernos y dem\u00e1s enseres escolares quedar\u00e1n todo el curso en el centro<\/h3>\n<\/li>\n<li>\n<h3>Desayunos en talegas<\/h3>\n<\/li>\n<li>\n<h3>Pupitres separados el&nbsp; m\u00e1ximo posible en funci\u00f3n del n\u00fameros de alunos\/as por aulas.<\/h3>\n<\/li>\n<\/ul>\n<p>&nbsp;<\/p>\n","protected":false},"excerpt":{"rendered":"<p>Las normas b\u00e1sicas Covid aprobadas en consejo escolar y recogidas en nuestro protocolo son: Uso obligatorio de mascarilla Distancia de seguridad de 1,5 m Higiene de manos con gel hidroalcoh\u00f3lico Atenci\u00f3n al p\u00fablico por cita previa Aforos limitados en las estancias comunes Tutor\u00edas telem\u00e1ticas Tareas de casa telem\u00e1ticas por classroom Toma del desayuno en las &hellip; <a href=\"https:\/\/blogsaverroes.juntadeandalucia.es\/ceipsantarita\/normas\/\" class=\"more-link\">Seguir leyendo <span class=\"screen-reader-text\">NORMAS<\/span> <span class=\"meta-nav\">&rarr;<\/span><\/a><\/p>\n","protected":false},"author":6059,"featured_media":0,"parent":0,"menu_order":0,"comment_status":"closed","ping_status":"closed","template":"","meta":{"ngg_post_thumbnail":0,"footnotes":"","_mc_calendar":[]},"aioseo_notices":[],"_links":{"self":[{"href":"https:\/\/blogsaverroes.juntadeandalucia.es\/ceipsantarita\/wp-json\/wp\/v2\/pages\/2812"}],"collection":[{"href":"https:\/\/blogsaverroes.juntadeandalucia.es\/ceipsantarita\/wp-json\/wp\/v2\/pages"}],"about":[{"href":"https:\/\/blogsaverroes.juntadeandalucia.es\/ceipsantarita\/wp-json\/wp\/v2\/types\/page"}],"author":[{"embeddable":true,"href":"https:\/\/blogsaverroes.juntadeandalucia.es\/ceipsantarita\/wp-json\/wp\/v2\/users\/6059"}],"replies":[{"embeddable":true,"href":"https:\/\/blogsaverroes.juntadeandalucia.es\/ceipsantarita\/wp-json\/wp\/v2\/comments?post=2812"}],"version-history":[{"count":4,"href":"https:\/\/blogsaverroes.juntadeandalucia.es\/ceipsantarita\/wp-json\/wp\/v2\/pages\/2812\/revisions"}],"predecessor-version":[{"id":2864,"href":"https:\/\/blogsaverroes.juntadeandalucia.es\/ceipsantarita\/wp-json\/wp\/v2\/pages\/2812\/revisions\/2864"}],"wp:attachment":[{"href":"https:\/\/blogsaverroes.juntadeandalucia.es\/ceipsantarita\/wp-json\/wp\/v2\/media?parent=2812"}],"curies":[{"name":"wp","href":"https:\/\/api.w.org\/{rel}","templated":true}]}}