{"id":2852,"date":"2021-03-19T10:22:58","date_gmt":"2021-03-19T10:22:58","guid":{"rendered":"https:\/\/blogsaverroes.juntadeandalucia.es\/ceipsantarita\/?page_id=2852"},"modified":"2022-06-13T18:30:27","modified_gmt":"2022-06-13T18:30:27","slug":"normas-prevencion-covid","status":"publish","type":"page","link":"https:\/\/blogsaverroes.juntadeandalucia.es\/ceipsantarita\/normas-prevencion-covid\/","title":{"rendered":"Normas prevenci\u00f3n covid-19 en la Biblioteca."},"content":{"rendered":"<h3 style=\"text-align: justify\">Como consecuencia de la pandemia, tenemos unas normas de uso del servicio de Biblioteca:<\/h3>\n<ul>\n<li>\n<h3 style=\"text-align: justify\">Cada grupo clase tiene asignado un d\u00eda y una franja horaria para acudir a realizar sus pr\u00e9stamos y devoluciones. Acudir\u00e1n de 4 en 4.<\/h3>\n<\/li>\n<li>\n<h3 style=\"text-align: justify\">Los carnets solo ser\u00e1n manipulados por el personal encargado de realizar los pr\u00e9stamos por lo que permanecer\u00e1n en el centro.<\/h3>\n<\/li>\n<li>\n<h3 style=\"text-align: justify\">Antes de entrar en la biblioteca y al salir es obligatorio la limpieza de manos con gel hidroalcoh\u00f3lico.<\/h3>\n<\/li>\n<li>\n<h3 style=\"text-align: justify\">Para cada grupo se har\u00e1 una selecci\u00f3n de ejemplares que se sacar\u00e1n de su estanter\u00eda y se expondr\u00e1n para que pueden ser elegidos, evit\u00e1ndose as\u00ed la manipulaci\u00f3n del resto de los libros.<\/h3>\n<\/li>\n<li>\n<h3 style=\"text-align: justify\">Los libros una vez devueltos permanecer\u00e1n en cuarentena durante una semana. Pasado ese tiempo volver\u00e1n a sus estanter\u00edas.<\/h3>\n<\/li>\n<\/ul>\n","protected":false},"excerpt":{"rendered":"<p>Como consecuencia de la pandemia, tenemos unas normas de uso del servicio de Biblioteca: Cada grupo clase tiene asignado un d\u00eda y una franja horaria para acudir a realizar sus pr\u00e9stamos y devoluciones. Acudir\u00e1n de 4 en 4. Los carnets solo ser\u00e1n manipulados por el personal encargado de realizar los pr\u00e9stamos por lo que permanecer\u00e1n &hellip; <a href=\"https:\/\/blogsaverroes.juntadeandalucia.es\/ceipsantarita\/normas-prevencion-covid\/\" class=\"more-link\">Seguir leyendo <span class=\"screen-reader-text\">Normas prevenci\u00f3n covid-19 en la Biblioteca.<\/span> <span class=\"meta-nav\">&rarr;<\/span><\/a><\/p>\n","protected":false},"author":6059,"featured_media":0,"parent":0,"menu_order":0,"comment_status":"closed","ping_status":"closed","template":"","meta":{"ngg_post_thumbnail":0,"footnotes":"","_mc_calendar":[]},"aioseo_notices":[],"_links":{"self":[{"href":"https:\/\/blogsaverroes.juntadeandalucia.es\/ceipsantarita\/wp-json\/wp\/v2\/pages\/2852"}],"collection":[{"href":"https:\/\/blogsaverroes.juntadeandalucia.es\/ceipsantarita\/wp-json\/wp\/v2\/pages"}],"about":[{"href":"https:\/\/blogsaverroes.juntadeandalucia.es\/ceipsantarita\/wp-json\/wp\/v2\/types\/page"}],"author":[{"embeddable":true,"href":"https:\/\/blogsaverroes.juntadeandalucia.es\/ceipsantarita\/wp-json\/wp\/v2\/users\/6059"}],"replies":[{"embeddable":true,"href":"https:\/\/blogsaverroes.juntadeandalucia.es\/ceipsantarita\/wp-json\/wp\/v2\/comments?post=2852"}],"version-history":[{"count":3,"href":"https:\/\/blogsaverroes.juntadeandalucia.es\/ceipsantarita\/wp-json\/wp\/v2\/pages\/2852\/revisions"}],"predecessor-version":[{"id":3119,"href":"https:\/\/blogsaverroes.juntadeandalucia.es\/ceipsantarita\/wp-json\/wp\/v2\/pages\/2852\/revisions\/3119"}],"wp:attachment":[{"href":"https:\/\/blogsaverroes.juntadeandalucia.es\/ceipsantarita\/wp-json\/wp\/v2\/media?parent=2852"}],"curies":[{"name":"wp","href":"https:\/\/api.w.org\/{rel}","templated":true}]}}