{"id":3167,"date":"2022-06-17T06:02:40","date_gmt":"2022-06-17T06:02:40","guid":{"rendered":"https:\/\/blogsaverroes.juntadeandalucia.es\/ceipsantarita\/?page_id=3167"},"modified":"2022-06-17T06:11:58","modified_gmt":"2022-06-17T06:11:58","slug":"canales-de-difusion","status":"publish","type":"page","link":"https:\/\/blogsaverroes.juntadeandalucia.es\/ceipsantarita\/canales-de-difusion\/","title":{"rendered":"CANALES DE DIFUSI\u00d3N"},"content":{"rendered":"<p>\u00a1S\u00edguenos en redes!<\/p>\n<p>Si has autorizado al centro a realizar y publicar fotograf\u00edas, v\u00eddeos y audios de tus hijos e hijas, aqu\u00ed te presentamos el lugar en el que se publican. Son los canales de difusi\u00f3n del centro. \u00a1Te encantar\u00e1!<\/p>\n<p><a href=\"https:\/\/blogsaverroes.juntadeandalucia.es\/ceipsantarita\/canales-de-difusion\/descarga-6\/\" rel=\"attachment wp-att-3172\"><img loading=\"lazy\" decoding=\"async\" class=\"wp-image-3172 alignleft\" src=\"https:\/\/blogsaverroes.juntadeandalucia.es\/ceipsantarita\/files\/2022\/06\/descarga-3.png\" alt=\"\" width=\"95\" height=\"95\"><\/a><\/p>\n<p style=\"text-align: justify\">&nbsp;<\/p>\n<p>El cole de Campamento en <a href=\"https:\/\/www.facebook.com\/profile.php?id=100015951422500\">FACEBOOK.<\/a><\/p>\n<p>&nbsp;<\/p>\n<p><a href=\"https:\/\/blogsaverroes.juntadeandalucia.es\/ceipsantarita\/canales-de-difusion\/descarga-7\/\" rel=\"attachment wp-att-3174\"><img loading=\"lazy\" decoding=\"async\" class=\"wp-image-3174 alignleft\" src=\"https:\/\/blogsaverroes.juntadeandalucia.es\/ceipsantarita\/files\/2022\/06\/descarga-6.jpg\" alt=\"\" width=\"86\" height=\"86\"><\/a>El cole de Campamento en <a href=\"https:\/\/www.instagram.com\/ceip.santarita\/\">INSTAGRAM.<\/a><\/p>\n<p>&nbsp;<\/p>\n<p>&nbsp;<\/p>\n<p><a href=\"https:\/\/blogsaverroes.juntadeandalucia.es\/ceipsantarita\/canales-de-difusion\/th\/\" rel=\"attachment wp-att-3173\"><img loading=\"lazy\" decoding=\"async\" class=\"wp-image-3173 alignleft\" src=\"https:\/\/blogsaverroes.juntadeandalucia.es\/ceipsantarita\/files\/2022\/06\/th.jpg\" alt=\"\" width=\"84\" height=\"84\" srcset=\"https:\/\/blogsaverroes.juntadeandalucia.es\/ceipsantarita\/files\/2022\/06\/th.jpg 152w, https:\/\/blogsaverroes.juntadeandalucia.es\/ceipsantarita\/files\/2022\/06\/th-150x150.jpg 150w\" sizes=\"(max-width: 84px) 100vw, 84px\" \/><\/a><\/p>\n<p>B\u00fascanos en <a href=\"http:\/\/@coledecampamento\">TIK TOK.&nbsp;<\/a><\/p>\n","protected":false},"excerpt":{"rendered":"<p>\u00a1S\u00edguenos en redes! Si has autorizado al centro a realizar y publicar fotograf\u00edas, v\u00eddeos y audios de tus hijos e hijas, aqu\u00ed te presentamos el lugar en el que se publican. Son los canales de difusi\u00f3n del centro. \u00a1Te encantar\u00e1! &nbsp; El cole de Campamento en FACEBOOK. &nbsp; El cole de Campamento en INSTAGRAM. &nbsp; &hellip; <a href=\"https:\/\/blogsaverroes.juntadeandalucia.es\/ceipsantarita\/canales-de-difusion\/\" class=\"more-link\">Seguir leyendo <span class=\"screen-reader-text\">CANALES DE DIFUSI\u00d3N<\/span> <span class=\"meta-nav\">&rarr;<\/span><\/a><\/p>\n","protected":false},"author":6059,"featured_media":0,"parent":0,"menu_order":0,"comment_status":"closed","ping_status":"closed","template":"","meta":{"ngg_post_thumbnail":0,"footnotes":"","_mc_calendar":[]},"aioseo_notices":[],"_links":{"self":[{"href":"https:\/\/blogsaverroes.juntadeandalucia.es\/ceipsantarita\/wp-json\/wp\/v2\/pages\/3167"}],"collection":[{"href":"https:\/\/blogsaverroes.juntadeandalucia.es\/ceipsantarita\/wp-json\/wp\/v2\/pages"}],"about":[{"href":"https:\/\/blogsaverroes.juntadeandalucia.es\/ceipsantarita\/wp-json\/wp\/v2\/types\/page"}],"author":[{"embeddable":true,"href":"https:\/\/blogsaverroes.juntadeandalucia.es\/ceipsantarita\/wp-json\/wp\/v2\/users\/6059"}],"replies":[{"embeddable":true,"href":"https:\/\/blogsaverroes.juntadeandalucia.es\/ceipsantarita\/wp-json\/wp\/v2\/comments?post=3167"}],"version-history":[{"count":4,"href":"https:\/\/blogsaverroes.juntadeandalucia.es\/ceipsantarita\/wp-json\/wp\/v2\/pages\/3167\/revisions"}],"predecessor-version":[{"id":3175,"href":"https:\/\/blogsaverroes.juntadeandalucia.es\/ceipsantarita\/wp-json\/wp\/v2\/pages\/3167\/revisions\/3175"}],"wp:attachment":[{"href":"https:\/\/blogsaverroes.juntadeandalucia.es\/ceipsantarita\/wp-json\/wp\/v2\/media?parent=3167"}],"curies":[{"name":"wp","href":"https:\/\/api.w.org\/{rel}","templated":true}]}}