{"id":42,"date":"2021-09-01T09:00:47","date_gmt":"2021-09-01T09:00:47","guid":{"rendered":"http:\/\/blogsaverroes.juntadeandalucia.es\/pre\/ceip\/?page_id=42"},"modified":"2022-10-20T15:41:21","modified_gmt":"2022-10-20T15:41:21","slug":"equipo-directivo","status":"publish","type":"page","link":"https:\/\/blogsaverroes.juntadeandalucia.es\/ceipsantarita\/equipo-directivo\/","title":{"rendered":"Equipo directivo y profesorado"},"content":{"rendered":"<h4 style=\"text-align: center\"><a href=\"https:\/\/blogsaverroes.juntadeandalucia.es\/ceipsantarita\/equipo-directivo\/images-4\/\" rel=\"attachment wp-att-2961\"><img loading=\"lazy\" decoding=\"async\" class=\"aligncenter size-full wp-image-2961\" src=\"https:\/\/blogsaverroes.juntadeandalucia.es\/ceipsantarita\/files\/2022\/06\/images-4.png\" alt=\"\" width=\"300\" height=\"150\"><\/a><\/h4>\n<h4><strong>El Equipo Directivo del centro est\u00e1 formado por:<\/strong><\/h4>\n<h4><strong>&#8211; Isabel M\u00aa Rold\u00e1n S\u00e1nchez, DIRECTORA<\/strong><\/h4>\n<h4><strong>&#8211; M\u00aa Mercedes Rodr\u00edguez Casasola, JEFA DE ESTUDIOS<\/strong><\/h4>\n<h4><strong>&#8211; Francisco Su\u00e1rez Ligero, SECRETARIO<\/strong><\/h4>\n<p>&nbsp;<\/p>\n<h1 style=\"text-align: center\"><span style=\"color: #3366ff\">PROFESORADO<\/span><\/h1>\n<h4><a href=\"https:\/\/blogsaverroes.juntadeandalucia.es\/ceipsantarita\/equipo-directivo\/images-3-2\/\" rel=\"attachment wp-att-2962\"><img loading=\"lazy\" decoding=\"async\" class=\"aligncenter size-full wp-image-2962\" src=\"https:\/\/blogsaverroes.juntadeandalucia.es\/ceipsantarita\/files\/2022\/06\/images-3.jpg\" alt=\"\" width=\"259\" height=\"194\"><\/a><\/h4>\n<h4 style=\"text-align: justify\"><strong>La plantilla de profesorado actual est\u00e1 formada por:<\/strong><\/h4>\n<ul style=\"text-align: justify\">\n<li>\n<h4 style=\"text-align: justify\"><strong>Seis docentes que ocupan plaza con car\u00e1cter definitivo (especialistas)<\/strong><\/h4>\n<\/li>\n<li>\n<h4><strong>Trece docentes en situaci\u00f3n de interinidad (especialistas y generalistas)<\/strong><\/h4>\n<\/li>\n<li>\n<h4><strong>Una docente que imparte Religi\u00f3n Cat\u00f3lica.<\/strong><\/h4>\n<\/li>\n<\/ul>\n<header class=\"entry-header\">\n<h4 class=\"entry-title\"><span style=\"color: #3366ff\">PROFESORADO 22\/ 23<br \/>\n<\/span><\/h4>\n<\/header>\n<div class=\"entry-content\">\n<div class=\"entry-content\">\n<h4><a href=\"https:\/\/blogsaverroes.juntadeandalucia.es\/ceipsantarita\/curso-escolar\/images-3-3\/\" rel=\"attachment wp-att-3075\"><img loading=\"lazy\" decoding=\"async\" class=\"aligncenter size-full wp-image-3075\" src=\"https:\/\/blogsaverroes.juntadeandalucia.es\/ceipsantarita\/files\/2022\/06\/images-3-1.jpg\" alt=\"\" width=\"272\" height=\"185\"><\/a><a href=\"https:\/\/blogsaverroes.juntadeandalucia.es\/ceipsantarita\/equipo-directivo\/captura-de-pantalla-de-2022-10-20-17-29-14\/\" rel=\"attachment wp-att-3254\"><img loading=\"lazy\" decoding=\"async\" class=\"aligncenter size-medium wp-image-3254\" src=\"https:\/\/blogsaverroes.juntadeandalucia.es\/ceipsantarita\/files\/2022\/10\/Captura-de-pantalla-de-2022-10-20-17-29-14-300x169.png\" alt=\"\" width=\"300\" height=\"169\" srcset=\"https:\/\/blogsaverroes.juntadeandalucia.es\/ceipsantarita\/files\/2022\/10\/Captura-de-pantalla-de-2022-10-20-17-29-14-300x169.png 300w, https:\/\/blogsaverroes.juntadeandalucia.es\/ceipsantarita\/files\/2022\/10\/Captura-de-pantalla-de-2022-10-20-17-29-14-1024x576.png 1024w, https:\/\/blogsaverroes.juntadeandalucia.es\/ceipsantarita\/files\/2022\/10\/Captura-de-pantalla-de-2022-10-20-17-29-14-768x432.png 768w, https:\/\/blogsaverroes.juntadeandalucia.es\/ceipsantarita\/files\/2022\/10\/Captura-de-pantalla-de-2022-10-20-17-29-14-1536x864.png 1536w, https:\/\/blogsaverroes.juntadeandalucia.es\/ceipsantarita\/files\/2022\/10\/Captura-de-pantalla-de-2022-10-20-17-29-14.png 1600w\" sizes=\"(max-width: 300px) 100vw, 300px\" \/><\/a><\/h4>\n<h4>Tutor\u00edas y especialidades 2022\/2023<\/h4>\n<table style=\"width: 132.486%;height: 848px\">\n<tbody>\n<tr style=\"height: 36px\">\n<td style=\"height: 36px;width: 32.0675%\">\n<h5>Infantil 3 a\u00f1os<\/h5>\n<\/td>\n<td style=\"height: 36px;width: 98.0189%\">\n<h5>Br\u00edgida M\u00aa Moreno Solaz<\/h5>\n<\/td>\n<\/tr>\n<tr style=\"height: 36px\">\n<td style=\"height: 36px;width: 32.0675%\">\n<h5>Infantil 4 a\u00f1os&nbsp;<\/h5>\n<\/td>\n<td style=\"height: 36px;width: 98.0189%\">\n<h5>Inmaculada Calle Guerrero<\/h5>\n<\/td>\n<\/tr>\n<tr style=\"height: 26px\">\n<td style=\"height: 10px;width: 32.0675%\">\n<h5>Infantil 5 a\u00f1os<\/h5>\n<\/td>\n<td style=\"height: 10px;width: 98.0189%\">\n<h5>Mar\u00eda Gonz\u00e1lez Fern\u00e1ndez<\/h5>\n<h5>M\u00aa Carmen Araujo Cabello<\/h5>\n<\/td>\n<\/tr>\n<tr style=\"height: 36px\">\n<td style=\"height: 36px;width: 32.0675%\">\n<h5>1\u00ba Primaria<\/h5>\n<\/td>\n<td style=\"height: 36px;width: 98.0189%\">\n<h5>Ver\u00f3nica Louzado Moncayo<\/h5>\n<\/td>\n<\/tr>\n<tr style=\"height: 36px\">\n<td style=\"height: 36px;width: 32.0675%\">\n<h5>2\u00ba Primaria<\/h5>\n<\/td>\n<td style=\"height: 36px;width: 98.0189%\">\n<h5>Sara P\u00e9rez Alarc\u00f3n<\/h5>\n<\/td>\n<\/tr>\n<tr style=\"height: 36px\">\n<td style=\"height: 36px;width: 32.0675%\">\n<h5>3\u00ba Primaria<\/h5>\n<\/td>\n<td style=\"height: 36px;width: 98.0189%\">\n<h5>David Diego Palas Garc\u00eda<\/h5>\n<\/td>\n<\/tr>\n<tr style=\"height: 96px\">\n<td style=\"height: 10px;width: 32.0675%\">\n<h5>4\u00ba Primaria<\/h5>\n<\/td>\n<td style=\"height: 10px;width: 98.0189%\">\n<h5>M\u00aa Jos\u00e9 Luna Enr\u00edquez<\/h5>\n<\/td>\n<\/tr>\n<tr style=\"height: 96px\">\n<td style=\"height: 96px;width: 32.0675%\">\n<h5>5\u00ba Primaria A<\/h5>\n<h5>5\u00ba Primaria B<\/h5>\n<\/td>\n<td style=\"height: 96px;width: 98.0189%\">\n<h5>Luis Miguel Caro G\u00f3mez<\/h5>\n<h5>Ana M\u00aa Rodr\u00edguez Parra<\/h5>\n<\/td>\n<\/tr>\n<tr style=\"height: 96px\">\n<td style=\"height: 96px;width: 32.0675%\">\n<h5>6\u00ba Primaria A<\/h5>\n<h5>6\u00ba Primaria B<\/h5>\n<\/td>\n<td style=\"height: 96px;width: 98.0189%\">\n<h5>Fernando Ru\u00edz Orts<\/h5>\n<h5>\u00d3scar David Cano Sab\u00e1n<\/h5>\n<\/td>\n<\/tr>\n<tr style=\"height: 456px\">\n<td style=\"height: 456px;width: 32.0675%\">\n<h5>Ingl\u00e9s<\/h5>\n<h5>Ingl\u00e9s<\/h5>\n<h5>M\u00fasica<\/h5>\n<h5>Refuerzo<\/h5>\n<h5>A.L.<\/h5>\n<h5>P.T.<\/h5>\n<h5>P.T.<\/h5>\n<h5>Religi\u00f3n&nbsp;<\/h5>\n<\/td>\n<td style=\"height: 456px;width: 98.0189%\">\n<h5>Isabel M\u00aa Rold\u00e1n S\u00e1nchez&nbsp;<\/h5>\n<h5>M\u00aa Jos\u00e9 Luna Enr\u00edquez<\/h5>\n<h5>Francisco Su\u00e1rez Ligero<\/h5>\n<h5>Noelia M\u00aa Gonz\u00e1lez Caballero<\/h5>\n<h5>Susana Real Toledo<\/h5>\n<h5>M\u00aa Mercedes Rodr\u00edguez Casasola<\/h5>\n<h5>Diana Cand\u00f3n Moreno<\/h5>\n<h5>M\u00aa Teresa Santaella Mart\u00edn<\/h5>\n<\/td>\n<\/tr>\n<\/tbody>\n<\/table>\n<\/div>\n<\/div>\n<p>&nbsp;<\/p>\n<p>&nbsp;<\/p>\n","protected":false},"excerpt":{"rendered":"<p>El Equipo Directivo del centro est\u00e1 formado por: &#8211; Isabel M\u00aa Rold\u00e1n S\u00e1nchez, DIRECTORA &#8211; M\u00aa Mercedes Rodr\u00edguez Casasola, JEFA DE ESTUDIOS &#8211; Francisco Su\u00e1rez Ligero, SECRETARIO &nbsp; PROFESORADO La plantilla de profesorado actual est\u00e1 formada por: Seis docentes que ocupan plaza con car\u00e1cter definitivo (especialistas) Trece docentes en situaci\u00f3n de interinidad (especialistas y generalistas) &hellip; <a href=\"https:\/\/blogsaverroes.juntadeandalucia.es\/ceipsantarita\/equipo-directivo\/\" class=\"more-link\">Seguir leyendo <span class=\"screen-reader-text\">Equipo directivo y profesorado<\/span> <span class=\"meta-nav\">&rarr;<\/span><\/a><\/p>\n","protected":false},"author":1,"featured_media":0,"parent":0,"menu_order":0,"comment_status":"closed","ping_status":"open","template":"","meta":{"ngg_post_thumbnail":0,"footnotes":"","_mc_calendar":[]},"aioseo_notices":[],"_links":{"self":[{"href":"https:\/\/blogsaverroes.juntadeandalucia.es\/ceipsantarita\/wp-json\/wp\/v2\/pages\/42"}],"collection":[{"href":"https:\/\/blogsaverroes.juntadeandalucia.es\/ceipsantarita\/wp-json\/wp\/v2\/pages"}],"about":[{"href":"https:\/\/blogsaverroes.juntadeandalucia.es\/ceipsantarita\/wp-json\/wp\/v2\/types\/page"}],"author":[{"embeddable":true,"href":"https:\/\/blogsaverroes.juntadeandalucia.es\/ceipsantarita\/wp-json\/wp\/v2\/users\/1"}],"replies":[{"embeddable":true,"href":"https:\/\/blogsaverroes.juntadeandalucia.es\/ceipsantarita\/wp-json\/wp\/v2\/comments?post=42"}],"version-history":[{"count":23,"href":"https:\/\/blogsaverroes.juntadeandalucia.es\/ceipsantarita\/wp-json\/wp\/v2\/pages\/42\/revisions"}],"predecessor-version":[{"id":3255,"href":"https:\/\/blogsaverroes.juntadeandalucia.es\/ceipsantarita\/wp-json\/wp\/v2\/pages\/42\/revisions\/3255"}],"wp:attachment":[{"href":"https:\/\/blogsaverroes.juntadeandalucia.es\/ceipsantarita\/wp-json\/wp\/v2\/media?parent=42"}],"curies":[{"name":"wp","href":"https:\/\/api.w.org\/{rel}","templated":true}]}}