{"id":424,"date":"2015-03-20T07:05:20","date_gmt":"2015-03-20T07:05:20","guid":{"rendered":"http:\/\/blogsaverroes.juntadeandalucia.es\/pre\/ceip\/?page_id=424"},"modified":"2019-12-05T12:21:02","modified_gmt":"2019-12-05T12:21:02","slug":"educacion-infantil","status":"publish","type":"page","link":"https:\/\/blogsaverroes.juntadeandalucia.es\/ceipsantarita\/educacion-infantil\/","title":{"rendered":"Educaci\u00f3n infantil"},"content":{"rendered":"<h5><strong>En este centro contamos actualmente con tres unidades de Educaci\u00f3n Infantil:&nbsp; 3 a\u00f1os,&nbsp; 4 a\u00f1os y&nbsp; 5 a\u00f1os.<\/strong><\/h5>\n<h5><strong>Las clases de 3 y 4 a\u00f1os est\u00e1n ubicadas en el edificio de Educaci\u00f3n Infantil que est\u00e1 al final de la pista deportiva. este edificio cuenta con dos aulas, un peque\u00f1os almac\u00e9n, dos servicios y su propio patio de recreo.<\/strong><\/h5>\n<h5 style=\"text-align: left\"><strong>La clase de 5 a\u00f1os est\u00e1 ubicada en la planta baja del edificio de primaria.<\/strong><\/h5>\n<h5 style=\"text-align: left\"><strong>Profesorado:<\/strong><\/h5>\n<ul>\n<li>\n<h5><strong>Educaci\u00f3n Infantil 3 a\u00f1os: D\u00aa Alicia Torres Carretero<\/strong><\/h5>\n<\/li>\n<li>\n<h5><strong>Educaci\u00f3n Infantil 4 a\u00f1os: D\u00aa Inmaculada Calle Guerrero<\/strong><\/h5>\n<\/li>\n<li>\n<h5><strong>Educaci\u00f3n Infantil 5 a\u00f1os : D\u00aa Carmela Araujo Cabello<\/strong><\/h5>\n<\/li>\n<\/ul>\n<p style=\"text-align: left\"><a href=\"https:\/\/blogsaverroes.juntadeandalucia.es\/ceipsantarita\/files\/2015\/03\/FOTO-004.jpg\"><img loading=\"lazy\" decoding=\"async\" class=\"size-medium wp-image-2198 aligncenter\" src=\"https:\/\/blogsaverroes.juntadeandalucia.es\/ceipsantarita\/files\/2015\/03\/FOTO-004-300x200.jpg\" alt=\"\" width=\"300\" height=\"200\" srcset=\"https:\/\/blogsaverroes.juntadeandalucia.es\/ceipsantarita\/files\/2015\/03\/FOTO-004-300x200.jpg 300w, https:\/\/blogsaverroes.juntadeandalucia.es\/ceipsantarita\/files\/2015\/03\/FOTO-004-1024x683.jpg 1024w, https:\/\/blogsaverroes.juntadeandalucia.es\/ceipsantarita\/files\/2015\/03\/FOTO-004-24x16.jpg 24w, https:\/\/blogsaverroes.juntadeandalucia.es\/ceipsantarita\/files\/2015\/03\/FOTO-004-36x24.jpg 36w, https:\/\/blogsaverroes.juntadeandalucia.es\/ceipsantarita\/files\/2015\/03\/FOTO-004-48x32.jpg 48w, https:\/\/blogsaverroes.juntadeandalucia.es\/ceipsantarita\/files\/2015\/03\/FOTO-004.jpg 1600w\" sizes=\"(max-width: 300px) 100vw, 300px\" \/><\/a>&nbsp; &nbsp;&nbsp;<a href=\"https:\/\/blogsaverroes.juntadeandalucia.es\/ceipsantarita\/files\/2015\/03\/FOTO-003.jpg\"><img loading=\"lazy\" decoding=\"async\" class=\"alignnone size-medium wp-image-2197\" src=\"https:\/\/blogsaverroes.juntadeandalucia.es\/ceipsantarita\/files\/2015\/03\/FOTO-003-300x200.jpg\" alt=\"\" width=\"300\" height=\"200\" srcset=\"https:\/\/blogsaverroes.juntadeandalucia.es\/ceipsantarita\/files\/2015\/03\/FOTO-003-300x200.jpg 300w, https:\/\/blogsaverroes.juntadeandalucia.es\/ceipsantarita\/files\/2015\/03\/FOTO-003-1024x683.jpg 1024w, https:\/\/blogsaverroes.juntadeandalucia.es\/ceipsantarita\/files\/2015\/03\/FOTO-003-24x16.jpg 24w, https:\/\/blogsaverroes.juntadeandalucia.es\/ceipsantarita\/files\/2015\/03\/FOTO-003-36x24.jpg 36w, https:\/\/blogsaverroes.juntadeandalucia.es\/ceipsantarita\/files\/2015\/03\/FOTO-003-48x32.jpg 48w, https:\/\/blogsaverroes.juntadeandalucia.es\/ceipsantarita\/files\/2015\/03\/FOTO-003.jpg 1600w\" sizes=\"(max-width: 300px) 100vw, 300px\" \/>&nbsp;&nbsp;&nbsp;&nbsp;&nbsp;<\/a><a href=\"https:\/\/blogsaverroes.juntadeandalucia.es\/ceipsantarita\/files\/2015\/03\/FOTO-006.jpg\"><img loading=\"lazy\" decoding=\"async\" class=\"size-medium wp-image-2200 alignright\" src=\"https:\/\/blogsaverroes.juntadeandalucia.es\/ceipsantarita\/files\/2015\/03\/FOTO-006-300x200.jpg\" alt=\"\" width=\"300\" height=\"200\" srcset=\"https:\/\/blogsaverroes.juntadeandalucia.es\/ceipsantarita\/files\/2015\/03\/FOTO-006-300x200.jpg 300w, https:\/\/blogsaverroes.juntadeandalucia.es\/ceipsantarita\/files\/2015\/03\/FOTO-006-1024x683.jpg 1024w, https:\/\/blogsaverroes.juntadeandalucia.es\/ceipsantarita\/files\/2015\/03\/FOTO-006-24x16.jpg 24w, https:\/\/blogsaverroes.juntadeandalucia.es\/ceipsantarita\/files\/2015\/03\/FOTO-006-36x24.jpg 36w, https:\/\/blogsaverroes.juntadeandalucia.es\/ceipsantarita\/files\/2015\/03\/FOTO-006-48x32.jpg 48w, https:\/\/blogsaverroes.juntadeandalucia.es\/ceipsantarita\/files\/2015\/03\/FOTO-006.jpg 1600w\" sizes=\"(max-width: 300px) 100vw, 300px\" \/><\/a><\/p>\n<p>&nbsp;<\/p>\n","protected":false},"excerpt":{"rendered":"<p>En este centro contamos actualmente con tres unidades de Educaci\u00f3n Infantil:&nbsp; 3 a\u00f1os,&nbsp; 4 a\u00f1os y&nbsp; 5 a\u00f1os. Las clases de 3 y 4 a\u00f1os est\u00e1n ubicadas en el edificio de Educaci\u00f3n Infantil que est\u00e1 al final de la pista deportiva. este edificio cuenta con dos aulas, un peque\u00f1os almac\u00e9n, dos servicios y su propio &hellip; <a href=\"https:\/\/blogsaverroes.juntadeandalucia.es\/ceipsantarita\/educacion-infantil\/\" class=\"more-link\">Seguir leyendo <span class=\"screen-reader-text\">Educaci\u00f3n infantil<\/span> <span class=\"meta-nav\">&rarr;<\/span><\/a><\/p>\n","protected":false},"author":1,"featured_media":0,"parent":0,"menu_order":0,"comment_status":"closed","ping_status":"open","template":"page-sc.php","meta":{"ngg_post_thumbnail":0,"footnotes":"","_mc_calendar":[]},"aioseo_notices":[],"_links":{"self":[{"href":"https:\/\/blogsaverroes.juntadeandalucia.es\/ceipsantarita\/wp-json\/wp\/v2\/pages\/424"}],"collection":[{"href":"https:\/\/blogsaverroes.juntadeandalucia.es\/ceipsantarita\/wp-json\/wp\/v2\/pages"}],"about":[{"href":"https:\/\/blogsaverroes.juntadeandalucia.es\/ceipsantarita\/wp-json\/wp\/v2\/types\/page"}],"author":[{"embeddable":true,"href":"https:\/\/blogsaverroes.juntadeandalucia.es\/ceipsantarita\/wp-json\/wp\/v2\/users\/1"}],"replies":[{"embeddable":true,"href":"https:\/\/blogsaverroes.juntadeandalucia.es\/ceipsantarita\/wp-json\/wp\/v2\/comments?post=424"}],"version-history":[{"count":9,"href":"https:\/\/blogsaverroes.juntadeandalucia.es\/ceipsantarita\/wp-json\/wp\/v2\/pages\/424\/revisions"}],"predecessor-version":[{"id":2718,"href":"https:\/\/blogsaverroes.juntadeandalucia.es\/ceipsantarita\/wp-json\/wp\/v2\/pages\/424\/revisions\/2718"}],"wp:attachment":[{"href":"https:\/\/blogsaverroes.juntadeandalucia.es\/ceipsantarita\/wp-json\/wp\/v2\/media?parent=424"}],"curies":[{"name":"wp","href":"https:\/\/api.w.org\/{rel}","templated":true}]}}