{"id":44,"date":"2015-03-13T08:42:15","date_gmt":"2015-03-13T08:42:15","guid":{"rendered":"http:\/\/blogsaverroes.juntadeandalucia.es\/pre\/ceip\/?page_id=44"},"modified":"2022-10-20T17:28:04","modified_gmt":"2022-10-20T17:28:04","slug":"planes-y-proyectos","status":"publish","type":"page","link":"https:\/\/blogsaverroes.juntadeandalucia.es\/ceipsantarita\/planes-y-proyectos\/","title":{"rendered":"Planes y Programas"},"content":{"rendered":"<p>&nbsp;<\/p>\n<div style=\"width: 474px;\" class=\"wp-video\"><!--[if lt IE 9]><script>document.createElement('video');<\/script><![endif]-->\n<video class=\"wp-video-shortcode\" id=\"video-44-1\" width=\"474\" height=\"267\" preload=\"metadata\" controls=\"controls\"><source type=\"video\/mp4\" src=\"https:\/\/blogsaverroes.juntadeandalucia.es\/ceipsantarita\/files\/2022\/06\/\u00a1NUestros-Proyectos-3.mp4?_=1\" \/><a href=\"https:\/\/blogsaverroes.juntadeandalucia.es\/ceipsantarita\/files\/2022\/06\/\u00a1NUestros-Proyectos-3.mp4\">https:\/\/blogsaverroes.juntadeandalucia.es\/ceipsantarita\/files\/2022\/06\/\u00a1NUestros-Proyectos-3.mp4<\/a><\/video><\/div>\n<p><a href=\"https:\/\/blogsaverroes.juntadeandalucia.es\/ceipsantarita\/files\/2015\/03\/CRECIENDO-EN-SALUD.jpg\">&nbsp;<\/a><a href=\"https:\/\/blogsaverroes.juntadeandalucia.es\/ceipsantarita\/files\/2015\/03\/CRECIENDO-EN-SALUD.jpg\">&nbsp;&nbsp;<\/a>&nbsp;<\/p>\n<h4 style=\"text-align: justify\">Durante el curso escolar 2021- 2022&nbsp; desarrollamos los siguientes Programas Educativos y de Innovaci\u00f3n, que tienen continuaci\u00f3n en este 2022-2023:<\/h4>\n<ul style=\"text-align: justify\">\n<li>\n<h4><strong>Plan de Igualdad de g\u00e9nero en Educaci\u00f3n.<\/strong><\/h4>\n<\/li>\n<li>\n<h4><strong>Pacto de Estado para la prevenci\u00f3n de la violencia de g\u00e9nero.<\/strong><\/h4>\n<\/li>\n<li>\n<h4><strong>Programa Aldea B. Educaci\u00f3n ambiental para la sostenibilidad.&nbsp; <\/strong><strong>Recapacicla.<\/strong><\/h4>\n<\/li>\n<li>\n<h4><strong>Creciendo en salud.<\/strong><\/h4>\n<\/li>\n<li>\n<h4><b>Transformaci\u00f3n digital educativa (TDE)<\/b><\/h4>\n<\/li>\n<li>\n<h4><strong>Red andaluz Escuela: \u00abEspacio de Paz\u00bb<\/strong><\/h4>\n<\/li>\n<li>\n<h4>Proa +.<\/h4>\n<\/li>\n<li>\n<h4>Parcep.<\/h4>\n<\/li>\n<li>\n<h4>Red de Bibliotecas Escolares de Andaluc\u00eda.<\/h4>\n<\/li>\n<\/ul>\n<h4 style=\"text-align: justify\"><a href=\"https:\/\/blogsaverroes.juntadeandalucia.es\/ceipsantarita\/planes-y-proyectos\/whatsapp-image-2022-10-20-at-19-24-03\/\" rel=\"attachment wp-att-3282\"><img loading=\"lazy\" decoding=\"async\" class=\"aligncenter size-medium wp-image-3282\" src=\"https:\/\/blogsaverroes.juntadeandalucia.es\/ceipsantarita\/files\/2022\/10\/WhatsApp-Image-2022-10-20-at-19.24.03-208x300.jpeg\" alt=\"\" width=\"208\" height=\"300\" srcset=\"https:\/\/blogsaverroes.juntadeandalucia.es\/ceipsantarita\/files\/2022\/10\/WhatsApp-Image-2022-10-20-at-19.24.03-208x300.jpeg 208w, https:\/\/blogsaverroes.juntadeandalucia.es\/ceipsantarita\/files\/2022\/10\/WhatsApp-Image-2022-10-20-at-19.24.03.jpeg 623w\" sizes=\"(max-width: 208px) 100vw, 208px\" \/><\/a><\/h4>\n","protected":false},"excerpt":{"rendered":"<p>&nbsp; &nbsp;&nbsp;&nbsp;&nbsp; Durante el curso escolar 2021- 2022&nbsp; desarrollamos los siguientes Programas Educativos y de Innovaci\u00f3n, que tienen continuaci\u00f3n en este 2022-2023: Plan de Igualdad de g\u00e9nero en Educaci\u00f3n. Pacto de Estado para la prevenci\u00f3n de la violencia de g\u00e9nero. Programa Aldea B. Educaci\u00f3n ambiental para la sostenibilidad.&nbsp; Recapacicla. Creciendo en salud. Transformaci\u00f3n digital educativa &hellip; <a href=\"https:\/\/blogsaverroes.juntadeandalucia.es\/ceipsantarita\/planes-y-proyectos\/\" class=\"more-link\">Seguir leyendo <span class=\"screen-reader-text\">Planes y Programas<\/span> <span class=\"meta-nav\">&rarr;<\/span><\/a><\/p>\n","protected":false},"author":1,"featured_media":0,"parent":0,"menu_order":0,"comment_status":"closed","ping_status":"closed","template":"","meta":{"ngg_post_thumbnail":0,"footnotes":"","_mc_calendar":[]},"aioseo_notices":[],"_links":{"self":[{"href":"https:\/\/blogsaverroes.juntadeandalucia.es\/ceipsantarita\/wp-json\/wp\/v2\/pages\/44"}],"collection":[{"href":"https:\/\/blogsaverroes.juntadeandalucia.es\/ceipsantarita\/wp-json\/wp\/v2\/pages"}],"about":[{"href":"https:\/\/blogsaverroes.juntadeandalucia.es\/ceipsantarita\/wp-json\/wp\/v2\/types\/page"}],"author":[{"embeddable":true,"href":"https:\/\/blogsaverroes.juntadeandalucia.es\/ceipsantarita\/wp-json\/wp\/v2\/users\/1"}],"replies":[{"embeddable":true,"href":"https:\/\/blogsaverroes.juntadeandalucia.es\/ceipsantarita\/wp-json\/wp\/v2\/comments?post=44"}],"version-history":[{"count":14,"href":"https:\/\/blogsaverroes.juntadeandalucia.es\/ceipsantarita\/wp-json\/wp\/v2\/pages\/44\/revisions"}],"predecessor-version":[{"id":3283,"href":"https:\/\/blogsaverroes.juntadeandalucia.es\/ceipsantarita\/wp-json\/wp\/v2\/pages\/44\/revisions\/3283"}],"wp:attachment":[{"href":"https:\/\/blogsaverroes.juntadeandalucia.es\/ceipsantarita\/wp-json\/wp\/v2\/media?parent=44"}],"curies":[{"name":"wp","href":"https:\/\/api.w.org\/{rel}","templated":true}]}}