{"id":77,"date":"2021-09-01T09:00:56","date_gmt":"2021-09-01T09:00:56","guid":{"rendered":"http:\/\/blogsaverroes.juntadeandalucia.es\/pre\/ceip\/?page_id=77"},"modified":"2022-06-19T06:36:37","modified_gmt":"2022-06-19T06:36:37","slug":"secretaria","status":"publish","type":"page","link":"https:\/\/blogsaverroes.juntadeandalucia.es\/ceipsantarita\/secretaria\/","title":{"rendered":"Consejo Escolar"},"content":{"rendered":"<h4><a href=\"https:\/\/blogsaverroes.juntadeandalucia.es\/ceipsantarita\/secretaria\/descarga-2\/\" rel=\"attachment wp-att-2968\"><img loading=\"lazy\" decoding=\"async\" class=\"aligncenter wp-image-2968\" src=\"https:\/\/blogsaverroes.juntadeandalucia.es\/ceipsantarita\/files\/2022\/06\/descarga-300x134.png\" alt=\"\" width=\"347\" height=\"155\" srcset=\"https:\/\/blogsaverroes.juntadeandalucia.es\/ceipsantarita\/files\/2022\/06\/descarga-300x134.png 300w, https:\/\/blogsaverroes.juntadeandalucia.es\/ceipsantarita\/files\/2022\/06\/descarga.png 335w\" sizes=\"(max-width: 347px) 100vw, 347px\" \/><\/a><\/h4>\n<h4 style=\"text-align: center\">Este curso escolar 21\/22 se han renovado la totalidad&nbsp; de los miembros del Consejo Escolar.<\/h4>\n<h4 style=\"text-align: left\"><span style=\"color: #0000ff\"><strong>MIEMBROS<\/strong><\/span><\/h4>\n<p><em><span style=\"font-size: 20px;font-weight: bold\">PRESIDENTA<\/span><\/em><\/p>\n<div>\n<ul>\n<li>\n<h5>D\u00aa Isabel M\u00aa Rold\u00e1n S\u00e1nchez<\/h5>\n<\/li>\n<\/ul>\n<h4><em>SECRETARIO<\/em><\/h4>\n<ul>\n<li>\n<h5>D. Francisco Su\u00e1rez Ligero<\/h5>\n<\/li>\n<\/ul>\n<h4><em>JEFA DE ESTUDIOS<\/em><\/h4>\n<div>\n<ul>\n<li>\n<h5>D\u00aa M\u00aa Mercedes Rodr\u00edguez Casasola<\/h5>\n<\/li>\n<\/ul>\n<h4 style=\"text-align: justify\"><em>REPRESENTANTES del SECTOR del PROFESORADO<\/em><\/h4>\n<div>\n<ul>\n<li>\n<h5>D\u00aa M\u00aa del Carmen&nbsp;Araujo Cabello<\/h5>\n<\/li>\n<li>\n<h5>D\u00aa Inmaculada Calle Guerrero<\/h5>\n<\/li>\n<li>\n<h5>D\u00aa Susana Real Toledo<\/h5>\n<\/li>\n<li>\n<h5>D\u00aa M\u00aa Teresa Santaella Mart\u00edn<\/h5>\n<\/li>\n<\/ul>\n<div>\n<h4 style=\"text-align: justify\"><em>REPRESENTANTE del SECTOR&nbsp; de FAMILIAS<\/em><\/h4>\n<ul>\n<li>\n<h5>D\u00aa Sara Calle Mart\u00ednez<\/h5>\n<\/li>\n<li>\n<h5>D. Ra\u00fal Mart\u00ednez Gordillo<\/h5>\n<\/li>\n<li>\n<h5>D. Rub\u00e9n Meg\u00edas C\u00e1rdenas<\/h5>\n<\/li>\n<li>\n<h5>D\u00aa Cristina S\u00e1nchez Bonelo<\/h5>\n<\/li>\n<li>\n<h5>D\u00aa Natalia Tirado Rienda<\/h5>\n<\/li>\n<\/ul>\n<h4><em><strong>REPRESENTANTE del PERSONAL&nbsp; de ADMINISTRACI\u00d3N Y SERVICIOS<\/strong><\/em><\/h4>\n<ul>\n<li>\n<h5><strong>D. Carlos Javier Pecino P\u00e9rez<\/strong><\/h5>\n<\/li>\n<\/ul>\n<h4><em>REPRESENTANTE&nbsp; del AYUNTAMIENTO<\/em><\/h4>\n<ul>\n<li>\n<h5>D\u00aa M\u00aa de las Mercedes Serrano Carrasco<\/h5>\n<\/li>\n<\/ul>\n<p>&nbsp;<\/p>\n<p style=\"text-align: center\"><a href=\"https:\/\/blogsaverroes.juntadeandalucia.es\/ceipsantarita\/secretaria\/images-4-2\/\" rel=\"attachment wp-att-2969\"><img loading=\"lazy\" decoding=\"async\" class=\"aligncenter wp-image-2969\" src=\"https:\/\/blogsaverroes.juntadeandalucia.es\/ceipsantarita\/files\/2022\/06\/images-4-300x144.jpg\" alt=\"\" width=\"365\" height=\"175\" srcset=\"https:\/\/blogsaverroes.juntadeandalucia.es\/ceipsantarita\/files\/2022\/06\/images-4-300x144.jpg 300w, https:\/\/blogsaverroes.juntadeandalucia.es\/ceipsantarita\/files\/2022\/06\/images-4.jpg 324w\" sizes=\"(max-width: 365px) 100vw, 365px\" \/><\/a><\/p>\n<p style=\"text-align: justify\"><span style=\"color: #0000ff\"><strong>MARCO NORMATIVO<\/strong><\/span><\/p>\n<ul style=\"text-align: justify\">\n<li><strong>Ley Org\u00e1nica 2\/2006, de 3 de mayo, de Educaci\u00f3n (LOE)<\/strong><\/li>\n<li><strong>Ley Org\u00e1nica 3\/2020, de 29 de diciembre, por la que se modifica la LOE<\/strong><\/li>\n<\/ul>\n<p style=\"text-align: justify\"><span style=\"color: #0000ff\"><strong>COMPETENCIAS<\/strong><\/span><\/p>\n<p style=\"text-align: justify\">a) Aprobar y evaluar los proyectos y las normas a los que se refiere el cap\u00edtulo II del t\u00edtulo V de la presente Ley.<\/p>\n<p style=\"text-align: justify\">b) Aprobar y evaluar la programaci\u00f3n general anual del centro, sin perjuicio de las competencias del Claustro del profesorado en relaci\u00f3n con la planificaci\u00f3n y organizaci\u00f3n docente.<\/p>\n<p style=\"text-align: justify\">c) Conocer las candidaturas a la direcci\u00f3n y los proyectos de direcci\u00f3n presentados por las candidatas y\/o los candidatos.<\/p>\n<p style=\"text-align: justify\">d) Participar en la selecci\u00f3n del Director o Directora del centro en los t\u00e9rminos que la presente Ley establece. Ser informado del nombramiento y cese de los dem\u00e1s miembros del equipo directivo. En su caso, previo acuerdo de sus miembros, adoptado por mayor\u00eda de dos tercios, proponer la revocaci\u00f3n del nombramiento del director o directora.<\/p>\n<p style=\"text-align: justify\">e) Decidir sobre la admisi\u00f3n del alumnado con sujeci\u00f3n a lo establecido en esta Ley y disposiciones que la desarrollen.<\/p>\n<p style=\"text-align: justify\">f) Impulsar la adopci\u00f3n y seguimiento de medidas educativas que fomenten el reconocimiento y protecci\u00f3n de los derechos de la infancia.<\/p>\n<p style=\"text-align: justify\">g) Proponer medidas e iniciativas que favorezcan los estilos de vida saludable, la convivencia en el centro, la igualdad efectiva de mujeres y hombres, la no discriminaci\u00f3n, la prevenci\u00f3n del acoso escolar y de la violencia de g\u00e9nero y la resoluci\u00f3n pac\u00edfica de conflictos en todos los \u00e1mbitos de la vida personal, familiar y social.<\/p>\n<p style=\"text-align: justify\">h) Conocer las conductas contrarias a la convivencia y la aplicaci\u00f3n de las medidas educativas, de mediaci\u00f3n y correctoras velando por que se ajusten a la normativa vigente. Cuando las medidas correctoras adoptadas por el Director o Directora correspondan a conductas del alumnado que perjudiquen gravemente la convivencia del centro, el Consejo Escolar, a instancia de padres, madres o tutores legales o, en su caso, del alumnado, podr\u00e1 revisar la decisi\u00f3n adoptada y proponer, en su caso, las medidas oportunas.<\/p>\n<p style=\"text-align: justify\">i) Promover progresivamente la conservaci\u00f3n y renovaci\u00f3n de las instalaciones y equipo escolar para la mejora de la calidad y la sostenibilidad y aprobar la obtenci\u00f3n de recursos complementarios de acuerdo con lo establecido en el art\u00edculo 122.3.<\/p>\n<p style=\"text-align: justify\">j) Fijar las directrices para la colaboraci\u00f3n, con fines educativos y culturales, con las Administraciones locales y con otros centros, entidades y organismos.<\/p>\n<p style=\"text-align: justify\">k) Analizar y valorar el funcionamiento general del centro, la evoluci\u00f3n del rendimiento escolar y los resultados de las evaluaciones internas y externas en las que participe el centro.<\/p>\n<p style=\"text-align: justify\">l) Elaborar propuestas e informes, a iniciativa propia o a petici\u00f3n de la Administraci\u00f3n competente, sobre el funcionamiento del centro y la mejora de la calidad de la gesti\u00f3n, as\u00ed como sobre aquellos otros aspectos relacionados con la calidad de la misma.<\/p>\n<p style=\"text-align: justify\">m) Aprobar el proyecto de presupuesto del centro.<\/p>\n<p style=\"text-align: justify\">n) Cualesquiera otras que le sean atribuidas por la Administraci\u00f3n educativa. Elaborar propuestas e informes, a iniciativa propia o a petici\u00f3n de la Administraci\u00f3n competente, sobre el funcionamiento del centro y la mejora de la calidad de la gesti\u00f3n, as\u00ed como sobre aquellos otros aspectos relacionados con la calidad de la misma.<\/p>\n<h4>&nbsp;<\/h4>\n<\/div>\n<\/div>\n<\/div>\n<\/div>\n","protected":false},"excerpt":{"rendered":"<p>Este curso escolar 21\/22 se han renovado la totalidad&nbsp; de los miembros del Consejo Escolar. MIEMBROS PRESIDENTA D\u00aa Isabel M\u00aa Rold\u00e1n S\u00e1nchez SECRETARIO D. Francisco Su\u00e1rez Ligero JEFA DE ESTUDIOS D\u00aa M\u00aa Mercedes Rodr\u00edguez Casasola REPRESENTANTES del SECTOR del PROFESORADO D\u00aa M\u00aa del Carmen&nbsp;Araujo Cabello D\u00aa Inmaculada Calle Guerrero D\u00aa Susana Real Toledo D\u00aa M\u00aa &hellip; <a href=\"https:\/\/blogsaverroes.juntadeandalucia.es\/ceipsantarita\/secretaria\/\" class=\"more-link\">Seguir leyendo <span class=\"screen-reader-text\">Consejo Escolar<\/span> <span class=\"meta-nav\">&rarr;<\/span><\/a><\/p>\n","protected":false},"author":1,"featured_media":0,"parent":0,"menu_order":0,"comment_status":"closed","ping_status":"open","template":"","meta":{"ngg_post_thumbnail":0,"footnotes":"","_mc_calendar":[]},"aioseo_notices":[],"_links":{"self":[{"href":"https:\/\/blogsaverroes.juntadeandalucia.es\/ceipsantarita\/wp-json\/wp\/v2\/pages\/77"}],"collection":[{"href":"https:\/\/blogsaverroes.juntadeandalucia.es\/ceipsantarita\/wp-json\/wp\/v2\/pages"}],"about":[{"href":"https:\/\/blogsaverroes.juntadeandalucia.es\/ceipsantarita\/wp-json\/wp\/v2\/types\/page"}],"author":[{"embeddable":true,"href":"https:\/\/blogsaverroes.juntadeandalucia.es\/ceipsantarita\/wp-json\/wp\/v2\/users\/1"}],"replies":[{"embeddable":true,"href":"https:\/\/blogsaverroes.juntadeandalucia.es\/ceipsantarita\/wp-json\/wp\/v2\/comments?post=77"}],"version-history":[{"count":17,"href":"https:\/\/blogsaverroes.juntadeandalucia.es\/ceipsantarita\/wp-json\/wp\/v2\/pages\/77\/revisions"}],"predecessor-version":[{"id":3187,"href":"https:\/\/blogsaverroes.juntadeandalucia.es\/ceipsantarita\/wp-json\/wp\/v2\/pages\/77\/revisions\/3187"}],"wp:attachment":[{"href":"https:\/\/blogsaverroes.juntadeandalucia.es\/ceipsantarita\/wp-json\/wp\/v2\/media?parent=77"}],"curies":[{"name":"wp","href":"https:\/\/api.w.org\/{rel}","templated":true}]}}