{"id":80,"date":"2015-03-16T06:57:36","date_gmt":"2015-03-16T06:57:36","guid":{"rendered":"http:\/\/blogsaverroes.juntadeandalucia.es\/pre\/ceip\/?page_id=80"},"modified":"2025-11-07T13:02:16","modified_gmt":"2025-11-07T13:02:16","slug":"curso-escolar","status":"publish","type":"page","link":"https:\/\/blogsaverroes.juntadeandalucia.es\/ceipsantarita\/curso-escolar\/","title":{"rendered":"Profesorado curso escolar 25\/26"},"content":{"rendered":"<h4><a href=\"https:\/\/blogsaverroes.juntadeandalucia.es\/ceipsantarita\/curso-escolar\/images-3-3\/\" rel=\"attachment wp-att-3075\"><img loading=\"lazy\" decoding=\"async\" class=\"aligncenter size-full wp-image-3075\" src=\"https:\/\/blogsaverroes.juntadeandalucia.es\/ceipsantarita\/files\/2022\/06\/images-3-1.jpg\" alt=\"\" width=\"272\" height=\"185\"><\/a><\/h4>\n<h4 style=\"text-align: center\">Tutor\u00edas y especialidades 2025\/2026<\/h4>\n<table style=\"border-collapse: collapse;width: 100%;height: 308px\">\n<tbody>\n<tr style=\"height: 36px\">\n<td style=\"width: 28.9029%;height: 36px\">\n<h5>Infantil 3 a\u00f1os<\/h5>\n<\/td>\n<td style=\"width: 71.0971%;height: 36px\">\n<h5>M\u00aa del Carmen Araujo Cabello<\/h5>\n<\/td>\n<\/tr>\n<tr style=\"height: 36px\">\n<td style=\"width: 28.9029%;height: 36px\">\n<h5>Infantil 4 a\u00f1os&nbsp;<\/h5>\n<\/td>\n<td style=\"width: 71.0971%;height: 36px\">\n<h5>Alicia Torres Carretero<\/h5>\n<\/td>\n<\/tr>\n<tr style=\"height: 36px\">\n<td style=\"width: 28.9029%;height: 36px\">\n<h5>Infantil 5 a\u00f1os<\/h5>\n<\/td>\n<td style=\"width: 71.0971%;height: 36px\">\n<h5>Virginia Mu\u00f1oz Aranda<\/h5>\n<\/td>\n<\/tr>\n<tr style=\"height: 36px\">\n<td style=\"width: 28.9029%;height: 36px\">\n<h5>1\u00ba Primaria<\/h5>\n<\/td>\n<td style=\"width: 71.0971%;height: 36px\">\n<h5>Laura Torres N\u00fa\u00f1ez<\/h5>\n<\/td>\n<\/tr>\n<tr style=\"height: 36px\">\n<td style=\"width: 28.9029%;height: 36px\">\n<h5>2\u00ba Primaria<\/h5>\n<\/td>\n<td style=\"width: 71.0971%;height: 36px\">\n<h5>M\u00aa Jos\u00e9 Cabrera Rueda<\/h5>\n<\/td>\n<\/tr>\n<tr style=\"height: 36px\">\n<td style=\"width: 28.9029%;height: 36px\">\n<h5>3\u00ba Primaria<\/h5>\n<\/td>\n<td style=\"width: 71.0971%;height: 36px\">\n<h5>Alba V. L\u00f3pez Garc\u00eda<\/h5>\n<\/td>\n<\/tr>\n<tr style=\"height: 36px\">\n<td style=\"width: 28.9029%;height: 36px\">\n<h5>4\u00ba Primaria A<\/h5>\n<h5>4\u00ba Primaria B<\/h5>\n<\/td>\n<td style=\"width: 71.0971%;height: 36px\">\n<h5>Isabel Arag\u00f3n Rueda<\/h5>\n<h5>Pilar D\u00edaz Ram\u00edrez<\/h5>\n<\/td>\n<\/tr>\n<tr style=\"height: 36px\">\n<td style=\"width: 28.9029%;height: 10px\">\n<h5>&nbsp;<\/h5>\n<h5>5\u00ba Primaria A<\/h5>\n<h5>&nbsp;<\/h5>\n<\/td>\n<td style=\"width: 71.0971%;height: 10px\">\n<h5>&nbsp;<\/h5>\n<h5>Paula Pi\u00f1ero Toledo<\/h5>\n<h5>&nbsp;<\/h5>\n<\/td>\n<\/tr>\n<tr style=\"height: 36px\">\n<td style=\"width: 28.9029%;height: 10px\">\n<h5>&nbsp;<\/h5>\n<h5>6\u00ba Primaria&nbsp;<\/h5>\n<h5>&nbsp;<\/h5>\n<\/td>\n<td style=\"width: 71.0971%;height: 10px\">\n<h5>&nbsp;<\/h5>\n<h5>J. Daniel Tineo Lobo<\/h5>\n<\/td>\n<\/tr>\n<tr style=\"height: 36px\">\n<td style=\"width: 28.9029%;height: 36px\">\n<h5>Ingl\u00e9s<\/h5>\n<h5>Ingl\u00e9s<\/h5>\n<h5>M\u00fasica<\/h5>\n<h5>Refuerzo<\/h5>\n<h5>A.L.<\/h5>\n<h5>P.T.<\/h5>\n<h5>Religi\u00f3n&nbsp;<\/h5>\n<\/td>\n<td style=\"width: 71.0971%;height: 36px\">\n<h5>Isabel M\u00aa Rold\u00e1n S\u00e1nchez<\/h5>\n<h5>Pilar D\u00edaz Ram\u00edrez<\/h5>\n<h5>Francisco Su\u00e1rez Ligero<\/h5>\n<h5>Eugenia M\u00aa Gallardo Moreno<\/h5>\n<h5>Susana Real Toledo<\/h5>\n<h5>Diana Cand\u00f3n Moreno<\/h5>\n<h5>M\u00aa Teresa Santaella Mart\u00edn<\/h5>\n<\/td>\n<\/tr>\n<\/tbody>\n<\/table>\n<h5>&nbsp;<\/h5>\n","protected":false},"excerpt":{"rendered":"<p>Tutor\u00edas y especialidades 2025\/2026 Infantil 3 a\u00f1os M\u00aa del Carmen Araujo Cabello Infantil 4 a\u00f1os&nbsp; Alicia Torres Carretero Infantil 5 a\u00f1os Virginia Mu\u00f1oz Aranda 1\u00ba Primaria Laura Torres N\u00fa\u00f1ez 2\u00ba Primaria M\u00aa Jos\u00e9 Cabrera Rueda 3\u00ba Primaria Alba V. L\u00f3pez Garc\u00eda 4\u00ba Primaria A 4\u00ba Primaria B Isabel Arag\u00f3n Rueda Pilar D\u00edaz Ram\u00edrez &nbsp; 5\u00ba &hellip; <a href=\"https:\/\/blogsaverroes.juntadeandalucia.es\/ceipsantarita\/curso-escolar\/\" class=\"more-link\">Seguir leyendo <span class=\"screen-reader-text\">Profesorado curso escolar 25\/26<\/span> <span class=\"meta-nav\">&rarr;<\/span><\/a><\/p>\n","protected":false},"author":1,"featured_media":0,"parent":0,"menu_order":0,"comment_status":"closed","ping_status":"open","template":"","meta":{"ngg_post_thumbnail":0,"footnotes":"","_mc_calendar":[]},"aioseo_notices":[],"_links":{"self":[{"href":"https:\/\/blogsaverroes.juntadeandalucia.es\/ceipsantarita\/wp-json\/wp\/v2\/pages\/80"}],"collection":[{"href":"https:\/\/blogsaverroes.juntadeandalucia.es\/ceipsantarita\/wp-json\/wp\/v2\/pages"}],"about":[{"href":"https:\/\/blogsaverroes.juntadeandalucia.es\/ceipsantarita\/wp-json\/wp\/v2\/types\/page"}],"author":[{"embeddable":true,"href":"https:\/\/blogsaverroes.juntadeandalucia.es\/ceipsantarita\/wp-json\/wp\/v2\/users\/1"}],"replies":[{"embeddable":true,"href":"https:\/\/blogsaverroes.juntadeandalucia.es\/ceipsantarita\/wp-json\/wp\/v2\/comments?post=80"}],"version-history":[{"count":8,"href":"https:\/\/blogsaverroes.juntadeandalucia.es\/ceipsantarita\/wp-json\/wp\/v2\/pages\/80\/revisions"}],"predecessor-version":[{"id":3312,"href":"https:\/\/blogsaverroes.juntadeandalucia.es\/ceipsantarita\/wp-json\/wp\/v2\/pages\/80\/revisions\/3312"}],"wp:attachment":[{"href":"https:\/\/blogsaverroes.juntadeandalucia.es\/ceipsantarita\/wp-json\/wp\/v2\/media?parent=80"}],"curies":[{"name":"wp","href":"https:\/\/api.w.org\/{rel}","templated":true}]}}