{"id":82,"date":"2021-09-01T09:00:55","date_gmt":"2021-09-01T09:00:55","guid":{"rendered":"http:\/\/blogsaverroes.juntadeandalucia.es\/pre\/ceip\/?page_id=82"},"modified":"2022-10-20T14:13:17","modified_gmt":"2022-10-20T14:13:17","slug":"horarios","status":"publish","type":"page","link":"https:\/\/blogsaverroes.juntadeandalucia.es\/ceipsantarita\/horarios\/","title":{"rendered":"Horarios"},"content":{"rendered":"<p><a href=\"https:\/\/blogsaverroes.juntadeandalucia.es\/ceipsantarita\/horarios\/images-3\/\" rel=\"attachment wp-att-2948\"><img loading=\"lazy\" decoding=\"async\" class=\"aligncenter size-full wp-image-2948\" src=\"https:\/\/blogsaverroes.juntadeandalucia.es\/ceipsantarita\/files\/2022\/06\/images-3.png\" alt=\"\" width=\"290\" height=\"174\"><\/a><\/p>\n<h3 style=\"text-align: center\"><span style=\"color: #0000ff\"><strong>Horario del centro<\/strong><\/span><\/h3>\n<h3 style=\"text-align: justify\"><strong>Aula Matinal<\/strong>: de lunes a viernes de 7:30 a 9:00 horas<\/h3>\n<h3 style=\"text-align: justify\"><strong>Jornada escolar<\/strong>: de lunes a viernes de 9:00 a 14:00 horas.<\/h3>\n<h4><a href=\"https:\/\/blogsaverroes.juntadeandalucia.es\/ceipsantarita\/horarios\/images-2-3\/\" rel=\"attachment wp-att-2949\"><img loading=\"lazy\" decoding=\"async\" class=\"aligncenter size-full wp-image-2949\" src=\"https:\/\/blogsaverroes.juntadeandalucia.es\/ceipsantarita\/files\/2022\/06\/images-2.jpg\" alt=\"\" width=\"225\" height=\"225\" srcset=\"https:\/\/blogsaverroes.juntadeandalucia.es\/ceipsantarita\/files\/2022\/06\/images-2.jpg 225w, https:\/\/blogsaverroes.juntadeandalucia.es\/ceipsantarita\/files\/2022\/06\/images-2-150x150.jpg 150w\" sizes=\"(max-width: 225px) 100vw, 225px\" \/><\/a><\/h4>\n<h3 style=\"text-align: center\"><span style=\"color: #3366ff\"><strong>Horario de tutor\u00eda<\/strong><\/span><\/h3>\n<h3>&nbsp;Lunes de 16:30 h. a 17:30 h. (oferta presencial y\/o telematica)<\/h3>\n<h4 style=\"text-align: center\"><a href=\"https:\/\/blogsaverroes.juntadeandalucia.es\/ceipsantarita\/horarios\/images-2-2\/\" rel=\"attachment wp-att-2947\"><img loading=\"lazy\" decoding=\"async\" class=\"aligncenter size-full wp-image-2947\" src=\"https:\/\/blogsaverroes.juntadeandalucia.es\/ceipsantarita\/files\/2022\/06\/images-2.png\" alt=\"\" width=\"294\" height=\"172\"><\/a><\/h4>\n<h3 style=\"text-align: center\"><span style=\"color: #3366ff\"><strong>Horario de atenci\u00f3n al p\u00fablico<\/strong><\/span><\/h3>\n<p><a href=\"https:\/\/blogsaverroes.juntadeandalucia.es\/ceipsantarita\/horarios\/horario-de-atencion4\/\" rel=\"attachment wp-att-3229\"><img loading=\"lazy\" decoding=\"async\" class=\"aligncenter size-medium wp-image-3229\" src=\"https:\/\/blogsaverroes.juntadeandalucia.es\/ceipsantarita\/files\/2022\/10\/HORARIO-DE-ATENCI\u00d3N4-212x300.png\" alt=\"\" width=\"212\" height=\"300\" srcset=\"https:\/\/blogsaverroes.juntadeandalucia.es\/ceipsantarita\/files\/2022\/10\/HORARIO-DE-ATENCI\u00d3N4-212x300.png 212w, https:\/\/blogsaverroes.juntadeandalucia.es\/ceipsantarita\/files\/2022\/10\/HORARIO-DE-ATENCI\u00d3N4-724x1024.png 724w, https:\/\/blogsaverroes.juntadeandalucia.es\/ceipsantarita\/files\/2022\/10\/HORARIO-DE-ATENCI\u00d3N4-768x1086.png 768w, https:\/\/blogsaverroes.juntadeandalucia.es\/ceipsantarita\/files\/2022\/10\/HORARIO-DE-ATENCI\u00d3N4-1086x1536.png 1086w, https:\/\/blogsaverroes.juntadeandalucia.es\/ceipsantarita\/files\/2022\/10\/HORARIO-DE-ATENCI\u00d3N4.png 1131w\" sizes=\"(max-width: 212px) 100vw, 212px\" \/><\/a><\/p>\n<ul>\n<li>\n<h3><em><strong>DIRECCI\u00d3N<\/strong><\/em><\/h3>\n<ul>\n<li>\n<h3><strong>lunes, martes&nbsp; y jueves de 9:00 a 10:00 (sin cita previa)<\/strong><\/h3>\n<\/li>\n<\/ul>\n<\/li>\n<li>\n<h3><em><strong>JEFATURA DE ESTUDIOS<\/strong><\/em><\/h3>\n<ul>\n<li>\n<h3><strong> mi\u00e9rcoles de 12.30 a 14.00 (sin cita previa)<\/strong><\/h3>\n<\/li>\n<\/ul>\n<\/li>\n<li>\n<h3><em><strong>SECRETARIA<\/strong><\/em><\/h3>\n<ul>\n<li>\n<h3><strong>lunes y mi\u00e9rcoles de 13:00 a 14:00 (sin cita previa)<\/strong><\/h3>\n<\/li>\n<\/ul>\n<\/li>\n<\/ul>\n<h2><strong>Tel\u00e9fono: <span style=\"color: #3366ff\">956 67 01 90<\/span><\/strong><\/h2>\n<h2><strong>Correo electr\u00f3nico: <span style=\"color: #3366ff\">11005640.edu@juntadeandalucia.es<\/span><\/strong><\/h2>\n<ul>\n<li style=\"list-style-type: none\">&nbsp;<\/li>\n<\/ul>\n","protected":false},"excerpt":{"rendered":"<p>Horario del centro Aula Matinal: de lunes a viernes de 7:30 a 9:00 horas Jornada escolar: de lunes a viernes de 9:00 a 14:00 horas. Horario de tutor\u00eda &nbsp;Lunes de 16:30 h. a 17:30 h. (oferta presencial y\/o telematica) Horario de atenci\u00f3n al p\u00fablico DIRECCI\u00d3N lunes, martes&nbsp; y jueves de 9:00 a 10:00 (sin cita &hellip; <a href=\"https:\/\/blogsaverroes.juntadeandalucia.es\/ceipsantarita\/horarios\/\" class=\"more-link\">Seguir leyendo <span class=\"screen-reader-text\">Horarios<\/span> <span class=\"meta-nav\">&rarr;<\/span><\/a><\/p>\n","protected":false},"author":1,"featured_media":0,"parent":0,"menu_order":0,"comment_status":"closed","ping_status":"open","template":"","meta":{"ngg_post_thumbnail":0,"footnotes":"","_mc_calendar":[]},"aioseo_notices":[],"_links":{"self":[{"href":"https:\/\/blogsaverroes.juntadeandalucia.es\/ceipsantarita\/wp-json\/wp\/v2\/pages\/82"}],"collection":[{"href":"https:\/\/blogsaverroes.juntadeandalucia.es\/ceipsantarita\/wp-json\/wp\/v2\/pages"}],"about":[{"href":"https:\/\/blogsaverroes.juntadeandalucia.es\/ceipsantarita\/wp-json\/wp\/v2\/types\/page"}],"author":[{"embeddable":true,"href":"https:\/\/blogsaverroes.juntadeandalucia.es\/ceipsantarita\/wp-json\/wp\/v2\/users\/1"}],"replies":[{"embeddable":true,"href":"https:\/\/blogsaverroes.juntadeandalucia.es\/ceipsantarita\/wp-json\/wp\/v2\/comments?post=82"}],"version-history":[{"count":16,"href":"https:\/\/blogsaverroes.juntadeandalucia.es\/ceipsantarita\/wp-json\/wp\/v2\/pages\/82\/revisions"}],"predecessor-version":[{"id":3230,"href":"https:\/\/blogsaverroes.juntadeandalucia.es\/ceipsantarita\/wp-json\/wp\/v2\/pages\/82\/revisions\/3230"}],"wp:attachment":[{"href":"https:\/\/blogsaverroes.juntadeandalucia.es\/ceipsantarita\/wp-json\/wp\/v2\/media?parent=82"}],"curies":[{"name":"wp","href":"https:\/\/api.w.org\/{rel}","templated":true}]}}