{"id":870,"date":"2015-03-16T07:24:27","date_gmt":"2015-03-16T07:24:27","guid":{"rendered":"http:\/\/blogsaverroes.juntadeandalucia.es\/pre\/ceip\/?page_id=103"},"modified":"2022-06-13T06:08:39","modified_gmt":"2022-06-13T06:08:39","slug":"aula-matinal","status":"publish","type":"page","link":"https:\/\/blogsaverroes.juntadeandalucia.es\/ceipsantarita\/aula-matinal\/","title":{"rendered":"Aula Matinal"},"content":{"rendered":"<h5 style=\"text-align: center\"><a href=\"https:\/\/blogsaverroes.juntadeandalucia.es\/ceipsantarita\/files\/2015\/03\/aula-matinal.jpg\"><img loading=\"lazy\" decoding=\"async\" class=\"size-medium wp-image-2170 alignleft\" src=\"https:\/\/blogsaverroes.juntadeandalucia.es\/ceipsantarita\/files\/2015\/03\/aula-matinal-300x134.jpg\" alt=\"\" width=\"300\" height=\"134\" srcset=\"https:\/\/blogsaverroes.juntadeandalucia.es\/ceipsantarita\/files\/2015\/03\/aula-matinal-300x134.jpg 300w, https:\/\/blogsaverroes.juntadeandalucia.es\/ceipsantarita\/files\/2015\/03\/aula-matinal-24x11.jpg 24w, https:\/\/blogsaverroes.juntadeandalucia.es\/ceipsantarita\/files\/2015\/03\/aula-matinal-36x16.jpg 36w, https:\/\/blogsaverroes.juntadeandalucia.es\/ceipsantarita\/files\/2015\/03\/aula-matinal-48x21.jpg 48w, https:\/\/blogsaverroes.juntadeandalucia.es\/ceipsantarita\/files\/2015\/03\/aula-matinal.jpg 336w\" sizes=\"(max-width: 300px) 100vw, 300px\" \/><\/a><\/h5>\n<h5>&nbsp;<\/h5>\n<h4 style=\"text-align: justify\"><strong>El Aula Matinal abre su servicio a las 7:30 horas de lunes a viernes, ofreciendo actividades diversas a los alumnos hasta el comienzo del horario lectivo.<\/strong><\/h4>\n<h4 style=\"text-align: justify\"><strong>Cuenta con dos monitoras cualificadas.<\/strong><\/h4>\n<h4 style=\"text-align: justify\"><strong>Se puede solicitar el servicio para todos los d\u00edas o bien d\u00edas sueltos, <\/strong><strong>previa inscripci\u00f3n y domiciliaci\u00f3n&nbsp; bancaria.<\/strong><\/h4>\n<h4><strong>Para descargar el modelo de solicitud pique <a href=\"https:\/\/drive.google.com\/open?id=1lnXVZpiZgL4-tVUXI9OdNP14VdaNUojT\">aqu\u00ed<\/a>.<\/strong><\/h4>\n<h4 style=\"text-align: justify\"><strong>Una vez cumplimentada, entregue en la secretar\u00eda del centro en el horario establecido para atenci\u00f3n al p\u00fablico.<\/strong><\/h4>\n<p>&nbsp;<\/p>\n","protected":false},"excerpt":{"rendered":"<p>&nbsp; El Aula Matinal abre su servicio a las 7:30 horas de lunes a viernes, ofreciendo actividades diversas a los alumnos hasta el comienzo del horario lectivo. Cuenta con dos monitoras cualificadas. Se puede solicitar el servicio para todos los d\u00edas o bien d\u00edas sueltos, previa inscripci\u00f3n y domiciliaci\u00f3n&nbsp; bancaria. Para descargar el modelo de &hellip; <a href=\"https:\/\/blogsaverroes.juntadeandalucia.es\/ceipsantarita\/aula-matinal\/\" class=\"more-link\">Seguir leyendo <span class=\"screen-reader-text\">Aula Matinal<\/span> <span class=\"meta-nav\">&rarr;<\/span><\/a><\/p>\n","protected":false},"author":1,"featured_media":0,"parent":0,"menu_order":0,"comment_status":"closed","ping_status":"open","template":"","meta":{"ngg_post_thumbnail":0,"footnotes":"","_mc_calendar":[]},"aioseo_notices":[],"_links":{"self":[{"href":"https:\/\/blogsaverroes.juntadeandalucia.es\/ceipsantarita\/wp-json\/wp\/v2\/pages\/870"}],"collection":[{"href":"https:\/\/blogsaverroes.juntadeandalucia.es\/ceipsantarita\/wp-json\/wp\/v2\/pages"}],"about":[{"href":"https:\/\/blogsaverroes.juntadeandalucia.es\/ceipsantarita\/wp-json\/wp\/v2\/types\/page"}],"author":[{"embeddable":true,"href":"https:\/\/blogsaverroes.juntadeandalucia.es\/ceipsantarita\/wp-json\/wp\/v2\/users\/1"}],"replies":[{"embeddable":true,"href":"https:\/\/blogsaverroes.juntadeandalucia.es\/ceipsantarita\/wp-json\/wp\/v2\/comments?post=870"}],"version-history":[{"count":15,"href":"https:\/\/blogsaverroes.juntadeandalucia.es\/ceipsantarita\/wp-json\/wp\/v2\/pages\/870\/revisions"}],"predecessor-version":[{"id":3100,"href":"https:\/\/blogsaverroes.juntadeandalucia.es\/ceipsantarita\/wp-json\/wp\/v2\/pages\/870\/revisions\/3100"}],"wp:attachment":[{"href":"https:\/\/blogsaverroes.juntadeandalucia.es\/ceipsantarita\/wp-json\/wp\/v2\/media?parent=870"}],"curies":[{"name":"wp","href":"https:\/\/api.w.org\/{rel}","templated":true}]}}