{"id":621,"date":"2022-10-28T21:06:06","date_gmt":"2022-10-28T20:06:06","guid":{"rendered":"https:\/\/blogsaverroes.juntadeandalucia.es\/ceipsantateresadejesus\/?page_id=621"},"modified":"2022-11-21T18:38:38","modified_gmt":"2022-11-21T17:38:38","slug":"datos-del-nuestro-centro","status":"publish","type":"page","link":"https:\/\/blogsaverroes.juntadeandalucia.es\/ceipsantateresadejesus\/datos-del-nuestro-centro\/","title":{"rendered":"Datos de nuestro centro"},"content":{"rendered":"<ul>\n<li><strong>Nombre<\/strong>: C.E.I.P. Santa Teresa de Jes\u00fas<\/li>\n<li><strong>Direcci\u00f3n<\/strong>: Doctor Vigueras 67<\/li>\n<li><strong>Tel\u00e9fono<\/strong>: 953499907<\/li>\n<li><strong>Correo electr\u00f3nico<\/strong>: 23003843.edu@juntadeandalucia.es<\/li>\n<\/ul>\n","protected":false},"excerpt":{"rendered":"<p>Nombre: C.E.I.P. Santa Teresa de Jes\u00fas Direcci\u00f3n: Doctor Vigueras 67 Tel\u00e9fono: 953499907 Correo electr\u00f3nico: 23003843.edu@juntadeandalucia.es<\/p>\n","protected":false},"author":16038,"featured_media":0,"parent":0,"menu_order":0,"comment_status":"closed","ping_status":"closed","template":"","meta":{"ngg_post_thumbnail":0,"footnotes":""},"aioseo_notices":[],"_links":{"self":[{"href":"https:\/\/blogsaverroes.juntadeandalucia.es\/ceipsantateresadejesus\/wp-json\/wp\/v2\/pages\/621"}],"collection":[{"href":"https:\/\/blogsaverroes.juntadeandalucia.es\/ceipsantateresadejesus\/wp-json\/wp\/v2\/pages"}],"about":[{"href":"https:\/\/blogsaverroes.juntadeandalucia.es\/ceipsantateresadejesus\/wp-json\/wp\/v2\/types\/page"}],"author":[{"embeddable":true,"href":"https:\/\/blogsaverroes.juntadeandalucia.es\/ceipsantateresadejesus\/wp-json\/wp\/v2\/users\/16038"}],"replies":[{"embeddable":true,"href":"https:\/\/blogsaverroes.juntadeandalucia.es\/ceipsantateresadejesus\/wp-json\/wp\/v2\/comments?post=621"}],"version-history":[{"count":6,"href":"https:\/\/blogsaverroes.juntadeandalucia.es\/ceipsantateresadejesus\/wp-json\/wp\/v2\/pages\/621\/revisions"}],"predecessor-version":[{"id":922,"href":"https:\/\/blogsaverroes.juntadeandalucia.es\/ceipsantateresadejesus\/wp-json\/wp\/v2\/pages\/621\/revisions\/922"}],"wp:attachment":[{"href":"https:\/\/blogsaverroes.juntadeandalucia.es\/ceipsantateresadejesus\/wp-json\/wp\/v2\/media?parent=621"}],"curies":[{"name":"wp","href":"https:\/\/api.w.org\/{rel}","templated":true}]}}