{"id":639,"date":"2022-10-28T21:11:34","date_gmt":"2022-10-28T20:11:34","guid":{"rendered":"https:\/\/blogsaverroes.juntadeandalucia.es\/ceipsantateresadejesus\/?page_id=639"},"modified":"2025-06-25T12:29:16","modified_gmt":"2025-06-25T11:29:16","slug":"libros-y-materiales-utilizados","status":"publish","type":"page","link":"https:\/\/blogsaverroes.juntadeandalucia.es\/ceipsantateresadejesus\/libros-y-materiales-utilizados\/","title":{"rendered":"Libros y materiales utilizados"},"content":{"rendered":"<p><a href=\"https:\/\/drive.google.com\/file\/d\/1smiBU8J1BufMqfcF_sMgVbV27InvOi5e\/view?usp=sharing\">1. LISTADO DE MATERIAL 3 A\u00d1OS 2025-2026<\/a><\/p>\n<p><a href=\"https:\/\/drive.google.com\/file\/d\/1yjyEjrJc0jzBPnqxIoE54NOgcPrT7cWM\/view?usp=drive_link\">2. LISTADO DE MATERIAL 4 A\u00d1OS <\/a><a href=\"https:\/\/blogsaverroes.juntadeandalucia.es\/ceipsantateresadejesus\/files\/2024\/06\/1-LISTADO-DE-MATERIAL-3-ANOS-2024-2025-1.pdf\">2025-2026<\/a><\/p>\n<p><a href=\"https:\/\/drive.google.com\/file\/d\/1-fm82Og3U9OBAQEAW9kKJfti5vAl6uh4\/view?usp=drive_link\">3. LISTADO DE MATERIAL 5 A\u00d1OS <\/a><a href=\"https:\/\/blogsaverroes.juntadeandalucia.es\/ceipsantateresadejesus\/files\/2024\/06\/1-LISTADO-DE-MATERIAL-3-ANOS-2024-2025-1.pdf\">2025-2026<\/a><\/p>\n<p><a href=\"https:\/\/drive.google.com\/file\/d\/1VBnFYP-RqtvzdKRUNKXotOB6XIKnttPe\/view?usp=drive_link\">4. LISTADO DE MATERIAL 1\u00ba CICLO <\/a><a href=\"https:\/\/blogsaverroes.juntadeandalucia.es\/ceipsantateresadejesus\/files\/2024\/06\/1-LISTADO-DE-MATERIAL-3-ANOS-2024-2025-1.pdf\">2025-2026<\/a><\/p>\n<p><a href=\"https:\/\/drive.google.com\/file\/d\/1-gR3V7UQJff8uXdrpexmcLynUuRxwXd2\/view?usp=drive_link\">5. LISTADO DE MATERIAL 2\u00ba CICLO <\/a><a href=\"https:\/\/blogsaverroes.juntadeandalucia.es\/ceipsantateresadejesus\/files\/2024\/06\/1-LISTADO-DE-MATERIAL-3-ANOS-2024-2025-1.pdf\">2025-2026<\/a><\/p>\n<p><a href=\"https:\/\/drive.google.com\/file\/d\/1f3n00BJ_Jf2BwLPtkyv5t2RbfL0J-ihd\/view?usp=drive_link\">6. LISTADO DE MATERIAL 3\u00ba CICLO <\/a><a href=\"https:\/\/blogsaverroes.juntadeandalucia.es\/ceipsantateresadejesus\/files\/2024\/06\/1-LISTADO-DE-MATERIAL-3-ANOS-2024-2025-1.pdf\">2025-2<\/a><a href=\"https:\/\/blogsaverroes.juntadeandalucia.es\/ceipsantateresadejesus\/files\/2024\/06\/1-LISTADO-DE-MATERIAL-3-ANOS-2024-2025-1.pdf\">026<\/a><\/p>\n","protected":false},"excerpt":{"rendered":"<p>1. LISTADO DE MATERIAL 3 A\u00d1OS 2025-2026 2. LISTADO DE MATERIAL 4 A\u00d1OS 2025-2026 3. LISTADO DE MATERIAL 5 A\u00d1OS 2025-2026 4. LISTADO DE MATERIAL 1\u00ba CICLO 2025-2026 5. LISTADO DE MATERIAL 2\u00ba CICLO 2025-2026 6. LISTADO DE MATERIAL 3\u00ba CICLO 2025-2026<\/p>\n","protected":false},"author":16038,"featured_media":0,"parent":0,"menu_order":0,"comment_status":"closed","ping_status":"closed","template":"","meta":{"ngg_post_thumbnail":0,"footnotes":""},"aioseo_notices":[],"_links":{"self":[{"href":"https:\/\/blogsaverroes.juntadeandalucia.es\/ceipsantateresadejesus\/wp-json\/wp\/v2\/pages\/639"}],"collection":[{"href":"https:\/\/blogsaverroes.juntadeandalucia.es\/ceipsantateresadejesus\/wp-json\/wp\/v2\/pages"}],"about":[{"href":"https:\/\/blogsaverroes.juntadeandalucia.es\/ceipsantateresadejesus\/wp-json\/wp\/v2\/types\/page"}],"author":[{"embeddable":true,"href":"https:\/\/blogsaverroes.juntadeandalucia.es\/ceipsantateresadejesus\/wp-json\/wp\/v2\/users\/16038"}],"replies":[{"embeddable":true,"href":"https:\/\/blogsaverroes.juntadeandalucia.es\/ceipsantateresadejesus\/wp-json\/wp\/v2\/comments?post=639"}],"version-history":[{"count":12,"href":"https:\/\/blogsaverroes.juntadeandalucia.es\/ceipsantateresadejesus\/wp-json\/wp\/v2\/pages\/639\/revisions"}],"predecessor-version":[{"id":2811,"href":"https:\/\/blogsaverroes.juntadeandalucia.es\/ceipsantateresadejesus\/wp-json\/wp\/v2\/pages\/639\/revisions\/2811"}],"wp:attachment":[{"href":"https:\/\/blogsaverroes.juntadeandalucia.es\/ceipsantateresadejesus\/wp-json\/wp\/v2\/media?parent=639"}],"curies":[{"name":"wp","href":"https:\/\/api.w.org\/{rel}","templated":true}]}}