{"id":2100,"date":"2016-03-01T17:34:53","date_gmt":"2016-03-01T17:34:53","guid":{"rendered":"http:\/\/blogsaverroes.juntadeandalucia.es\/ceipsantateresaestepa\/?page_id=2100"},"modified":"2026-02-15T17:41:54","modified_gmt":"2026-02-15T17:41:54","slug":"organigrama-2","status":"publish","type":"page","link":"https:\/\/blogsaverroes.juntadeandalucia.es\/ceipsantateresaestepa\/organigrama-2\/","title":{"rendered":"ORGANIGRAMA"},"content":{"rendered":"<p class=\"western\" lang=\"es-ES\"><a href=\"https:\/\/blogsaverroes.juntadeandalucia.es\/ceipsantateresaestepa\/files\/2024\/10\/Green-Orange-Modern-Organization-Structure-Graph.jpg\"><br \/>\n<\/a>En este documento podr\u00e1 encontrar, de manera detallada, el Organigrama de nuestro centro para el presente curso: Equipo Directivo, Equipo T\u00e9cnico de Coordinaci\u00f3n Pedag\u00f3gica, Tutores, Profesores de Apoyo, Especialistas y Coordinadores\/as de planes y programas.<\/p>\n<p style=\"text-align: center\"><a href=\"https:\/\/blogsaverroes.juntadeandalucia.es\/ceipsantateresaestepa\/files\/2026\/02\/ORGANIGRAMA-DEL-CURSO-25-26.pdf\"><strong>ORGANIGRAMA-DEL-CURSO-2025-26<\/strong><\/a><\/p>\n<p>&nbsp;<\/p>\n<p><a href=\"https:\/\/blogsaverroes.juntadeandalucia.es\/ceipsantateresaestepa\/files\/2026\/02\/ORGANIGRAMA-DEL-CURSO-25-26.pdf\"><img loading=\"lazy\" decoding=\"async\" class=\"aligncenter wp-image-4567\" src=\"https:\/\/blogsaverroes.juntadeandalucia.es\/ceipsantateresaestepa\/files\/2024\/10\/Green-Orange-Modern-Organization-Structure-Graph.jpg\" alt=\"\" width=\"575\" height=\"431\" srcset=\"https:\/\/blogsaverroes.juntadeandalucia.es\/ceipsantateresaestepa\/files\/2024\/10\/Green-Orange-Modern-Organization-Structure-Graph.jpg 1024w, https:\/\/blogsaverroes.juntadeandalucia.es\/ceipsantateresaestepa\/files\/2024\/10\/Green-Orange-Modern-Organization-Structure-Graph-300x225.jpg 300w, https:\/\/blogsaverroes.juntadeandalucia.es\/ceipsantateresaestepa\/files\/2024\/10\/Green-Orange-Modern-Organization-Structure-Graph-768x576.jpg 768w\" sizes=\"(max-width: 575px) 100vw, 575px\" \/><\/a><\/p>\n<p>&nbsp;<\/p>\n","protected":false},"excerpt":{"rendered":"<p>En este documento podr\u00e1 encontrar, de manera detallada, el Organigrama de nuestro centro para el presente curso: Equipo Directivo, Equipo T\u00e9cnico de Coordinaci\u00f3n Pedag\u00f3gica, Tutores, Profesores de Apoyo, Especialistas y&#46;&#46;&#46;<\/p>\n","protected":false},"author":3431,"featured_media":0,"parent":0,"menu_order":0,"comment_status":"open","ping_status":"open","template":"","meta":{"ngg_post_thumbnail":0,"footnotes":"","_mc_calendar":[]},"aioseo_notices":[],"_links":{"self":[{"href":"https:\/\/blogsaverroes.juntadeandalucia.es\/ceipsantateresaestepa\/wp-json\/wp\/v2\/pages\/2100"}],"collection":[{"href":"https:\/\/blogsaverroes.juntadeandalucia.es\/ceipsantateresaestepa\/wp-json\/wp\/v2\/pages"}],"about":[{"href":"https:\/\/blogsaverroes.juntadeandalucia.es\/ceipsantateresaestepa\/wp-json\/wp\/v2\/types\/page"}],"author":[{"embeddable":true,"href":"https:\/\/blogsaverroes.juntadeandalucia.es\/ceipsantateresaestepa\/wp-json\/wp\/v2\/users\/3431"}],"replies":[{"embeddable":true,"href":"https:\/\/blogsaverroes.juntadeandalucia.es\/ceipsantateresaestepa\/wp-json\/wp\/v2\/comments?post=2100"}],"version-history":[{"count":26,"href":"https:\/\/blogsaverroes.juntadeandalucia.es\/ceipsantateresaestepa\/wp-json\/wp\/v2\/pages\/2100\/revisions"}],"predecessor-version":[{"id":4670,"href":"https:\/\/blogsaverroes.juntadeandalucia.es\/ceipsantateresaestepa\/wp-json\/wp\/v2\/pages\/2100\/revisions\/4670"}],"wp:attachment":[{"href":"https:\/\/blogsaverroes.juntadeandalucia.es\/ceipsantateresaestepa\/wp-json\/wp\/v2\/media?parent=2100"}],"curies":[{"name":"wp","href":"https:\/\/api.w.org\/{rel}","templated":true}]}}