{"id":2974,"date":"2021-05-14T11:40:42","date_gmt":"2021-05-14T11:40:42","guid":{"rendered":"http:\/\/blogsaverroes.juntadeandalucia.es\/ceipsantateresaestepa\/?page_id=2974"},"modified":"2021-05-14T11:40:42","modified_gmt":"2021-05-14T11:40:42","slug":"solicitudes-matricula-curso-2021-22-y-anexo-de-religion","status":"publish","type":"page","link":"https:\/\/blogsaverroes.juntadeandalucia.es\/ceipsantateresaestepa\/solicitudes-matricula-curso-2021-22-y-anexo-de-religion\/","title":{"rendered":"SOLICITUDES MATR\u00cdCULA CURSO 2021-22 Y ANEXO DE RELIGI\u00d3N."},"content":{"rendered":"<p><a href=\"https:\/\/blogsaverroes.juntadeandalucia.es\/ceipsantateresaestepa\/files\/2021\/05\/SEGUNDO-CICLO-DE-INFANTIL-ANEXO-IV.pdf\">SEGUNDO CICLO DE INFANTIL ANEXO IV<\/a> <a href=\"https:\/\/blogsaverroes.juntadeandalucia.es\/ceipsantateresaestepa\/files\/2021\/05\/AULA-ESPEC\u00cdFICA-ANEXO-VI.pdf\">AULA ESPEC\u00cdFICA ANEXO VI<\/a> <a href=\"https:\/\/blogsaverroes.juntadeandalucia.es\/ceipsantateresaestepa\/files\/2021\/05\/EDUCACI\u00d3N-PRIMARIA-ANEXO-V.pdf\">EDUCACI\u00d3N PRIMARIA ANEXO V<\/a> <a href=\"https:\/\/blogsaverroes.juntadeandalucia.es\/ceipsantateresaestepa\/files\/2021\/05\/ANEXO-RELIGI\u00d3N.pdf\">ANEXO RELIGI\u00d3N<\/a><\/p>\n","protected":false},"excerpt":{"rendered":"<p>SEGUNDO CICLO DE INFANTIL ANEXO IV AULA ESPEC\u00cdFICA ANEXO VI EDUCACI\u00d3N PRIMARIA ANEXO V ANEXO RELIGI\u00d3N<\/p>\n","protected":false},"author":3431,"featured_media":0,"parent":0,"menu_order":0,"comment_status":"closed","ping_status":"closed","template":"","meta":{"ngg_post_thumbnail":0,"footnotes":"","_mc_calendar":[]},"aioseo_notices":[],"_links":{"self":[{"href":"https:\/\/blogsaverroes.juntadeandalucia.es\/ceipsantateresaestepa\/wp-json\/wp\/v2\/pages\/2974"}],"collection":[{"href":"https:\/\/blogsaverroes.juntadeandalucia.es\/ceipsantateresaestepa\/wp-json\/wp\/v2\/pages"}],"about":[{"href":"https:\/\/blogsaverroes.juntadeandalucia.es\/ceipsantateresaestepa\/wp-json\/wp\/v2\/types\/page"}],"author":[{"embeddable":true,"href":"https:\/\/blogsaverroes.juntadeandalucia.es\/ceipsantateresaestepa\/wp-json\/wp\/v2\/users\/3431"}],"replies":[{"embeddable":true,"href":"https:\/\/blogsaverroes.juntadeandalucia.es\/ceipsantateresaestepa\/wp-json\/wp\/v2\/comments?post=2974"}],"version-history":[{"count":1,"href":"https:\/\/blogsaverroes.juntadeandalucia.es\/ceipsantateresaestepa\/wp-json\/wp\/v2\/pages\/2974\/revisions"}],"predecessor-version":[{"id":2976,"href":"https:\/\/blogsaverroes.juntadeandalucia.es\/ceipsantateresaestepa\/wp-json\/wp\/v2\/pages\/2974\/revisions\/2976"}],"wp:attachment":[{"href":"https:\/\/blogsaverroes.juntadeandalucia.es\/ceipsantateresaestepa\/wp-json\/wp\/v2\/media?parent=2974"}],"curies":[{"name":"wp","href":"https:\/\/api.w.org\/{rel}","templated":true}]}}