{"id":35,"date":"2015-03-13T08:21:43","date_gmt":"2015-03-13T08:21:43","guid":{"rendered":"http:\/\/blogsaverroes.juntadeandalucia.es\/pre\/ceip\/?page_id=35"},"modified":"2016-03-04T10:55:36","modified_gmt":"2016-03-04T10:55:36","slug":"el-centro-2","status":"publish","type":"page","link":"https:\/\/blogsaverroes.juntadeandalucia.es\/ceipsantateresaestepa\/el-centro-2\/","title":{"rendered":"Datos del centro"},"content":{"rendered":"<p><iframe loading=\"lazy\" src=\"https:\/\/www.google.com\/maps\/embed?pb=!1m18!1m12!1m3!1d443.2276481417142!2d-4.877759769098243!3d37.296536524343594!2m3!1f0!2f0!3f0!3m2!1i1024!2i768!4f13.1!3m3!1m2!1s0xd6d5a1a406c8c4b%3A0x46c357b7aa13c37c!2s41560+Estepa%2C+Sevilla!5e1!3m2!1ses!2ses!4v1456931787368\" width=\"600\" height=\"450\" frameborder=\"0\"><\/iframe><\/p>\n<h4>Datos de contacto<\/h4>\n<p>CEIP SANTA TERESA DE ESTEPA<\/p>\n<p><strong>Direcci\u00f3n:<\/strong>\u00a0 Calle Camino de las Vigas s\/n,\u00a0 Estepa 41560 Sevilla<\/p>\n<p><strong>Tel\u00e9fono: 954822911<br \/>\n<\/strong><\/p>\n<p><strong>Tel\u00e9fono coorporativo:388911<\/strong><\/p>\n<p><strong> FAX: 954822912<\/strong><br \/>\n<strong>Email:41001987.edu@juntadeandalucia.es<\/strong><\/p>\n<p><strong>SECRETAR\u00cdA: Abierto de lunes a viernes de 12:30 a 14:00<\/strong><\/p>\n<h4><strong>Horarios<\/strong><\/h4>\n<p>Horario de apertura del centro: aula matinal, actividades lectivas, Plan de Acompa\u00f1amiento: martes y mi\u00e9rcoles de 16:00 a 18:00<\/p>\n<p>&nbsp;<\/p>\n<table style=\"height: 149px\" width=\"377\">\n<tbody>\n<tr>\n<td colspan=\"3\">\n<p style=\"text-align: center\"><strong>TALLERES<\/strong><br \/>\n<strong>EXTRAESCOLARES<\/strong><\/p>\n<\/td>\n<\/tr>\n<tr>\n<td style=\"text-align: center\"><strong>INGL\u00c9S<\/strong><\/td>\n<td style=\"text-align: center\"><strong>FRANC\u00c9S<\/strong><\/td>\n<td style=\"text-align: center\"><strong>TEATRO<\/strong><\/td>\n<\/tr>\n<tr>\n<td><strong>PATINAJE<\/strong><\/td>\n<td><strong>PSICOMOTRICIDAD<\/strong><\/td>\n<td><strong>MULTIDEPORTE<\/strong><\/td>\n<\/tr>\n<\/tbody>\n<\/table>\n<h4><strong>Oferta educativa<\/strong><\/h4>\n<h4>Instalaciones<\/h4>\n<p><a href=\"http:\/\/blogsaverroes.juntadeandalucia.es\/ceipsantateresaestepa\/files\/2016\/03\/sitio-web-en-construccion.jpg\"><img loading=\"lazy\" decoding=\"async\" class=\"alignnone size-full wp-image-2233\" src=\"http:\/\/blogsaverroes.juntadeandalucia.es\/ceipsantateresaestepa\/files\/2016\/03\/sitio-web-en-construccion.jpg\" alt=\"sitio web en construccion\" width=\"262\" height=\"192\" \/><\/a> <a href=\"http:\/\/blogsaverroes.juntadeandalucia.es\/ceipsantateresaestepa\/files\/2016\/03\/en-construccion.jpg\"><img loading=\"lazy\" decoding=\"async\" class=\"alignnone size-full wp-image-2231\" src=\"http:\/\/blogsaverroes.juntadeandalucia.es\/ceipsantateresaestepa\/files\/2016\/03\/en-construccion.jpg\" alt=\"en construccion\" width=\"181\" height=\"136\" \/><\/a><\/p>\n<p>&nbsp;<\/p>\n<p>&nbsp;<\/p>\n","protected":false},"excerpt":{"rendered":"<p>Datos de contacto CEIP SANTA TERESA DE ESTEPA Direcci\u00f3n:\u00a0 Calle Camino de las Vigas s\/n,\u00a0 Estepa 41560 Sevilla Tel\u00e9fono: 954822911 Tel\u00e9fono coorporativo:388911 FAX: 954822912 Email:41001987.edu@juntadeandalucia.es SECRETAR\u00cdA: Abierto de lunes a&#46;&#46;&#46;<\/p>\n","protected":false},"author":1,"featured_media":0,"parent":0,"menu_order":0,"comment_status":"open","ping_status":"open","template":"","meta":{"ngg_post_thumbnail":0,"footnotes":"","_mc_calendar":[]},"aioseo_notices":[],"_links":{"self":[{"href":"https:\/\/blogsaverroes.juntadeandalucia.es\/ceipsantateresaestepa\/wp-json\/wp\/v2\/pages\/35"}],"collection":[{"href":"https:\/\/blogsaverroes.juntadeandalucia.es\/ceipsantateresaestepa\/wp-json\/wp\/v2\/pages"}],"about":[{"href":"https:\/\/blogsaverroes.juntadeandalucia.es\/ceipsantateresaestepa\/wp-json\/wp\/v2\/types\/page"}],"author":[{"embeddable":true,"href":"https:\/\/blogsaverroes.juntadeandalucia.es\/ceipsantateresaestepa\/wp-json\/wp\/v2\/users\/1"}],"replies":[{"embeddable":true,"href":"https:\/\/blogsaverroes.juntadeandalucia.es\/ceipsantateresaestepa\/wp-json\/wp\/v2\/comments?post=35"}],"version-history":[{"count":26,"href":"https:\/\/blogsaverroes.juntadeandalucia.es\/ceipsantateresaestepa\/wp-json\/wp\/v2\/pages\/35\/revisions"}],"predecessor-version":[{"id":2234,"href":"https:\/\/blogsaverroes.juntadeandalucia.es\/ceipsantateresaestepa\/wp-json\/wp\/v2\/pages\/35\/revisions\/2234"}],"wp:attachment":[{"href":"https:\/\/blogsaverroes.juntadeandalucia.es\/ceipsantateresaestepa\/wp-json\/wp\/v2\/media?parent=35"}],"curies":[{"name":"wp","href":"https:\/\/api.w.org\/{rel}","templated":true}]}}