{"id":42,"date":"2015-03-13T08:40:47","date_gmt":"2015-03-13T08:40:47","guid":{"rendered":"http:\/\/blogsaverroes.juntadeandalucia.es\/pre\/ceip\/?page_id=42"},"modified":"2024-11-12T15:56:45","modified_gmt":"2024-11-12T15:56:45","slug":"equipo-directivo","status":"publish","type":"page","link":"https:\/\/blogsaverroes.juntadeandalucia.es\/ceipsantateresaestepa\/equipo-directivo\/","title":{"rendered":"Equipo directivo"},"content":{"rendered":"<p>&nbsp;<\/p>\n<p><strong>DIRECCI\u00d3N: MAR\u00cdA DEL CARMEN MOLINA RUEDA<\/strong><\/p>\n<p><strong>JEFATURA DE ESTUDIOS: CLARA RODR\u00cdGUEZ CASTILLO<\/strong><\/p>\n<p><strong>SECRETAR\u00cdA: MANUEL L\u00d3PEZ GONZ\u00c1LEZ<br \/>\n<\/strong><\/p>\n<p>&nbsp;<\/p>\n<p><a href=\"https:\/\/blogsaverroes.juntadeandalucia.es\/ceipsantateresaestepa\/files\/2021\/09\/Sin-t\u00edtulo.jpg\"><img loading=\"lazy\" decoding=\"async\" class=\"aligncenter size-full wp-image-3005\" src=\"https:\/\/blogsaverroes.juntadeandalucia.es\/ceipsantateresaestepa\/files\/2021\/09\/Sin-t\u00edtulo.jpg\" alt=\"\" width=\"265\" height=\"250\"\/><\/a><\/p>\n<p>&nbsp;<\/p>\n","protected":false},"excerpt":{"rendered":"<p>&nbsp; DIRECCI\u00d3N: MAR\u00cdA DEL CARMEN MOLINA RUEDA JEFATURA DE ESTUDIOS: CLARA RODR\u00cdGUEZ CASTILLO SECRETAR\u00cdA: MANUEL L\u00d3PEZ GONZ\u00c1LEZ &nbsp; &nbsp;<\/p>\n","protected":false},"author":1,"featured_media":0,"parent":0,"menu_order":0,"comment_status":"open","ping_status":"open","template":"","meta":{"ngg_post_thumbnail":0,"footnotes":"","_mc_calendar":[]},"aioseo_notices":[],"_links":{"self":[{"href":"https:\/\/blogsaverroes.juntadeandalucia.es\/ceipsantateresaestepa\/wp-json\/wp\/v2\/pages\/42"}],"collection":[{"href":"https:\/\/blogsaverroes.juntadeandalucia.es\/ceipsantateresaestepa\/wp-json\/wp\/v2\/pages"}],"about":[{"href":"https:\/\/blogsaverroes.juntadeandalucia.es\/ceipsantateresaestepa\/wp-json\/wp\/v2\/types\/page"}],"author":[{"embeddable":true,"href":"https:\/\/blogsaverroes.juntadeandalucia.es\/ceipsantateresaestepa\/wp-json\/wp\/v2\/users\/1"}],"replies":[{"embeddable":true,"href":"https:\/\/blogsaverroes.juntadeandalucia.es\/ceipsantateresaestepa\/wp-json\/wp\/v2\/comments?post=42"}],"version-history":[{"count":12,"href":"https:\/\/blogsaverroes.juntadeandalucia.es\/ceipsantateresaestepa\/wp-json\/wp\/v2\/pages\/42\/revisions"}],"predecessor-version":[{"id":4574,"href":"https:\/\/blogsaverroes.juntadeandalucia.es\/ceipsantateresaestepa\/wp-json\/wp\/v2\/pages\/42\/revisions\/4574"}],"wp:attachment":[{"href":"https:\/\/blogsaverroes.juntadeandalucia.es\/ceipsantateresaestepa\/wp-json\/wp\/v2\/media?parent=42"}],"curies":[{"name":"wp","href":"https:\/\/api.w.org\/{rel}","templated":true}]}}