{"id":44,"date":"2015-03-13T08:42:15","date_gmt":"2015-03-13T08:42:15","guid":{"rendered":"http:\/\/blogsaverroes.juntadeandalucia.es\/pre\/ceip\/?page_id=44"},"modified":"2023-01-30T15:57:55","modified_gmt":"2023-01-30T15:57:55","slug":"planes-y-proyectos","status":"publish","type":"page","link":"https:\/\/blogsaverroes.juntadeandalucia.es\/ceipsantateresaestepa\/planes-y-proyectos\/","title":{"rendered":"Planes y Programas"},"content":{"rendered":"<p><code><\/code><img loading=\"lazy\" decoding=\"async\" class=\"alignnone size-medium wp-image-1667\" src=\"http:\/\/blogsaverroes.juntadeandalucia.es\/ceipsantateresaestepa\/files\/2015\/03\/planes-300x150.png\" alt=\"planes\" width=\"300\" height=\"150\" srcset=\"https:\/\/blogsaverroes.juntadeandalucia.es\/ceipsantateresaestepa\/files\/2015\/03\/planes-300x150.png 300w, https:\/\/blogsaverroes.juntadeandalucia.es\/ceipsantateresaestepa\/files\/2015\/03\/planes.png 640w\" sizes=\"(max-width: 300px) 100vw, 300px\" \/><\/p>\n<p>Cada centro personaliza y adapta su Proyecto Educativo adheriendose a diferentes <strong>Planes y Programas<\/strong> promovidos desde la Consejer\u00eda de Educaci\u00f3n, Cultura y Deporte.<\/p>\n<p>Este apartado recoger\u00eda la descripci\u00f3n, finalidades, actividades, coordinador\/a, etc. de estos Planes y Programas desarrollados por el centro.<\/p>\n<p class=\"western\" lang=\"es-ES\">El Plan de Centro es el documento que, elaborado en el marco del PROYECTO DE CENTRO, formula y recoge el conjunto de objetivos generales que pretendemos conseguir durante un curso escolar, contemplando las tareas y actividades a realizar, as\u00ed como las personas de la Comunidad Educativa responsables de hacerlo, los recursos de que dispondr\u00e1n y el tiempo necesario para realizarlas, as\u00ed como los mecanismos de seguimiento pertinentes.<\/p>\n<p class=\"western\" lang=\"es-ES\">Los Contenidos b\u00e1sicos de nuestro Plan Anual de Centro son los siguientes:<\/p>\n<ul>\n<li>\n<h3><strong>Objetivos Generales para alcanzar las Finalidades.<\/strong><\/h3>\n<\/li>\n<li>\n<h3><strong>Programaci\u00f3n y Actividades Docentes por ciclos, niveles, especialidades y a nivel de centro.<\/strong><\/h3>\n<\/li>\n<li>\n<h3><strong>Organizaci\u00f3n Funcional del Centro para la consecuci\u00f3n de los objetivos generales y el desarrollo de la programaci\u00f3n did\u00e1ctica.<\/strong><\/h3>\n<\/li>\n<li>\n<h3><strong>Plan de Acci\u00f3n Tutorial, Orientaci\u00f3n y Apoyo.<\/strong><\/h3>\n<\/li>\n<li>\n<h3><strong>H\u00e1bitos de vida saludable creciendo en salud.<\/strong><\/h3>\n<\/li>\n<li>\n<h3><strong>Plan de Formaci\u00f3n del Profesorado conducente a la actualizaci\u00f3n necesaria para el desarrollo del Proyecto de Centro.<\/strong><\/h3>\n<\/li>\n<li>\n<h3><strong>Plan de Apertura del Centro.<\/strong><\/h3>\n<\/li>\n<li>\n<h3><strong><a href=\"https:\/\/blogsaverroes.juntadeandalucia.es\/ceipsantateresaestepa\/plan-de-actuacion-digital\/\">Plan de Actuaci\u00f3n Digital del Centro.<\/a><\/strong><\/h3>\n<\/li>\n<li>\n<h3><strong><a href=\"https:\/\/blogsaverroes.juntadeandalucia.es\/ceipsantateresaestepa\/plan-de-igualdad\/\">Plan de Igualdad entre hombres y mujeres<\/a><\/strong><\/h3>\n<\/li>\n<li>\n<h3><strong><a href=\"https:\/\/blogsaverroes.juntadeandalucia.es\/ceipsantateresaestepa\/biblioteca\/\">Plan lector y Plan de uso de Bibliotecas Escolares.<\/a><\/strong><\/h3>\n<\/li>\n<li>\n<h3><strong><a href=\"https:\/\/blogsaverroes.juntadeandalucia.es\/ceipsantateresaestepa\/curso-escolar\/\">Proyecto Biling\u00fce.<\/a><\/strong><\/h3>\n<\/li>\n<li>\n<h3><strong><a href=\"https:\/\/blogsaverroes.juntadeandalucia.es\/ceipsantateresaestepa\/etwinning\/\">Proyectos eTwinning.<\/a><\/strong><\/h3>\n<\/li>\n<li>\n<h3><strong><a href=\"https:\/\/blogsaverroes.juntadeandalucia.es\/ceipsantateresaestepa\/red-andaluza-escuela-espacio-de-paz\/\">Red Andaluza \u00abEscuela: Espacio de Paz\u00bb<\/a><\/strong><\/h3>\n<\/li>\n<li>\n<h3><a href=\"https:\/\/blogsaverroes.juntadeandalucia.es\/ceipsantateresaestepa\/files\/2023\/01\/01.Plan-de-actuaci\u00f3n-Covid19_2022-23.pdf\"><strong>Plan de Actuaci\u00f3n Espec\u00edfico frente a la Covid-19<\/strong><\/a><\/h3>\n<\/li>\n<\/ul>\n","protected":false},"excerpt":{"rendered":"<p>Cada centro personaliza y adapta su Proyecto Educativo adheriendose a diferentes Planes y Programas promovidos desde la Consejer\u00eda de Educaci\u00f3n, Cultura y Deporte. Este apartado recoger\u00eda la descripci\u00f3n, finalidades, actividades,&#46;&#46;&#46;<\/p>\n","protected":false},"author":1,"featured_media":0,"parent":0,"menu_order":0,"comment_status":"open","ping_status":"closed","template":"","meta":{"ngg_post_thumbnail":0,"footnotes":"","_mc_calendar":[]},"aioseo_notices":[],"_links":{"self":[{"href":"https:\/\/blogsaverroes.juntadeandalucia.es\/ceipsantateresaestepa\/wp-json\/wp\/v2\/pages\/44"}],"collection":[{"href":"https:\/\/blogsaverroes.juntadeandalucia.es\/ceipsantateresaestepa\/wp-json\/wp\/v2\/pages"}],"about":[{"href":"https:\/\/blogsaverroes.juntadeandalucia.es\/ceipsantateresaestepa\/wp-json\/wp\/v2\/types\/page"}],"author":[{"embeddable":true,"href":"https:\/\/blogsaverroes.juntadeandalucia.es\/ceipsantateresaestepa\/wp-json\/wp\/v2\/users\/1"}],"replies":[{"embeddable":true,"href":"https:\/\/blogsaverroes.juntadeandalucia.es\/ceipsantateresaestepa\/wp-json\/wp\/v2\/comments?post=44"}],"version-history":[{"count":15,"href":"https:\/\/blogsaverroes.juntadeandalucia.es\/ceipsantateresaestepa\/wp-json\/wp\/v2\/pages\/44\/revisions"}],"predecessor-version":[{"id":3614,"href":"https:\/\/blogsaverroes.juntadeandalucia.es\/ceipsantateresaestepa\/wp-json\/wp\/v2\/pages\/44\/revisions\/3614"}],"wp:attachment":[{"href":"https:\/\/blogsaverroes.juntadeandalucia.es\/ceipsantateresaestepa\/wp-json\/wp\/v2\/media?parent=44"}],"curies":[{"name":"wp","href":"https:\/\/api.w.org\/{rel}","templated":true}]}}