{"id":49,"date":"2015-03-13T08:47:05","date_gmt":"2015-03-13T08:47:05","guid":{"rendered":"http:\/\/blogsaverroes.juntadeandalucia.es\/pre\/ceip\/?page_id=49"},"modified":"2024-11-12T15:52:54","modified_gmt":"2024-11-12T15:52:54","slug":"plan-de-centro-2","status":"publish","type":"page","link":"https:\/\/blogsaverroes.juntadeandalucia.es\/ceipsantateresaestepa\/plan-de-centro-2\/","title":{"rendered":"PLAN DE CENTRO"},"content":{"rendered":"<p style=\"text-align: justify\">Un centro se define en gran medida por su <strong><a href=\"https:\/\/blogsaverroes.juntadeandalucia.es\/ceipsantateresaestepa\/files\/2024\/11\/Plan-de-Centro-24-25_.pdf\">Plan de Centro_CEIP<\/a>.<\/strong>&nbsp;En \u00e9l se plasma el modelo educativo y la concreci\u00f3n de la normativa que un centro realiza respecto a las ense\u00f1anzas que imparte. Aspectos tales como las finales educativas, objetivos, atenci\u00f3n a la diversidad, etc. (Pincha sobre la imagen para descargar el documento).<\/p>\n<p><a href=\"https:\/\/blogsaverroes.juntadeandalucia.es\/ceipsantateresaestepa\/files\/2024\/11\/Plan-de-Centro-24-25_.pdf\"><img loading=\"lazy\" decoding=\"async\" class=\"aligncenter  wp-image-4571\" src=\"https:\/\/blogsaverroes.juntadeandalucia.es\/ceipsantateresaestepa\/files\/2024\/11\/Captura-de-pantalla-2024-11-12-a-las-16.50.50.png\" alt=\"\" width=\"564\" height=\"516\" srcset=\"https:\/\/blogsaverroes.juntadeandalucia.es\/ceipsantateresaestepa\/files\/2024\/11\/Captura-de-pantalla-2024-11-12-a-las-16.50.50.png 1540w, https:\/\/blogsaverroes.juntadeandalucia.es\/ceipsantateresaestepa\/files\/2024\/11\/Captura-de-pantalla-2024-11-12-a-las-16.50.50-300x274.png 300w, https:\/\/blogsaverroes.juntadeandalucia.es\/ceipsantateresaestepa\/files\/2024\/11\/Captura-de-pantalla-2024-11-12-a-las-16.50.50-1024x936.png 1024w, https:\/\/blogsaverroes.juntadeandalucia.es\/ceipsantateresaestepa\/files\/2024\/11\/Captura-de-pantalla-2024-11-12-a-las-16.50.50-768x702.png 768w, https:\/\/blogsaverroes.juntadeandalucia.es\/ceipsantateresaestepa\/files\/2024\/11\/Captura-de-pantalla-2024-11-12-a-las-16.50.50-1536x1404.png 1536w\" sizes=\"(max-width: 564px) 100vw, 564px\" \/><\/a><a href=\"https:\/\/blogsaverroes.juntadeandalucia.es\/ceipsantateresaestepa\/files\/2023\/10\/Plan-de-Centro_CEIP.pdf\"><br \/>\n<\/a><\/p>\n<p style=\"text-align: center\">&nbsp;<\/p>\n<p>&nbsp;<\/p>\n","protected":false},"excerpt":{"rendered":"<p>Un centro se define en gran medida por su Plan de Centro_CEIP.&nbsp;En \u00e9l se plasma el modelo educativo y la concreci\u00f3n de la normativa que un centro realiza respecto a&#46;&#46;&#46;<\/p>\n","protected":false},"author":1,"featured_media":0,"parent":0,"menu_order":0,"comment_status":"open","ping_status":"open","template":"","meta":{"ngg_post_thumbnail":0,"footnotes":"","_mc_calendar":[]},"aioseo_notices":[],"_links":{"self":[{"href":"https:\/\/blogsaverroes.juntadeandalucia.es\/ceipsantateresaestepa\/wp-json\/wp\/v2\/pages\/49"}],"collection":[{"href":"https:\/\/blogsaverroes.juntadeandalucia.es\/ceipsantateresaestepa\/wp-json\/wp\/v2\/pages"}],"about":[{"href":"https:\/\/blogsaverroes.juntadeandalucia.es\/ceipsantateresaestepa\/wp-json\/wp\/v2\/types\/page"}],"author":[{"embeddable":true,"href":"https:\/\/blogsaverroes.juntadeandalucia.es\/ceipsantateresaestepa\/wp-json\/wp\/v2\/users\/1"}],"replies":[{"embeddable":true,"href":"https:\/\/blogsaverroes.juntadeandalucia.es\/ceipsantateresaestepa\/wp-json\/wp\/v2\/comments?post=49"}],"version-history":[{"count":40,"href":"https:\/\/blogsaverroes.juntadeandalucia.es\/ceipsantateresaestepa\/wp-json\/wp\/v2\/pages\/49\/revisions"}],"predecessor-version":[{"id":4573,"href":"https:\/\/blogsaverroes.juntadeandalucia.es\/ceipsantateresaestepa\/wp-json\/wp\/v2\/pages\/49\/revisions\/4573"}],"wp:attachment":[{"href":"https:\/\/blogsaverroes.juntadeandalucia.es\/ceipsantateresaestepa\/wp-json\/wp\/v2\/media?parent=49"}],"curies":[{"name":"wp","href":"https:\/\/api.w.org\/{rel}","templated":true}]}}